{"id":1106,"date":"2018-08-14T11:14:14","date_gmt":"2018-08-14T10:14:14","guid":{"rendered":"https:\/\/indivisiblegame.com\/meet-the-characters\/ajna\/"},"modified":"2019-10-02T12:22:46","modified_gmt":"2019-10-02T11:22:46","slug":"ajna","status":"publish","type":"page","link":"https:\/\/indivisible-game.com\/de\/meet-the-characters\/ajna\/","title":{"rendered":"Ajna"},"content":{"rendered":"<p>&#8222;Ajna ist ein furchtloses, junges und etwas rebellisches M\u00e4dchen, das in Ashwat gelebt hat, einem abgelegenen Dorf in den W\u00e4ldern von Navar. Indr, ihr Vater, hat sie so erzogen, dass sie einen guten Sinn f\u00fcr Gerechtigkeit hat und z\u00e4h ist. Er hat ihr das K\u00e4mpfen beigebracht, damit sie ihr Zuhause verteidigen kann.<\/p>\n<p>Als ihr Dorf von der Armee des gnadenlosen Kriegsherrn Ravannavar angegriffen wird, entdeckt Ajna, dass sie eine mysteri\u00f6se Kraft besitzt. Sie kann gewisse Personen in sich hinein absorbieren.<\/p>\n<p>Ajna ist entschlossen, Ravannar zur Rede zu stellen und mehr \u00fcber ihre seltsamen neuen F\u00e4higkeiten herauszufinden. Dazu bricht sie auf eine Reise auf, die sie um die ganze Welt f\u00fchrt und auf der sie mehr \u00fcber ihr wahres Ich erfahren wird.&#8220;<\/p>\n","protected":false},"excerpt":{"rendered":"&#8222;Ajna ist ein furchtloses, junges und etwas rebellisches M\u00e4dchen, das in Ashwat gelebt hat, einem abgelegenen Dorf in den W\u00e4ldern von Navar. Indr, ihr Vater, hat sie so erzogen, dass sie einen guten Sinn f\u00fcr Gerechtigkeit hat und z\u00e4h ist. Er hat ihr das K\u00e4mpfen beigebracht, damit sie ihr Zuhause verteidigen kann. Als ihr Dorf&#8230; <a class=\"view-article\" href=\"https:\/\/indivisible-game.com\/de\/meet-the-characters\/ajna\/\">Artikel ansehen<\/a>","protected":false},"author":7,"featured_media":1108,"parent":1086,"menu_order":1,"comment_status":"closed","ping_status":"closed","template":"template_character.php","meta":{"_monsterinsights_skip_tracking":false,"_monsterinsights_sitenote_active":false,"_monsterinsights_sitenote_note":"","_monsterinsights_sitenote_category":0},"acf":[],"yoast_head":"<!-- This site is optimized with the Yoast SEO plugin v17.7 - https:\/\/yoast.com\/wordpress\/plugins\/seo\/ -->\n<meta name=\"robots\" content=\"index, follow, max-snippet:-1, max-image-preview:large, max-video-preview:-1\" \/>\n<link rel=\"canonical\" href=\"https:\/\/indivisible-game.com\/de\/meet-the-characters\/ajna\/\" \/>\n<meta property=\"og:locale\" content=\"de_DE\" \/>\n<meta property=\"og:type\" content=\"article\" \/>\n<meta property=\"og:title\" content=\"Ajna - Indivisible\" \/>\n<meta property=\"og:description\" content=\"&#8222;Ajna ist ein furchtloses, junges und etwas rebellisches M\u00e4dchen, das in Ashwat gelebt hat, einem abgelegenen Dorf in den W\u00e4ldern von Navar. Indr, ihr Vater, hat sie so erzogen, dass sie einen guten Sinn f\u00fcr Gerechtigkeit hat und z\u00e4h ist. Er hat ihr das K\u00e4mpfen beigebracht, damit sie ihr Zuhause verteidigen kann. Als ihr Dorf... Artikel ansehen\" \/>\n<meta property=\"og:url\" content=\"https:\/\/indivisible-game.com\/de\/meet-the-characters\/ajna\/\" \/>\n<meta property=\"og:site_name\" content=\"Indivisible\" \/>\n<meta property=\"article:modified_time\" content=\"2019-10-02T11:22:46+00:00\" \/>\n<meta property=\"og:image\" content=\"https:\/\/indivisible-game.com\/wp-content\/uploads\/2019\/05\/pose_ajnaaxe.png\" \/>\n\t<meta property=\"og:image:width\" content=\"1089\" \/>\n\t<meta property=\"og:image:height\" content=\"1178\" \/>\n<meta name=\"twitter:card\" content=\"summary_large_image\" \/>\n<meta name=\"twitter:label1\" content=\"Gesch\u00e4tzte Lesezeit\" \/>\n\t<meta name=\"twitter:data1\" content=\"1\u00a0Minute\" \/>\n<script type=\"application\/ld+json\" class=\"yoast-schema-graph\">{\"@context\":\"https:\/\/schema.org\",\"@graph\":[{\"@type\":\"WebSite\",\"@id\":\"https:\/\/indivisible-game.com\/#website\",\"url\":\"https:\/\/indivisible-game.com\/\",\"name\":\"Indivisible\",\"description\":\"Indivisible\",\"potentialAction\":[{\"@type\":\"SearchAction\",\"target\":{\"@type\":\"EntryPoint\",\"urlTemplate\":\"https:\/\/indivisible-game.com\/?s={search_term_string}\"},\"query-input\":\"required name=search_term_string\"}],\"inLanguage\":\"de\"},{\"@type\":\"ImageObject\",\"@id\":\"https:\/\/indivisible-game.com\/de\/meet-the-characters\/ajna\/#primaryimage\",\"inLanguage\":\"de\",\"url\":\"https:\/\/indivisible-game.com\/wp-content\/uploads\/2019\/05\/pose_ajnaaxe.png\",\"contentUrl\":\"https:\/\/indivisible-game.com\/wp-content\/uploads\/2019\/05\/pose_ajnaaxe.png\",\"width\":1089,\"height\":1178},{\"@type\":\"WebPage\",\"@id\":\"https:\/\/indivisible-game.com\/de\/meet-the-characters\/ajna\/#webpage\",\"url\":\"https:\/\/indivisible-game.com\/de\/meet-the-characters\/ajna\/\",\"name\":\"Ajna - Indivisible\",\"isPartOf\":{\"@id\":\"https:\/\/indivisible-game.com\/#website\"},\"primaryImageOfPage\":{\"@id\":\"https:\/\/indivisible-game.com\/de\/meet-the-characters\/ajna\/#primaryimage\"},\"datePublished\":\"2018-08-14T10:14:14+00:00\",\"dateModified\":\"2019-10-02T11:22:46+00:00\",\"breadcrumb\":{\"@id\":\"https:\/\/indivisible-game.com\/de\/meet-the-characters\/ajna\/#breadcrumb\"},\"inLanguage\":\"de\",\"potentialAction\":[{\"@type\":\"ReadAction\",\"target\":[\"https:\/\/indivisible-game.com\/de\/meet-the-characters\/ajna\/\"]}]},{\"@type\":\"BreadcrumbList\",\"@id\":\"https:\/\/indivisible-game.com\/de\/meet-the-characters\/ajna\/#breadcrumb\",\"itemListElement\":[{\"@type\":\"ListItem\",\"position\":1,\"name\":\"Home\",\"item\":\"https:\/\/indivisible-game.com\/de\/\"},{\"@type\":\"ListItem\",\"position\":2,\"name\":\"Das sind die Charaktere\",\"item\":\"https:\/\/indivisible-game.com\/de\/meet-the-characters\/\"},{\"@type\":\"ListItem\",\"position\":3,\"name\":\"Ajna\"}]}]}<\/script>\n<!-- \/ Yoast SEO plugin. -->","yoast_head_json":{"robots":{"index":"index","follow":"follow","max-snippet":"max-snippet:-1","max-image-preview":"max-image-preview:large","max-video-preview":"max-video-preview:-1"},"canonical":"https:\/\/indivisible-game.com\/de\/meet-the-characters\/ajna\/","og_locale":"de_DE","og_type":"article","og_title":"Ajna - Indivisible","og_description":"&#8222;Ajna ist ein furchtloses, junges und etwas rebellisches M\u00e4dchen, das in Ashwat gelebt hat, einem abgelegenen Dorf in den W\u00e4ldern von Navar. Indr, ihr Vater, hat sie so erzogen, dass sie einen guten Sinn f\u00fcr Gerechtigkeit hat und z\u00e4h ist. Er hat ihr das K\u00e4mpfen beigebracht, damit sie ihr Zuhause verteidigen kann. Als ihr Dorf... Artikel ansehen","og_url":"https:\/\/indivisible-game.com\/de\/meet-the-characters\/ajna\/","og_site_name":"Indivisible","article_modified_time":"2019-10-02T11:22:46+00:00","og_image":[{"width":1089,"height":1178,"url":"https:\/\/indivisible-game.com\/wp-content\/uploads\/2019\/05\/pose_ajnaaxe.png","type":"image\/png"}],"twitter_card":"summary_large_image","twitter_misc":{"Gesch\u00e4tzte Lesezeit":"1\u00a0Minute"},"schema":{"@context":"https:\/\/schema.org","@graph":[{"@type":"WebSite","@id":"https:\/\/indivisible-game.com\/#website","url":"https:\/\/indivisible-game.com\/","name":"Indivisible","description":"Indivisible","potentialAction":[{"@type":"SearchAction","target":{"@type":"EntryPoint","urlTemplate":"https:\/\/indivisible-game.com\/?s={search_term_string}"},"query-input":"required name=search_term_string"}],"inLanguage":"de"},{"@type":"ImageObject","@id":"https:\/\/indivisible-game.com\/de\/meet-the-characters\/ajna\/#primaryimage","inLanguage":"de","url":"https:\/\/indivisible-game.com\/wp-content\/uploads\/2019\/05\/pose_ajnaaxe.png","contentUrl":"https:\/\/indivisible-game.com\/wp-content\/uploads\/2019\/05\/pose_ajnaaxe.png","width":1089,"height":1178},{"@type":"WebPage","@id":"https:\/\/indivisible-game.com\/de\/meet-the-characters\/ajna\/#webpage","url":"https:\/\/indivisible-game.com\/de\/meet-the-characters\/ajna\/","name":"Ajna - Indivisible","isPartOf":{"@id":"https:\/\/indivisible-game.com\/#website"},"primaryImageOfPage":{"@id":"https:\/\/indivisible-game.com\/de\/meet-the-characters\/ajna\/#primaryimage"},"datePublished":"2018-08-14T10:14:14+00:00","dateModified":"2019-10-02T11:22:46+00:00","breadcrumb":{"@id":"https:\/\/indivisible-game.com\/de\/meet-the-characters\/ajna\/#breadcrumb"},"inLanguage":"de","potentialAction":[{"@type":"ReadAction","target":["https:\/\/indivisible-game.com\/de\/meet-the-characters\/ajna\/"]}]},{"@type":"BreadcrumbList","@id":"https:\/\/indivisible-game.com\/de\/meet-the-characters\/ajna\/#breadcrumb","itemListElement":[{"@type":"ListItem","position":1,"name":"Home","item":"https:\/\/indivisible-game.com\/de\/"},{"@type":"ListItem","position":2,"name":"Das sind die Charaktere","item":"https:\/\/indivisible-game.com\/de\/meet-the-characters\/"},{"@type":"ListItem","position":3,"name":"Ajna"}]}]}},"_links":{"self":[{"href":"https:\/\/indivisible-game.com\/de\/wp-json\/wp\/v2\/pages\/1106"}],"collection":[{"href":"https:\/\/indivisible-game.com\/de\/wp-json\/wp\/v2\/pages"}],"about":[{"href":"https:\/\/indivisible-game.com\/de\/wp-json\/wp\/v2\/types\/page"}],"author":[{"embeddable":true,"href":"https:\/\/indivisible-game.com\/de\/wp-json\/wp\/v2\/users\/7"}],"replies":[{"embeddable":true,"href":"https:\/\/indivisible-game.com\/de\/wp-json\/wp\/v2\/comments?post=1106"}],"version-history":[{"count":0,"href":"https:\/\/indivisible-game.com\/de\/wp-json\/wp\/v2\/pages\/1106\/revisions"}],"up":[{"embeddable":true,"href":"https:\/\/indivisible-game.com\/de\/wp-json\/wp\/v2\/pages\/1086"}],"wp:featuredmedia":[{"embeddable":true,"href":"https:\/\/indivisible-game.com\/de\/wp-json\/wp\/v2\/media\/1108"}],"wp:attachment":[{"href":"https:\/\/indivisible-game.com\/de\/wp-json\/wp\/v2\/media?parent=1106"}],"curies":[{"name":"wp","href":"https:\/\/api.w.org\/{rel}","templated":true}]}}