{"id":1593,"date":"2018-04-14T11:07:45","date_gmt":"2018-04-14T10:07:45","guid":{"rendered":"https:\/\/indivisiblegame.com\/meet-the-characters\/baozhai\/"},"modified":"2019-10-02T12:41:55","modified_gmt":"2019-10-02T11:41:55","slug":"baozhai","status":"publish","type":"page","link":"https:\/\/indivisible-game.com\/de\/meet-the-characters\/baozhai\/","title":{"rendered":"Baozhai"},"content":{"rendered":"<p>&#8222;Baozhai ist die selbsternannte &#8222;K\u00f6nigin der Piraten&#8220; und Kapit\u00e4nin der Schwarzen Jade. Einst kommandierte sie eine riesige Kriegsflotte und war der Schrecken des Eisenk\u00f6nigreichs und aller H\u00e4ndler der Weltmeere.<\/p>\n<p>Vor 16 Jahren vernichteten die Monster ihre Flotte. Jetzt hat sie nur noch ein einziges Schiff: die fast unbezwingbare Teotul, ein Schildkr\u00f6tenschiff, das sie auf einem fr\u00fcheren Abenteuer &#8222;befreit&#8220; hat.<\/p>\n<p>Doch ohne eine Mannschaft ist Baozhai zum Stammgast in den Lokalen des Maerifa-Hafens geworden, wo sie ihre Sorgen mit Schnaps ertr\u00e4nken will. Wenn sie betrunken ist, ist sie laut, \u00fcberm\u00fctig und aggressiv. Dann gehen die Einwohner ihr freiwillig aus dem Weg.<\/p>\n<p>Die Truppen des Eisenk\u00f6nigreichs tun alles, damit sie nie wieder die Meere terrorisiert, doch Baozhai ist entschlossen, ihre Mannschaft wieder zusammenzubringen und den Anker wieder zu lichten.&#8220;<\/p>\n","protected":false},"excerpt":{"rendered":"&#8222;Baozhai ist die selbsternannte &#8222;K\u00f6nigin der Piraten&#8220; und Kapit\u00e4nin der Schwarzen Jade. Einst kommandierte sie eine riesige Kriegsflotte und war der Schrecken des Eisenk\u00f6nigreichs und aller H\u00e4ndler der Weltmeere. Vor 16 Jahren vernichteten die Monster ihre Flotte. Jetzt hat sie nur noch ein einziges Schiff: die fast unbezwingbare Teotul, ein Schildkr\u00f6tenschiff, das sie auf einem&#8230; <a class=\"view-article\" href=\"https:\/\/indivisible-game.com\/de\/meet-the-characters\/baozhai\/\">Artikel ansehen<\/a>","protected":false},"author":7,"featured_media":1227,"parent":1086,"menu_order":2,"comment_status":"closed","ping_status":"closed","template":"","meta":{"_monsterinsights_skip_tracking":false,"_monsterinsights_sitenote_active":false,"_monsterinsights_sitenote_note":"","_monsterinsights_sitenote_category":0},"acf":[],"yoast_head":"<!-- This site is optimized with the Yoast SEO plugin v17.7 - https:\/\/yoast.com\/wordpress\/plugins\/seo\/ -->\n<meta name=\"robots\" content=\"index, follow, max-snippet:-1, max-image-preview:large, max-video-preview:-1\" \/>\n<link rel=\"canonical\" href=\"https:\/\/indivisible-game.com\/de\/meet-the-characters\/baozhai\/\" \/>\n<meta property=\"og:locale\" content=\"de_DE\" \/>\n<meta property=\"og:type\" content=\"article\" \/>\n<meta property=\"og:title\" content=\"Baozhai - Indivisible\" \/>\n<meta property=\"og:description\" content=\"&#8222;Baozhai ist die selbsternannte &#8222;K\u00f6nigin der Piraten&#8220; und Kapit\u00e4nin der Schwarzen Jade. Einst kommandierte sie eine riesige Kriegsflotte und war der Schrecken des Eisenk\u00f6nigreichs und aller H\u00e4ndler der Weltmeere. Vor 16 Jahren vernichteten die Monster ihre Flotte. Jetzt hat sie nur noch ein einziges Schiff: die fast unbezwingbare Teotul, ein Schildkr\u00f6tenschiff, das sie auf einem... Artikel ansehen\" \/>\n<meta property=\"og:url\" content=\"https:\/\/indivisible-game.com\/de\/meet-the-characters\/baozhai\/\" \/>\n<meta property=\"og:site_name\" content=\"Indivisible\" \/>\n<meta property=\"article:modified_time\" content=\"2019-10-02T11:41:55+00:00\" \/>\n<meta property=\"og:image\" content=\"https:\/\/indivisible-game.com\/wp-content\/uploads\/2019\/05\/pose_baozhai.png\" \/>\n\t<meta property=\"og:image:width\" content=\"999\" \/>\n\t<meta property=\"og:image:height\" content=\"1424\" \/>\n<meta name=\"twitter:card\" content=\"summary_large_image\" \/>\n<meta name=\"twitter:label1\" content=\"Gesch\u00e4tzte Lesezeit\" \/>\n\t<meta name=\"twitter:data1\" content=\"1\u00a0Minute\" \/>\n<script type=\"application\/ld+json\" class=\"yoast-schema-graph\">{\"@context\":\"https:\/\/schema.org\",\"@graph\":[{\"@type\":\"WebSite\",\"@id\":\"https:\/\/indivisible-game.com\/#website\",\"url\":\"https:\/\/indivisible-game.com\/\",\"name\":\"Indivisible\",\"description\":\"Indivisible\",\"potentialAction\":[{\"@type\":\"SearchAction\",\"target\":{\"@type\":\"EntryPoint\",\"urlTemplate\":\"https:\/\/indivisible-game.com\/?s={search_term_string}\"},\"query-input\":\"required name=search_term_string\"}],\"inLanguage\":\"de\"},{\"@type\":\"ImageObject\",\"@id\":\"https:\/\/indivisible-game.com\/de\/meet-the-characters\/baozhai\/#primaryimage\",\"inLanguage\":\"de\",\"url\":\"https:\/\/indivisible-game.com\/wp-content\/uploads\/2019\/05\/pose_baozhai.png\",\"contentUrl\":\"https:\/\/indivisible-game.com\/wp-content\/uploads\/2019\/05\/pose_baozhai.png\",\"width\":999,\"height\":1424},{\"@type\":\"WebPage\",\"@id\":\"https:\/\/indivisible-game.com\/de\/meet-the-characters\/baozhai\/#webpage\",\"url\":\"https:\/\/indivisible-game.com\/de\/meet-the-characters\/baozhai\/\",\"name\":\"Baozhai - Indivisible\",\"isPartOf\":{\"@id\":\"https:\/\/indivisible-game.com\/#website\"},\"primaryImageOfPage\":{\"@id\":\"https:\/\/indivisible-game.com\/de\/meet-the-characters\/baozhai\/#primaryimage\"},\"datePublished\":\"2018-04-14T10:07:45+00:00\",\"dateModified\":\"2019-10-02T11:41:55+00:00\",\"breadcrumb\":{\"@id\":\"https:\/\/indivisible-game.com\/de\/meet-the-characters\/baozhai\/#breadcrumb\"},\"inLanguage\":\"de\",\"potentialAction\":[{\"@type\":\"ReadAction\",\"target\":[\"https:\/\/indivisible-game.com\/de\/meet-the-characters\/baozhai\/\"]}]},{\"@type\":\"BreadcrumbList\",\"@id\":\"https:\/\/indivisible-game.com\/de\/meet-the-characters\/baozhai\/#breadcrumb\",\"itemListElement\":[{\"@type\":\"ListItem\",\"position\":1,\"name\":\"Home\",\"item\":\"https:\/\/indivisible-game.com\/de\/\"},{\"@type\":\"ListItem\",\"position\":2,\"name\":\"Das sind die Charaktere\",\"item\":\"https:\/\/indivisible-game.com\/de\/meet-the-characters\/\"},{\"@type\":\"ListItem\",\"position\":3,\"name\":\"Baozhai\"}]}]}<\/script>\n<!-- \/ Yoast SEO plugin. -->","yoast_head_json":{"robots":{"index":"index","follow":"follow","max-snippet":"max-snippet:-1","max-image-preview":"max-image-preview:large","max-video-preview":"max-video-preview:-1"},"canonical":"https:\/\/indivisible-game.com\/de\/meet-the-characters\/baozhai\/","og_locale":"de_DE","og_type":"article","og_title":"Baozhai - Indivisible","og_description":"&#8222;Baozhai ist die selbsternannte &#8222;K\u00f6nigin der Piraten&#8220; und Kapit\u00e4nin der Schwarzen Jade. Einst kommandierte sie eine riesige Kriegsflotte und war der Schrecken des Eisenk\u00f6nigreichs und aller H\u00e4ndler der Weltmeere. Vor 16 Jahren vernichteten die Monster ihre Flotte. Jetzt hat sie nur noch ein einziges Schiff: die fast unbezwingbare Teotul, ein Schildkr\u00f6tenschiff, das sie auf einem... Artikel ansehen","og_url":"https:\/\/indivisible-game.com\/de\/meet-the-characters\/baozhai\/","og_site_name":"Indivisible","article_modified_time":"2019-10-02T11:41:55+00:00","og_image":[{"width":999,"height":1424,"url":"https:\/\/indivisible-game.com\/wp-content\/uploads\/2019\/05\/pose_baozhai.png","type":"image\/png"}],"twitter_card":"summary_large_image","twitter_misc":{"Gesch\u00e4tzte Lesezeit":"1\u00a0Minute"},"schema":{"@context":"https:\/\/schema.org","@graph":[{"@type":"WebSite","@id":"https:\/\/indivisible-game.com\/#website","url":"https:\/\/indivisible-game.com\/","name":"Indivisible","description":"Indivisible","potentialAction":[{"@type":"SearchAction","target":{"@type":"EntryPoint","urlTemplate":"https:\/\/indivisible-game.com\/?s={search_term_string}"},"query-input":"required name=search_term_string"}],"inLanguage":"de"},{"@type":"ImageObject","@id":"https:\/\/indivisible-game.com\/de\/meet-the-characters\/baozhai\/#primaryimage","inLanguage":"de","url":"https:\/\/indivisible-game.com\/wp-content\/uploads\/2019\/05\/pose_baozhai.png","contentUrl":"https:\/\/indivisible-game.com\/wp-content\/uploads\/2019\/05\/pose_baozhai.png","width":999,"height":1424},{"@type":"WebPage","@id":"https:\/\/indivisible-game.com\/de\/meet-the-characters\/baozhai\/#webpage","url":"https:\/\/indivisible-game.com\/de\/meet-the-characters\/baozhai\/","name":"Baozhai - Indivisible","isPartOf":{"@id":"https:\/\/indivisible-game.com\/#website"},"primaryImageOfPage":{"@id":"https:\/\/indivisible-game.com\/de\/meet-the-characters\/baozhai\/#primaryimage"},"datePublished":"2018-04-14T10:07:45+00:00","dateModified":"2019-10-02T11:41:55+00:00","breadcrumb":{"@id":"https:\/\/indivisible-game.com\/de\/meet-the-characters\/baozhai\/#breadcrumb"},"inLanguage":"de","potentialAction":[{"@type":"ReadAction","target":["https:\/\/indivisible-game.com\/de\/meet-the-characters\/baozhai\/"]}]},{"@type":"BreadcrumbList","@id":"https:\/\/indivisible-game.com\/de\/meet-the-characters\/baozhai\/#breadcrumb","itemListElement":[{"@type":"ListItem","position":1,"name":"Home","item":"https:\/\/indivisible-game.com\/de\/"},{"@type":"ListItem","position":2,"name":"Das sind die Charaktere","item":"https:\/\/indivisible-game.com\/de\/meet-the-characters\/"},{"@type":"ListItem","position":3,"name":"Baozhai"}]}]}},"_links":{"self":[{"href":"https:\/\/indivisible-game.com\/de\/wp-json\/wp\/v2\/pages\/1593"}],"collection":[{"href":"https:\/\/indivisible-game.com\/de\/wp-json\/wp\/v2\/pages"}],"about":[{"href":"https:\/\/indivisible-game.com\/de\/wp-json\/wp\/v2\/types\/page"}],"author":[{"embeddable":true,"href":"https:\/\/indivisible-game.com\/de\/wp-json\/wp\/v2\/users\/7"}],"replies":[{"embeddable":true,"href":"https:\/\/indivisible-game.com\/de\/wp-json\/wp\/v2\/comments?post=1593"}],"version-history":[{"count":0,"href":"https:\/\/indivisible-game.com\/de\/wp-json\/wp\/v2\/pages\/1593\/revisions"}],"up":[{"embeddable":true,"href":"https:\/\/indivisible-game.com\/de\/wp-json\/wp\/v2\/pages\/1086"}],"wp:featuredmedia":[{"embeddable":true,"href":"https:\/\/indivisible-game.com\/de\/wp-json\/wp\/v2\/media\/1227"}],"wp:attachment":[{"href":"https:\/\/indivisible-game.com\/de\/wp-json\/wp\/v2\/media?parent=1593"}],"curies":[{"name":"wp","href":"https:\/\/api.w.org\/{rel}","templated":true}]}}