{"id":1614,"date":"2018-08-14T11:21:23","date_gmt":"2018-08-14T10:21:23","guid":{"rendered":"https:\/\/indivisiblegame.com\/meet-the-characters\/dhar\/"},"modified":"2019-10-02T12:48:03","modified_gmt":"2019-10-02T11:48:03","slug":"dhar","status":"publish","type":"page","link":"https:\/\/indivisible-game.com\/de\/meet-the-characters\/dhar\/","title":{"rendered":"Dhar"},"content":{"rendered":"<p>Dhar ist der neuste von Ravannavars Generalen und wurde erst vor kurzem f\u00fcr seine herausragenden Leistungen als Kommandant bef\u00f6rdert. Dhars Aufgabe ist es, die Ketzer zu beseitigen, von denen Ravannavar glaubt, dass sie der Erleuchtung der Welt im Weg stehen. Dhar ist ausgezeichnet, wenn es um diese brutale Aufgabe geht.<\/p>\n<p>Seine blutige Aufgabe f\u00fchrt ihn bis nach Ashwat, wo er auf Ajna trifft. W\u00e4hrend ihrem Kampf zeigt sich Ajnas mysteri\u00f6se F\u00e4higkeit zum ersten Mal und Dhar wird gegen seinen Willen zur ersten &#8222;Inkarnation&#8220;, die sie absorbiert.<\/p>\n<p>In seinem Gef\u00e4ngnis in Ajnas Geist stimmt Dhar widerwillig zu, sie auf ihrer Suche nach Gerechtigkeit zu begleiten. Doch was hat er wirklich vor?<\/p>\n","protected":false},"excerpt":{"rendered":"Dhar ist der neuste von Ravannavars Generalen und wurde erst vor kurzem f\u00fcr seine herausragenden Leistungen als Kommandant bef\u00f6rdert. Dhars Aufgabe ist es, die Ketzer zu beseitigen, von denen Ravannavar glaubt, dass sie der Erleuchtung der Welt im Weg stehen. Dhar ist ausgezeichnet, wenn es um diese brutale Aufgabe geht. Seine blutige Aufgabe f\u00fchrt ihn&#8230; <a class=\"view-article\" href=\"https:\/\/indivisible-game.com\/de\/meet-the-characters\/dhar\/\">Artikel ansehen<\/a>","protected":false},"author":7,"featured_media":1228,"parent":1086,"menu_order":3,"comment_status":"closed","ping_status":"closed","template":"template_character.php","meta":{"_monsterinsights_skip_tracking":false,"_monsterinsights_sitenote_active":false,"_monsterinsights_sitenote_note":"","_monsterinsights_sitenote_category":0},"acf":[],"yoast_head":"<!-- This site is optimized with the Yoast SEO plugin v17.7 - https:\/\/yoast.com\/wordpress\/plugins\/seo\/ -->\n<meta name=\"robots\" content=\"index, follow, max-snippet:-1, max-image-preview:large, max-video-preview:-1\" \/>\n<link rel=\"canonical\" href=\"https:\/\/indivisible-game.com\/de\/meet-the-characters\/dhar\/\" \/>\n<meta property=\"og:locale\" content=\"de_DE\" \/>\n<meta property=\"og:type\" content=\"article\" \/>\n<meta property=\"og:title\" content=\"Dhar - Indivisible\" \/>\n<meta property=\"og:description\" content=\"Dhar ist der neuste von Ravannavars Generalen und wurde erst vor kurzem f\u00fcr seine herausragenden Leistungen als Kommandant bef\u00f6rdert. Dhars Aufgabe ist es, die Ketzer zu beseitigen, von denen Ravannavar glaubt, dass sie der Erleuchtung der Welt im Weg stehen. Dhar ist ausgezeichnet, wenn es um diese brutale Aufgabe geht. Seine blutige Aufgabe f\u00fchrt ihn... Artikel ansehen\" \/>\n<meta property=\"og:url\" content=\"https:\/\/indivisible-game.com\/de\/meet-the-characters\/dhar\/\" \/>\n<meta property=\"og:site_name\" content=\"Indivisible\" \/>\n<meta property=\"article:modified_time\" content=\"2019-10-02T11:48:03+00:00\" \/>\n<meta property=\"og:image\" content=\"https:\/\/indivisible-game.com\/wp-content\/uploads\/2019\/05\/pose_dhar.png\" \/>\n\t<meta property=\"og:image:width\" content=\"1200\" \/>\n\t<meta property=\"og:image:height\" content=\"1145\" \/>\n<meta name=\"twitter:card\" content=\"summary_large_image\" \/>\n<meta name=\"twitter:label1\" content=\"Gesch\u00e4tzte Lesezeit\" \/>\n\t<meta name=\"twitter:data1\" content=\"1\u00a0Minute\" \/>\n<script type=\"application\/ld+json\" class=\"yoast-schema-graph\">{\"@context\":\"https:\/\/schema.org\",\"@graph\":[{\"@type\":\"WebSite\",\"@id\":\"https:\/\/indivisible-game.com\/#website\",\"url\":\"https:\/\/indivisible-game.com\/\",\"name\":\"Indivisible\",\"description\":\"Indivisible\",\"potentialAction\":[{\"@type\":\"SearchAction\",\"target\":{\"@type\":\"EntryPoint\",\"urlTemplate\":\"https:\/\/indivisible-game.com\/?s={search_term_string}\"},\"query-input\":\"required name=search_term_string\"}],\"inLanguage\":\"de\"},{\"@type\":\"ImageObject\",\"@id\":\"https:\/\/indivisible-game.com\/de\/meet-the-characters\/dhar\/#primaryimage\",\"inLanguage\":\"de\",\"url\":\"https:\/\/indivisible-game.com\/wp-content\/uploads\/2019\/05\/pose_dhar.png\",\"contentUrl\":\"https:\/\/indivisible-game.com\/wp-content\/uploads\/2019\/05\/pose_dhar.png\",\"width\":1200,\"height\":1145},{\"@type\":\"WebPage\",\"@id\":\"https:\/\/indivisible-game.com\/de\/meet-the-characters\/dhar\/#webpage\",\"url\":\"https:\/\/indivisible-game.com\/de\/meet-the-characters\/dhar\/\",\"name\":\"Dhar - Indivisible\",\"isPartOf\":{\"@id\":\"https:\/\/indivisible-game.com\/#website\"},\"primaryImageOfPage\":{\"@id\":\"https:\/\/indivisible-game.com\/de\/meet-the-characters\/dhar\/#primaryimage\"},\"datePublished\":\"2018-08-14T10:21:23+00:00\",\"dateModified\":\"2019-10-02T11:48:03+00:00\",\"breadcrumb\":{\"@id\":\"https:\/\/indivisible-game.com\/de\/meet-the-characters\/dhar\/#breadcrumb\"},\"inLanguage\":\"de\",\"potentialAction\":[{\"@type\":\"ReadAction\",\"target\":[\"https:\/\/indivisible-game.com\/de\/meet-the-characters\/dhar\/\"]}]},{\"@type\":\"BreadcrumbList\",\"@id\":\"https:\/\/indivisible-game.com\/de\/meet-the-characters\/dhar\/#breadcrumb\",\"itemListElement\":[{\"@type\":\"ListItem\",\"position\":1,\"name\":\"Home\",\"item\":\"https:\/\/indivisible-game.com\/de\/\"},{\"@type\":\"ListItem\",\"position\":2,\"name\":\"Das sind die Charaktere\",\"item\":\"https:\/\/indivisible-game.com\/de\/meet-the-characters\/\"},{\"@type\":\"ListItem\",\"position\":3,\"name\":\"Dhar\"}]}]}<\/script>\n<!-- \/ Yoast SEO plugin. -->","yoast_head_json":{"robots":{"index":"index","follow":"follow","max-snippet":"max-snippet:-1","max-image-preview":"max-image-preview:large","max-video-preview":"max-video-preview:-1"},"canonical":"https:\/\/indivisible-game.com\/de\/meet-the-characters\/dhar\/","og_locale":"de_DE","og_type":"article","og_title":"Dhar - Indivisible","og_description":"Dhar ist der neuste von Ravannavars Generalen und wurde erst vor kurzem f\u00fcr seine herausragenden Leistungen als Kommandant bef\u00f6rdert. Dhars Aufgabe ist es, die Ketzer zu beseitigen, von denen Ravannavar glaubt, dass sie der Erleuchtung der Welt im Weg stehen. Dhar ist ausgezeichnet, wenn es um diese brutale Aufgabe geht. Seine blutige Aufgabe f\u00fchrt ihn... Artikel ansehen","og_url":"https:\/\/indivisible-game.com\/de\/meet-the-characters\/dhar\/","og_site_name":"Indivisible","article_modified_time":"2019-10-02T11:48:03+00:00","og_image":[{"width":1200,"height":1145,"url":"https:\/\/indivisible-game.com\/wp-content\/uploads\/2019\/05\/pose_dhar.png","type":"image\/png"}],"twitter_card":"summary_large_image","twitter_misc":{"Gesch\u00e4tzte Lesezeit":"1\u00a0Minute"},"schema":{"@context":"https:\/\/schema.org","@graph":[{"@type":"WebSite","@id":"https:\/\/indivisible-game.com\/#website","url":"https:\/\/indivisible-game.com\/","name":"Indivisible","description":"Indivisible","potentialAction":[{"@type":"SearchAction","target":{"@type":"EntryPoint","urlTemplate":"https:\/\/indivisible-game.com\/?s={search_term_string}"},"query-input":"required name=search_term_string"}],"inLanguage":"de"},{"@type":"ImageObject","@id":"https:\/\/indivisible-game.com\/de\/meet-the-characters\/dhar\/#primaryimage","inLanguage":"de","url":"https:\/\/indivisible-game.com\/wp-content\/uploads\/2019\/05\/pose_dhar.png","contentUrl":"https:\/\/indivisible-game.com\/wp-content\/uploads\/2019\/05\/pose_dhar.png","width":1200,"height":1145},{"@type":"WebPage","@id":"https:\/\/indivisible-game.com\/de\/meet-the-characters\/dhar\/#webpage","url":"https:\/\/indivisible-game.com\/de\/meet-the-characters\/dhar\/","name":"Dhar - Indivisible","isPartOf":{"@id":"https:\/\/indivisible-game.com\/#website"},"primaryImageOfPage":{"@id":"https:\/\/indivisible-game.com\/de\/meet-the-characters\/dhar\/#primaryimage"},"datePublished":"2018-08-14T10:21:23+00:00","dateModified":"2019-10-02T11:48:03+00:00","breadcrumb":{"@id":"https:\/\/indivisible-game.com\/de\/meet-the-characters\/dhar\/#breadcrumb"},"inLanguage":"de","potentialAction":[{"@type":"ReadAction","target":["https:\/\/indivisible-game.com\/de\/meet-the-characters\/dhar\/"]}]},{"@type":"BreadcrumbList","@id":"https:\/\/indivisible-game.com\/de\/meet-the-characters\/dhar\/#breadcrumb","itemListElement":[{"@type":"ListItem","position":1,"name":"Home","item":"https:\/\/indivisible-game.com\/de\/"},{"@type":"ListItem","position":2,"name":"Das sind die Charaktere","item":"https:\/\/indivisible-game.com\/de\/meet-the-characters\/"},{"@type":"ListItem","position":3,"name":"Dhar"}]}]}},"_links":{"self":[{"href":"https:\/\/indivisible-game.com\/de\/wp-json\/wp\/v2\/pages\/1614"}],"collection":[{"href":"https:\/\/indivisible-game.com\/de\/wp-json\/wp\/v2\/pages"}],"about":[{"href":"https:\/\/indivisible-game.com\/de\/wp-json\/wp\/v2\/types\/page"}],"author":[{"embeddable":true,"href":"https:\/\/indivisible-game.com\/de\/wp-json\/wp\/v2\/users\/7"}],"replies":[{"embeddable":true,"href":"https:\/\/indivisible-game.com\/de\/wp-json\/wp\/v2\/comments?post=1614"}],"version-history":[{"count":0,"href":"https:\/\/indivisible-game.com\/de\/wp-json\/wp\/v2\/pages\/1614\/revisions"}],"up":[{"embeddable":true,"href":"https:\/\/indivisible-game.com\/de\/wp-json\/wp\/v2\/pages\/1086"}],"wp:featuredmedia":[{"embeddable":true,"href":"https:\/\/indivisible-game.com\/de\/wp-json\/wp\/v2\/media\/1228"}],"wp:attachment":[{"href":"https:\/\/indivisible-game.com\/de\/wp-json\/wp\/v2\/media?parent=1614"}],"curies":[{"name":"wp","href":"https:\/\/api.w.org\/{rel}","templated":true}]}}