{"id":1878,"date":"2018-08-14T11:24:35","date_gmt":"2018-08-14T10:24:35","guid":{"rendered":"https:\/\/indivisiblegame.com\/meet-the-characters\/nuna\/"},"modified":"2019-10-03T14:57:08","modified_gmt":"2019-10-03T13:57:08","slug":"nuna","status":"publish","type":"page","link":"https:\/\/indivisible-game.com\/de\/meet-the-characters\/nuna\/","title":{"rendered":"Nuna"},"content":{"rendered":"<p>Nuna wurde in Kaanul geboren und ist die mittlere von drei Schwestern.<\/p>\n<p>Ihre \u00e4ltere Schwester Nijone ist die bekannteste Heilerin von Kaanul. Nuna m\u00f6chte ihrer Gemeinschaft genauso n\u00fctzlich sein, wie ihre Schwester, aber da sie von ihr immer nur verw\u00f6hnt wurde, wei\u00df sie nicht genau, wie sie sich von ihr l\u00f6sen und ihren eigenen Weg gehen soll.<br \/>\nNuna hatte schon immer eine enge Verbindung mit den Pflanzen. Als sie \u00e4lter wurde, hat sich dies in m\u00e4chtige phytomantische F\u00e4higkeiten gewandelt. Sie ist sich sicher, dass sie dem Volk von Kaanul eines Tages mit ihren F\u00e4higkeiten helfen kann, doch seit die Schlangenk\u00f6nigin allen befohlen hat, unter die Erde zu ziehen, findet sie fast keine M\u00f6glichkeit mehr, an sich zu arbeiten.<\/p>\n<p>Tzitzi, die rechte Hand der Schlangenk\u00f6nigin, hat vor kurzem angefangen, kr\u00e4ftiger durchzugreifen und h\u00e4lt das Volk jetzt mit Gewalt davon ab, an die Erdoberfl\u00e4che zur\u00fcckzukehren \u2013 um sie zu &#8222;&#8220;besch\u00fctzen&#8220;&#8220;. Nijone hat Angst um die Zukunft Kaanuls und bat Nuna, nach oben zu schleichen und die gro\u00dfe Heldin Kaanuls zu suchen \u2013 Angwu. Nuna hat sich dazu bereiterkl\u00e4rt, ist aber nerv\u00f6s. Trotzdem hofft sie, dass dies die Gelegenheit ist, auf die sie gewartet hat.<\/p>\n","protected":false},"excerpt":{"rendered":"Nuna wurde in Kaanul geboren und ist die mittlere von drei Schwestern. Ihre \u00e4ltere Schwester Nijone ist die bekannteste Heilerin von Kaanul. Nuna m\u00f6chte ihrer Gemeinschaft genauso n\u00fctzlich sein, wie ihre Schwester, aber da sie von ihr immer nur verw\u00f6hnt wurde, wei\u00df sie nicht genau, wie sie sich von ihr l\u00f6sen und ihren eigenen Weg&#8230; <a class=\"view-article\" href=\"https:\/\/indivisible-game.com\/de\/meet-the-characters\/nuna\/\">Artikel ansehen<\/a>","protected":false},"author":7,"featured_media":1239,"parent":1086,"menu_order":14,"comment_status":"closed","ping_status":"closed","template":"template_character.php","meta":{"_monsterinsights_skip_tracking":false,"_monsterinsights_sitenote_active":false,"_monsterinsights_sitenote_note":"","_monsterinsights_sitenote_category":0},"acf":[],"yoast_head":"<!-- This site is optimized with the Yoast SEO plugin v17.7 - https:\/\/yoast.com\/wordpress\/plugins\/seo\/ -->\n<meta name=\"robots\" content=\"index, follow, max-snippet:-1, max-image-preview:large, max-video-preview:-1\" \/>\n<link rel=\"canonical\" href=\"https:\/\/indivisible-game.com\/de\/meet-the-characters\/nuna\/\" \/>\n<meta property=\"og:locale\" content=\"de_DE\" \/>\n<meta property=\"og:type\" content=\"article\" \/>\n<meta property=\"og:title\" content=\"Nuna - Indivisible\" \/>\n<meta property=\"og:description\" content=\"Nuna wurde in Kaanul geboren und ist die mittlere von drei Schwestern. Ihre \u00e4ltere Schwester Nijone ist die bekannteste Heilerin von Kaanul. Nuna m\u00f6chte ihrer Gemeinschaft genauso n\u00fctzlich sein, wie ihre Schwester, aber da sie von ihr immer nur verw\u00f6hnt wurde, wei\u00df sie nicht genau, wie sie sich von ihr l\u00f6sen und ihren eigenen Weg... Artikel ansehen\" \/>\n<meta property=\"og:url\" content=\"https:\/\/indivisible-game.com\/de\/meet-the-characters\/nuna\/\" \/>\n<meta property=\"og:site_name\" content=\"Indivisible\" \/>\n<meta property=\"article:modified_time\" content=\"2019-10-03T13:57:08+00:00\" \/>\n<meta property=\"og:image\" content=\"https:\/\/indivisible-game.com\/wp-content\/uploads\/2019\/05\/pose_nuna.png\" \/>\n\t<meta property=\"og:image:width\" content=\"1042\" \/>\n\t<meta property=\"og:image:height\" content=\"1139\" \/>\n<meta name=\"twitter:card\" content=\"summary_large_image\" \/>\n<meta name=\"twitter:label1\" content=\"Gesch\u00e4tzte Lesezeit\" \/>\n\t<meta name=\"twitter:data1\" content=\"1\u00a0Minute\" \/>\n<script type=\"application\/ld+json\" class=\"yoast-schema-graph\">{\"@context\":\"https:\/\/schema.org\",\"@graph\":[{\"@type\":\"WebSite\",\"@id\":\"https:\/\/indivisible-game.com\/#website\",\"url\":\"https:\/\/indivisible-game.com\/\",\"name\":\"Indivisible\",\"description\":\"Indivisible\",\"potentialAction\":[{\"@type\":\"SearchAction\",\"target\":{\"@type\":\"EntryPoint\",\"urlTemplate\":\"https:\/\/indivisible-game.com\/?s={search_term_string}\"},\"query-input\":\"required name=search_term_string\"}],\"inLanguage\":\"de\"},{\"@type\":\"ImageObject\",\"@id\":\"https:\/\/indivisible-game.com\/de\/meet-the-characters\/nuna\/#primaryimage\",\"inLanguage\":\"de\",\"url\":\"https:\/\/indivisible-game.com\/wp-content\/uploads\/2019\/05\/pose_nuna.png\",\"contentUrl\":\"https:\/\/indivisible-game.com\/wp-content\/uploads\/2019\/05\/pose_nuna.png\",\"width\":1042,\"height\":1139},{\"@type\":\"WebPage\",\"@id\":\"https:\/\/indivisible-game.com\/de\/meet-the-characters\/nuna\/#webpage\",\"url\":\"https:\/\/indivisible-game.com\/de\/meet-the-characters\/nuna\/\",\"name\":\"Nuna - Indivisible\",\"isPartOf\":{\"@id\":\"https:\/\/indivisible-game.com\/#website\"},\"primaryImageOfPage\":{\"@id\":\"https:\/\/indivisible-game.com\/de\/meet-the-characters\/nuna\/#primaryimage\"},\"datePublished\":\"2018-08-14T10:24:35+00:00\",\"dateModified\":\"2019-10-03T13:57:08+00:00\",\"breadcrumb\":{\"@id\":\"https:\/\/indivisible-game.com\/de\/meet-the-characters\/nuna\/#breadcrumb\"},\"inLanguage\":\"de\",\"potentialAction\":[{\"@type\":\"ReadAction\",\"target\":[\"https:\/\/indivisible-game.com\/de\/meet-the-characters\/nuna\/\"]}]},{\"@type\":\"BreadcrumbList\",\"@id\":\"https:\/\/indivisible-game.com\/de\/meet-the-characters\/nuna\/#breadcrumb\",\"itemListElement\":[{\"@type\":\"ListItem\",\"position\":1,\"name\":\"Home\",\"item\":\"https:\/\/indivisible-game.com\/de\/\"},{\"@type\":\"ListItem\",\"position\":2,\"name\":\"Das sind die Charaktere\",\"item\":\"https:\/\/indivisible-game.com\/de\/meet-the-characters\/\"},{\"@type\":\"ListItem\",\"position\":3,\"name\":\"Nuna\"}]}]}<\/script>\n<!-- \/ Yoast SEO plugin. -->","yoast_head_json":{"robots":{"index":"index","follow":"follow","max-snippet":"max-snippet:-1","max-image-preview":"max-image-preview:large","max-video-preview":"max-video-preview:-1"},"canonical":"https:\/\/indivisible-game.com\/de\/meet-the-characters\/nuna\/","og_locale":"de_DE","og_type":"article","og_title":"Nuna - Indivisible","og_description":"Nuna wurde in Kaanul geboren und ist die mittlere von drei Schwestern. Ihre \u00e4ltere Schwester Nijone ist die bekannteste Heilerin von Kaanul. Nuna m\u00f6chte ihrer Gemeinschaft genauso n\u00fctzlich sein, wie ihre Schwester, aber da sie von ihr immer nur verw\u00f6hnt wurde, wei\u00df sie nicht genau, wie sie sich von ihr l\u00f6sen und ihren eigenen Weg... Artikel ansehen","og_url":"https:\/\/indivisible-game.com\/de\/meet-the-characters\/nuna\/","og_site_name":"Indivisible","article_modified_time":"2019-10-03T13:57:08+00:00","og_image":[{"width":1042,"height":1139,"url":"https:\/\/indivisible-game.com\/wp-content\/uploads\/2019\/05\/pose_nuna.png","type":"image\/png"}],"twitter_card":"summary_large_image","twitter_misc":{"Gesch\u00e4tzte Lesezeit":"1\u00a0Minute"},"schema":{"@context":"https:\/\/schema.org","@graph":[{"@type":"WebSite","@id":"https:\/\/indivisible-game.com\/#website","url":"https:\/\/indivisible-game.com\/","name":"Indivisible","description":"Indivisible","potentialAction":[{"@type":"SearchAction","target":{"@type":"EntryPoint","urlTemplate":"https:\/\/indivisible-game.com\/?s={search_term_string}"},"query-input":"required name=search_term_string"}],"inLanguage":"de"},{"@type":"ImageObject","@id":"https:\/\/indivisible-game.com\/de\/meet-the-characters\/nuna\/#primaryimage","inLanguage":"de","url":"https:\/\/indivisible-game.com\/wp-content\/uploads\/2019\/05\/pose_nuna.png","contentUrl":"https:\/\/indivisible-game.com\/wp-content\/uploads\/2019\/05\/pose_nuna.png","width":1042,"height":1139},{"@type":"WebPage","@id":"https:\/\/indivisible-game.com\/de\/meet-the-characters\/nuna\/#webpage","url":"https:\/\/indivisible-game.com\/de\/meet-the-characters\/nuna\/","name":"Nuna - Indivisible","isPartOf":{"@id":"https:\/\/indivisible-game.com\/#website"},"primaryImageOfPage":{"@id":"https:\/\/indivisible-game.com\/de\/meet-the-characters\/nuna\/#primaryimage"},"datePublished":"2018-08-14T10:24:35+00:00","dateModified":"2019-10-03T13:57:08+00:00","breadcrumb":{"@id":"https:\/\/indivisible-game.com\/de\/meet-the-characters\/nuna\/#breadcrumb"},"inLanguage":"de","potentialAction":[{"@type":"ReadAction","target":["https:\/\/indivisible-game.com\/de\/meet-the-characters\/nuna\/"]}]},{"@type":"BreadcrumbList","@id":"https:\/\/indivisible-game.com\/de\/meet-the-characters\/nuna\/#breadcrumb","itemListElement":[{"@type":"ListItem","position":1,"name":"Home","item":"https:\/\/indivisible-game.com\/de\/"},{"@type":"ListItem","position":2,"name":"Das sind die Charaktere","item":"https:\/\/indivisible-game.com\/de\/meet-the-characters\/"},{"@type":"ListItem","position":3,"name":"Nuna"}]}]}},"_links":{"self":[{"href":"https:\/\/indivisible-game.com\/de\/wp-json\/wp\/v2\/pages\/1878"}],"collection":[{"href":"https:\/\/indivisible-game.com\/de\/wp-json\/wp\/v2\/pages"}],"about":[{"href":"https:\/\/indivisible-game.com\/de\/wp-json\/wp\/v2\/types\/page"}],"author":[{"embeddable":true,"href":"https:\/\/indivisible-game.com\/de\/wp-json\/wp\/v2\/users\/7"}],"replies":[{"embeddable":true,"href":"https:\/\/indivisible-game.com\/de\/wp-json\/wp\/v2\/comments?post=1878"}],"version-history":[{"count":0,"href":"https:\/\/indivisible-game.com\/de\/wp-json\/wp\/v2\/pages\/1878\/revisions"}],"up":[{"embeddable":true,"href":"https:\/\/indivisible-game.com\/de\/wp-json\/wp\/v2\/pages\/1086"}],"wp:featuredmedia":[{"embeddable":true,"href":"https:\/\/indivisible-game.com\/de\/wp-json\/wp\/v2\/media\/1239"}],"wp:attachment":[{"href":"https:\/\/indivisible-game.com\/de\/wp-json\/wp\/v2\/media?parent=1878"}],"curies":[{"name":"wp","href":"https:\/\/api.w.org\/{rel}","templated":true}]}}