{"id":1899,"date":"2019-05-17T10:41:18","date_gmt":"2019-05-17T09:41:18","guid":{"rendered":"https:\/\/indivisiblegame.com\/meet-the-characters\/phoebe\/"},"modified":"2019-10-03T15:02:09","modified_gmt":"2019-10-03T14:02:09","slug":"phoebe","status":"publish","type":"page","link":"https:\/\/indivisible-game.com\/de\/meet-the-characters\/phoebe\/","title":{"rendered":"Phoebe"},"content":{"rendered":"<p>In ihrem fernen Heimatland war Phoebe eine Freiheitsk\u00e4mpferin, die sich den Truppen einer benachbarten Nation stellte, die in ihr Land einfielen.<\/p>\n<p>Sie k\u00e4mpfte an der Seite ihres Ehemanns und war eine ernstzunehmende Gegnerin. Gemeinsam k\u00e4mpften sie mit allen Kr\u00e4ften um ihr Land und um die Zukunft ihrer beiden Kinder, Aster und Egan.<\/p>\n<p>Als die Invasoren eine neue, vernichtende Waffe erlangten, machten sie kurzen Prozess mit Phoebes Heimat. Ihr Mann erlag seinen Wunden. Mit seinem letzten Atemzug bat er Phoebe, die Kinder zu nehmen und fortzugehen. Phoebe erwischte gerade noch ein Boot zum Maerifa-Hafen und musste von Deck aus zusehen, wie ihre Stadt in Flammen aufging.<\/p>\n<p>Jetzt, da sie in Sicherheit ist, trainiert Phoebe ihre Kinder und versucht selber, st\u00e4rker zu werden. Gemeinsam suchen sie nach Verb\u00fcndeten, damit sie eines Tages nach Hause zur\u00fcckkehren und die Invasoren vertreiben k\u00f6nnen.<\/p>\n","protected":false},"excerpt":{"rendered":"In ihrem fernen Heimatland war Phoebe eine Freiheitsk\u00e4mpferin, die sich den Truppen einer benachbarten Nation stellte, die in ihr Land einfielen. Sie k\u00e4mpfte an der Seite ihres Ehemanns und war eine ernstzunehmende Gegnerin. Gemeinsam k\u00e4mpften sie mit allen Kr\u00e4ften um ihr Land und um die Zukunft ihrer beiden Kinder, Aster und Egan. Als die Invasoren&#8230; <a class=\"view-article\" href=\"https:\/\/indivisible-game.com\/de\/meet-the-characters\/phoebe\/\">Artikel ansehen<\/a>","protected":false},"author":7,"featured_media":1240,"parent":1086,"menu_order":15,"comment_status":"closed","ping_status":"closed","template":"template_character.php","meta":{"_monsterinsights_skip_tracking":false,"_monsterinsights_sitenote_active":false,"_monsterinsights_sitenote_note":"","_monsterinsights_sitenote_category":0},"acf":[],"yoast_head":"<!-- This site is optimized with the Yoast SEO plugin v17.7 - https:\/\/yoast.com\/wordpress\/plugins\/seo\/ -->\n<meta name=\"robots\" content=\"index, follow, max-snippet:-1, max-image-preview:large, max-video-preview:-1\" \/>\n<link rel=\"canonical\" href=\"https:\/\/indivisible-game.com\/de\/meet-the-characters\/phoebe\/\" \/>\n<meta property=\"og:locale\" content=\"de_DE\" \/>\n<meta property=\"og:type\" content=\"article\" \/>\n<meta property=\"og:title\" content=\"Phoebe - Indivisible\" \/>\n<meta property=\"og:description\" content=\"In ihrem fernen Heimatland war Phoebe eine Freiheitsk\u00e4mpferin, die sich den Truppen einer benachbarten Nation stellte, die in ihr Land einfielen. Sie k\u00e4mpfte an der Seite ihres Ehemanns und war eine ernstzunehmende Gegnerin. Gemeinsam k\u00e4mpften sie mit allen Kr\u00e4ften um ihr Land und um die Zukunft ihrer beiden Kinder, Aster und Egan. Als die Invasoren... Artikel ansehen\" \/>\n<meta property=\"og:url\" content=\"https:\/\/indivisible-game.com\/de\/meet-the-characters\/phoebe\/\" \/>\n<meta property=\"og:site_name\" content=\"Indivisible\" \/>\n<meta property=\"article:modified_time\" content=\"2019-10-03T14:02:09+00:00\" \/>\n<meta property=\"og:image\" content=\"https:\/\/indivisible-game.com\/wp-content\/uploads\/2019\/05\/pose_phoebe.png\" \/>\n\t<meta property=\"og:image:width\" content=\"1110\" \/>\n\t<meta property=\"og:image:height\" content=\"1294\" \/>\n<meta name=\"twitter:card\" content=\"summary_large_image\" \/>\n<meta name=\"twitter:label1\" content=\"Gesch\u00e4tzte Lesezeit\" \/>\n\t<meta name=\"twitter:data1\" content=\"1\u00a0Minute\" \/>\n<script type=\"application\/ld+json\" class=\"yoast-schema-graph\">{\"@context\":\"https:\/\/schema.org\",\"@graph\":[{\"@type\":\"WebSite\",\"@id\":\"https:\/\/indivisible-game.com\/#website\",\"url\":\"https:\/\/indivisible-game.com\/\",\"name\":\"Indivisible\",\"description\":\"Indivisible\",\"potentialAction\":[{\"@type\":\"SearchAction\",\"target\":{\"@type\":\"EntryPoint\",\"urlTemplate\":\"https:\/\/indivisible-game.com\/?s={search_term_string}\"},\"query-input\":\"required name=search_term_string\"}],\"inLanguage\":\"de\"},{\"@type\":\"ImageObject\",\"@id\":\"https:\/\/indivisible-game.com\/de\/meet-the-characters\/phoebe\/#primaryimage\",\"inLanguage\":\"de\",\"url\":\"https:\/\/indivisible-game.com\/wp-content\/uploads\/2019\/05\/pose_phoebe.png\",\"contentUrl\":\"https:\/\/indivisible-game.com\/wp-content\/uploads\/2019\/05\/pose_phoebe.png\",\"width\":1110,\"height\":1294},{\"@type\":\"WebPage\",\"@id\":\"https:\/\/indivisible-game.com\/de\/meet-the-characters\/phoebe\/#webpage\",\"url\":\"https:\/\/indivisible-game.com\/de\/meet-the-characters\/phoebe\/\",\"name\":\"Phoebe - Indivisible\",\"isPartOf\":{\"@id\":\"https:\/\/indivisible-game.com\/#website\"},\"primaryImageOfPage\":{\"@id\":\"https:\/\/indivisible-game.com\/de\/meet-the-characters\/phoebe\/#primaryimage\"},\"datePublished\":\"2019-05-17T09:41:18+00:00\",\"dateModified\":\"2019-10-03T14:02:09+00:00\",\"breadcrumb\":{\"@id\":\"https:\/\/indivisible-game.com\/de\/meet-the-characters\/phoebe\/#breadcrumb\"},\"inLanguage\":\"de\",\"potentialAction\":[{\"@type\":\"ReadAction\",\"target\":[\"https:\/\/indivisible-game.com\/de\/meet-the-characters\/phoebe\/\"]}]},{\"@type\":\"BreadcrumbList\",\"@id\":\"https:\/\/indivisible-game.com\/de\/meet-the-characters\/phoebe\/#breadcrumb\",\"itemListElement\":[{\"@type\":\"ListItem\",\"position\":1,\"name\":\"Home\",\"item\":\"https:\/\/indivisible-game.com\/de\/\"},{\"@type\":\"ListItem\",\"position\":2,\"name\":\"Das sind die Charaktere\",\"item\":\"https:\/\/indivisible-game.com\/de\/meet-the-characters\/\"},{\"@type\":\"ListItem\",\"position\":3,\"name\":\"Phoebe\"}]}]}<\/script>\n<!-- \/ Yoast SEO plugin. -->","yoast_head_json":{"robots":{"index":"index","follow":"follow","max-snippet":"max-snippet:-1","max-image-preview":"max-image-preview:large","max-video-preview":"max-video-preview:-1"},"canonical":"https:\/\/indivisible-game.com\/de\/meet-the-characters\/phoebe\/","og_locale":"de_DE","og_type":"article","og_title":"Phoebe - Indivisible","og_description":"In ihrem fernen Heimatland war Phoebe eine Freiheitsk\u00e4mpferin, die sich den Truppen einer benachbarten Nation stellte, die in ihr Land einfielen. Sie k\u00e4mpfte an der Seite ihres Ehemanns und war eine ernstzunehmende Gegnerin. Gemeinsam k\u00e4mpften sie mit allen Kr\u00e4ften um ihr Land und um die Zukunft ihrer beiden Kinder, Aster und Egan. Als die Invasoren... Artikel ansehen","og_url":"https:\/\/indivisible-game.com\/de\/meet-the-characters\/phoebe\/","og_site_name":"Indivisible","article_modified_time":"2019-10-03T14:02:09+00:00","og_image":[{"width":1110,"height":1294,"url":"https:\/\/indivisible-game.com\/wp-content\/uploads\/2019\/05\/pose_phoebe.png","type":"image\/png"}],"twitter_card":"summary_large_image","twitter_misc":{"Gesch\u00e4tzte Lesezeit":"1\u00a0Minute"},"schema":{"@context":"https:\/\/schema.org","@graph":[{"@type":"WebSite","@id":"https:\/\/indivisible-game.com\/#website","url":"https:\/\/indivisible-game.com\/","name":"Indivisible","description":"Indivisible","potentialAction":[{"@type":"SearchAction","target":{"@type":"EntryPoint","urlTemplate":"https:\/\/indivisible-game.com\/?s={search_term_string}"},"query-input":"required name=search_term_string"}],"inLanguage":"de"},{"@type":"ImageObject","@id":"https:\/\/indivisible-game.com\/de\/meet-the-characters\/phoebe\/#primaryimage","inLanguage":"de","url":"https:\/\/indivisible-game.com\/wp-content\/uploads\/2019\/05\/pose_phoebe.png","contentUrl":"https:\/\/indivisible-game.com\/wp-content\/uploads\/2019\/05\/pose_phoebe.png","width":1110,"height":1294},{"@type":"WebPage","@id":"https:\/\/indivisible-game.com\/de\/meet-the-characters\/phoebe\/#webpage","url":"https:\/\/indivisible-game.com\/de\/meet-the-characters\/phoebe\/","name":"Phoebe - Indivisible","isPartOf":{"@id":"https:\/\/indivisible-game.com\/#website"},"primaryImageOfPage":{"@id":"https:\/\/indivisible-game.com\/de\/meet-the-characters\/phoebe\/#primaryimage"},"datePublished":"2019-05-17T09:41:18+00:00","dateModified":"2019-10-03T14:02:09+00:00","breadcrumb":{"@id":"https:\/\/indivisible-game.com\/de\/meet-the-characters\/phoebe\/#breadcrumb"},"inLanguage":"de","potentialAction":[{"@type":"ReadAction","target":["https:\/\/indivisible-game.com\/de\/meet-the-characters\/phoebe\/"]}]},{"@type":"BreadcrumbList","@id":"https:\/\/indivisible-game.com\/de\/meet-the-characters\/phoebe\/#breadcrumb","itemListElement":[{"@type":"ListItem","position":1,"name":"Home","item":"https:\/\/indivisible-game.com\/de\/"},{"@type":"ListItem","position":2,"name":"Das sind die Charaktere","item":"https:\/\/indivisible-game.com\/de\/meet-the-characters\/"},{"@type":"ListItem","position":3,"name":"Phoebe"}]}]}},"_links":{"self":[{"href":"https:\/\/indivisible-game.com\/de\/wp-json\/wp\/v2\/pages\/1899"}],"collection":[{"href":"https:\/\/indivisible-game.com\/de\/wp-json\/wp\/v2\/pages"}],"about":[{"href":"https:\/\/indivisible-game.com\/de\/wp-json\/wp\/v2\/types\/page"}],"author":[{"embeddable":true,"href":"https:\/\/indivisible-game.com\/de\/wp-json\/wp\/v2\/users\/7"}],"replies":[{"embeddable":true,"href":"https:\/\/indivisible-game.com\/de\/wp-json\/wp\/v2\/comments?post=1899"}],"version-history":[{"count":0,"href":"https:\/\/indivisible-game.com\/de\/wp-json\/wp\/v2\/pages\/1899\/revisions"}],"up":[{"embeddable":true,"href":"https:\/\/indivisible-game.com\/de\/wp-json\/wp\/v2\/pages\/1086"}],"wp:featuredmedia":[{"embeddable":true,"href":"https:\/\/indivisible-game.com\/de\/wp-json\/wp\/v2\/media\/1240"}],"wp:attachment":[{"href":"https:\/\/indivisible-game.com\/de\/wp-json\/wp\/v2\/media?parent=1899"}],"curies":[{"name":"wp","href":"https:\/\/api.w.org\/{rel}","templated":true}]}}