{"id":1941,"date":"2018-08-14T11:25:56","date_gmt":"2018-08-14T10:25:56","guid":{"rendered":"https:\/\/indivisiblegame.com\/meet-the-characters\/razmi\/"},"modified":"2019-10-03T15:16:34","modified_gmt":"2019-10-03T14:16:34","slug":"razmi","status":"publish","type":"page","link":"https:\/\/indivisible-game.com\/de\/meet-the-characters\/razmi\/","title":{"rendered":"Razmi"},"content":{"rendered":"<p>Razmi ist eine einsiedlerische Schamanin, die im Wald um das Dorf Ashwat herum lebt. Dort widmet sie ihre ganze Zeit der Studie der schamanistischen Magie \u2013 aber mehr aus pers\u00f6nlichem Interesse und weniger mit Hinsicht auf den praktischen Nutzen.<\/p>\n<p>Razmi kann nicht gut mit Menschen und hat immer einen bissigen Spruch auf Lager. Mit den meisten Leuten versteht sie sich nicht. Stattdessen bevorzugt sie die Gesellschaft von Bom, dem Tigergeist, der in ihrer Laterne lebt. Solange die Laterne an ist, bleibt Bom bei ihr.<\/p>\n<p>Im Kampf schickt Razmi Boms feurigen Geist auf ihre Feinde los, und schleudert mit m\u00e4chtigen Zaubern und Fl\u00fcchen um sich. Obwohl sie \u00e4u\u00dferst f\u00e4hig ist, wenn es ums K\u00e4mpfen geht, ist Razmi kein gro\u00dfer Fan davon und w\u00fcrde lieber wieder weiterlernen, gew\u00e4rmt von Boms Licht.<\/p>\n","protected":false},"excerpt":{"rendered":"Razmi ist eine einsiedlerische Schamanin, die im Wald um das Dorf Ashwat herum lebt. Dort widmet sie ihre ganze Zeit der Studie der schamanistischen Magie \u2013 aber mehr aus pers\u00f6nlichem Interesse und weniger mit Hinsicht auf den praktischen Nutzen. Razmi kann nicht gut mit Menschen und hat immer einen bissigen Spruch auf Lager. Mit den&#8230; <a class=\"view-article\" href=\"https:\/\/indivisible-game.com\/de\/meet-the-characters\/razmi\/\">Artikel ansehen<\/a>","protected":false},"author":7,"featured_media":1207,"parent":1086,"menu_order":17,"comment_status":"closed","ping_status":"closed","template":"template_character.php","meta":{"_monsterinsights_skip_tracking":false,"_monsterinsights_sitenote_active":false,"_monsterinsights_sitenote_note":"","_monsterinsights_sitenote_category":0},"acf":[],"yoast_head":"<!-- This site is optimized with the Yoast SEO plugin v17.7 - https:\/\/yoast.com\/wordpress\/plugins\/seo\/ -->\n<meta name=\"robots\" content=\"index, follow, max-snippet:-1, max-image-preview:large, max-video-preview:-1\" \/>\n<link rel=\"canonical\" href=\"https:\/\/indivisible-game.com\/de\/meet-the-characters\/razmi\/\" \/>\n<meta property=\"og:locale\" content=\"de_DE\" \/>\n<meta property=\"og:type\" content=\"article\" \/>\n<meta property=\"og:title\" content=\"Razmi - Indivisible\" \/>\n<meta property=\"og:description\" content=\"Razmi ist eine einsiedlerische Schamanin, die im Wald um das Dorf Ashwat herum lebt. Dort widmet sie ihre ganze Zeit der Studie der schamanistischen Magie \u2013 aber mehr aus pers\u00f6nlichem Interesse und weniger mit Hinsicht auf den praktischen Nutzen. Razmi kann nicht gut mit Menschen und hat immer einen bissigen Spruch auf Lager. Mit den... Artikel ansehen\" \/>\n<meta property=\"og:url\" content=\"https:\/\/indivisible-game.com\/de\/meet-the-characters\/razmi\/\" \/>\n<meta property=\"og:site_name\" content=\"Indivisible\" \/>\n<meta property=\"article:modified_time\" content=\"2019-10-03T14:16:34+00:00\" \/>\n<meta property=\"og:image\" content=\"https:\/\/indivisible-game.com\/wp-content\/uploads\/2019\/05\/pose_razmi.png\" \/>\n\t<meta property=\"og:image:width\" content=\"1183\" \/>\n\t<meta property=\"og:image:height\" content=\"1218\" \/>\n<meta name=\"twitter:card\" content=\"summary_large_image\" \/>\n<meta name=\"twitter:label1\" content=\"Gesch\u00e4tzte Lesezeit\" \/>\n\t<meta name=\"twitter:data1\" content=\"1\u00a0Minute\" \/>\n<script type=\"application\/ld+json\" class=\"yoast-schema-graph\">{\"@context\":\"https:\/\/schema.org\",\"@graph\":[{\"@type\":\"WebSite\",\"@id\":\"https:\/\/indivisible-game.com\/#website\",\"url\":\"https:\/\/indivisible-game.com\/\",\"name\":\"Indivisible\",\"description\":\"Indivisible\",\"potentialAction\":[{\"@type\":\"SearchAction\",\"target\":{\"@type\":\"EntryPoint\",\"urlTemplate\":\"https:\/\/indivisible-game.com\/?s={search_term_string}\"},\"query-input\":\"required name=search_term_string\"}],\"inLanguage\":\"de\"},{\"@type\":\"ImageObject\",\"@id\":\"https:\/\/indivisible-game.com\/de\/meet-the-characters\/razmi\/#primaryimage\",\"inLanguage\":\"de\",\"url\":\"https:\/\/indivisible-game.com\/wp-content\/uploads\/2019\/05\/pose_razmi.png\",\"contentUrl\":\"https:\/\/indivisible-game.com\/wp-content\/uploads\/2019\/05\/pose_razmi.png\",\"width\":1183,\"height\":1218},{\"@type\":\"WebPage\",\"@id\":\"https:\/\/indivisible-game.com\/de\/meet-the-characters\/razmi\/#webpage\",\"url\":\"https:\/\/indivisible-game.com\/de\/meet-the-characters\/razmi\/\",\"name\":\"Razmi - Indivisible\",\"isPartOf\":{\"@id\":\"https:\/\/indivisible-game.com\/#website\"},\"primaryImageOfPage\":{\"@id\":\"https:\/\/indivisible-game.com\/de\/meet-the-characters\/razmi\/#primaryimage\"},\"datePublished\":\"2018-08-14T10:25:56+00:00\",\"dateModified\":\"2019-10-03T14:16:34+00:00\",\"breadcrumb\":{\"@id\":\"https:\/\/indivisible-game.com\/de\/meet-the-characters\/razmi\/#breadcrumb\"},\"inLanguage\":\"de\",\"potentialAction\":[{\"@type\":\"ReadAction\",\"target\":[\"https:\/\/indivisible-game.com\/de\/meet-the-characters\/razmi\/\"]}]},{\"@type\":\"BreadcrumbList\",\"@id\":\"https:\/\/indivisible-game.com\/de\/meet-the-characters\/razmi\/#breadcrumb\",\"itemListElement\":[{\"@type\":\"ListItem\",\"position\":1,\"name\":\"Home\",\"item\":\"https:\/\/indivisible-game.com\/de\/\"},{\"@type\":\"ListItem\",\"position\":2,\"name\":\"Das sind die Charaktere\",\"item\":\"https:\/\/indivisible-game.com\/de\/meet-the-characters\/\"},{\"@type\":\"ListItem\",\"position\":3,\"name\":\"Razmi\"}]}]}<\/script>\n<!-- \/ Yoast SEO plugin. -->","yoast_head_json":{"robots":{"index":"index","follow":"follow","max-snippet":"max-snippet:-1","max-image-preview":"max-image-preview:large","max-video-preview":"max-video-preview:-1"},"canonical":"https:\/\/indivisible-game.com\/de\/meet-the-characters\/razmi\/","og_locale":"de_DE","og_type":"article","og_title":"Razmi - Indivisible","og_description":"Razmi ist eine einsiedlerische Schamanin, die im Wald um das Dorf Ashwat herum lebt. Dort widmet sie ihre ganze Zeit der Studie der schamanistischen Magie \u2013 aber mehr aus pers\u00f6nlichem Interesse und weniger mit Hinsicht auf den praktischen Nutzen. Razmi kann nicht gut mit Menschen und hat immer einen bissigen Spruch auf Lager. Mit den... Artikel ansehen","og_url":"https:\/\/indivisible-game.com\/de\/meet-the-characters\/razmi\/","og_site_name":"Indivisible","article_modified_time":"2019-10-03T14:16:34+00:00","og_image":[{"width":1183,"height":1218,"url":"https:\/\/indivisible-game.com\/wp-content\/uploads\/2019\/05\/pose_razmi.png","type":"image\/png"}],"twitter_card":"summary_large_image","twitter_misc":{"Gesch\u00e4tzte Lesezeit":"1\u00a0Minute"},"schema":{"@context":"https:\/\/schema.org","@graph":[{"@type":"WebSite","@id":"https:\/\/indivisible-game.com\/#website","url":"https:\/\/indivisible-game.com\/","name":"Indivisible","description":"Indivisible","potentialAction":[{"@type":"SearchAction","target":{"@type":"EntryPoint","urlTemplate":"https:\/\/indivisible-game.com\/?s={search_term_string}"},"query-input":"required name=search_term_string"}],"inLanguage":"de"},{"@type":"ImageObject","@id":"https:\/\/indivisible-game.com\/de\/meet-the-characters\/razmi\/#primaryimage","inLanguage":"de","url":"https:\/\/indivisible-game.com\/wp-content\/uploads\/2019\/05\/pose_razmi.png","contentUrl":"https:\/\/indivisible-game.com\/wp-content\/uploads\/2019\/05\/pose_razmi.png","width":1183,"height":1218},{"@type":"WebPage","@id":"https:\/\/indivisible-game.com\/de\/meet-the-characters\/razmi\/#webpage","url":"https:\/\/indivisible-game.com\/de\/meet-the-characters\/razmi\/","name":"Razmi - Indivisible","isPartOf":{"@id":"https:\/\/indivisible-game.com\/#website"},"primaryImageOfPage":{"@id":"https:\/\/indivisible-game.com\/de\/meet-the-characters\/razmi\/#primaryimage"},"datePublished":"2018-08-14T10:25:56+00:00","dateModified":"2019-10-03T14:16:34+00:00","breadcrumb":{"@id":"https:\/\/indivisible-game.com\/de\/meet-the-characters\/razmi\/#breadcrumb"},"inLanguage":"de","potentialAction":[{"@type":"ReadAction","target":["https:\/\/indivisible-game.com\/de\/meet-the-characters\/razmi\/"]}]},{"@type":"BreadcrumbList","@id":"https:\/\/indivisible-game.com\/de\/meet-the-characters\/razmi\/#breadcrumb","itemListElement":[{"@type":"ListItem","position":1,"name":"Home","item":"https:\/\/indivisible-game.com\/de\/"},{"@type":"ListItem","position":2,"name":"Das sind die Charaktere","item":"https:\/\/indivisible-game.com\/de\/meet-the-characters\/"},{"@type":"ListItem","position":3,"name":"Razmi"}]}]}},"_links":{"self":[{"href":"https:\/\/indivisible-game.com\/de\/wp-json\/wp\/v2\/pages\/1941"}],"collection":[{"href":"https:\/\/indivisible-game.com\/de\/wp-json\/wp\/v2\/pages"}],"about":[{"href":"https:\/\/indivisible-game.com\/de\/wp-json\/wp\/v2\/types\/page"}],"author":[{"embeddable":true,"href":"https:\/\/indivisible-game.com\/de\/wp-json\/wp\/v2\/users\/7"}],"replies":[{"embeddable":true,"href":"https:\/\/indivisible-game.com\/de\/wp-json\/wp\/v2\/comments?post=1941"}],"version-history":[{"count":0,"href":"https:\/\/indivisible-game.com\/de\/wp-json\/wp\/v2\/pages\/1941\/revisions"}],"up":[{"embeddable":true,"href":"https:\/\/indivisible-game.com\/de\/wp-json\/wp\/v2\/pages\/1086"}],"wp:featuredmedia":[{"embeddable":true,"href":"https:\/\/indivisible-game.com\/de\/wp-json\/wp\/v2\/media\/1207"}],"wp:attachment":[{"href":"https:\/\/indivisible-game.com\/de\/wp-json\/wp\/v2\/media?parent=1941"}],"curies":[{"name":"wp","href":"https:\/\/api.w.org\/{rel}","templated":true}]}}