{"id":2057,"date":"2018-08-14T11:43:31","date_gmt":"2018-08-14T10:43:31","guid":{"rendered":"https:\/\/indivisiblegame.com\/meet-the-characters\/tungar\/"},"modified":"2019-10-03T16:06:37","modified_gmt":"2019-10-03T15:06:37","slug":"tungar","status":"publish","type":"page","link":"https:\/\/indivisible-game.com\/de\/meet-the-characters\/tungar\/","title":{"rendered":"Tungar"},"content":{"rendered":"<p>Tungar ist ein Meister des Urumi \u2013 einem Schwert mit nachgiebiger Klinge, die einem Band \u00e4hnelt. Er ist sowohl in K\u00f6rper als auch in Geist ein robuster Kerl, doch nach den Jahren des Trainings und des Kampfes ist sein K\u00f6rper von Narben \u00fcbers\u00e4t. Wenn Tungar sein selbstgeschmiedetes Urumi nicht verwendet, dann ist es wie ein Turban aus Metall um seinen Kopf gewunden.<\/p>\n<p>Tungar und seine inzwischen verstorbenen Kameraden dienten dem Shayak-K\u00f6nigreich, dem alten Herrscher \u00fcber Ashwat, als Ritter. Nachdem Ravannavar die meisten seiner Ritter vernichtete, nahm er Tungar gefangen, um ihn \u00fcber andere Verstecke der Shayak auszufragen.<\/p>\n<p>Tungar ist freundlich und aufgeschlossen, teilt jedoch seine weisen Ratschl\u00e4ge und Kriegsgeschichten gerne allen mit, die sich in H\u00f6rweite befinden \u2013 egal, ob es sie interessiert oder nicht.<\/p>\n<p>Im Kampf ist Tungar genau das Gegenteil: er k\u00e4mpft hart und ernst. Er f\u00fchrt sein Urumi mit einer t\u00f6dlichen Kombination aus Wut und Effizienz und schlitzt seine Feinde in wenigen Augenblicken in kleine St\u00fccke.<\/p>\n","protected":false},"excerpt":{"rendered":"Tungar ist ein Meister des Urumi \u2013 einem Schwert mit nachgiebiger Klinge, die einem Band \u00e4hnelt. Er ist sowohl in K\u00f6rper als auch in Geist ein robuster Kerl, doch nach den Jahren des Trainings und des Kampfes ist sein K\u00f6rper von Narben \u00fcbers\u00e4t. Wenn Tungar sein selbstgeschmiedetes Urumi nicht verwendet, dann ist es wie ein&#8230; <a class=\"view-article\" href=\"https:\/\/indivisible-game.com\/de\/meet-the-characters\/tungar\/\">Artikel ansehen<\/a>","protected":false},"author":7,"featured_media":1246,"parent":1086,"menu_order":22,"comment_status":"closed","ping_status":"closed","template":"template_character.php","meta":{"_monsterinsights_skip_tracking":false,"_monsterinsights_sitenote_active":false,"_monsterinsights_sitenote_note":"","_monsterinsights_sitenote_category":0},"acf":[],"yoast_head":"<!-- This site is optimized with the Yoast SEO plugin v17.7 - https:\/\/yoast.com\/wordpress\/plugins\/seo\/ -->\n<meta name=\"robots\" content=\"index, follow, max-snippet:-1, max-image-preview:large, max-video-preview:-1\" \/>\n<link rel=\"canonical\" href=\"https:\/\/indivisible-game.com\/de\/meet-the-characters\/tungar\/\" \/>\n<meta property=\"og:locale\" content=\"de_DE\" \/>\n<meta property=\"og:type\" content=\"article\" \/>\n<meta property=\"og:title\" content=\"Tungar - Indivisible\" \/>\n<meta property=\"og:description\" content=\"Tungar ist ein Meister des Urumi \u2013 einem Schwert mit nachgiebiger Klinge, die einem Band \u00e4hnelt. Er ist sowohl in K\u00f6rper als auch in Geist ein robuster Kerl, doch nach den Jahren des Trainings und des Kampfes ist sein K\u00f6rper von Narben \u00fcbers\u00e4t. Wenn Tungar sein selbstgeschmiedetes Urumi nicht verwendet, dann ist es wie ein... Artikel ansehen\" \/>\n<meta property=\"og:url\" content=\"https:\/\/indivisible-game.com\/de\/meet-the-characters\/tungar\/\" \/>\n<meta property=\"og:site_name\" content=\"Indivisible\" \/>\n<meta property=\"article:modified_time\" content=\"2019-10-03T15:06:37+00:00\" \/>\n<meta property=\"og:image\" content=\"https:\/\/indivisible-game.com\/wp-content\/uploads\/2019\/05\/pose_tungar.png\" \/>\n\t<meta property=\"og:image:width\" content=\"1192\" \/>\n\t<meta property=\"og:image:height\" content=\"1424\" \/>\n<meta name=\"twitter:card\" content=\"summary_large_image\" \/>\n<meta name=\"twitter:label1\" content=\"Gesch\u00e4tzte Lesezeit\" \/>\n\t<meta name=\"twitter:data1\" content=\"1\u00a0Minute\" \/>\n<script type=\"application\/ld+json\" class=\"yoast-schema-graph\">{\"@context\":\"https:\/\/schema.org\",\"@graph\":[{\"@type\":\"WebSite\",\"@id\":\"https:\/\/indivisible-game.com\/#website\",\"url\":\"https:\/\/indivisible-game.com\/\",\"name\":\"Indivisible\",\"description\":\"Indivisible\",\"potentialAction\":[{\"@type\":\"SearchAction\",\"target\":{\"@type\":\"EntryPoint\",\"urlTemplate\":\"https:\/\/indivisible-game.com\/?s={search_term_string}\"},\"query-input\":\"required name=search_term_string\"}],\"inLanguage\":\"de\"},{\"@type\":\"ImageObject\",\"@id\":\"https:\/\/indivisible-game.com\/de\/meet-the-characters\/tungar\/#primaryimage\",\"inLanguage\":\"de\",\"url\":\"https:\/\/indivisible-game.com\/wp-content\/uploads\/2019\/05\/pose_tungar.png\",\"contentUrl\":\"https:\/\/indivisible-game.com\/wp-content\/uploads\/2019\/05\/pose_tungar.png\",\"width\":1192,\"height\":1424},{\"@type\":\"WebPage\",\"@id\":\"https:\/\/indivisible-game.com\/de\/meet-the-characters\/tungar\/#webpage\",\"url\":\"https:\/\/indivisible-game.com\/de\/meet-the-characters\/tungar\/\",\"name\":\"Tungar - Indivisible\",\"isPartOf\":{\"@id\":\"https:\/\/indivisible-game.com\/#website\"},\"primaryImageOfPage\":{\"@id\":\"https:\/\/indivisible-game.com\/de\/meet-the-characters\/tungar\/#primaryimage\"},\"datePublished\":\"2018-08-14T10:43:31+00:00\",\"dateModified\":\"2019-10-03T15:06:37+00:00\",\"breadcrumb\":{\"@id\":\"https:\/\/indivisible-game.com\/de\/meet-the-characters\/tungar\/#breadcrumb\"},\"inLanguage\":\"de\",\"potentialAction\":[{\"@type\":\"ReadAction\",\"target\":[\"https:\/\/indivisible-game.com\/de\/meet-the-characters\/tungar\/\"]}]},{\"@type\":\"BreadcrumbList\",\"@id\":\"https:\/\/indivisible-game.com\/de\/meet-the-characters\/tungar\/#breadcrumb\",\"itemListElement\":[{\"@type\":\"ListItem\",\"position\":1,\"name\":\"Home\",\"item\":\"https:\/\/indivisible-game.com\/de\/\"},{\"@type\":\"ListItem\",\"position\":2,\"name\":\"Das sind die Charaktere\",\"item\":\"https:\/\/indivisible-game.com\/de\/meet-the-characters\/\"},{\"@type\":\"ListItem\",\"position\":3,\"name\":\"Tungar\"}]}]}<\/script>\n<!-- \/ Yoast SEO plugin. -->","yoast_head_json":{"robots":{"index":"index","follow":"follow","max-snippet":"max-snippet:-1","max-image-preview":"max-image-preview:large","max-video-preview":"max-video-preview:-1"},"canonical":"https:\/\/indivisible-game.com\/de\/meet-the-characters\/tungar\/","og_locale":"de_DE","og_type":"article","og_title":"Tungar - Indivisible","og_description":"Tungar ist ein Meister des Urumi \u2013 einem Schwert mit nachgiebiger Klinge, die einem Band \u00e4hnelt. Er ist sowohl in K\u00f6rper als auch in Geist ein robuster Kerl, doch nach den Jahren des Trainings und des Kampfes ist sein K\u00f6rper von Narben \u00fcbers\u00e4t. Wenn Tungar sein selbstgeschmiedetes Urumi nicht verwendet, dann ist es wie ein... Artikel ansehen","og_url":"https:\/\/indivisible-game.com\/de\/meet-the-characters\/tungar\/","og_site_name":"Indivisible","article_modified_time":"2019-10-03T15:06:37+00:00","og_image":[{"width":1192,"height":1424,"url":"https:\/\/indivisible-game.com\/wp-content\/uploads\/2019\/05\/pose_tungar.png","type":"image\/png"}],"twitter_card":"summary_large_image","twitter_misc":{"Gesch\u00e4tzte Lesezeit":"1\u00a0Minute"},"schema":{"@context":"https:\/\/schema.org","@graph":[{"@type":"WebSite","@id":"https:\/\/indivisible-game.com\/#website","url":"https:\/\/indivisible-game.com\/","name":"Indivisible","description":"Indivisible","potentialAction":[{"@type":"SearchAction","target":{"@type":"EntryPoint","urlTemplate":"https:\/\/indivisible-game.com\/?s={search_term_string}"},"query-input":"required name=search_term_string"}],"inLanguage":"de"},{"@type":"ImageObject","@id":"https:\/\/indivisible-game.com\/de\/meet-the-characters\/tungar\/#primaryimage","inLanguage":"de","url":"https:\/\/indivisible-game.com\/wp-content\/uploads\/2019\/05\/pose_tungar.png","contentUrl":"https:\/\/indivisible-game.com\/wp-content\/uploads\/2019\/05\/pose_tungar.png","width":1192,"height":1424},{"@type":"WebPage","@id":"https:\/\/indivisible-game.com\/de\/meet-the-characters\/tungar\/#webpage","url":"https:\/\/indivisible-game.com\/de\/meet-the-characters\/tungar\/","name":"Tungar - Indivisible","isPartOf":{"@id":"https:\/\/indivisible-game.com\/#website"},"primaryImageOfPage":{"@id":"https:\/\/indivisible-game.com\/de\/meet-the-characters\/tungar\/#primaryimage"},"datePublished":"2018-08-14T10:43:31+00:00","dateModified":"2019-10-03T15:06:37+00:00","breadcrumb":{"@id":"https:\/\/indivisible-game.com\/de\/meet-the-characters\/tungar\/#breadcrumb"},"inLanguage":"de","potentialAction":[{"@type":"ReadAction","target":["https:\/\/indivisible-game.com\/de\/meet-the-characters\/tungar\/"]}]},{"@type":"BreadcrumbList","@id":"https:\/\/indivisible-game.com\/de\/meet-the-characters\/tungar\/#breadcrumb","itemListElement":[{"@type":"ListItem","position":1,"name":"Home","item":"https:\/\/indivisible-game.com\/de\/"},{"@type":"ListItem","position":2,"name":"Das sind die Charaktere","item":"https:\/\/indivisible-game.com\/de\/meet-the-characters\/"},{"@type":"ListItem","position":3,"name":"Tungar"}]}]}},"_links":{"self":[{"href":"https:\/\/indivisible-game.com\/de\/wp-json\/wp\/v2\/pages\/2057"}],"collection":[{"href":"https:\/\/indivisible-game.com\/de\/wp-json\/wp\/v2\/pages"}],"about":[{"href":"https:\/\/indivisible-game.com\/de\/wp-json\/wp\/v2\/types\/page"}],"author":[{"embeddable":true,"href":"https:\/\/indivisible-game.com\/de\/wp-json\/wp\/v2\/users\/7"}],"replies":[{"embeddable":true,"href":"https:\/\/indivisible-game.com\/de\/wp-json\/wp\/v2\/comments?post=2057"}],"version-history":[{"count":0,"href":"https:\/\/indivisible-game.com\/de\/wp-json\/wp\/v2\/pages\/2057\/revisions"}],"up":[{"embeddable":true,"href":"https:\/\/indivisible-game.com\/de\/wp-json\/wp\/v2\/pages\/1086"}],"wp:featuredmedia":[{"embeddable":true,"href":"https:\/\/indivisible-game.com\/de\/wp-json\/wp\/v2\/media\/1246"}],"wp:attachment":[{"href":"https:\/\/indivisible-game.com\/de\/wp-json\/wp\/v2\/media?parent=2057"}],"curies":[{"name":"wp","href":"https:\/\/api.w.org\/{rel}","templated":true}]}}