{"id":1118,"date":"2018-08-14T11:14:14","date_gmt":"2018-08-14T10:14:14","guid":{"rendered":"https:\/\/indivisiblegame.com\/meet-the-characters\/ajna\/"},"modified":"2019-10-02T12:23:13","modified_gmt":"2019-10-02T11:23:13","slug":"ajna","status":"publish","type":"page","link":"https:\/\/indivisible-game.com\/es\/meet-the-characters\/ajna\/","title":{"rendered":"Ajna"},"content":{"rendered":"<p>\u00abAjna, una joven intr\u00e9pida en una etapa de rebeld\u00eda, viv\u00eda en Ashwat, una remota aldea en los bosques de la tierra de Navarra. Indr, Su padre, crio a Ajna para que fuera justa y dura y la entren\u00f3 en artes marciales para que pudiera as\u00ed defender su hogar. <\/p>\n<p>Tras un ataque a su ciudad por el ej\u00e9rcito del despiadado se\u00f1or de la guerra Ravannavar, Ajna descubre un misterioso poder: la capacidad de absorber a ciertos individuos en su persona. <\/p>\n<p>Decidida a enfrentarse a Ravannavar y descubrir m\u00e1s acerca de sus nuevas y extra\u00f1as habilidades, Ajna se embarca en una b\u00fasqueda por todo el mundo que revelar\u00e1 su verdadera naturaleza y mucho m\u00e1s.\u00bb<\/p>\n","protected":false},"excerpt":{"rendered":"\u00abAjna, una joven intr\u00e9pida en una etapa de rebeld\u00eda, viv\u00eda en Ashwat, una remota aldea en los bosques de la tierra de Navarra. Indr, Su padre, crio a Ajna para que fuera justa y dura y la entren\u00f3 en artes marciales para que pudiera as\u00ed defender su hogar. Tras un ataque a su ciudad por&#8230; <a class=\"view-article\" href=\"https:\/\/indivisible-game.com\/es\/meet-the-characters\/ajna\/\">Ver art\u00edculo<\/a>","protected":false},"author":7,"featured_media":1120,"parent":1090,"menu_order":1,"comment_status":"closed","ping_status":"closed","template":"template_character.php","meta":{"_monsterinsights_skip_tracking":false,"_monsterinsights_sitenote_active":false,"_monsterinsights_sitenote_note":"","_monsterinsights_sitenote_category":0},"acf":[],"yoast_head":"<!-- This site is optimized with the Yoast SEO plugin v17.7 - https:\/\/yoast.com\/wordpress\/plugins\/seo\/ -->\n<meta name=\"robots\" content=\"index, follow, max-snippet:-1, max-image-preview:large, max-video-preview:-1\" \/>\n<link rel=\"canonical\" href=\"https:\/\/indivisible-game.com\/es\/meet-the-characters\/ajna\/\" \/>\n<meta property=\"og:locale\" content=\"es_ES\" \/>\n<meta property=\"og:type\" content=\"article\" \/>\n<meta property=\"og:title\" content=\"Ajna - Indivisible\" \/>\n<meta property=\"og:description\" content=\"\u00abAjna, una joven intr\u00e9pida en una etapa de rebeld\u00eda, viv\u00eda en Ashwat, una remota aldea en los bosques de la tierra de Navarra. Indr, Su padre, crio a Ajna para que fuera justa y dura y la entren\u00f3 en artes marciales para que pudiera as\u00ed defender su hogar. Tras un ataque a su ciudad por... Ver art\u00edculo\" \/>\n<meta property=\"og:url\" content=\"https:\/\/indivisible-game.com\/es\/meet-the-characters\/ajna\/\" \/>\n<meta property=\"og:site_name\" content=\"Indivisible\" \/>\n<meta property=\"article:modified_time\" content=\"2019-10-02T11:23:13+00:00\" \/>\n<meta property=\"og:image\" content=\"https:\/\/indivisible-game.com\/wp-content\/uploads\/2019\/05\/pose_ajnaaxe.png\" \/>\n\t<meta property=\"og:image:width\" content=\"1089\" \/>\n\t<meta property=\"og:image:height\" content=\"1178\" \/>\n<meta name=\"twitter:card\" content=\"summary_large_image\" \/>\n<meta name=\"twitter:label1\" content=\"Tiempo de lectura\" \/>\n\t<meta name=\"twitter:data1\" content=\"1 minuto\" \/>\n<script type=\"application\/ld+json\" class=\"yoast-schema-graph\">{\"@context\":\"https:\/\/schema.org\",\"@graph\":[{\"@type\":\"WebSite\",\"@id\":\"https:\/\/indivisible-game.com\/#website\",\"url\":\"https:\/\/indivisible-game.com\/\",\"name\":\"Indivisible\",\"description\":\"Indivisible\",\"potentialAction\":[{\"@type\":\"SearchAction\",\"target\":{\"@type\":\"EntryPoint\",\"urlTemplate\":\"https:\/\/indivisible-game.com\/?s={search_term_string}\"},\"query-input\":\"required name=search_term_string\"}],\"inLanguage\":\"es\"},{\"@type\":\"ImageObject\",\"@id\":\"https:\/\/indivisible-game.com\/es\/meet-the-characters\/ajna\/#primaryimage\",\"inLanguage\":\"es\",\"url\":\"https:\/\/indivisible-game.com\/wp-content\/uploads\/2019\/05\/pose_ajnaaxe.png\",\"contentUrl\":\"https:\/\/indivisible-game.com\/wp-content\/uploads\/2019\/05\/pose_ajnaaxe.png\",\"width\":1089,\"height\":1178},{\"@type\":\"WebPage\",\"@id\":\"https:\/\/indivisible-game.com\/es\/meet-the-characters\/ajna\/#webpage\",\"url\":\"https:\/\/indivisible-game.com\/es\/meet-the-characters\/ajna\/\",\"name\":\"Ajna - Indivisible\",\"isPartOf\":{\"@id\":\"https:\/\/indivisible-game.com\/#website\"},\"primaryImageOfPage\":{\"@id\":\"https:\/\/indivisible-game.com\/es\/meet-the-characters\/ajna\/#primaryimage\"},\"datePublished\":\"2018-08-14T10:14:14+00:00\",\"dateModified\":\"2019-10-02T11:23:13+00:00\",\"breadcrumb\":{\"@id\":\"https:\/\/indivisible-game.com\/es\/meet-the-characters\/ajna\/#breadcrumb\"},\"inLanguage\":\"es\",\"potentialAction\":[{\"@type\":\"ReadAction\",\"target\":[\"https:\/\/indivisible-game.com\/es\/meet-the-characters\/ajna\/\"]}]},{\"@type\":\"BreadcrumbList\",\"@id\":\"https:\/\/indivisible-game.com\/es\/meet-the-characters\/ajna\/#breadcrumb\",\"itemListElement\":[{\"@type\":\"ListItem\",\"position\":1,\"name\":\"Home\",\"item\":\"https:\/\/indivisible-game.com\/es\/\"},{\"@type\":\"ListItem\",\"position\":2,\"name\":\"Conoce a los personajes\",\"item\":\"https:\/\/indivisible-game.com\/es\/meet-the-characters\/\"},{\"@type\":\"ListItem\",\"position\":3,\"name\":\"Ajna\"}]}]}<\/script>\n<!-- \/ Yoast SEO plugin. -->","yoast_head_json":{"robots":{"index":"index","follow":"follow","max-snippet":"max-snippet:-1","max-image-preview":"max-image-preview:large","max-video-preview":"max-video-preview:-1"},"canonical":"https:\/\/indivisible-game.com\/es\/meet-the-characters\/ajna\/","og_locale":"es_ES","og_type":"article","og_title":"Ajna - Indivisible","og_description":"\u00abAjna, una joven intr\u00e9pida en una etapa de rebeld\u00eda, viv\u00eda en Ashwat, una remota aldea en los bosques de la tierra de Navarra. Indr, Su padre, crio a Ajna para que fuera justa y dura y la entren\u00f3 en artes marciales para que pudiera as\u00ed defender su hogar. Tras un ataque a su ciudad por... Ver art\u00edculo","og_url":"https:\/\/indivisible-game.com\/es\/meet-the-characters\/ajna\/","og_site_name":"Indivisible","article_modified_time":"2019-10-02T11:23:13+00:00","og_image":[{"width":1089,"height":1178,"url":"https:\/\/indivisible-game.com\/wp-content\/uploads\/2019\/05\/pose_ajnaaxe.png","type":"image\/png"}],"twitter_card":"summary_large_image","twitter_misc":{"Tiempo de lectura":"1 minuto"},"schema":{"@context":"https:\/\/schema.org","@graph":[{"@type":"WebSite","@id":"https:\/\/indivisible-game.com\/#website","url":"https:\/\/indivisible-game.com\/","name":"Indivisible","description":"Indivisible","potentialAction":[{"@type":"SearchAction","target":{"@type":"EntryPoint","urlTemplate":"https:\/\/indivisible-game.com\/?s={search_term_string}"},"query-input":"required name=search_term_string"}],"inLanguage":"es"},{"@type":"ImageObject","@id":"https:\/\/indivisible-game.com\/es\/meet-the-characters\/ajna\/#primaryimage","inLanguage":"es","url":"https:\/\/indivisible-game.com\/wp-content\/uploads\/2019\/05\/pose_ajnaaxe.png","contentUrl":"https:\/\/indivisible-game.com\/wp-content\/uploads\/2019\/05\/pose_ajnaaxe.png","width":1089,"height":1178},{"@type":"WebPage","@id":"https:\/\/indivisible-game.com\/es\/meet-the-characters\/ajna\/#webpage","url":"https:\/\/indivisible-game.com\/es\/meet-the-characters\/ajna\/","name":"Ajna - Indivisible","isPartOf":{"@id":"https:\/\/indivisible-game.com\/#website"},"primaryImageOfPage":{"@id":"https:\/\/indivisible-game.com\/es\/meet-the-characters\/ajna\/#primaryimage"},"datePublished":"2018-08-14T10:14:14+00:00","dateModified":"2019-10-02T11:23:13+00:00","breadcrumb":{"@id":"https:\/\/indivisible-game.com\/es\/meet-the-characters\/ajna\/#breadcrumb"},"inLanguage":"es","potentialAction":[{"@type":"ReadAction","target":["https:\/\/indivisible-game.com\/es\/meet-the-characters\/ajna\/"]}]},{"@type":"BreadcrumbList","@id":"https:\/\/indivisible-game.com\/es\/meet-the-characters\/ajna\/#breadcrumb","itemListElement":[{"@type":"ListItem","position":1,"name":"Home","item":"https:\/\/indivisible-game.com\/es\/"},{"@type":"ListItem","position":2,"name":"Conoce a los personajes","item":"https:\/\/indivisible-game.com\/es\/meet-the-characters\/"},{"@type":"ListItem","position":3,"name":"Ajna"}]}]}},"_links":{"self":[{"href":"https:\/\/indivisible-game.com\/es\/wp-json\/wp\/v2\/pages\/1118"}],"collection":[{"href":"https:\/\/indivisible-game.com\/es\/wp-json\/wp\/v2\/pages"}],"about":[{"href":"https:\/\/indivisible-game.com\/es\/wp-json\/wp\/v2\/types\/page"}],"author":[{"embeddable":true,"href":"https:\/\/indivisible-game.com\/es\/wp-json\/wp\/v2\/users\/7"}],"replies":[{"embeddable":true,"href":"https:\/\/indivisible-game.com\/es\/wp-json\/wp\/v2\/comments?post=1118"}],"version-history":[{"count":0,"href":"https:\/\/indivisible-game.com\/es\/wp-json\/wp\/v2\/pages\/1118\/revisions"}],"up":[{"embeddable":true,"href":"https:\/\/indivisible-game.com\/es\/wp-json\/wp\/v2\/pages\/1090"}],"wp:featuredmedia":[{"embeddable":true,"href":"https:\/\/indivisible-game.com\/es\/wp-json\/wp\/v2\/media\/1120"}],"wp:attachment":[{"href":"https:\/\/indivisible-game.com\/es\/wp-json\/wp\/v2\/media?parent=1118"}],"curies":[{"name":"wp","href":"https:\/\/api.w.org\/{rel}","templated":true}]}}