{"id":1601,"date":"2018-04-14T11:07:45","date_gmt":"2018-04-14T10:07:45","guid":{"rendered":"https:\/\/indivisiblegame.com\/meet-the-characters\/baozhai\/"},"modified":"2019-10-02T12:42:43","modified_gmt":"2019-10-02T11:42:43","slug":"baozhai","status":"publish","type":"page","link":"https:\/\/indivisible-game.com\/es\/meet-the-characters\/baozhai\/","title":{"rendered":"Baozhai"},"content":{"rendered":"<p>La autoproclamada \u00ab\u00bbReina de los Piratas\u00bb\u00bb, Baozhai del Jade Negro es una pirata feroz que una vez comand\u00f3 una enorme armada, un terror para el Reino de Hierro y todos los comerciantes en el mar. <\/p>\n<p>Hace 16 a\u00f1os, los monstruos marinos diezmaron su armada. Ahora no posee m\u00e1s que un solo barco, su magn\u00edfico e invencible barco tortuga, Teotul, que \u00ab\u00bbliber\u00f3\u00bb\u00bb en una aventura anterior. <\/p>\n<p>Sin tripulaci\u00f3n, Baozhai se ha convertido en un elemento fijo en los bares de Puerto Maerifa, donde intenta ahogar sus penas. Ruidoso, bullicioso y una borracha agresiva, los lugare\u00f1os saben que deben mantenerse alejados de ella. <\/p>\n<p>La fuerza de ocupaci\u00f3n del Reino de Hierro har\u00e1n lo que sea para evitar que vuelva a aterrorizar en alta mar, pero Baozhai est\u00e1 decidida a reconstruir su tripulaci\u00f3n y a embarcarse en nuevas aventuras.<\/p>\n","protected":false},"excerpt":{"rendered":"La autoproclamada \u00ab\u00bbReina de los Piratas\u00bb\u00bb, Baozhai del Jade Negro es una pirata feroz que una vez comand\u00f3 una enorme armada, un terror para el Reino de Hierro y todos los comerciantes en el mar. Hace 16 a\u00f1os, los monstruos marinos diezmaron su armada. Ahora no posee m\u00e1s que un solo barco, su magn\u00edfico e&#8230; <a class=\"view-article\" href=\"https:\/\/indivisible-game.com\/es\/meet-the-characters\/baozhai\/\">Ver art\u00edculo<\/a>","protected":false},"author":7,"featured_media":1290,"parent":1090,"menu_order":2,"comment_status":"closed","ping_status":"closed","template":"","meta":{"_monsterinsights_skip_tracking":false,"_monsterinsights_sitenote_active":false,"_monsterinsights_sitenote_note":"","_monsterinsights_sitenote_category":0},"acf":[],"yoast_head":"<!-- This site is optimized with the Yoast SEO plugin v17.7 - https:\/\/yoast.com\/wordpress\/plugins\/seo\/ -->\n<meta name=\"robots\" content=\"index, follow, max-snippet:-1, max-image-preview:large, max-video-preview:-1\" \/>\n<link rel=\"canonical\" href=\"https:\/\/indivisible-game.com\/es\/meet-the-characters\/baozhai\/\" \/>\n<meta property=\"og:locale\" content=\"es_ES\" \/>\n<meta property=\"og:type\" content=\"article\" \/>\n<meta property=\"og:title\" content=\"Baozhai - Indivisible\" \/>\n<meta property=\"og:description\" content=\"La autoproclamada \u00ab\u00bbReina de los Piratas\u00bb\u00bb, Baozhai del Jade Negro es una pirata feroz que una vez comand\u00f3 una enorme armada, un terror para el Reino de Hierro y todos los comerciantes en el mar. Hace 16 a\u00f1os, los monstruos marinos diezmaron su armada. Ahora no posee m\u00e1s que un solo barco, su magn\u00edfico e... Ver art\u00edculo\" \/>\n<meta property=\"og:url\" content=\"https:\/\/indivisible-game.com\/es\/meet-the-characters\/baozhai\/\" \/>\n<meta property=\"og:site_name\" content=\"Indivisible\" \/>\n<meta property=\"article:modified_time\" content=\"2019-10-02T11:42:43+00:00\" \/>\n<meta property=\"og:image\" content=\"https:\/\/indivisible-game.com\/wp-content\/uploads\/2019\/05\/pose_baozhai.png\" \/>\n\t<meta property=\"og:image:width\" content=\"999\" \/>\n\t<meta property=\"og:image:height\" content=\"1424\" \/>\n<meta name=\"twitter:card\" content=\"summary_large_image\" \/>\n<meta name=\"twitter:label1\" content=\"Tiempo de lectura\" \/>\n\t<meta name=\"twitter:data1\" content=\"1 minuto\" \/>\n<script type=\"application\/ld+json\" class=\"yoast-schema-graph\">{\"@context\":\"https:\/\/schema.org\",\"@graph\":[{\"@type\":\"WebSite\",\"@id\":\"https:\/\/indivisible-game.com\/#website\",\"url\":\"https:\/\/indivisible-game.com\/\",\"name\":\"Indivisible\",\"description\":\"Indivisible\",\"potentialAction\":[{\"@type\":\"SearchAction\",\"target\":{\"@type\":\"EntryPoint\",\"urlTemplate\":\"https:\/\/indivisible-game.com\/?s={search_term_string}\"},\"query-input\":\"required name=search_term_string\"}],\"inLanguage\":\"es\"},{\"@type\":\"ImageObject\",\"@id\":\"https:\/\/indivisible-game.com\/es\/meet-the-characters\/baozhai\/#primaryimage\",\"inLanguage\":\"es\",\"url\":\"https:\/\/indivisible-game.com\/wp-content\/uploads\/2019\/05\/pose_baozhai.png\",\"contentUrl\":\"https:\/\/indivisible-game.com\/wp-content\/uploads\/2019\/05\/pose_baozhai.png\",\"width\":999,\"height\":1424},{\"@type\":\"WebPage\",\"@id\":\"https:\/\/indivisible-game.com\/es\/meet-the-characters\/baozhai\/#webpage\",\"url\":\"https:\/\/indivisible-game.com\/es\/meet-the-characters\/baozhai\/\",\"name\":\"Baozhai - Indivisible\",\"isPartOf\":{\"@id\":\"https:\/\/indivisible-game.com\/#website\"},\"primaryImageOfPage\":{\"@id\":\"https:\/\/indivisible-game.com\/es\/meet-the-characters\/baozhai\/#primaryimage\"},\"datePublished\":\"2018-04-14T10:07:45+00:00\",\"dateModified\":\"2019-10-02T11:42:43+00:00\",\"breadcrumb\":{\"@id\":\"https:\/\/indivisible-game.com\/es\/meet-the-characters\/baozhai\/#breadcrumb\"},\"inLanguage\":\"es\",\"potentialAction\":[{\"@type\":\"ReadAction\",\"target\":[\"https:\/\/indivisible-game.com\/es\/meet-the-characters\/baozhai\/\"]}]},{\"@type\":\"BreadcrumbList\",\"@id\":\"https:\/\/indivisible-game.com\/es\/meet-the-characters\/baozhai\/#breadcrumb\",\"itemListElement\":[{\"@type\":\"ListItem\",\"position\":1,\"name\":\"Home\",\"item\":\"https:\/\/indivisible-game.com\/es\/\"},{\"@type\":\"ListItem\",\"position\":2,\"name\":\"Conoce a los personajes\",\"item\":\"https:\/\/indivisible-game.com\/es\/meet-the-characters\/\"},{\"@type\":\"ListItem\",\"position\":3,\"name\":\"Baozhai\"}]}]}<\/script>\n<!-- \/ Yoast SEO plugin. -->","yoast_head_json":{"robots":{"index":"index","follow":"follow","max-snippet":"max-snippet:-1","max-image-preview":"max-image-preview:large","max-video-preview":"max-video-preview:-1"},"canonical":"https:\/\/indivisible-game.com\/es\/meet-the-characters\/baozhai\/","og_locale":"es_ES","og_type":"article","og_title":"Baozhai - Indivisible","og_description":"La autoproclamada \u00ab\u00bbReina de los Piratas\u00bb\u00bb, Baozhai del Jade Negro es una pirata feroz que una vez comand\u00f3 una enorme armada, un terror para el Reino de Hierro y todos los comerciantes en el mar. Hace 16 a\u00f1os, los monstruos marinos diezmaron su armada. Ahora no posee m\u00e1s que un solo barco, su magn\u00edfico e... Ver art\u00edculo","og_url":"https:\/\/indivisible-game.com\/es\/meet-the-characters\/baozhai\/","og_site_name":"Indivisible","article_modified_time":"2019-10-02T11:42:43+00:00","og_image":[{"width":999,"height":1424,"url":"https:\/\/indivisible-game.com\/wp-content\/uploads\/2019\/05\/pose_baozhai.png","type":"image\/png"}],"twitter_card":"summary_large_image","twitter_misc":{"Tiempo de lectura":"1 minuto"},"schema":{"@context":"https:\/\/schema.org","@graph":[{"@type":"WebSite","@id":"https:\/\/indivisible-game.com\/#website","url":"https:\/\/indivisible-game.com\/","name":"Indivisible","description":"Indivisible","potentialAction":[{"@type":"SearchAction","target":{"@type":"EntryPoint","urlTemplate":"https:\/\/indivisible-game.com\/?s={search_term_string}"},"query-input":"required name=search_term_string"}],"inLanguage":"es"},{"@type":"ImageObject","@id":"https:\/\/indivisible-game.com\/es\/meet-the-characters\/baozhai\/#primaryimage","inLanguage":"es","url":"https:\/\/indivisible-game.com\/wp-content\/uploads\/2019\/05\/pose_baozhai.png","contentUrl":"https:\/\/indivisible-game.com\/wp-content\/uploads\/2019\/05\/pose_baozhai.png","width":999,"height":1424},{"@type":"WebPage","@id":"https:\/\/indivisible-game.com\/es\/meet-the-characters\/baozhai\/#webpage","url":"https:\/\/indivisible-game.com\/es\/meet-the-characters\/baozhai\/","name":"Baozhai - Indivisible","isPartOf":{"@id":"https:\/\/indivisible-game.com\/#website"},"primaryImageOfPage":{"@id":"https:\/\/indivisible-game.com\/es\/meet-the-characters\/baozhai\/#primaryimage"},"datePublished":"2018-04-14T10:07:45+00:00","dateModified":"2019-10-02T11:42:43+00:00","breadcrumb":{"@id":"https:\/\/indivisible-game.com\/es\/meet-the-characters\/baozhai\/#breadcrumb"},"inLanguage":"es","potentialAction":[{"@type":"ReadAction","target":["https:\/\/indivisible-game.com\/es\/meet-the-characters\/baozhai\/"]}]},{"@type":"BreadcrumbList","@id":"https:\/\/indivisible-game.com\/es\/meet-the-characters\/baozhai\/#breadcrumb","itemListElement":[{"@type":"ListItem","position":1,"name":"Home","item":"https:\/\/indivisible-game.com\/es\/"},{"@type":"ListItem","position":2,"name":"Conoce a los personajes","item":"https:\/\/indivisible-game.com\/es\/meet-the-characters\/"},{"@type":"ListItem","position":3,"name":"Baozhai"}]}]}},"_links":{"self":[{"href":"https:\/\/indivisible-game.com\/es\/wp-json\/wp\/v2\/pages\/1601"}],"collection":[{"href":"https:\/\/indivisible-game.com\/es\/wp-json\/wp\/v2\/pages"}],"about":[{"href":"https:\/\/indivisible-game.com\/es\/wp-json\/wp\/v2\/types\/page"}],"author":[{"embeddable":true,"href":"https:\/\/indivisible-game.com\/es\/wp-json\/wp\/v2\/users\/7"}],"replies":[{"embeddable":true,"href":"https:\/\/indivisible-game.com\/es\/wp-json\/wp\/v2\/comments?post=1601"}],"version-history":[{"count":0,"href":"https:\/\/indivisible-game.com\/es\/wp-json\/wp\/v2\/pages\/1601\/revisions"}],"up":[{"embeddable":true,"href":"https:\/\/indivisible-game.com\/es\/wp-json\/wp\/v2\/pages\/1090"}],"wp:featuredmedia":[{"embeddable":true,"href":"https:\/\/indivisible-game.com\/es\/wp-json\/wp\/v2\/media\/1290"}],"wp:attachment":[{"href":"https:\/\/indivisible-game.com\/es\/wp-json\/wp\/v2\/media?parent=1601"}],"curies":[{"name":"wp","href":"https:\/\/api.w.org\/{rel}","templated":true}]}}