{"id":1618,"date":"2018-08-14T11:21:23","date_gmt":"2018-08-14T10:21:23","guid":{"rendered":"https:\/\/indivisiblegame.com\/meet-the-characters\/dhar\/"},"modified":"2019-10-02T12:48:39","modified_gmt":"2019-10-02T11:48:39","slug":"dhar","status":"publish","type":"page","link":"https:\/\/indivisible-game.com\/es\/meet-the-characters\/dhar\/","title":{"rendered":"Dhar"},"content":{"rendered":"<p>El m\u00e1s nuevo de los generales de Ravannavar, Dhar fue promovido recientemente de comandante debido a su servicio excepcional. El deber de Dhar es erradicar a los herejes, que Ravannavar cree se interponen en el camino de la iluminaci\u00f3n mundial, una tarea brutal en la que sobresale.<\/p>\n<p> Esta sangrienta campa\u00f1a lo llev\u00f3 finalmente a Ashwat, donde se encontr\u00f3 con Ajna. Sin embargo, durante su batalla la misteriosa habilidad de Ajna despert\u00f3, y Dhar se convirti\u00f3 involuntariamente en la primera \u00abEncarnaci\u00f3n\u00bb que ella absorbi\u00f3.<\/p>\n<p> Atrapado en la mente de Ajna, Dhar acepta a rega\u00f1adientes unirse a Ajna en su b\u00fasqueda de justicia. \u00bfPero, estar\u00e1 siendo en verdad honesto?<\/p>\n","protected":false},"excerpt":{"rendered":"El m\u00e1s nuevo de los generales de Ravannavar, Dhar fue promovido recientemente de comandante debido a su servicio excepcional. El deber de Dhar es erradicar a los herejes, que Ravannavar cree se interponen en el camino de la iluminaci\u00f3n mundial, una tarea brutal en la que sobresale. Esta sangrienta campa\u00f1a lo llev\u00f3 finalmente a Ashwat,&#8230; <a class=\"view-article\" href=\"https:\/\/indivisible-game.com\/es\/meet-the-characters\/dhar\/\">Ver art\u00edculo<\/a>","protected":false},"author":7,"featured_media":1291,"parent":1090,"menu_order":3,"comment_status":"closed","ping_status":"closed","template":"template_character.php","meta":{"_monsterinsights_skip_tracking":false,"_monsterinsights_sitenote_active":false,"_monsterinsights_sitenote_note":"","_monsterinsights_sitenote_category":0},"acf":[],"yoast_head":"<!-- This site is optimized with the Yoast SEO plugin v17.7 - https:\/\/yoast.com\/wordpress\/plugins\/seo\/ -->\n<meta name=\"robots\" content=\"index, follow, max-snippet:-1, max-image-preview:large, max-video-preview:-1\" \/>\n<link rel=\"canonical\" href=\"https:\/\/indivisible-game.com\/es\/meet-the-characters\/dhar\/\" \/>\n<meta property=\"og:locale\" content=\"es_ES\" \/>\n<meta property=\"og:type\" content=\"article\" \/>\n<meta property=\"og:title\" content=\"Dhar - Indivisible\" \/>\n<meta property=\"og:description\" content=\"El m\u00e1s nuevo de los generales de Ravannavar, Dhar fue promovido recientemente de comandante debido a su servicio excepcional. El deber de Dhar es erradicar a los herejes, que Ravannavar cree se interponen en el camino de la iluminaci\u00f3n mundial, una tarea brutal en la que sobresale. Esta sangrienta campa\u00f1a lo llev\u00f3 finalmente a Ashwat,... Ver art\u00edculo\" \/>\n<meta property=\"og:url\" content=\"https:\/\/indivisible-game.com\/es\/meet-the-characters\/dhar\/\" \/>\n<meta property=\"og:site_name\" content=\"Indivisible\" \/>\n<meta property=\"article:modified_time\" content=\"2019-10-02T11:48:39+00:00\" \/>\n<meta property=\"og:image\" content=\"https:\/\/indivisible-game.com\/wp-content\/uploads\/2019\/05\/pose_dhar.png\" \/>\n\t<meta property=\"og:image:width\" content=\"1200\" \/>\n\t<meta property=\"og:image:height\" content=\"1145\" \/>\n<meta name=\"twitter:card\" content=\"summary_large_image\" \/>\n<meta name=\"twitter:label1\" content=\"Tiempo de lectura\" \/>\n\t<meta name=\"twitter:data1\" content=\"1 minuto\" \/>\n<script type=\"application\/ld+json\" class=\"yoast-schema-graph\">{\"@context\":\"https:\/\/schema.org\",\"@graph\":[{\"@type\":\"WebSite\",\"@id\":\"https:\/\/indivisible-game.com\/#website\",\"url\":\"https:\/\/indivisible-game.com\/\",\"name\":\"Indivisible\",\"description\":\"Indivisible\",\"potentialAction\":[{\"@type\":\"SearchAction\",\"target\":{\"@type\":\"EntryPoint\",\"urlTemplate\":\"https:\/\/indivisible-game.com\/?s={search_term_string}\"},\"query-input\":\"required name=search_term_string\"}],\"inLanguage\":\"es\"},{\"@type\":\"ImageObject\",\"@id\":\"https:\/\/indivisible-game.com\/es\/meet-the-characters\/dhar\/#primaryimage\",\"inLanguage\":\"es\",\"url\":\"https:\/\/indivisible-game.com\/wp-content\/uploads\/2019\/05\/pose_dhar.png\",\"contentUrl\":\"https:\/\/indivisible-game.com\/wp-content\/uploads\/2019\/05\/pose_dhar.png\",\"width\":1200,\"height\":1145},{\"@type\":\"WebPage\",\"@id\":\"https:\/\/indivisible-game.com\/es\/meet-the-characters\/dhar\/#webpage\",\"url\":\"https:\/\/indivisible-game.com\/es\/meet-the-characters\/dhar\/\",\"name\":\"Dhar - Indivisible\",\"isPartOf\":{\"@id\":\"https:\/\/indivisible-game.com\/#website\"},\"primaryImageOfPage\":{\"@id\":\"https:\/\/indivisible-game.com\/es\/meet-the-characters\/dhar\/#primaryimage\"},\"datePublished\":\"2018-08-14T10:21:23+00:00\",\"dateModified\":\"2019-10-02T11:48:39+00:00\",\"breadcrumb\":{\"@id\":\"https:\/\/indivisible-game.com\/es\/meet-the-characters\/dhar\/#breadcrumb\"},\"inLanguage\":\"es\",\"potentialAction\":[{\"@type\":\"ReadAction\",\"target\":[\"https:\/\/indivisible-game.com\/es\/meet-the-characters\/dhar\/\"]}]},{\"@type\":\"BreadcrumbList\",\"@id\":\"https:\/\/indivisible-game.com\/es\/meet-the-characters\/dhar\/#breadcrumb\",\"itemListElement\":[{\"@type\":\"ListItem\",\"position\":1,\"name\":\"Home\",\"item\":\"https:\/\/indivisible-game.com\/es\/\"},{\"@type\":\"ListItem\",\"position\":2,\"name\":\"Conoce a los personajes\",\"item\":\"https:\/\/indivisible-game.com\/es\/meet-the-characters\/\"},{\"@type\":\"ListItem\",\"position\":3,\"name\":\"Dhar\"}]}]}<\/script>\n<!-- \/ Yoast SEO plugin. -->","yoast_head_json":{"robots":{"index":"index","follow":"follow","max-snippet":"max-snippet:-1","max-image-preview":"max-image-preview:large","max-video-preview":"max-video-preview:-1"},"canonical":"https:\/\/indivisible-game.com\/es\/meet-the-characters\/dhar\/","og_locale":"es_ES","og_type":"article","og_title":"Dhar - Indivisible","og_description":"El m\u00e1s nuevo de los generales de Ravannavar, Dhar fue promovido recientemente de comandante debido a su servicio excepcional. El deber de Dhar es erradicar a los herejes, que Ravannavar cree se interponen en el camino de la iluminaci\u00f3n mundial, una tarea brutal en la que sobresale. Esta sangrienta campa\u00f1a lo llev\u00f3 finalmente a Ashwat,... Ver art\u00edculo","og_url":"https:\/\/indivisible-game.com\/es\/meet-the-characters\/dhar\/","og_site_name":"Indivisible","article_modified_time":"2019-10-02T11:48:39+00:00","og_image":[{"width":1200,"height":1145,"url":"https:\/\/indivisible-game.com\/wp-content\/uploads\/2019\/05\/pose_dhar.png","type":"image\/png"}],"twitter_card":"summary_large_image","twitter_misc":{"Tiempo de lectura":"1 minuto"},"schema":{"@context":"https:\/\/schema.org","@graph":[{"@type":"WebSite","@id":"https:\/\/indivisible-game.com\/#website","url":"https:\/\/indivisible-game.com\/","name":"Indivisible","description":"Indivisible","potentialAction":[{"@type":"SearchAction","target":{"@type":"EntryPoint","urlTemplate":"https:\/\/indivisible-game.com\/?s={search_term_string}"},"query-input":"required name=search_term_string"}],"inLanguage":"es"},{"@type":"ImageObject","@id":"https:\/\/indivisible-game.com\/es\/meet-the-characters\/dhar\/#primaryimage","inLanguage":"es","url":"https:\/\/indivisible-game.com\/wp-content\/uploads\/2019\/05\/pose_dhar.png","contentUrl":"https:\/\/indivisible-game.com\/wp-content\/uploads\/2019\/05\/pose_dhar.png","width":1200,"height":1145},{"@type":"WebPage","@id":"https:\/\/indivisible-game.com\/es\/meet-the-characters\/dhar\/#webpage","url":"https:\/\/indivisible-game.com\/es\/meet-the-characters\/dhar\/","name":"Dhar - Indivisible","isPartOf":{"@id":"https:\/\/indivisible-game.com\/#website"},"primaryImageOfPage":{"@id":"https:\/\/indivisible-game.com\/es\/meet-the-characters\/dhar\/#primaryimage"},"datePublished":"2018-08-14T10:21:23+00:00","dateModified":"2019-10-02T11:48:39+00:00","breadcrumb":{"@id":"https:\/\/indivisible-game.com\/es\/meet-the-characters\/dhar\/#breadcrumb"},"inLanguage":"es","potentialAction":[{"@type":"ReadAction","target":["https:\/\/indivisible-game.com\/es\/meet-the-characters\/dhar\/"]}]},{"@type":"BreadcrumbList","@id":"https:\/\/indivisible-game.com\/es\/meet-the-characters\/dhar\/#breadcrumb","itemListElement":[{"@type":"ListItem","position":1,"name":"Home","item":"https:\/\/indivisible-game.com\/es\/"},{"@type":"ListItem","position":2,"name":"Conoce a los personajes","item":"https:\/\/indivisible-game.com\/es\/meet-the-characters\/"},{"@type":"ListItem","position":3,"name":"Dhar"}]}]}},"_links":{"self":[{"href":"https:\/\/indivisible-game.com\/es\/wp-json\/wp\/v2\/pages\/1618"}],"collection":[{"href":"https:\/\/indivisible-game.com\/es\/wp-json\/wp\/v2\/pages"}],"about":[{"href":"https:\/\/indivisible-game.com\/es\/wp-json\/wp\/v2\/types\/page"}],"author":[{"embeddable":true,"href":"https:\/\/indivisible-game.com\/es\/wp-json\/wp\/v2\/users\/7"}],"replies":[{"embeddable":true,"href":"https:\/\/indivisible-game.com\/es\/wp-json\/wp\/v2\/comments?post=1618"}],"version-history":[{"count":0,"href":"https:\/\/indivisible-game.com\/es\/wp-json\/wp\/v2\/pages\/1618\/revisions"}],"up":[{"embeddable":true,"href":"https:\/\/indivisible-game.com\/es\/wp-json\/wp\/v2\/pages\/1090"}],"wp:featuredmedia":[{"embeddable":true,"href":"https:\/\/indivisible-game.com\/es\/wp-json\/wp\/v2\/media\/1291"}],"wp:attachment":[{"href":"https:\/\/indivisible-game.com\/es\/wp-json\/wp\/v2\/media?parent=1618"}],"curies":[{"name":"wp","href":"https:\/\/api.w.org\/{rel}","templated":true}]}}