{"id":1831,"date":"2019-05-17T11:01:59","date_gmt":"2019-05-17T10:01:59","guid":{"rendered":"https:\/\/indivisiblegame.com\/meet-the-characters\/naga-rider\/"},"modified":"2019-10-03T11:50:22","modified_gmt":"2019-10-03T10:50:22","slug":"naga-rider","status":"publish","type":"page","link":"https:\/\/indivisible-game.com\/es\/meet-the-characters\/naga-rider\/","title":{"rendered":"Naga Rider"},"content":{"rendered":"<p>El h\u00e9roe de la ciudad de Tai Krung, defensor del dharma, protector del pueblo: \u00a1es Naga Rider! <\/p>\n<p>Como el \u00faltimo de los Jinetes Vahana, el Jinete Naga lucha por la justicia contra los crecientes cr\u00edmenes y la corrupci\u00f3n que han asolado la ciudad de Tai Krung. <\/p>\n<p>Con su formidable Iddhi, Naga Rider es capaz de hacer una armadura con forma de pensamiento y una \u00ab\u00bbmontura sin patas\u00bb\u00bb ps\u00edquica, que utiliza para recorrer las calles de Tai Krung en busca de peligros que remediar y vidas que salvar. <\/p>\n<p>La verdadera amenaza es Mara, el capo del narcotr\u00e1fico que dirige la ciudad desde su imponente guarida, rodeado por su ej\u00e9rcito de matones a sueldo. Por encima de los dem\u00e1s est\u00e1 Garuda Cruel, un antiguo camarada de Naga Rider, que ha corrompido su propia forma en su b\u00fasqueda del poder y que actualmente es el mejor guardaespaldas de Mara. <\/p>\n<p>Naga Rider ha recorrido el sendero de la justicia solo, pero tendr\u00e1 que aprender a trabajar en equipo de nuevo si quiere salvar a Tai Krung.<\/p>\n","protected":false},"excerpt":{"rendered":"El h\u00e9roe de la ciudad de Tai Krung, defensor del dharma, protector del pueblo: \u00a1es Naga Rider! Como el \u00faltimo de los Jinetes Vahana, el Jinete Naga lucha por la justicia contra los crecientes cr\u00edmenes y la corrupci\u00f3n que han asolado la ciudad de Tai Krung. Con su formidable Iddhi, Naga Rider es capaz de&#8230; <a class=\"view-article\" href=\"https:\/\/indivisible-game.com\/es\/meet-the-characters\/naga-rider\/\">Ver art\u00edculo<\/a>","protected":false},"author":7,"featured_media":1300,"parent":1090,"menu_order":12,"comment_status":"closed","ping_status":"closed","template":"template_character.php","meta":{"_monsterinsights_skip_tracking":false,"_monsterinsights_sitenote_active":false,"_monsterinsights_sitenote_note":"","_monsterinsights_sitenote_category":0},"acf":[],"yoast_head":"<!-- This site is optimized with the Yoast SEO plugin v17.7 - https:\/\/yoast.com\/wordpress\/plugins\/seo\/ -->\n<meta name=\"robots\" content=\"index, follow, max-snippet:-1, max-image-preview:large, max-video-preview:-1\" \/>\n<link rel=\"canonical\" href=\"https:\/\/indivisible-game.com\/es\/meet-the-characters\/naga-rider\/\" \/>\n<meta property=\"og:locale\" content=\"es_ES\" \/>\n<meta property=\"og:type\" content=\"article\" \/>\n<meta property=\"og:title\" content=\"Naga Rider - Indivisible\" \/>\n<meta property=\"og:description\" content=\"El h\u00e9roe de la ciudad de Tai Krung, defensor del dharma, protector del pueblo: \u00a1es Naga Rider! Como el \u00faltimo de los Jinetes Vahana, el Jinete Naga lucha por la justicia contra los crecientes cr\u00edmenes y la corrupci\u00f3n que han asolado la ciudad de Tai Krung. Con su formidable Iddhi, Naga Rider es capaz de... Ver art\u00edculo\" \/>\n<meta property=\"og:url\" content=\"https:\/\/indivisible-game.com\/es\/meet-the-characters\/naga-rider\/\" \/>\n<meta property=\"og:site_name\" content=\"Indivisible\" \/>\n<meta property=\"article:modified_time\" content=\"2019-10-03T10:50:22+00:00\" \/>\n<meta property=\"og:image\" content=\"https:\/\/indivisible-game.com\/wp-content\/uploads\/2019\/05\/pose_nagarider.png\" \/>\n\t<meta property=\"og:image:width\" content=\"945\" \/>\n\t<meta property=\"og:image:height\" content=\"1159\" \/>\n<meta name=\"twitter:card\" content=\"summary_large_image\" \/>\n<meta name=\"twitter:label1\" content=\"Tiempo de lectura\" \/>\n\t<meta name=\"twitter:data1\" content=\"1 minuto\" \/>\n<script type=\"application\/ld+json\" class=\"yoast-schema-graph\">{\"@context\":\"https:\/\/schema.org\",\"@graph\":[{\"@type\":\"WebSite\",\"@id\":\"https:\/\/indivisible-game.com\/#website\",\"url\":\"https:\/\/indivisible-game.com\/\",\"name\":\"Indivisible\",\"description\":\"Indivisible\",\"potentialAction\":[{\"@type\":\"SearchAction\",\"target\":{\"@type\":\"EntryPoint\",\"urlTemplate\":\"https:\/\/indivisible-game.com\/?s={search_term_string}\"},\"query-input\":\"required name=search_term_string\"}],\"inLanguage\":\"es\"},{\"@type\":\"ImageObject\",\"@id\":\"https:\/\/indivisible-game.com\/es\/meet-the-characters\/naga-rider\/#primaryimage\",\"inLanguage\":\"es\",\"url\":\"https:\/\/indivisible-game.com\/wp-content\/uploads\/2019\/05\/pose_nagarider.png\",\"contentUrl\":\"https:\/\/indivisible-game.com\/wp-content\/uploads\/2019\/05\/pose_nagarider.png\",\"width\":945,\"height\":1159},{\"@type\":\"WebPage\",\"@id\":\"https:\/\/indivisible-game.com\/es\/meet-the-characters\/naga-rider\/#webpage\",\"url\":\"https:\/\/indivisible-game.com\/es\/meet-the-characters\/naga-rider\/\",\"name\":\"Naga Rider - Indivisible\",\"isPartOf\":{\"@id\":\"https:\/\/indivisible-game.com\/#website\"},\"primaryImageOfPage\":{\"@id\":\"https:\/\/indivisible-game.com\/es\/meet-the-characters\/naga-rider\/#primaryimage\"},\"datePublished\":\"2019-05-17T10:01:59+00:00\",\"dateModified\":\"2019-10-03T10:50:22+00:00\",\"breadcrumb\":{\"@id\":\"https:\/\/indivisible-game.com\/es\/meet-the-characters\/naga-rider\/#breadcrumb\"},\"inLanguage\":\"es\",\"potentialAction\":[{\"@type\":\"ReadAction\",\"target\":[\"https:\/\/indivisible-game.com\/es\/meet-the-characters\/naga-rider\/\"]}]},{\"@type\":\"BreadcrumbList\",\"@id\":\"https:\/\/indivisible-game.com\/es\/meet-the-characters\/naga-rider\/#breadcrumb\",\"itemListElement\":[{\"@type\":\"ListItem\",\"position\":1,\"name\":\"Home\",\"item\":\"https:\/\/indivisible-game.com\/es\/\"},{\"@type\":\"ListItem\",\"position\":2,\"name\":\"Conoce a los personajes\",\"item\":\"https:\/\/indivisible-game.com\/es\/meet-the-characters\/\"},{\"@type\":\"ListItem\",\"position\":3,\"name\":\"Naga Rider\"}]}]}<\/script>\n<!-- \/ Yoast SEO plugin. -->","yoast_head_json":{"robots":{"index":"index","follow":"follow","max-snippet":"max-snippet:-1","max-image-preview":"max-image-preview:large","max-video-preview":"max-video-preview:-1"},"canonical":"https:\/\/indivisible-game.com\/es\/meet-the-characters\/naga-rider\/","og_locale":"es_ES","og_type":"article","og_title":"Naga Rider - Indivisible","og_description":"El h\u00e9roe de la ciudad de Tai Krung, defensor del dharma, protector del pueblo: \u00a1es Naga Rider! Como el \u00faltimo de los Jinetes Vahana, el Jinete Naga lucha por la justicia contra los crecientes cr\u00edmenes y la corrupci\u00f3n que han asolado la ciudad de Tai Krung. Con su formidable Iddhi, Naga Rider es capaz de... Ver art\u00edculo","og_url":"https:\/\/indivisible-game.com\/es\/meet-the-characters\/naga-rider\/","og_site_name":"Indivisible","article_modified_time":"2019-10-03T10:50:22+00:00","og_image":[{"width":945,"height":1159,"url":"https:\/\/indivisible-game.com\/wp-content\/uploads\/2019\/05\/pose_nagarider.png","type":"image\/png"}],"twitter_card":"summary_large_image","twitter_misc":{"Tiempo de lectura":"1 minuto"},"schema":{"@context":"https:\/\/schema.org","@graph":[{"@type":"WebSite","@id":"https:\/\/indivisible-game.com\/#website","url":"https:\/\/indivisible-game.com\/","name":"Indivisible","description":"Indivisible","potentialAction":[{"@type":"SearchAction","target":{"@type":"EntryPoint","urlTemplate":"https:\/\/indivisible-game.com\/?s={search_term_string}"},"query-input":"required name=search_term_string"}],"inLanguage":"es"},{"@type":"ImageObject","@id":"https:\/\/indivisible-game.com\/es\/meet-the-characters\/naga-rider\/#primaryimage","inLanguage":"es","url":"https:\/\/indivisible-game.com\/wp-content\/uploads\/2019\/05\/pose_nagarider.png","contentUrl":"https:\/\/indivisible-game.com\/wp-content\/uploads\/2019\/05\/pose_nagarider.png","width":945,"height":1159},{"@type":"WebPage","@id":"https:\/\/indivisible-game.com\/es\/meet-the-characters\/naga-rider\/#webpage","url":"https:\/\/indivisible-game.com\/es\/meet-the-characters\/naga-rider\/","name":"Naga Rider - Indivisible","isPartOf":{"@id":"https:\/\/indivisible-game.com\/#website"},"primaryImageOfPage":{"@id":"https:\/\/indivisible-game.com\/es\/meet-the-characters\/naga-rider\/#primaryimage"},"datePublished":"2019-05-17T10:01:59+00:00","dateModified":"2019-10-03T10:50:22+00:00","breadcrumb":{"@id":"https:\/\/indivisible-game.com\/es\/meet-the-characters\/naga-rider\/#breadcrumb"},"inLanguage":"es","potentialAction":[{"@type":"ReadAction","target":["https:\/\/indivisible-game.com\/es\/meet-the-characters\/naga-rider\/"]}]},{"@type":"BreadcrumbList","@id":"https:\/\/indivisible-game.com\/es\/meet-the-characters\/naga-rider\/#breadcrumb","itemListElement":[{"@type":"ListItem","position":1,"name":"Home","item":"https:\/\/indivisible-game.com\/es\/"},{"@type":"ListItem","position":2,"name":"Conoce a los personajes","item":"https:\/\/indivisible-game.com\/es\/meet-the-characters\/"},{"@type":"ListItem","position":3,"name":"Naga Rider"}]}]}},"_links":{"self":[{"href":"https:\/\/indivisible-game.com\/es\/wp-json\/wp\/v2\/pages\/1831"}],"collection":[{"href":"https:\/\/indivisible-game.com\/es\/wp-json\/wp\/v2\/pages"}],"about":[{"href":"https:\/\/indivisible-game.com\/es\/wp-json\/wp\/v2\/types\/page"}],"author":[{"embeddable":true,"href":"https:\/\/indivisible-game.com\/es\/wp-json\/wp\/v2\/users\/7"}],"replies":[{"embeddable":true,"href":"https:\/\/indivisible-game.com\/es\/wp-json\/wp\/v2\/comments?post=1831"}],"version-history":[{"count":0,"href":"https:\/\/indivisible-game.com\/es\/wp-json\/wp\/v2\/pages\/1831\/revisions"}],"up":[{"embeddable":true,"href":"https:\/\/indivisible-game.com\/es\/wp-json\/wp\/v2\/pages\/1090"}],"wp:featuredmedia":[{"embeddable":true,"href":"https:\/\/indivisible-game.com\/es\/wp-json\/wp\/v2\/media\/1300"}],"wp:attachment":[{"href":"https:\/\/indivisible-game.com\/es\/wp-json\/wp\/v2\/media?parent=1831"}],"curies":[{"name":"wp","href":"https:\/\/api.w.org\/{rel}","templated":true}]}}