{"id":1882,"date":"2018-08-14T11:24:35","date_gmt":"2018-08-14T10:24:35","guid":{"rendered":"https:\/\/indivisiblegame.com\/meet-the-characters\/nuna\/"},"modified":"2019-10-03T14:57:32","modified_gmt":"2019-10-03T13:57:32","slug":"nuna","status":"publish","type":"page","link":"https:\/\/indivisible-game.com\/es\/meet-the-characters\/nuna\/","title":{"rendered":"Nuna"},"content":{"rendered":"<p>Nacida en Kaanul, Nuna es una de tres hermanas, la del medio.<\/p>\n<p>Su hermana mayor, Nijone, es la sanadora m\u00e1s prominente de Kaanul. Nuna quiere ser tan \u00fatil a su comunidad como su hermana, pero gracias a los interminables mimos se ha vuelto demasiado dependiente de ella y no sabe c\u00f3mo seguir adelante.<br \/>\nA Nuna siempre le han gustado las plantas, lo que convirti\u00f3 en poderosas habilidades fitom\u00e1nticas a medida que fue creciendo. Est\u00e1 segura de que estos poderes beneficiar\u00e1n alg\u00fan d\u00eda a la gente de Kaanul, pero desde que la Reina Serpiente orden\u00f3 a todos a ir bajo tierra ha tenido pocas oportunidades de desarrollarlos a\u00fan m\u00e1s.<\/p>\n<p>Tzitzi, el ayudante de la Reina Serpiente, ha estado recientemente tomando medidas en\u00e9rgicas y utilizando la fuerza para restringir el acceso a la superficie con el fin de \u00ab\u00bbproteger\u00bb\u00bb a la gente de Kaanul. Asustado por el futuro de Kaanul, Nijone le ha pedido a Nuna que salga a la superficie y busque al gran h\u00e9roe de Kaanul, Angwu. Nuna acept\u00f3 nerviosa: quiz\u00e1s esta era la oportunidad que hab\u00eda estado esperando.<\/p>\n","protected":false},"excerpt":{"rendered":"Nacida en Kaanul, Nuna es una de tres hermanas, la del medio. Su hermana mayor, Nijone, es la sanadora m\u00e1s prominente de Kaanul. Nuna quiere ser tan \u00fatil a su comunidad como su hermana, pero gracias a los interminables mimos se ha vuelto demasiado dependiente de ella y no sabe c\u00f3mo seguir adelante. A Nuna&#8230; <a class=\"view-article\" href=\"https:\/\/indivisible-game.com\/es\/meet-the-characters\/nuna\/\">Ver art\u00edculo<\/a>","protected":false},"author":7,"featured_media":1302,"parent":1090,"menu_order":14,"comment_status":"closed","ping_status":"closed","template":"template_character.php","meta":{"_monsterinsights_skip_tracking":false,"_monsterinsights_sitenote_active":false,"_monsterinsights_sitenote_note":"","_monsterinsights_sitenote_category":0},"acf":[],"yoast_head":"<!-- This site is optimized with the Yoast SEO plugin v17.7 - https:\/\/yoast.com\/wordpress\/plugins\/seo\/ -->\n<meta name=\"robots\" content=\"index, follow, max-snippet:-1, max-image-preview:large, max-video-preview:-1\" \/>\n<link rel=\"canonical\" href=\"https:\/\/indivisible-game.com\/es\/meet-the-characters\/nuna\/\" \/>\n<meta property=\"og:locale\" content=\"es_ES\" \/>\n<meta property=\"og:type\" content=\"article\" \/>\n<meta property=\"og:title\" content=\"Nuna - Indivisible\" \/>\n<meta property=\"og:description\" content=\"Nacida en Kaanul, Nuna es una de tres hermanas, la del medio. Su hermana mayor, Nijone, es la sanadora m\u00e1s prominente de Kaanul. Nuna quiere ser tan \u00fatil a su comunidad como su hermana, pero gracias a los interminables mimos se ha vuelto demasiado dependiente de ella y no sabe c\u00f3mo seguir adelante. A Nuna... Ver art\u00edculo\" \/>\n<meta property=\"og:url\" content=\"https:\/\/indivisible-game.com\/es\/meet-the-characters\/nuna\/\" \/>\n<meta property=\"og:site_name\" content=\"Indivisible\" \/>\n<meta property=\"article:modified_time\" content=\"2019-10-03T13:57:32+00:00\" \/>\n<meta property=\"og:image\" content=\"https:\/\/indivisible-game.com\/wp-content\/uploads\/2019\/05\/pose_nuna.png\" \/>\n\t<meta property=\"og:image:width\" content=\"1042\" \/>\n\t<meta property=\"og:image:height\" content=\"1139\" \/>\n<meta name=\"twitter:card\" content=\"summary_large_image\" \/>\n<meta name=\"twitter:label1\" content=\"Tiempo de lectura\" \/>\n\t<meta name=\"twitter:data1\" content=\"1 minuto\" \/>\n<script type=\"application\/ld+json\" class=\"yoast-schema-graph\">{\"@context\":\"https:\/\/schema.org\",\"@graph\":[{\"@type\":\"WebSite\",\"@id\":\"https:\/\/indivisible-game.com\/#website\",\"url\":\"https:\/\/indivisible-game.com\/\",\"name\":\"Indivisible\",\"description\":\"Indivisible\",\"potentialAction\":[{\"@type\":\"SearchAction\",\"target\":{\"@type\":\"EntryPoint\",\"urlTemplate\":\"https:\/\/indivisible-game.com\/?s={search_term_string}\"},\"query-input\":\"required name=search_term_string\"}],\"inLanguage\":\"es\"},{\"@type\":\"ImageObject\",\"@id\":\"https:\/\/indivisible-game.com\/es\/meet-the-characters\/nuna\/#primaryimage\",\"inLanguage\":\"es\",\"url\":\"https:\/\/indivisible-game.com\/wp-content\/uploads\/2019\/05\/pose_nuna.png\",\"contentUrl\":\"https:\/\/indivisible-game.com\/wp-content\/uploads\/2019\/05\/pose_nuna.png\",\"width\":1042,\"height\":1139},{\"@type\":\"WebPage\",\"@id\":\"https:\/\/indivisible-game.com\/es\/meet-the-characters\/nuna\/#webpage\",\"url\":\"https:\/\/indivisible-game.com\/es\/meet-the-characters\/nuna\/\",\"name\":\"Nuna - Indivisible\",\"isPartOf\":{\"@id\":\"https:\/\/indivisible-game.com\/#website\"},\"primaryImageOfPage\":{\"@id\":\"https:\/\/indivisible-game.com\/es\/meet-the-characters\/nuna\/#primaryimage\"},\"datePublished\":\"2018-08-14T10:24:35+00:00\",\"dateModified\":\"2019-10-03T13:57:32+00:00\",\"breadcrumb\":{\"@id\":\"https:\/\/indivisible-game.com\/es\/meet-the-characters\/nuna\/#breadcrumb\"},\"inLanguage\":\"es\",\"potentialAction\":[{\"@type\":\"ReadAction\",\"target\":[\"https:\/\/indivisible-game.com\/es\/meet-the-characters\/nuna\/\"]}]},{\"@type\":\"BreadcrumbList\",\"@id\":\"https:\/\/indivisible-game.com\/es\/meet-the-characters\/nuna\/#breadcrumb\",\"itemListElement\":[{\"@type\":\"ListItem\",\"position\":1,\"name\":\"Home\",\"item\":\"https:\/\/indivisible-game.com\/es\/\"},{\"@type\":\"ListItem\",\"position\":2,\"name\":\"Conoce a los personajes\",\"item\":\"https:\/\/indivisible-game.com\/es\/meet-the-characters\/\"},{\"@type\":\"ListItem\",\"position\":3,\"name\":\"Nuna\"}]}]}<\/script>\n<!-- \/ Yoast SEO plugin. -->","yoast_head_json":{"robots":{"index":"index","follow":"follow","max-snippet":"max-snippet:-1","max-image-preview":"max-image-preview:large","max-video-preview":"max-video-preview:-1"},"canonical":"https:\/\/indivisible-game.com\/es\/meet-the-characters\/nuna\/","og_locale":"es_ES","og_type":"article","og_title":"Nuna - Indivisible","og_description":"Nacida en Kaanul, Nuna es una de tres hermanas, la del medio. Su hermana mayor, Nijone, es la sanadora m\u00e1s prominente de Kaanul. Nuna quiere ser tan \u00fatil a su comunidad como su hermana, pero gracias a los interminables mimos se ha vuelto demasiado dependiente de ella y no sabe c\u00f3mo seguir adelante. A Nuna... Ver art\u00edculo","og_url":"https:\/\/indivisible-game.com\/es\/meet-the-characters\/nuna\/","og_site_name":"Indivisible","article_modified_time":"2019-10-03T13:57:32+00:00","og_image":[{"width":1042,"height":1139,"url":"https:\/\/indivisible-game.com\/wp-content\/uploads\/2019\/05\/pose_nuna.png","type":"image\/png"}],"twitter_card":"summary_large_image","twitter_misc":{"Tiempo de lectura":"1 minuto"},"schema":{"@context":"https:\/\/schema.org","@graph":[{"@type":"WebSite","@id":"https:\/\/indivisible-game.com\/#website","url":"https:\/\/indivisible-game.com\/","name":"Indivisible","description":"Indivisible","potentialAction":[{"@type":"SearchAction","target":{"@type":"EntryPoint","urlTemplate":"https:\/\/indivisible-game.com\/?s={search_term_string}"},"query-input":"required name=search_term_string"}],"inLanguage":"es"},{"@type":"ImageObject","@id":"https:\/\/indivisible-game.com\/es\/meet-the-characters\/nuna\/#primaryimage","inLanguage":"es","url":"https:\/\/indivisible-game.com\/wp-content\/uploads\/2019\/05\/pose_nuna.png","contentUrl":"https:\/\/indivisible-game.com\/wp-content\/uploads\/2019\/05\/pose_nuna.png","width":1042,"height":1139},{"@type":"WebPage","@id":"https:\/\/indivisible-game.com\/es\/meet-the-characters\/nuna\/#webpage","url":"https:\/\/indivisible-game.com\/es\/meet-the-characters\/nuna\/","name":"Nuna - Indivisible","isPartOf":{"@id":"https:\/\/indivisible-game.com\/#website"},"primaryImageOfPage":{"@id":"https:\/\/indivisible-game.com\/es\/meet-the-characters\/nuna\/#primaryimage"},"datePublished":"2018-08-14T10:24:35+00:00","dateModified":"2019-10-03T13:57:32+00:00","breadcrumb":{"@id":"https:\/\/indivisible-game.com\/es\/meet-the-characters\/nuna\/#breadcrumb"},"inLanguage":"es","potentialAction":[{"@type":"ReadAction","target":["https:\/\/indivisible-game.com\/es\/meet-the-characters\/nuna\/"]}]},{"@type":"BreadcrumbList","@id":"https:\/\/indivisible-game.com\/es\/meet-the-characters\/nuna\/#breadcrumb","itemListElement":[{"@type":"ListItem","position":1,"name":"Home","item":"https:\/\/indivisible-game.com\/es\/"},{"@type":"ListItem","position":2,"name":"Conoce a los personajes","item":"https:\/\/indivisible-game.com\/es\/meet-the-characters\/"},{"@type":"ListItem","position":3,"name":"Nuna"}]}]}},"_links":{"self":[{"href":"https:\/\/indivisible-game.com\/es\/wp-json\/wp\/v2\/pages\/1882"}],"collection":[{"href":"https:\/\/indivisible-game.com\/es\/wp-json\/wp\/v2\/pages"}],"about":[{"href":"https:\/\/indivisible-game.com\/es\/wp-json\/wp\/v2\/types\/page"}],"author":[{"embeddable":true,"href":"https:\/\/indivisible-game.com\/es\/wp-json\/wp\/v2\/users\/7"}],"replies":[{"embeddable":true,"href":"https:\/\/indivisible-game.com\/es\/wp-json\/wp\/v2\/comments?post=1882"}],"version-history":[{"count":0,"href":"https:\/\/indivisible-game.com\/es\/wp-json\/wp\/v2\/pages\/1882\/revisions"}],"up":[{"embeddable":true,"href":"https:\/\/indivisible-game.com\/es\/wp-json\/wp\/v2\/pages\/1090"}],"wp:featuredmedia":[{"embeddable":true,"href":"https:\/\/indivisible-game.com\/es\/wp-json\/wp\/v2\/media\/1302"}],"wp:attachment":[{"href":"https:\/\/indivisible-game.com\/es\/wp-json\/wp\/v2\/media?parent=1882"}],"curies":[{"name":"wp","href":"https:\/\/api.w.org\/{rel}","templated":true}]}}