{"id":1903,"date":"2019-05-17T10:41:18","date_gmt":"2019-05-17T09:41:18","guid":{"rendered":"https:\/\/indivisiblegame.com\/meet-the-characters\/phoebe\/"},"modified":"2019-10-03T15:02:34","modified_gmt":"2019-10-03T14:02:34","slug":"phoebe","status":"publish","type":"page","link":"https:\/\/indivisible-game.com\/es\/meet-the-characters\/phoebe\/","title":{"rendered":"Phoebe"},"content":{"rendered":"<p>En su lejana tierra natal, Phoebe era una luchadora por la libertad, oponi\u00e9ndose a una fuerza invasora de una naci\u00f3n vecina. <\/p>\n<p>Luchando al lado de su marido, Phoebe era una fuerza la cual se deb\u00eda tener en cuenta. Lucharon ferozmente no solo por su naci\u00f3n, sino por el futuro de sus dos hijos, Aster y Egan. <\/p>\n<p>Con la llegada de una nueva y devastadora arma, la fuerza invasora se impuso. Despu\u00e9s de que marido de Phoebe fuera  herido de muerte le hizo saber su \u00faltimo deseo: que tomara a los ni\u00f1os y se marcharan. Al reunirlos, abordaron un barco con destino a Puerto Maerifa y navegaron al exilio mientras su pueblo ard\u00eda. <\/p>\n<p>Ahora, a salvo de las batallas que enredan a su naci\u00f3n, Phoebe se entrena a s\u00ed misma y a sus hijos. Juntos buscan aliados para alg\u00fan d\u00eda regresar a su tierra natal y expulsar al ej\u00e9rcito que la ocupa.<\/p>\n","protected":false},"excerpt":{"rendered":"En su lejana tierra natal, Phoebe era una luchadora por la libertad, oponi\u00e9ndose a una fuerza invasora de una naci\u00f3n vecina. Luchando al lado de su marido, Phoebe era una fuerza la cual se deb\u00eda tener en cuenta. Lucharon ferozmente no solo por su naci\u00f3n, sino por el futuro de sus dos hijos, Aster y&#8230; <a class=\"view-article\" href=\"https:\/\/indivisible-game.com\/es\/meet-the-characters\/phoebe\/\">Ver art\u00edculo<\/a>","protected":false},"author":7,"featured_media":1303,"parent":1090,"menu_order":15,"comment_status":"closed","ping_status":"closed","template":"template_character.php","meta":{"_monsterinsights_skip_tracking":false,"_monsterinsights_sitenote_active":false,"_monsterinsights_sitenote_note":"","_monsterinsights_sitenote_category":0},"acf":[],"yoast_head":"<!-- This site is optimized with the Yoast SEO plugin v17.7 - https:\/\/yoast.com\/wordpress\/plugins\/seo\/ -->\n<meta name=\"robots\" content=\"index, follow, max-snippet:-1, max-image-preview:large, max-video-preview:-1\" \/>\n<link rel=\"canonical\" href=\"https:\/\/indivisible-game.com\/es\/meet-the-characters\/phoebe\/\" \/>\n<meta property=\"og:locale\" content=\"es_ES\" \/>\n<meta property=\"og:type\" content=\"article\" \/>\n<meta property=\"og:title\" content=\"Phoebe - Indivisible\" \/>\n<meta property=\"og:description\" content=\"En su lejana tierra natal, Phoebe era una luchadora por la libertad, oponi\u00e9ndose a una fuerza invasora de una naci\u00f3n vecina. Luchando al lado de su marido, Phoebe era una fuerza la cual se deb\u00eda tener en cuenta. Lucharon ferozmente no solo por su naci\u00f3n, sino por el futuro de sus dos hijos, Aster y... Ver art\u00edculo\" \/>\n<meta property=\"og:url\" content=\"https:\/\/indivisible-game.com\/es\/meet-the-characters\/phoebe\/\" \/>\n<meta property=\"og:site_name\" content=\"Indivisible\" \/>\n<meta property=\"article:modified_time\" content=\"2019-10-03T14:02:34+00:00\" \/>\n<meta property=\"og:image\" content=\"https:\/\/indivisible-game.com\/wp-content\/uploads\/2019\/05\/pose_phoebe.png\" \/>\n\t<meta property=\"og:image:width\" content=\"1110\" \/>\n\t<meta property=\"og:image:height\" content=\"1294\" \/>\n<meta name=\"twitter:card\" content=\"summary_large_image\" \/>\n<meta name=\"twitter:label1\" content=\"Tiempo de lectura\" \/>\n\t<meta name=\"twitter:data1\" content=\"1 minuto\" \/>\n<script type=\"application\/ld+json\" class=\"yoast-schema-graph\">{\"@context\":\"https:\/\/schema.org\",\"@graph\":[{\"@type\":\"WebSite\",\"@id\":\"https:\/\/indivisible-game.com\/#website\",\"url\":\"https:\/\/indivisible-game.com\/\",\"name\":\"Indivisible\",\"description\":\"Indivisible\",\"potentialAction\":[{\"@type\":\"SearchAction\",\"target\":{\"@type\":\"EntryPoint\",\"urlTemplate\":\"https:\/\/indivisible-game.com\/?s={search_term_string}\"},\"query-input\":\"required name=search_term_string\"}],\"inLanguage\":\"es\"},{\"@type\":\"ImageObject\",\"@id\":\"https:\/\/indivisible-game.com\/es\/meet-the-characters\/phoebe\/#primaryimage\",\"inLanguage\":\"es\",\"url\":\"https:\/\/indivisible-game.com\/wp-content\/uploads\/2019\/05\/pose_phoebe.png\",\"contentUrl\":\"https:\/\/indivisible-game.com\/wp-content\/uploads\/2019\/05\/pose_phoebe.png\",\"width\":1110,\"height\":1294},{\"@type\":\"WebPage\",\"@id\":\"https:\/\/indivisible-game.com\/es\/meet-the-characters\/phoebe\/#webpage\",\"url\":\"https:\/\/indivisible-game.com\/es\/meet-the-characters\/phoebe\/\",\"name\":\"Phoebe - Indivisible\",\"isPartOf\":{\"@id\":\"https:\/\/indivisible-game.com\/#website\"},\"primaryImageOfPage\":{\"@id\":\"https:\/\/indivisible-game.com\/es\/meet-the-characters\/phoebe\/#primaryimage\"},\"datePublished\":\"2019-05-17T09:41:18+00:00\",\"dateModified\":\"2019-10-03T14:02:34+00:00\",\"breadcrumb\":{\"@id\":\"https:\/\/indivisible-game.com\/es\/meet-the-characters\/phoebe\/#breadcrumb\"},\"inLanguage\":\"es\",\"potentialAction\":[{\"@type\":\"ReadAction\",\"target\":[\"https:\/\/indivisible-game.com\/es\/meet-the-characters\/phoebe\/\"]}]},{\"@type\":\"BreadcrumbList\",\"@id\":\"https:\/\/indivisible-game.com\/es\/meet-the-characters\/phoebe\/#breadcrumb\",\"itemListElement\":[{\"@type\":\"ListItem\",\"position\":1,\"name\":\"Home\",\"item\":\"https:\/\/indivisible-game.com\/es\/\"},{\"@type\":\"ListItem\",\"position\":2,\"name\":\"Conoce a los personajes\",\"item\":\"https:\/\/indivisible-game.com\/es\/meet-the-characters\/\"},{\"@type\":\"ListItem\",\"position\":3,\"name\":\"Phoebe\"}]}]}<\/script>\n<!-- \/ Yoast SEO plugin. -->","yoast_head_json":{"robots":{"index":"index","follow":"follow","max-snippet":"max-snippet:-1","max-image-preview":"max-image-preview:large","max-video-preview":"max-video-preview:-1"},"canonical":"https:\/\/indivisible-game.com\/es\/meet-the-characters\/phoebe\/","og_locale":"es_ES","og_type":"article","og_title":"Phoebe - Indivisible","og_description":"En su lejana tierra natal, Phoebe era una luchadora por la libertad, oponi\u00e9ndose a una fuerza invasora de una naci\u00f3n vecina. Luchando al lado de su marido, Phoebe era una fuerza la cual se deb\u00eda tener en cuenta. Lucharon ferozmente no solo por su naci\u00f3n, sino por el futuro de sus dos hijos, Aster y... Ver art\u00edculo","og_url":"https:\/\/indivisible-game.com\/es\/meet-the-characters\/phoebe\/","og_site_name":"Indivisible","article_modified_time":"2019-10-03T14:02:34+00:00","og_image":[{"width":1110,"height":1294,"url":"https:\/\/indivisible-game.com\/wp-content\/uploads\/2019\/05\/pose_phoebe.png","type":"image\/png"}],"twitter_card":"summary_large_image","twitter_misc":{"Tiempo de lectura":"1 minuto"},"schema":{"@context":"https:\/\/schema.org","@graph":[{"@type":"WebSite","@id":"https:\/\/indivisible-game.com\/#website","url":"https:\/\/indivisible-game.com\/","name":"Indivisible","description":"Indivisible","potentialAction":[{"@type":"SearchAction","target":{"@type":"EntryPoint","urlTemplate":"https:\/\/indivisible-game.com\/?s={search_term_string}"},"query-input":"required name=search_term_string"}],"inLanguage":"es"},{"@type":"ImageObject","@id":"https:\/\/indivisible-game.com\/es\/meet-the-characters\/phoebe\/#primaryimage","inLanguage":"es","url":"https:\/\/indivisible-game.com\/wp-content\/uploads\/2019\/05\/pose_phoebe.png","contentUrl":"https:\/\/indivisible-game.com\/wp-content\/uploads\/2019\/05\/pose_phoebe.png","width":1110,"height":1294},{"@type":"WebPage","@id":"https:\/\/indivisible-game.com\/es\/meet-the-characters\/phoebe\/#webpage","url":"https:\/\/indivisible-game.com\/es\/meet-the-characters\/phoebe\/","name":"Phoebe - Indivisible","isPartOf":{"@id":"https:\/\/indivisible-game.com\/#website"},"primaryImageOfPage":{"@id":"https:\/\/indivisible-game.com\/es\/meet-the-characters\/phoebe\/#primaryimage"},"datePublished":"2019-05-17T09:41:18+00:00","dateModified":"2019-10-03T14:02:34+00:00","breadcrumb":{"@id":"https:\/\/indivisible-game.com\/es\/meet-the-characters\/phoebe\/#breadcrumb"},"inLanguage":"es","potentialAction":[{"@type":"ReadAction","target":["https:\/\/indivisible-game.com\/es\/meet-the-characters\/phoebe\/"]}]},{"@type":"BreadcrumbList","@id":"https:\/\/indivisible-game.com\/es\/meet-the-characters\/phoebe\/#breadcrumb","itemListElement":[{"@type":"ListItem","position":1,"name":"Home","item":"https:\/\/indivisible-game.com\/es\/"},{"@type":"ListItem","position":2,"name":"Conoce a los personajes","item":"https:\/\/indivisible-game.com\/es\/meet-the-characters\/"},{"@type":"ListItem","position":3,"name":"Phoebe"}]}]}},"_links":{"self":[{"href":"https:\/\/indivisible-game.com\/es\/wp-json\/wp\/v2\/pages\/1903"}],"collection":[{"href":"https:\/\/indivisible-game.com\/es\/wp-json\/wp\/v2\/pages"}],"about":[{"href":"https:\/\/indivisible-game.com\/es\/wp-json\/wp\/v2\/types\/page"}],"author":[{"embeddable":true,"href":"https:\/\/indivisible-game.com\/es\/wp-json\/wp\/v2\/users\/7"}],"replies":[{"embeddable":true,"href":"https:\/\/indivisible-game.com\/es\/wp-json\/wp\/v2\/comments?post=1903"}],"version-history":[{"count":0,"href":"https:\/\/indivisible-game.com\/es\/wp-json\/wp\/v2\/pages\/1903\/revisions"}],"up":[{"embeddable":true,"href":"https:\/\/indivisible-game.com\/es\/wp-json\/wp\/v2\/pages\/1090"}],"wp:featuredmedia":[{"embeddable":true,"href":"https:\/\/indivisible-game.com\/es\/wp-json\/wp\/v2\/media\/1303"}],"wp:attachment":[{"href":"https:\/\/indivisible-game.com\/es\/wp-json\/wp\/v2\/media?parent=1903"}],"curies":[{"name":"wp","href":"https:\/\/api.w.org\/{rel}","templated":true}]}}