{"id":1945,"date":"2018-08-14T11:25:56","date_gmt":"2018-08-14T10:25:56","guid":{"rendered":"https:\/\/indivisiblegame.com\/meet-the-characters\/razmi\/"},"modified":"2019-10-03T15:17:03","modified_gmt":"2019-10-03T14:17:03","slug":"razmi","status":"publish","type":"page","link":"https:\/\/indivisible-game.com\/es\/meet-the-characters\/razmi\/","title":{"rendered":"Razmi"},"content":{"rendered":"<p>Razmi, una chamana solitaria, viv\u00eda en el bosque que rodea la aldea de Ashwat. All\u00ed dedic\u00f3 cada hora de su vida al estudio de la magia cham\u00e1nica, m\u00e1s por inter\u00e9s propio que por cualquier otro uso pr\u00e1ctico. <\/p>\n<p>Torpe y sarc\u00e1stica, Razmi no se lleva muy bien con la mayor\u00eda de la gente. En cambio, prefiere consultar con Bom, el esp\u00edritu tigre que vive en su l\u00e1mpara. Mientras la l\u00e1mpara permanezca encendida, Bom estar\u00e1 con ella. <\/p>\n<p>En la batalla, Razmi env\u00eda el esp\u00edritu ardiente de Bom a sus enemigos, y maneja poderosos hechizos y encantos. Aunque es muy capaz en el combate, Razmi lo encuentra bastante molesto y preferir\u00eda estudiar por su cuenta, al calor de la luz de Bom.<\/p>\n","protected":false},"excerpt":{"rendered":"Razmi, una chamana solitaria, viv\u00eda en el bosque que rodea la aldea de Ashwat. All\u00ed dedic\u00f3 cada hora de su vida al estudio de la magia cham\u00e1nica, m\u00e1s por inter\u00e9s propio que por cualquier otro uso pr\u00e1ctico. Torpe y sarc\u00e1stica, Razmi no se lleva muy bien con la mayor\u00eda de la gente. En cambio, prefiere&#8230; <a class=\"view-article\" href=\"https:\/\/indivisible-game.com\/es\/meet-the-characters\/razmi\/\">Ver art\u00edculo<\/a>","protected":false},"author":7,"featured_media":1270,"parent":1090,"menu_order":17,"comment_status":"closed","ping_status":"closed","template":"template_character.php","meta":{"_monsterinsights_skip_tracking":false,"_monsterinsights_sitenote_active":false,"_monsterinsights_sitenote_note":"","_monsterinsights_sitenote_category":0},"acf":[],"yoast_head":"<!-- This site is optimized with the Yoast SEO plugin v17.7 - https:\/\/yoast.com\/wordpress\/plugins\/seo\/ -->\n<meta name=\"robots\" content=\"index, follow, max-snippet:-1, max-image-preview:large, max-video-preview:-1\" \/>\n<link rel=\"canonical\" href=\"https:\/\/indivisible-game.com\/es\/meet-the-characters\/razmi\/\" \/>\n<meta property=\"og:locale\" content=\"es_ES\" \/>\n<meta property=\"og:type\" content=\"article\" \/>\n<meta property=\"og:title\" content=\"Razmi - Indivisible\" \/>\n<meta property=\"og:description\" content=\"Razmi, una chamana solitaria, viv\u00eda en el bosque que rodea la aldea de Ashwat. All\u00ed dedic\u00f3 cada hora de su vida al estudio de la magia cham\u00e1nica, m\u00e1s por inter\u00e9s propio que por cualquier otro uso pr\u00e1ctico. Torpe y sarc\u00e1stica, Razmi no se lleva muy bien con la mayor\u00eda de la gente. En cambio, prefiere... Ver art\u00edculo\" \/>\n<meta property=\"og:url\" content=\"https:\/\/indivisible-game.com\/es\/meet-the-characters\/razmi\/\" \/>\n<meta property=\"og:site_name\" content=\"Indivisible\" \/>\n<meta property=\"article:modified_time\" content=\"2019-10-03T14:17:03+00:00\" \/>\n<meta property=\"og:image\" content=\"https:\/\/indivisible-game.com\/wp-content\/uploads\/2019\/05\/pose_razmi.png\" \/>\n\t<meta property=\"og:image:width\" content=\"1183\" \/>\n\t<meta property=\"og:image:height\" content=\"1218\" \/>\n<meta name=\"twitter:card\" content=\"summary_large_image\" \/>\n<meta name=\"twitter:label1\" content=\"Tiempo de lectura\" \/>\n\t<meta name=\"twitter:data1\" content=\"1 minuto\" \/>\n<script type=\"application\/ld+json\" class=\"yoast-schema-graph\">{\"@context\":\"https:\/\/schema.org\",\"@graph\":[{\"@type\":\"WebSite\",\"@id\":\"https:\/\/indivisible-game.com\/#website\",\"url\":\"https:\/\/indivisible-game.com\/\",\"name\":\"Indivisible\",\"description\":\"Indivisible\",\"potentialAction\":[{\"@type\":\"SearchAction\",\"target\":{\"@type\":\"EntryPoint\",\"urlTemplate\":\"https:\/\/indivisible-game.com\/?s={search_term_string}\"},\"query-input\":\"required name=search_term_string\"}],\"inLanguage\":\"es\"},{\"@type\":\"ImageObject\",\"@id\":\"https:\/\/indivisible-game.com\/es\/meet-the-characters\/razmi\/#primaryimage\",\"inLanguage\":\"es\",\"url\":\"https:\/\/indivisible-game.com\/wp-content\/uploads\/2019\/05\/pose_razmi.png\",\"contentUrl\":\"https:\/\/indivisible-game.com\/wp-content\/uploads\/2019\/05\/pose_razmi.png\",\"width\":1183,\"height\":1218},{\"@type\":\"WebPage\",\"@id\":\"https:\/\/indivisible-game.com\/es\/meet-the-characters\/razmi\/#webpage\",\"url\":\"https:\/\/indivisible-game.com\/es\/meet-the-characters\/razmi\/\",\"name\":\"Razmi - Indivisible\",\"isPartOf\":{\"@id\":\"https:\/\/indivisible-game.com\/#website\"},\"primaryImageOfPage\":{\"@id\":\"https:\/\/indivisible-game.com\/es\/meet-the-characters\/razmi\/#primaryimage\"},\"datePublished\":\"2018-08-14T10:25:56+00:00\",\"dateModified\":\"2019-10-03T14:17:03+00:00\",\"breadcrumb\":{\"@id\":\"https:\/\/indivisible-game.com\/es\/meet-the-characters\/razmi\/#breadcrumb\"},\"inLanguage\":\"es\",\"potentialAction\":[{\"@type\":\"ReadAction\",\"target\":[\"https:\/\/indivisible-game.com\/es\/meet-the-characters\/razmi\/\"]}]},{\"@type\":\"BreadcrumbList\",\"@id\":\"https:\/\/indivisible-game.com\/es\/meet-the-characters\/razmi\/#breadcrumb\",\"itemListElement\":[{\"@type\":\"ListItem\",\"position\":1,\"name\":\"Home\",\"item\":\"https:\/\/indivisible-game.com\/es\/\"},{\"@type\":\"ListItem\",\"position\":2,\"name\":\"Conoce a los personajes\",\"item\":\"https:\/\/indivisible-game.com\/es\/meet-the-characters\/\"},{\"@type\":\"ListItem\",\"position\":3,\"name\":\"Razmi\"}]}]}<\/script>\n<!-- \/ Yoast SEO plugin. -->","yoast_head_json":{"robots":{"index":"index","follow":"follow","max-snippet":"max-snippet:-1","max-image-preview":"max-image-preview:large","max-video-preview":"max-video-preview:-1"},"canonical":"https:\/\/indivisible-game.com\/es\/meet-the-characters\/razmi\/","og_locale":"es_ES","og_type":"article","og_title":"Razmi - Indivisible","og_description":"Razmi, una chamana solitaria, viv\u00eda en el bosque que rodea la aldea de Ashwat. All\u00ed dedic\u00f3 cada hora de su vida al estudio de la magia cham\u00e1nica, m\u00e1s por inter\u00e9s propio que por cualquier otro uso pr\u00e1ctico. Torpe y sarc\u00e1stica, Razmi no se lleva muy bien con la mayor\u00eda de la gente. En cambio, prefiere... Ver art\u00edculo","og_url":"https:\/\/indivisible-game.com\/es\/meet-the-characters\/razmi\/","og_site_name":"Indivisible","article_modified_time":"2019-10-03T14:17:03+00:00","og_image":[{"width":1183,"height":1218,"url":"https:\/\/indivisible-game.com\/wp-content\/uploads\/2019\/05\/pose_razmi.png","type":"image\/png"}],"twitter_card":"summary_large_image","twitter_misc":{"Tiempo de lectura":"1 minuto"},"schema":{"@context":"https:\/\/schema.org","@graph":[{"@type":"WebSite","@id":"https:\/\/indivisible-game.com\/#website","url":"https:\/\/indivisible-game.com\/","name":"Indivisible","description":"Indivisible","potentialAction":[{"@type":"SearchAction","target":{"@type":"EntryPoint","urlTemplate":"https:\/\/indivisible-game.com\/?s={search_term_string}"},"query-input":"required name=search_term_string"}],"inLanguage":"es"},{"@type":"ImageObject","@id":"https:\/\/indivisible-game.com\/es\/meet-the-characters\/razmi\/#primaryimage","inLanguage":"es","url":"https:\/\/indivisible-game.com\/wp-content\/uploads\/2019\/05\/pose_razmi.png","contentUrl":"https:\/\/indivisible-game.com\/wp-content\/uploads\/2019\/05\/pose_razmi.png","width":1183,"height":1218},{"@type":"WebPage","@id":"https:\/\/indivisible-game.com\/es\/meet-the-characters\/razmi\/#webpage","url":"https:\/\/indivisible-game.com\/es\/meet-the-characters\/razmi\/","name":"Razmi - Indivisible","isPartOf":{"@id":"https:\/\/indivisible-game.com\/#website"},"primaryImageOfPage":{"@id":"https:\/\/indivisible-game.com\/es\/meet-the-characters\/razmi\/#primaryimage"},"datePublished":"2018-08-14T10:25:56+00:00","dateModified":"2019-10-03T14:17:03+00:00","breadcrumb":{"@id":"https:\/\/indivisible-game.com\/es\/meet-the-characters\/razmi\/#breadcrumb"},"inLanguage":"es","potentialAction":[{"@type":"ReadAction","target":["https:\/\/indivisible-game.com\/es\/meet-the-characters\/razmi\/"]}]},{"@type":"BreadcrumbList","@id":"https:\/\/indivisible-game.com\/es\/meet-the-characters\/razmi\/#breadcrumb","itemListElement":[{"@type":"ListItem","position":1,"name":"Home","item":"https:\/\/indivisible-game.com\/es\/"},{"@type":"ListItem","position":2,"name":"Conoce a los personajes","item":"https:\/\/indivisible-game.com\/es\/meet-the-characters\/"},{"@type":"ListItem","position":3,"name":"Razmi"}]}]}},"_links":{"self":[{"href":"https:\/\/indivisible-game.com\/es\/wp-json\/wp\/v2\/pages\/1945"}],"collection":[{"href":"https:\/\/indivisible-game.com\/es\/wp-json\/wp\/v2\/pages"}],"about":[{"href":"https:\/\/indivisible-game.com\/es\/wp-json\/wp\/v2\/types\/page"}],"author":[{"embeddable":true,"href":"https:\/\/indivisible-game.com\/es\/wp-json\/wp\/v2\/users\/7"}],"replies":[{"embeddable":true,"href":"https:\/\/indivisible-game.com\/es\/wp-json\/wp\/v2\/comments?post=1945"}],"version-history":[{"count":0,"href":"https:\/\/indivisible-game.com\/es\/wp-json\/wp\/v2\/pages\/1945\/revisions"}],"up":[{"embeddable":true,"href":"https:\/\/indivisible-game.com\/es\/wp-json\/wp\/v2\/pages\/1090"}],"wp:featuredmedia":[{"embeddable":true,"href":"https:\/\/indivisible-game.com\/es\/wp-json\/wp\/v2\/media\/1270"}],"wp:attachment":[{"href":"https:\/\/indivisible-game.com\/es\/wp-json\/wp\/v2\/media?parent=1945"}],"curies":[{"name":"wp","href":"https:\/\/api.w.org\/{rel}","templated":true}]}}