{"id":2061,"date":"2018-08-14T11:43:31","date_gmt":"2018-08-14T10:43:31","guid":{"rendered":"https:\/\/indivisiblegame.com\/meet-the-characters\/tungar\/"},"modified":"2019-10-03T16:07:14","modified_gmt":"2019-10-03T15:07:14","slug":"tungar","status":"publish","type":"page","link":"https:\/\/indivisible-game.com\/es\/meet-the-characters\/tungar\/","title":{"rendered":"Tungar"},"content":{"rendered":"<p>Tungar es el maestro del urumi, una espada con una hoja flexible, que parece un cintillo. Es cordial tanto en cuerpo como en esp\u00edritu, pero a\u00f1os de pr\u00e1ctica y combate han dejado su cuerpo cubierto de cicatrices. Cuando no est\u00e1 en uso, el urumi personalizado de Tungar se envuelve alrededor de su cabeza como un turbante met\u00e1lico. <\/p>\n<p>Tungar y sus \u00faltimos camaradas prestaron sus servicios como caballeros del Reino Shayak, los antiguos gobernantes de la regi\u00f3n de Ashwat. Aunque la mayor\u00eda de sus caballeros fueron eliminados por Ravannavar, Tungar fue llevado prisionero para ser interrogado acerca de lo que quedaba de la resistencia Shayak. <\/p>\n<p>Jovial y extrovertido, es propenso a compartir sus sabios consejos e historias de guerra con cualquiera que quiera escuchar, les interese o no. <\/p>\n<p>En contraste a su naturaleza usualmente de parloteo, Tungar es brusco y mortalmente serio en la batalla. All\u00ed usa su urumi con una mort\u00edfera combinaci\u00f3n de furia y eficiencia, rebanando a sus enemigos innumerables veces en un abrir y cerrar de ojos.<\/p>\n","protected":false},"excerpt":{"rendered":"Tungar es el maestro del urumi, una espada con una hoja flexible, que parece un cintillo. Es cordial tanto en cuerpo como en esp\u00edritu, pero a\u00f1os de pr\u00e1ctica y combate han dejado su cuerpo cubierto de cicatrices. Cuando no est\u00e1 en uso, el urumi personalizado de Tungar se envuelve alrededor de su cabeza como un&#8230; <a class=\"view-article\" href=\"https:\/\/indivisible-game.com\/es\/meet-the-characters\/tungar\/\">Ver art\u00edculo<\/a>","protected":false},"author":7,"featured_media":1309,"parent":1090,"menu_order":22,"comment_status":"closed","ping_status":"closed","template":"template_character.php","meta":{"_monsterinsights_skip_tracking":false,"_monsterinsights_sitenote_active":false,"_monsterinsights_sitenote_note":"","_monsterinsights_sitenote_category":0},"acf":[],"yoast_head":"<!-- This site is optimized with the Yoast SEO plugin v17.7 - https:\/\/yoast.com\/wordpress\/plugins\/seo\/ -->\n<meta name=\"robots\" content=\"index, follow, max-snippet:-1, max-image-preview:large, max-video-preview:-1\" \/>\n<link rel=\"canonical\" href=\"https:\/\/indivisible-game.com\/es\/meet-the-characters\/tungar\/\" \/>\n<meta property=\"og:locale\" content=\"es_ES\" \/>\n<meta property=\"og:type\" content=\"article\" \/>\n<meta property=\"og:title\" content=\"Tungar - Indivisible\" \/>\n<meta property=\"og:description\" content=\"Tungar es el maestro del urumi, una espada con una hoja flexible, que parece un cintillo. Es cordial tanto en cuerpo como en esp\u00edritu, pero a\u00f1os de pr\u00e1ctica y combate han dejado su cuerpo cubierto de cicatrices. Cuando no est\u00e1 en uso, el urumi personalizado de Tungar se envuelve alrededor de su cabeza como un... Ver art\u00edculo\" \/>\n<meta property=\"og:url\" content=\"https:\/\/indivisible-game.com\/es\/meet-the-characters\/tungar\/\" \/>\n<meta property=\"og:site_name\" content=\"Indivisible\" \/>\n<meta property=\"article:modified_time\" content=\"2019-10-03T15:07:14+00:00\" \/>\n<meta property=\"og:image\" content=\"https:\/\/indivisible-game.com\/wp-content\/uploads\/2019\/05\/pose_tungar.png\" \/>\n\t<meta property=\"og:image:width\" content=\"1192\" \/>\n\t<meta property=\"og:image:height\" content=\"1424\" \/>\n<meta name=\"twitter:card\" content=\"summary_large_image\" \/>\n<meta name=\"twitter:label1\" content=\"Tiempo de lectura\" \/>\n\t<meta name=\"twitter:data1\" content=\"1 minuto\" \/>\n<script type=\"application\/ld+json\" class=\"yoast-schema-graph\">{\"@context\":\"https:\/\/schema.org\",\"@graph\":[{\"@type\":\"WebSite\",\"@id\":\"https:\/\/indivisible-game.com\/#website\",\"url\":\"https:\/\/indivisible-game.com\/\",\"name\":\"Indivisible\",\"description\":\"Indivisible\",\"potentialAction\":[{\"@type\":\"SearchAction\",\"target\":{\"@type\":\"EntryPoint\",\"urlTemplate\":\"https:\/\/indivisible-game.com\/?s={search_term_string}\"},\"query-input\":\"required name=search_term_string\"}],\"inLanguage\":\"es\"},{\"@type\":\"ImageObject\",\"@id\":\"https:\/\/indivisible-game.com\/es\/meet-the-characters\/tungar\/#primaryimage\",\"inLanguage\":\"es\",\"url\":\"https:\/\/indivisible-game.com\/wp-content\/uploads\/2019\/05\/pose_tungar.png\",\"contentUrl\":\"https:\/\/indivisible-game.com\/wp-content\/uploads\/2019\/05\/pose_tungar.png\",\"width\":1192,\"height\":1424},{\"@type\":\"WebPage\",\"@id\":\"https:\/\/indivisible-game.com\/es\/meet-the-characters\/tungar\/#webpage\",\"url\":\"https:\/\/indivisible-game.com\/es\/meet-the-characters\/tungar\/\",\"name\":\"Tungar - Indivisible\",\"isPartOf\":{\"@id\":\"https:\/\/indivisible-game.com\/#website\"},\"primaryImageOfPage\":{\"@id\":\"https:\/\/indivisible-game.com\/es\/meet-the-characters\/tungar\/#primaryimage\"},\"datePublished\":\"2018-08-14T10:43:31+00:00\",\"dateModified\":\"2019-10-03T15:07:14+00:00\",\"breadcrumb\":{\"@id\":\"https:\/\/indivisible-game.com\/es\/meet-the-characters\/tungar\/#breadcrumb\"},\"inLanguage\":\"es\",\"potentialAction\":[{\"@type\":\"ReadAction\",\"target\":[\"https:\/\/indivisible-game.com\/es\/meet-the-characters\/tungar\/\"]}]},{\"@type\":\"BreadcrumbList\",\"@id\":\"https:\/\/indivisible-game.com\/es\/meet-the-characters\/tungar\/#breadcrumb\",\"itemListElement\":[{\"@type\":\"ListItem\",\"position\":1,\"name\":\"Home\",\"item\":\"https:\/\/indivisible-game.com\/es\/\"},{\"@type\":\"ListItem\",\"position\":2,\"name\":\"Conoce a los personajes\",\"item\":\"https:\/\/indivisible-game.com\/es\/meet-the-characters\/\"},{\"@type\":\"ListItem\",\"position\":3,\"name\":\"Tungar\"}]}]}<\/script>\n<!-- \/ Yoast SEO plugin. -->","yoast_head_json":{"robots":{"index":"index","follow":"follow","max-snippet":"max-snippet:-1","max-image-preview":"max-image-preview:large","max-video-preview":"max-video-preview:-1"},"canonical":"https:\/\/indivisible-game.com\/es\/meet-the-characters\/tungar\/","og_locale":"es_ES","og_type":"article","og_title":"Tungar - Indivisible","og_description":"Tungar es el maestro del urumi, una espada con una hoja flexible, que parece un cintillo. Es cordial tanto en cuerpo como en esp\u00edritu, pero a\u00f1os de pr\u00e1ctica y combate han dejado su cuerpo cubierto de cicatrices. Cuando no est\u00e1 en uso, el urumi personalizado de Tungar se envuelve alrededor de su cabeza como un... Ver art\u00edculo","og_url":"https:\/\/indivisible-game.com\/es\/meet-the-characters\/tungar\/","og_site_name":"Indivisible","article_modified_time":"2019-10-03T15:07:14+00:00","og_image":[{"width":1192,"height":1424,"url":"https:\/\/indivisible-game.com\/wp-content\/uploads\/2019\/05\/pose_tungar.png","type":"image\/png"}],"twitter_card":"summary_large_image","twitter_misc":{"Tiempo de lectura":"1 minuto"},"schema":{"@context":"https:\/\/schema.org","@graph":[{"@type":"WebSite","@id":"https:\/\/indivisible-game.com\/#website","url":"https:\/\/indivisible-game.com\/","name":"Indivisible","description":"Indivisible","potentialAction":[{"@type":"SearchAction","target":{"@type":"EntryPoint","urlTemplate":"https:\/\/indivisible-game.com\/?s={search_term_string}"},"query-input":"required name=search_term_string"}],"inLanguage":"es"},{"@type":"ImageObject","@id":"https:\/\/indivisible-game.com\/es\/meet-the-characters\/tungar\/#primaryimage","inLanguage":"es","url":"https:\/\/indivisible-game.com\/wp-content\/uploads\/2019\/05\/pose_tungar.png","contentUrl":"https:\/\/indivisible-game.com\/wp-content\/uploads\/2019\/05\/pose_tungar.png","width":1192,"height":1424},{"@type":"WebPage","@id":"https:\/\/indivisible-game.com\/es\/meet-the-characters\/tungar\/#webpage","url":"https:\/\/indivisible-game.com\/es\/meet-the-characters\/tungar\/","name":"Tungar - Indivisible","isPartOf":{"@id":"https:\/\/indivisible-game.com\/#website"},"primaryImageOfPage":{"@id":"https:\/\/indivisible-game.com\/es\/meet-the-characters\/tungar\/#primaryimage"},"datePublished":"2018-08-14T10:43:31+00:00","dateModified":"2019-10-03T15:07:14+00:00","breadcrumb":{"@id":"https:\/\/indivisible-game.com\/es\/meet-the-characters\/tungar\/#breadcrumb"},"inLanguage":"es","potentialAction":[{"@type":"ReadAction","target":["https:\/\/indivisible-game.com\/es\/meet-the-characters\/tungar\/"]}]},{"@type":"BreadcrumbList","@id":"https:\/\/indivisible-game.com\/es\/meet-the-characters\/tungar\/#breadcrumb","itemListElement":[{"@type":"ListItem","position":1,"name":"Home","item":"https:\/\/indivisible-game.com\/es\/"},{"@type":"ListItem","position":2,"name":"Conoce a los personajes","item":"https:\/\/indivisible-game.com\/es\/meet-the-characters\/"},{"@type":"ListItem","position":3,"name":"Tungar"}]}]}},"_links":{"self":[{"href":"https:\/\/indivisible-game.com\/es\/wp-json\/wp\/v2\/pages\/2061"}],"collection":[{"href":"https:\/\/indivisible-game.com\/es\/wp-json\/wp\/v2\/pages"}],"about":[{"href":"https:\/\/indivisible-game.com\/es\/wp-json\/wp\/v2\/types\/page"}],"author":[{"embeddable":true,"href":"https:\/\/indivisible-game.com\/es\/wp-json\/wp\/v2\/users\/7"}],"replies":[{"embeddable":true,"href":"https:\/\/indivisible-game.com\/es\/wp-json\/wp\/v2\/comments?post=2061"}],"version-history":[{"count":0,"href":"https:\/\/indivisible-game.com\/es\/wp-json\/wp\/v2\/pages\/2061\/revisions"}],"up":[{"embeddable":true,"href":"https:\/\/indivisible-game.com\/es\/wp-json\/wp\/v2\/pages\/1090"}],"wp:featuredmedia":[{"embeddable":true,"href":"https:\/\/indivisible-game.com\/es\/wp-json\/wp\/v2\/media\/1309"}],"wp:attachment":[{"href":"https:\/\/indivisible-game.com\/es\/wp-json\/wp\/v2\/media?parent=2061"}],"curies":[{"name":"wp","href":"https:\/\/api.w.org\/{rel}","templated":true}]}}