{"id":1103,"date":"2018-08-14T11:14:14","date_gmt":"2018-08-14T10:14:14","guid":{"rendered":"https:\/\/indivisiblegame.com\/meet-the-characters\/ajna\/"},"modified":"2019-10-02T12:22:26","modified_gmt":"2019-10-02T11:22:26","slug":"ajna","status":"publish","type":"page","link":"https:\/\/indivisible-game.com\/fr\/meet-the-characters\/ajna\/","title":{"rendered":"Ajna"},"content":{"rendered":"<p>\u00ab\u00a0Fille intr\u00e9pide et un brin rebelle, Ajna vivait \u00e0 Ashwat, un village isol\u00e9 dans les for\u00eats de l\u2019\u00e9tat de Navar. Son p\u00e8re, Indr, \u00e9leva Ajna pour en faire une fille juste et forte, en lui enseignant les arts martiaux pour qu\u2019elle puisse d\u00e9fendre leur maison.<\/p>\n<p>Lorsque sa ville fut attaqu\u00e9e par l\u2019arm\u00e9e du guerrier impitoyable Ravannavar, Ajna d\u00e9couvrit un pouvoir myst\u00e9rieux \u2013 la capacit\u00e9 d\u2019absorber certains individus en elle.<\/p>\n<p>D\u00e9termin\u00e9e \u00e0 affronter Ravannavar et \u00e0 mieux conna\u00eetre ses nouvelles capacit\u00e9s \u00e9tranges, Ajna se lance dans une qu\u00eate \u00e0 travers le monde qui r\u00e9v\u00e8lera sa vraie nature et bien d\u2019autres choses.\u00a0\u00bb<\/p>\n","protected":false},"excerpt":{"rendered":"\u00ab\u00a0Fille intr\u00e9pide et un brin rebelle, Ajna vivait \u00e0 Ashwat, un village isol\u00e9 dans les for\u00eats de l\u2019\u00e9tat de Navar. Son p\u00e8re, Indr, \u00e9leva Ajna pour en faire une fille juste et forte, en lui enseignant les arts martiaux pour qu\u2019elle puisse d\u00e9fendre leur maison. Lorsque sa ville fut attaqu\u00e9e par l\u2019arm\u00e9e du guerrier impitoyable&#8230; <a class=\"view-article\" href=\"https:\/\/indivisible-game.com\/fr\/meet-the-characters\/ajna\/\">Voir l&rsquo;article<\/a>","protected":false},"author":7,"featured_media":1105,"parent":1085,"menu_order":1,"comment_status":"closed","ping_status":"closed","template":"template_character.php","meta":{"_monsterinsights_skip_tracking":false,"_monsterinsights_sitenote_active":false,"_monsterinsights_sitenote_note":"","_monsterinsights_sitenote_category":0},"acf":[],"yoast_head":"<!-- This site is optimized with the Yoast SEO plugin v17.7 - https:\/\/yoast.com\/wordpress\/plugins\/seo\/ -->\n<meta name=\"robots\" content=\"index, follow, max-snippet:-1, max-image-preview:large, max-video-preview:-1\" \/>\n<link rel=\"canonical\" href=\"https:\/\/indivisible-game.com\/fr\/meet-the-characters\/ajna\/\" \/>\n<meta property=\"og:locale\" content=\"fr_FR\" \/>\n<meta property=\"og:type\" content=\"article\" \/>\n<meta property=\"og:title\" content=\"Ajna - Indivisible\" \/>\n<meta property=\"og:description\" content=\"\u00ab\u00a0Fille intr\u00e9pide et un brin rebelle, Ajna vivait \u00e0 Ashwat, un village isol\u00e9 dans les for\u00eats de l\u2019\u00e9tat de Navar. Son p\u00e8re, Indr, \u00e9leva Ajna pour en faire une fille juste et forte, en lui enseignant les arts martiaux pour qu\u2019elle puisse d\u00e9fendre leur maison. Lorsque sa ville fut attaqu\u00e9e par l\u2019arm\u00e9e du guerrier impitoyable... Voir l&#039;article\" \/>\n<meta property=\"og:url\" content=\"https:\/\/indivisible-game.com\/fr\/meet-the-characters\/ajna\/\" \/>\n<meta property=\"og:site_name\" content=\"Indivisible\" \/>\n<meta property=\"article:modified_time\" content=\"2019-10-02T11:22:26+00:00\" \/>\n<meta property=\"og:image\" content=\"https:\/\/indivisible-game.com\/wp-content\/uploads\/2019\/05\/pose_ajnaaxe.png\" \/>\n\t<meta property=\"og:image:width\" content=\"1089\" \/>\n\t<meta property=\"og:image:height\" content=\"1178\" \/>\n<meta name=\"twitter:card\" content=\"summary_large_image\" \/>\n<meta name=\"twitter:label1\" content=\"Dur\u00e9e de lecture estim\u00e9e\" \/>\n\t<meta name=\"twitter:data1\" content=\"1 minute\" \/>\n<script type=\"application\/ld+json\" class=\"yoast-schema-graph\">{\"@context\":\"https:\/\/schema.org\",\"@graph\":[{\"@type\":\"WebSite\",\"@id\":\"https:\/\/indivisible-game.com\/#website\",\"url\":\"https:\/\/indivisible-game.com\/\",\"name\":\"Indivisible\",\"description\":\"Indivisible\",\"potentialAction\":[{\"@type\":\"SearchAction\",\"target\":{\"@type\":\"EntryPoint\",\"urlTemplate\":\"https:\/\/indivisible-game.com\/?s={search_term_string}\"},\"query-input\":\"required name=search_term_string\"}],\"inLanguage\":\"fr-FR\"},{\"@type\":\"ImageObject\",\"@id\":\"https:\/\/indivisible-game.com\/fr\/meet-the-characters\/ajna\/#primaryimage\",\"inLanguage\":\"fr-FR\",\"url\":\"https:\/\/indivisible-game.com\/wp-content\/uploads\/2019\/05\/pose_ajnaaxe.png\",\"contentUrl\":\"https:\/\/indivisible-game.com\/wp-content\/uploads\/2019\/05\/pose_ajnaaxe.png\",\"width\":1089,\"height\":1178},{\"@type\":\"WebPage\",\"@id\":\"https:\/\/indivisible-game.com\/fr\/meet-the-characters\/ajna\/#webpage\",\"url\":\"https:\/\/indivisible-game.com\/fr\/meet-the-characters\/ajna\/\",\"name\":\"Ajna - Indivisible\",\"isPartOf\":{\"@id\":\"https:\/\/indivisible-game.com\/#website\"},\"primaryImageOfPage\":{\"@id\":\"https:\/\/indivisible-game.com\/fr\/meet-the-characters\/ajna\/#primaryimage\"},\"datePublished\":\"2018-08-14T10:14:14+00:00\",\"dateModified\":\"2019-10-02T11:22:26+00:00\",\"breadcrumb\":{\"@id\":\"https:\/\/indivisible-game.com\/fr\/meet-the-characters\/ajna\/#breadcrumb\"},\"inLanguage\":\"fr-FR\",\"potentialAction\":[{\"@type\":\"ReadAction\",\"target\":[\"https:\/\/indivisible-game.com\/fr\/meet-the-characters\/ajna\/\"]}]},{\"@type\":\"BreadcrumbList\",\"@id\":\"https:\/\/indivisible-game.com\/fr\/meet-the-characters\/ajna\/#breadcrumb\",\"itemListElement\":[{\"@type\":\"ListItem\",\"position\":1,\"name\":\"Home\",\"item\":\"https:\/\/indivisible-game.com\/fr\/\"},{\"@type\":\"ListItem\",\"position\":2,\"name\":\"Pr\\u00e9sentation des personnages\",\"item\":\"https:\/\/indivisible-game.com\/fr\/meet-the-characters\/\"},{\"@type\":\"ListItem\",\"position\":3,\"name\":\"Ajna\"}]}]}<\/script>\n<!-- \/ Yoast SEO plugin. -->","yoast_head_json":{"robots":{"index":"index","follow":"follow","max-snippet":"max-snippet:-1","max-image-preview":"max-image-preview:large","max-video-preview":"max-video-preview:-1"},"canonical":"https:\/\/indivisible-game.com\/fr\/meet-the-characters\/ajna\/","og_locale":"fr_FR","og_type":"article","og_title":"Ajna - Indivisible","og_description":"\u00ab\u00a0Fille intr\u00e9pide et un brin rebelle, Ajna vivait \u00e0 Ashwat, un village isol\u00e9 dans les for\u00eats de l\u2019\u00e9tat de Navar. Son p\u00e8re, Indr, \u00e9leva Ajna pour en faire une fille juste et forte, en lui enseignant les arts martiaux pour qu\u2019elle puisse d\u00e9fendre leur maison. Lorsque sa ville fut attaqu\u00e9e par l\u2019arm\u00e9e du guerrier impitoyable... Voir l'article","og_url":"https:\/\/indivisible-game.com\/fr\/meet-the-characters\/ajna\/","og_site_name":"Indivisible","article_modified_time":"2019-10-02T11:22:26+00:00","og_image":[{"width":1089,"height":1178,"url":"https:\/\/indivisible-game.com\/wp-content\/uploads\/2019\/05\/pose_ajnaaxe.png","type":"image\/png"}],"twitter_card":"summary_large_image","twitter_misc":{"Dur\u00e9e de lecture estim\u00e9e":"1 minute"},"schema":{"@context":"https:\/\/schema.org","@graph":[{"@type":"WebSite","@id":"https:\/\/indivisible-game.com\/#website","url":"https:\/\/indivisible-game.com\/","name":"Indivisible","description":"Indivisible","potentialAction":[{"@type":"SearchAction","target":{"@type":"EntryPoint","urlTemplate":"https:\/\/indivisible-game.com\/?s={search_term_string}"},"query-input":"required name=search_term_string"}],"inLanguage":"fr-FR"},{"@type":"ImageObject","@id":"https:\/\/indivisible-game.com\/fr\/meet-the-characters\/ajna\/#primaryimage","inLanguage":"fr-FR","url":"https:\/\/indivisible-game.com\/wp-content\/uploads\/2019\/05\/pose_ajnaaxe.png","contentUrl":"https:\/\/indivisible-game.com\/wp-content\/uploads\/2019\/05\/pose_ajnaaxe.png","width":1089,"height":1178},{"@type":"WebPage","@id":"https:\/\/indivisible-game.com\/fr\/meet-the-characters\/ajna\/#webpage","url":"https:\/\/indivisible-game.com\/fr\/meet-the-characters\/ajna\/","name":"Ajna - Indivisible","isPartOf":{"@id":"https:\/\/indivisible-game.com\/#website"},"primaryImageOfPage":{"@id":"https:\/\/indivisible-game.com\/fr\/meet-the-characters\/ajna\/#primaryimage"},"datePublished":"2018-08-14T10:14:14+00:00","dateModified":"2019-10-02T11:22:26+00:00","breadcrumb":{"@id":"https:\/\/indivisible-game.com\/fr\/meet-the-characters\/ajna\/#breadcrumb"},"inLanguage":"fr-FR","potentialAction":[{"@type":"ReadAction","target":["https:\/\/indivisible-game.com\/fr\/meet-the-characters\/ajna\/"]}]},{"@type":"BreadcrumbList","@id":"https:\/\/indivisible-game.com\/fr\/meet-the-characters\/ajna\/#breadcrumb","itemListElement":[{"@type":"ListItem","position":1,"name":"Home","item":"https:\/\/indivisible-game.com\/fr\/"},{"@type":"ListItem","position":2,"name":"Pr\u00e9sentation des personnages","item":"https:\/\/indivisible-game.com\/fr\/meet-the-characters\/"},{"@type":"ListItem","position":3,"name":"Ajna"}]}]}},"_links":{"self":[{"href":"https:\/\/indivisible-game.com\/fr\/wp-json\/wp\/v2\/pages\/1103"}],"collection":[{"href":"https:\/\/indivisible-game.com\/fr\/wp-json\/wp\/v2\/pages"}],"about":[{"href":"https:\/\/indivisible-game.com\/fr\/wp-json\/wp\/v2\/types\/page"}],"author":[{"embeddable":true,"href":"https:\/\/indivisible-game.com\/fr\/wp-json\/wp\/v2\/users\/7"}],"replies":[{"embeddable":true,"href":"https:\/\/indivisible-game.com\/fr\/wp-json\/wp\/v2\/comments?post=1103"}],"version-history":[{"count":0,"href":"https:\/\/indivisible-game.com\/fr\/wp-json\/wp\/v2\/pages\/1103\/revisions"}],"up":[{"embeddable":true,"href":"https:\/\/indivisible-game.com\/fr\/wp-json\/wp\/v2\/pages\/1085"}],"wp:featuredmedia":[{"embeddable":true,"href":"https:\/\/indivisible-game.com\/fr\/wp-json\/wp\/v2\/media\/1105"}],"wp:attachment":[{"href":"https:\/\/indivisible-game.com\/fr\/wp-json\/wp\/v2\/media?parent=1103"}],"curies":[{"name":"wp","href":"https:\/\/api.w.org\/{rel}","templated":true}]}}