{"id":1591,"date":"2018-04-14T11:07:45","date_gmt":"2018-04-14T10:07:45","guid":{"rendered":"https:\/\/indivisiblegame.com\/meet-the-characters\/baozhai\/"},"modified":"2019-10-02T12:41:00","modified_gmt":"2019-10-02T11:41:00","slug":"baozhai","status":"publish","type":"page","link":"https:\/\/indivisible-game.com\/fr\/meet-the-characters\/baozhai\/","title":{"rendered":"Baozhai"},"content":{"rendered":"<p>\u00ab Reine des pirates \u00bb auto-proclam\u00e9e, Baozhai du Jade noire \u00e9tait une pirate f\u00e9roce autrefois \u00e0 la t\u00eate d\u2019une \u00e9norme armada, semant la terreur dans le Royaume de fer et parmi tous les commer\u00e7ants maritimes.<\/p>\n<p>Son armada fut d\u00e9cim\u00e9e par des monstres marins il y a 16 ans. Elle est d\u00e9sormais propri\u00e9taire d\u2019un unique navire \u2013 son invincible navire-tortue, Teotul, qu\u2019elle \u00ab lib\u00e9ra \u00bb au cours d\u2019une aventure pr\u00e9c\u00e9dente.<\/p>\n<p>Baozhai n\u2019a pas d\u2019\u00e9quipage et a pour habitude de noyer son chagrin dans les bars de Port Maerifa. Plut\u00f4t bruyante, flamboyante et agressive sous l\u2019effet de l\u2019alcool, elle n&rsquo;est jamais ennuy\u00e9e par les r\u00e9sidents qui pr\u00e9f\u00e8rent l\u2019\u00e9viter.<\/p>\n<p>La force d\u2019occupation du Royaume de fer ferait n\u2019importe quoi pour l\u2019emp\u00eacher de terroriser les mers \u00e0 nouveau, mais Baozhai est d\u00e9termin\u00e9e \u00e0 recr\u00e9er son \u00e9quipage et \u00e0 repartir \u00e0 l\u2019aventure.<\/p>\n","protected":false},"excerpt":{"rendered":"\u00ab Reine des pirates \u00bb auto-proclam\u00e9e, Baozhai du Jade noire \u00e9tait une pirate f\u00e9roce autrefois \u00e0 la t\u00eate d\u2019une \u00e9norme armada, semant la terreur dans le Royaume de fer et parmi tous les commer\u00e7ants maritimes. Son armada fut d\u00e9cim\u00e9e par des monstres marins il y a 16 ans. Elle est d\u00e9sormais propri\u00e9taire d\u2019un unique navire&#8230; <a class=\"view-article\" href=\"https:\/\/indivisible-game.com\/fr\/meet-the-characters\/baozhai\/\">Voir l&rsquo;article<\/a>","protected":false},"author":7,"featured_media":1163,"parent":1085,"menu_order":2,"comment_status":"closed","ping_status":"closed","template":"","meta":{"_monsterinsights_skip_tracking":false,"_monsterinsights_sitenote_active":false,"_monsterinsights_sitenote_note":"","_monsterinsights_sitenote_category":0},"acf":[],"yoast_head":"<!-- This site is optimized with the Yoast SEO plugin v17.7 - https:\/\/yoast.com\/wordpress\/plugins\/seo\/ -->\n<meta name=\"robots\" content=\"index, follow, max-snippet:-1, max-image-preview:large, max-video-preview:-1\" \/>\n<link rel=\"canonical\" href=\"https:\/\/indivisible-game.com\/fr\/meet-the-characters\/baozhai\/\" \/>\n<meta property=\"og:locale\" content=\"fr_FR\" \/>\n<meta property=\"og:type\" content=\"article\" \/>\n<meta property=\"og:title\" content=\"Baozhai - Indivisible\" \/>\n<meta property=\"og:description\" content=\"\u00ab Reine des pirates \u00bb auto-proclam\u00e9e, Baozhai du Jade noire \u00e9tait une pirate f\u00e9roce autrefois \u00e0 la t\u00eate d\u2019une \u00e9norme armada, semant la terreur dans le Royaume de fer et parmi tous les commer\u00e7ants maritimes. Son armada fut d\u00e9cim\u00e9e par des monstres marins il y a 16 ans. Elle est d\u00e9sormais propri\u00e9taire d\u2019un unique navire... Voir l&#039;article\" \/>\n<meta property=\"og:url\" content=\"https:\/\/indivisible-game.com\/fr\/meet-the-characters\/baozhai\/\" \/>\n<meta property=\"og:site_name\" content=\"Indivisible\" \/>\n<meta property=\"article:modified_time\" content=\"2019-10-02T11:41:00+00:00\" \/>\n<meta property=\"og:image\" content=\"https:\/\/indivisible-game.com\/wp-content\/uploads\/2019\/05\/pose_baozhai.png\" \/>\n\t<meta property=\"og:image:width\" content=\"999\" \/>\n\t<meta property=\"og:image:height\" content=\"1424\" \/>\n<meta name=\"twitter:card\" content=\"summary_large_image\" \/>\n<meta name=\"twitter:label1\" content=\"Dur\u00e9e de lecture estim\u00e9e\" \/>\n\t<meta name=\"twitter:data1\" content=\"1 minute\" \/>\n<script type=\"application\/ld+json\" class=\"yoast-schema-graph\">{\"@context\":\"https:\/\/schema.org\",\"@graph\":[{\"@type\":\"WebSite\",\"@id\":\"https:\/\/indivisible-game.com\/#website\",\"url\":\"https:\/\/indivisible-game.com\/\",\"name\":\"Indivisible\",\"description\":\"Indivisible\",\"potentialAction\":[{\"@type\":\"SearchAction\",\"target\":{\"@type\":\"EntryPoint\",\"urlTemplate\":\"https:\/\/indivisible-game.com\/?s={search_term_string}\"},\"query-input\":\"required name=search_term_string\"}],\"inLanguage\":\"fr-FR\"},{\"@type\":\"ImageObject\",\"@id\":\"https:\/\/indivisible-game.com\/fr\/meet-the-characters\/baozhai\/#primaryimage\",\"inLanguage\":\"fr-FR\",\"url\":\"https:\/\/indivisible-game.com\/wp-content\/uploads\/2019\/05\/pose_baozhai.png\",\"contentUrl\":\"https:\/\/indivisible-game.com\/wp-content\/uploads\/2019\/05\/pose_baozhai.png\",\"width\":999,\"height\":1424},{\"@type\":\"WebPage\",\"@id\":\"https:\/\/indivisible-game.com\/fr\/meet-the-characters\/baozhai\/#webpage\",\"url\":\"https:\/\/indivisible-game.com\/fr\/meet-the-characters\/baozhai\/\",\"name\":\"Baozhai - Indivisible\",\"isPartOf\":{\"@id\":\"https:\/\/indivisible-game.com\/#website\"},\"primaryImageOfPage\":{\"@id\":\"https:\/\/indivisible-game.com\/fr\/meet-the-characters\/baozhai\/#primaryimage\"},\"datePublished\":\"2018-04-14T10:07:45+00:00\",\"dateModified\":\"2019-10-02T11:41:00+00:00\",\"breadcrumb\":{\"@id\":\"https:\/\/indivisible-game.com\/fr\/meet-the-characters\/baozhai\/#breadcrumb\"},\"inLanguage\":\"fr-FR\",\"potentialAction\":[{\"@type\":\"ReadAction\",\"target\":[\"https:\/\/indivisible-game.com\/fr\/meet-the-characters\/baozhai\/\"]}]},{\"@type\":\"BreadcrumbList\",\"@id\":\"https:\/\/indivisible-game.com\/fr\/meet-the-characters\/baozhai\/#breadcrumb\",\"itemListElement\":[{\"@type\":\"ListItem\",\"position\":1,\"name\":\"Home\",\"item\":\"https:\/\/indivisible-game.com\/fr\/\"},{\"@type\":\"ListItem\",\"position\":2,\"name\":\"Pr\\u00e9sentation des personnages\",\"item\":\"https:\/\/indivisible-game.com\/fr\/meet-the-characters\/\"},{\"@type\":\"ListItem\",\"position\":3,\"name\":\"Baozhai\"}]}]}<\/script>\n<!-- \/ Yoast SEO plugin. -->","yoast_head_json":{"robots":{"index":"index","follow":"follow","max-snippet":"max-snippet:-1","max-image-preview":"max-image-preview:large","max-video-preview":"max-video-preview:-1"},"canonical":"https:\/\/indivisible-game.com\/fr\/meet-the-characters\/baozhai\/","og_locale":"fr_FR","og_type":"article","og_title":"Baozhai - Indivisible","og_description":"\u00ab Reine des pirates \u00bb auto-proclam\u00e9e, Baozhai du Jade noire \u00e9tait une pirate f\u00e9roce autrefois \u00e0 la t\u00eate d\u2019une \u00e9norme armada, semant la terreur dans le Royaume de fer et parmi tous les commer\u00e7ants maritimes. Son armada fut d\u00e9cim\u00e9e par des monstres marins il y a 16 ans. Elle est d\u00e9sormais propri\u00e9taire d\u2019un unique navire... Voir l'article","og_url":"https:\/\/indivisible-game.com\/fr\/meet-the-characters\/baozhai\/","og_site_name":"Indivisible","article_modified_time":"2019-10-02T11:41:00+00:00","og_image":[{"width":999,"height":1424,"url":"https:\/\/indivisible-game.com\/wp-content\/uploads\/2019\/05\/pose_baozhai.png","type":"image\/png"}],"twitter_card":"summary_large_image","twitter_misc":{"Dur\u00e9e de lecture estim\u00e9e":"1 minute"},"schema":{"@context":"https:\/\/schema.org","@graph":[{"@type":"WebSite","@id":"https:\/\/indivisible-game.com\/#website","url":"https:\/\/indivisible-game.com\/","name":"Indivisible","description":"Indivisible","potentialAction":[{"@type":"SearchAction","target":{"@type":"EntryPoint","urlTemplate":"https:\/\/indivisible-game.com\/?s={search_term_string}"},"query-input":"required name=search_term_string"}],"inLanguage":"fr-FR"},{"@type":"ImageObject","@id":"https:\/\/indivisible-game.com\/fr\/meet-the-characters\/baozhai\/#primaryimage","inLanguage":"fr-FR","url":"https:\/\/indivisible-game.com\/wp-content\/uploads\/2019\/05\/pose_baozhai.png","contentUrl":"https:\/\/indivisible-game.com\/wp-content\/uploads\/2019\/05\/pose_baozhai.png","width":999,"height":1424},{"@type":"WebPage","@id":"https:\/\/indivisible-game.com\/fr\/meet-the-characters\/baozhai\/#webpage","url":"https:\/\/indivisible-game.com\/fr\/meet-the-characters\/baozhai\/","name":"Baozhai - Indivisible","isPartOf":{"@id":"https:\/\/indivisible-game.com\/#website"},"primaryImageOfPage":{"@id":"https:\/\/indivisible-game.com\/fr\/meet-the-characters\/baozhai\/#primaryimage"},"datePublished":"2018-04-14T10:07:45+00:00","dateModified":"2019-10-02T11:41:00+00:00","breadcrumb":{"@id":"https:\/\/indivisible-game.com\/fr\/meet-the-characters\/baozhai\/#breadcrumb"},"inLanguage":"fr-FR","potentialAction":[{"@type":"ReadAction","target":["https:\/\/indivisible-game.com\/fr\/meet-the-characters\/baozhai\/"]}]},{"@type":"BreadcrumbList","@id":"https:\/\/indivisible-game.com\/fr\/meet-the-characters\/baozhai\/#breadcrumb","itemListElement":[{"@type":"ListItem","position":1,"name":"Home","item":"https:\/\/indivisible-game.com\/fr\/"},{"@type":"ListItem","position":2,"name":"Pr\u00e9sentation des personnages","item":"https:\/\/indivisible-game.com\/fr\/meet-the-characters\/"},{"@type":"ListItem","position":3,"name":"Baozhai"}]}]}},"_links":{"self":[{"href":"https:\/\/indivisible-game.com\/fr\/wp-json\/wp\/v2\/pages\/1591"}],"collection":[{"href":"https:\/\/indivisible-game.com\/fr\/wp-json\/wp\/v2\/pages"}],"about":[{"href":"https:\/\/indivisible-game.com\/fr\/wp-json\/wp\/v2\/types\/page"}],"author":[{"embeddable":true,"href":"https:\/\/indivisible-game.com\/fr\/wp-json\/wp\/v2\/users\/7"}],"replies":[{"embeddable":true,"href":"https:\/\/indivisible-game.com\/fr\/wp-json\/wp\/v2\/comments?post=1591"}],"version-history":[{"count":0,"href":"https:\/\/indivisible-game.com\/fr\/wp-json\/wp\/v2\/pages\/1591\/revisions"}],"up":[{"embeddable":true,"href":"https:\/\/indivisible-game.com\/fr\/wp-json\/wp\/v2\/pages\/1085"}],"wp:featuredmedia":[{"embeddable":true,"href":"https:\/\/indivisible-game.com\/fr\/wp-json\/wp\/v2\/media\/1163"}],"wp:attachment":[{"href":"https:\/\/indivisible-game.com\/fr\/wp-json\/wp\/v2\/media?parent=1591"}],"curies":[{"name":"wp","href":"https:\/\/api.w.org\/{rel}","templated":true}]}}