{"id":1613,"date":"2018-08-14T11:21:23","date_gmt":"2018-08-14T10:21:23","guid":{"rendered":"https:\/\/indivisiblegame.com\/meet-the-characters\/dhar\/"},"modified":"2019-10-02T12:47:22","modified_gmt":"2019-10-02T11:47:22","slug":"dhar","status":"publish","type":"page","link":"https:\/\/indivisible-game.com\/fr\/meet-the-characters\/dhar\/","title":{"rendered":"Dhar"},"content":{"rendered":"<p>G\u00e9n\u00e9ral r\u00e9cemment entr\u00e9 au service de Ravannavar, Dhar a \u00e9t\u00e9 promu au rang de commandant pour ses brillants \u00e9tats de service. Dhar a pour t\u00e2che de purger le royaume des h\u00e9r\u00e9tiques d\u00e9sign\u00e9s par Ravannavar comme faisant obstacle \u00e0 l\u2019illumination, et il est particuli\u00e8rement dou\u00e9.<\/p>\n<p>Sa campagne de r\u00e9pression sanglante le mena jusqu\u2019\u00e0 Ashwat, o\u00f9 il rencontra Ajna. Mais durant leur affrontement, Ajna r\u00e9veilla une myst\u00e9rieuse capacit\u00e9 en elle, qui fit de Dhar la premi\u00e8re \u00ab Incarnation \u00bb qu\u2019elle absorba.<\/p>\n<p>Emprisonn\u00e9 dans l\u2019esprit d\u2019Ajna, Dhar accepte \u00e0 contrec\u0153ur de rejoindre Ajna dans sa qu\u00eate de justice. Mais a-t-il d\u2019autres motivations ?<\/p>\n","protected":false},"excerpt":{"rendered":"G\u00e9n\u00e9ral r\u00e9cemment entr\u00e9 au service de Ravannavar, Dhar a \u00e9t\u00e9 promu au rang de commandant pour ses brillants \u00e9tats de service. Dhar a pour t\u00e2che de purger le royaume des h\u00e9r\u00e9tiques d\u00e9sign\u00e9s par Ravannavar comme faisant obstacle \u00e0 l\u2019illumination, et il est particuli\u00e8rement dou\u00e9. Sa campagne de r\u00e9pression sanglante le mena jusqu\u2019\u00e0 Ashwat, o\u00f9 il&#8230; <a class=\"view-article\" href=\"https:\/\/indivisible-game.com\/fr\/meet-the-characters\/dhar\/\">Voir l&rsquo;article<\/a>","protected":false},"author":7,"featured_media":1164,"parent":1085,"menu_order":3,"comment_status":"closed","ping_status":"closed","template":"template_character.php","meta":{"_monsterinsights_skip_tracking":false,"_monsterinsights_sitenote_active":false,"_monsterinsights_sitenote_note":"","_monsterinsights_sitenote_category":0},"acf":[],"yoast_head":"<!-- This site is optimized with the Yoast SEO plugin v17.7 - https:\/\/yoast.com\/wordpress\/plugins\/seo\/ -->\n<meta name=\"robots\" content=\"index, follow, max-snippet:-1, max-image-preview:large, max-video-preview:-1\" \/>\n<link rel=\"canonical\" href=\"https:\/\/indivisible-game.com\/fr\/meet-the-characters\/dhar\/\" \/>\n<meta property=\"og:locale\" content=\"fr_FR\" \/>\n<meta property=\"og:type\" content=\"article\" \/>\n<meta property=\"og:title\" content=\"Dhar - Indivisible\" \/>\n<meta property=\"og:description\" content=\"G\u00e9n\u00e9ral r\u00e9cemment entr\u00e9 au service de Ravannavar, Dhar a \u00e9t\u00e9 promu au rang de commandant pour ses brillants \u00e9tats de service. Dhar a pour t\u00e2che de purger le royaume des h\u00e9r\u00e9tiques d\u00e9sign\u00e9s par Ravannavar comme faisant obstacle \u00e0 l\u2019illumination, et il est particuli\u00e8rement dou\u00e9. Sa campagne de r\u00e9pression sanglante le mena jusqu\u2019\u00e0 Ashwat, o\u00f9 il... Voir l&#039;article\" \/>\n<meta property=\"og:url\" content=\"https:\/\/indivisible-game.com\/fr\/meet-the-characters\/dhar\/\" \/>\n<meta property=\"og:site_name\" content=\"Indivisible\" \/>\n<meta property=\"article:modified_time\" content=\"2019-10-02T11:47:22+00:00\" \/>\n<meta property=\"og:image\" content=\"https:\/\/indivisible-game.com\/wp-content\/uploads\/2019\/05\/pose_dhar.png\" \/>\n\t<meta property=\"og:image:width\" content=\"1200\" \/>\n\t<meta property=\"og:image:height\" content=\"1145\" \/>\n<meta name=\"twitter:card\" content=\"summary_large_image\" \/>\n<meta name=\"twitter:label1\" content=\"Dur\u00e9e de lecture estim\u00e9e\" \/>\n\t<meta name=\"twitter:data1\" content=\"1 minute\" \/>\n<script type=\"application\/ld+json\" class=\"yoast-schema-graph\">{\"@context\":\"https:\/\/schema.org\",\"@graph\":[{\"@type\":\"WebSite\",\"@id\":\"https:\/\/indivisible-game.com\/#website\",\"url\":\"https:\/\/indivisible-game.com\/\",\"name\":\"Indivisible\",\"description\":\"Indivisible\",\"potentialAction\":[{\"@type\":\"SearchAction\",\"target\":{\"@type\":\"EntryPoint\",\"urlTemplate\":\"https:\/\/indivisible-game.com\/?s={search_term_string}\"},\"query-input\":\"required name=search_term_string\"}],\"inLanguage\":\"fr-FR\"},{\"@type\":\"ImageObject\",\"@id\":\"https:\/\/indivisible-game.com\/fr\/meet-the-characters\/dhar\/#primaryimage\",\"inLanguage\":\"fr-FR\",\"url\":\"https:\/\/indivisible-game.com\/wp-content\/uploads\/2019\/05\/pose_dhar.png\",\"contentUrl\":\"https:\/\/indivisible-game.com\/wp-content\/uploads\/2019\/05\/pose_dhar.png\",\"width\":1200,\"height\":1145},{\"@type\":\"WebPage\",\"@id\":\"https:\/\/indivisible-game.com\/fr\/meet-the-characters\/dhar\/#webpage\",\"url\":\"https:\/\/indivisible-game.com\/fr\/meet-the-characters\/dhar\/\",\"name\":\"Dhar - Indivisible\",\"isPartOf\":{\"@id\":\"https:\/\/indivisible-game.com\/#website\"},\"primaryImageOfPage\":{\"@id\":\"https:\/\/indivisible-game.com\/fr\/meet-the-characters\/dhar\/#primaryimage\"},\"datePublished\":\"2018-08-14T10:21:23+00:00\",\"dateModified\":\"2019-10-02T11:47:22+00:00\",\"breadcrumb\":{\"@id\":\"https:\/\/indivisible-game.com\/fr\/meet-the-characters\/dhar\/#breadcrumb\"},\"inLanguage\":\"fr-FR\",\"potentialAction\":[{\"@type\":\"ReadAction\",\"target\":[\"https:\/\/indivisible-game.com\/fr\/meet-the-characters\/dhar\/\"]}]},{\"@type\":\"BreadcrumbList\",\"@id\":\"https:\/\/indivisible-game.com\/fr\/meet-the-characters\/dhar\/#breadcrumb\",\"itemListElement\":[{\"@type\":\"ListItem\",\"position\":1,\"name\":\"Home\",\"item\":\"https:\/\/indivisible-game.com\/fr\/\"},{\"@type\":\"ListItem\",\"position\":2,\"name\":\"Pr\\u00e9sentation des personnages\",\"item\":\"https:\/\/indivisible-game.com\/fr\/meet-the-characters\/\"},{\"@type\":\"ListItem\",\"position\":3,\"name\":\"Dhar\"}]}]}<\/script>\n<!-- \/ Yoast SEO plugin. -->","yoast_head_json":{"robots":{"index":"index","follow":"follow","max-snippet":"max-snippet:-1","max-image-preview":"max-image-preview:large","max-video-preview":"max-video-preview:-1"},"canonical":"https:\/\/indivisible-game.com\/fr\/meet-the-characters\/dhar\/","og_locale":"fr_FR","og_type":"article","og_title":"Dhar - Indivisible","og_description":"G\u00e9n\u00e9ral r\u00e9cemment entr\u00e9 au service de Ravannavar, Dhar a \u00e9t\u00e9 promu au rang de commandant pour ses brillants \u00e9tats de service. Dhar a pour t\u00e2che de purger le royaume des h\u00e9r\u00e9tiques d\u00e9sign\u00e9s par Ravannavar comme faisant obstacle \u00e0 l\u2019illumination, et il est particuli\u00e8rement dou\u00e9. Sa campagne de r\u00e9pression sanglante le mena jusqu\u2019\u00e0 Ashwat, o\u00f9 il... Voir l'article","og_url":"https:\/\/indivisible-game.com\/fr\/meet-the-characters\/dhar\/","og_site_name":"Indivisible","article_modified_time":"2019-10-02T11:47:22+00:00","og_image":[{"width":1200,"height":1145,"url":"https:\/\/indivisible-game.com\/wp-content\/uploads\/2019\/05\/pose_dhar.png","type":"image\/png"}],"twitter_card":"summary_large_image","twitter_misc":{"Dur\u00e9e de lecture estim\u00e9e":"1 minute"},"schema":{"@context":"https:\/\/schema.org","@graph":[{"@type":"WebSite","@id":"https:\/\/indivisible-game.com\/#website","url":"https:\/\/indivisible-game.com\/","name":"Indivisible","description":"Indivisible","potentialAction":[{"@type":"SearchAction","target":{"@type":"EntryPoint","urlTemplate":"https:\/\/indivisible-game.com\/?s={search_term_string}"},"query-input":"required name=search_term_string"}],"inLanguage":"fr-FR"},{"@type":"ImageObject","@id":"https:\/\/indivisible-game.com\/fr\/meet-the-characters\/dhar\/#primaryimage","inLanguage":"fr-FR","url":"https:\/\/indivisible-game.com\/wp-content\/uploads\/2019\/05\/pose_dhar.png","contentUrl":"https:\/\/indivisible-game.com\/wp-content\/uploads\/2019\/05\/pose_dhar.png","width":1200,"height":1145},{"@type":"WebPage","@id":"https:\/\/indivisible-game.com\/fr\/meet-the-characters\/dhar\/#webpage","url":"https:\/\/indivisible-game.com\/fr\/meet-the-characters\/dhar\/","name":"Dhar - Indivisible","isPartOf":{"@id":"https:\/\/indivisible-game.com\/#website"},"primaryImageOfPage":{"@id":"https:\/\/indivisible-game.com\/fr\/meet-the-characters\/dhar\/#primaryimage"},"datePublished":"2018-08-14T10:21:23+00:00","dateModified":"2019-10-02T11:47:22+00:00","breadcrumb":{"@id":"https:\/\/indivisible-game.com\/fr\/meet-the-characters\/dhar\/#breadcrumb"},"inLanguage":"fr-FR","potentialAction":[{"@type":"ReadAction","target":["https:\/\/indivisible-game.com\/fr\/meet-the-characters\/dhar\/"]}]},{"@type":"BreadcrumbList","@id":"https:\/\/indivisible-game.com\/fr\/meet-the-characters\/dhar\/#breadcrumb","itemListElement":[{"@type":"ListItem","position":1,"name":"Home","item":"https:\/\/indivisible-game.com\/fr\/"},{"@type":"ListItem","position":2,"name":"Pr\u00e9sentation des personnages","item":"https:\/\/indivisible-game.com\/fr\/meet-the-characters\/"},{"@type":"ListItem","position":3,"name":"Dhar"}]}]}},"_links":{"self":[{"href":"https:\/\/indivisible-game.com\/fr\/wp-json\/wp\/v2\/pages\/1613"}],"collection":[{"href":"https:\/\/indivisible-game.com\/fr\/wp-json\/wp\/v2\/pages"}],"about":[{"href":"https:\/\/indivisible-game.com\/fr\/wp-json\/wp\/v2\/types\/page"}],"author":[{"embeddable":true,"href":"https:\/\/indivisible-game.com\/fr\/wp-json\/wp\/v2\/users\/7"}],"replies":[{"embeddable":true,"href":"https:\/\/indivisible-game.com\/fr\/wp-json\/wp\/v2\/comments?post=1613"}],"version-history":[{"count":0,"href":"https:\/\/indivisible-game.com\/fr\/wp-json\/wp\/v2\/pages\/1613\/revisions"}],"up":[{"embeddable":true,"href":"https:\/\/indivisible-game.com\/fr\/wp-json\/wp\/v2\/pages\/1085"}],"wp:featuredmedia":[{"embeddable":true,"href":"https:\/\/indivisible-game.com\/fr\/wp-json\/wp\/v2\/media\/1164"}],"wp:attachment":[{"href":"https:\/\/indivisible-game.com\/fr\/wp-json\/wp\/v2\/media?parent=1613"}],"curies":[{"name":"wp","href":"https:\/\/api.w.org\/{rel}","templated":true}]}}