{"id":1821,"date":"2019-05-17T11:01:59","date_gmt":"2019-05-17T10:01:59","guid":{"rendered":"https:\/\/indivisiblegame.com\/meet-the-characters\/naga-rider\/"},"modified":"2019-10-03T11:49:28","modified_gmt":"2019-10-03T10:49:28","slug":"naga-rider","status":"publish","type":"page","link":"https:\/\/indivisible-game.com\/fr\/meet-the-characters\/naga-rider\/","title":{"rendered":"Naga Rider"},"content":{"rendered":"<p>H\u00e9ros de Tai Krung City, d\u00e9fenseur du dharma, protecteur du peuple : voici Naga Rider !<\/p>\n<p>Dernier membre des cavaliers Vahana, Naga Rider se bat pour la justice face \u00e0 la vague de crimes et de corruption ravageant la cit\u00e9 de Tai Krung.<\/p>\n<p>Gr\u00e2ce \u00e0 son Iddhi exceptionnel, Naga Rider est capable de cr\u00e9er de l\u2019armure sous forme de pens\u00e9e ainsi qu\u2019une monture paranormale sans pattes, dont il se sert pour parcourir les rues de Tai Krung \u00e0 la recherche de dangers \u00e0 \u00e9craser et de vies \u00e0 sauver.<\/p>\n<p>La v\u00e9ritable menace vient de Mara, le baron de la drogue r\u00e9gnant sur la ville depuis son antre haut perch\u00e9e, entour\u00e9 d\u2019une arm\u00e9e de sbires. Au-dessus de tous les autres, Garuda Cruel, un ancien camarade de Naga Rider ayant corrompu sa propre forme dans sa qu\u00eate de pouvoir, officie en tant que premier garde du corps de Mara.<\/p>\n<p>Naga Rider a toujours \u00e9t\u00e9 seul dans sa qu\u00eate de justice, mais va devoir apprendre \u00e0 travailler en \u00e9quipe s\u2019il veut sauver Tai Krung.<\/p>\n","protected":false},"excerpt":{"rendered":"H\u00e9ros de Tai Krung City, d\u00e9fenseur du dharma, protecteur du peuple : voici Naga Rider ! Dernier membre des cavaliers Vahana, Naga Rider se bat pour la justice face \u00e0 la vague de crimes et de corruption ravageant la cit\u00e9 de Tai Krung. Gr\u00e2ce \u00e0 son Iddhi exceptionnel, Naga Rider est capable de cr\u00e9er de&#8230; <a class=\"view-article\" href=\"https:\/\/indivisible-game.com\/fr\/meet-the-characters\/naga-rider\/\">Voir l&rsquo;article<\/a>","protected":false},"author":7,"featured_media":1173,"parent":1085,"menu_order":12,"comment_status":"closed","ping_status":"closed","template":"template_character.php","meta":{"_monsterinsights_skip_tracking":false,"_monsterinsights_sitenote_active":false,"_monsterinsights_sitenote_note":"","_monsterinsights_sitenote_category":0},"acf":[],"yoast_head":"<!-- This site is optimized with the Yoast SEO plugin v17.7 - https:\/\/yoast.com\/wordpress\/plugins\/seo\/ -->\n<meta name=\"robots\" content=\"index, follow, max-snippet:-1, max-image-preview:large, max-video-preview:-1\" \/>\n<link rel=\"canonical\" href=\"https:\/\/indivisible-game.com\/fr\/meet-the-characters\/naga-rider\/\" \/>\n<meta property=\"og:locale\" content=\"fr_FR\" \/>\n<meta property=\"og:type\" content=\"article\" \/>\n<meta property=\"og:title\" content=\"Naga Rider - Indivisible\" \/>\n<meta property=\"og:description\" content=\"H\u00e9ros de Tai Krung City, d\u00e9fenseur du dharma, protecteur du peuple : voici Naga Rider ! Dernier membre des cavaliers Vahana, Naga Rider se bat pour la justice face \u00e0 la vague de crimes et de corruption ravageant la cit\u00e9 de Tai Krung. Gr\u00e2ce \u00e0 son Iddhi exceptionnel, Naga Rider est capable de cr\u00e9er de... Voir l&#039;article\" \/>\n<meta property=\"og:url\" content=\"https:\/\/indivisible-game.com\/fr\/meet-the-characters\/naga-rider\/\" \/>\n<meta property=\"og:site_name\" content=\"Indivisible\" \/>\n<meta property=\"article:modified_time\" content=\"2019-10-03T10:49:28+00:00\" \/>\n<meta property=\"og:image\" content=\"https:\/\/indivisible-game.com\/wp-content\/uploads\/2019\/05\/pose_nagarider.png\" \/>\n\t<meta property=\"og:image:width\" content=\"945\" \/>\n\t<meta property=\"og:image:height\" content=\"1159\" \/>\n<meta name=\"twitter:card\" content=\"summary_large_image\" \/>\n<meta name=\"twitter:label1\" content=\"Dur\u00e9e de lecture estim\u00e9e\" \/>\n\t<meta name=\"twitter:data1\" content=\"1 minute\" \/>\n<script type=\"application\/ld+json\" class=\"yoast-schema-graph\">{\"@context\":\"https:\/\/schema.org\",\"@graph\":[{\"@type\":\"WebSite\",\"@id\":\"https:\/\/indivisible-game.com\/#website\",\"url\":\"https:\/\/indivisible-game.com\/\",\"name\":\"Indivisible\",\"description\":\"Indivisible\",\"potentialAction\":[{\"@type\":\"SearchAction\",\"target\":{\"@type\":\"EntryPoint\",\"urlTemplate\":\"https:\/\/indivisible-game.com\/?s={search_term_string}\"},\"query-input\":\"required name=search_term_string\"}],\"inLanguage\":\"fr-FR\"},{\"@type\":\"ImageObject\",\"@id\":\"https:\/\/indivisible-game.com\/fr\/meet-the-characters\/naga-rider\/#primaryimage\",\"inLanguage\":\"fr-FR\",\"url\":\"https:\/\/indivisible-game.com\/wp-content\/uploads\/2019\/05\/pose_nagarider.png\",\"contentUrl\":\"https:\/\/indivisible-game.com\/wp-content\/uploads\/2019\/05\/pose_nagarider.png\",\"width\":945,\"height\":1159},{\"@type\":\"WebPage\",\"@id\":\"https:\/\/indivisible-game.com\/fr\/meet-the-characters\/naga-rider\/#webpage\",\"url\":\"https:\/\/indivisible-game.com\/fr\/meet-the-characters\/naga-rider\/\",\"name\":\"Naga Rider - Indivisible\",\"isPartOf\":{\"@id\":\"https:\/\/indivisible-game.com\/#website\"},\"primaryImageOfPage\":{\"@id\":\"https:\/\/indivisible-game.com\/fr\/meet-the-characters\/naga-rider\/#primaryimage\"},\"datePublished\":\"2019-05-17T10:01:59+00:00\",\"dateModified\":\"2019-10-03T10:49:28+00:00\",\"breadcrumb\":{\"@id\":\"https:\/\/indivisible-game.com\/fr\/meet-the-characters\/naga-rider\/#breadcrumb\"},\"inLanguage\":\"fr-FR\",\"potentialAction\":[{\"@type\":\"ReadAction\",\"target\":[\"https:\/\/indivisible-game.com\/fr\/meet-the-characters\/naga-rider\/\"]}]},{\"@type\":\"BreadcrumbList\",\"@id\":\"https:\/\/indivisible-game.com\/fr\/meet-the-characters\/naga-rider\/#breadcrumb\",\"itemListElement\":[{\"@type\":\"ListItem\",\"position\":1,\"name\":\"Home\",\"item\":\"https:\/\/indivisible-game.com\/fr\/\"},{\"@type\":\"ListItem\",\"position\":2,\"name\":\"Pr\\u00e9sentation des personnages\",\"item\":\"https:\/\/indivisible-game.com\/fr\/meet-the-characters\/\"},{\"@type\":\"ListItem\",\"position\":3,\"name\":\"Naga Rider\"}]}]}<\/script>\n<!-- \/ Yoast SEO plugin. -->","yoast_head_json":{"robots":{"index":"index","follow":"follow","max-snippet":"max-snippet:-1","max-image-preview":"max-image-preview:large","max-video-preview":"max-video-preview:-1"},"canonical":"https:\/\/indivisible-game.com\/fr\/meet-the-characters\/naga-rider\/","og_locale":"fr_FR","og_type":"article","og_title":"Naga Rider - Indivisible","og_description":"H\u00e9ros de Tai Krung City, d\u00e9fenseur du dharma, protecteur du peuple : voici Naga Rider ! Dernier membre des cavaliers Vahana, Naga Rider se bat pour la justice face \u00e0 la vague de crimes et de corruption ravageant la cit\u00e9 de Tai Krung. Gr\u00e2ce \u00e0 son Iddhi exceptionnel, Naga Rider est capable de cr\u00e9er de... Voir l'article","og_url":"https:\/\/indivisible-game.com\/fr\/meet-the-characters\/naga-rider\/","og_site_name":"Indivisible","article_modified_time":"2019-10-03T10:49:28+00:00","og_image":[{"width":945,"height":1159,"url":"https:\/\/indivisible-game.com\/wp-content\/uploads\/2019\/05\/pose_nagarider.png","type":"image\/png"}],"twitter_card":"summary_large_image","twitter_misc":{"Dur\u00e9e de lecture estim\u00e9e":"1 minute"},"schema":{"@context":"https:\/\/schema.org","@graph":[{"@type":"WebSite","@id":"https:\/\/indivisible-game.com\/#website","url":"https:\/\/indivisible-game.com\/","name":"Indivisible","description":"Indivisible","potentialAction":[{"@type":"SearchAction","target":{"@type":"EntryPoint","urlTemplate":"https:\/\/indivisible-game.com\/?s={search_term_string}"},"query-input":"required name=search_term_string"}],"inLanguage":"fr-FR"},{"@type":"ImageObject","@id":"https:\/\/indivisible-game.com\/fr\/meet-the-characters\/naga-rider\/#primaryimage","inLanguage":"fr-FR","url":"https:\/\/indivisible-game.com\/wp-content\/uploads\/2019\/05\/pose_nagarider.png","contentUrl":"https:\/\/indivisible-game.com\/wp-content\/uploads\/2019\/05\/pose_nagarider.png","width":945,"height":1159},{"@type":"WebPage","@id":"https:\/\/indivisible-game.com\/fr\/meet-the-characters\/naga-rider\/#webpage","url":"https:\/\/indivisible-game.com\/fr\/meet-the-characters\/naga-rider\/","name":"Naga Rider - Indivisible","isPartOf":{"@id":"https:\/\/indivisible-game.com\/#website"},"primaryImageOfPage":{"@id":"https:\/\/indivisible-game.com\/fr\/meet-the-characters\/naga-rider\/#primaryimage"},"datePublished":"2019-05-17T10:01:59+00:00","dateModified":"2019-10-03T10:49:28+00:00","breadcrumb":{"@id":"https:\/\/indivisible-game.com\/fr\/meet-the-characters\/naga-rider\/#breadcrumb"},"inLanguage":"fr-FR","potentialAction":[{"@type":"ReadAction","target":["https:\/\/indivisible-game.com\/fr\/meet-the-characters\/naga-rider\/"]}]},{"@type":"BreadcrumbList","@id":"https:\/\/indivisible-game.com\/fr\/meet-the-characters\/naga-rider\/#breadcrumb","itemListElement":[{"@type":"ListItem","position":1,"name":"Home","item":"https:\/\/indivisible-game.com\/fr\/"},{"@type":"ListItem","position":2,"name":"Pr\u00e9sentation des personnages","item":"https:\/\/indivisible-game.com\/fr\/meet-the-characters\/"},{"@type":"ListItem","position":3,"name":"Naga Rider"}]}]}},"_links":{"self":[{"href":"https:\/\/indivisible-game.com\/fr\/wp-json\/wp\/v2\/pages\/1821"}],"collection":[{"href":"https:\/\/indivisible-game.com\/fr\/wp-json\/wp\/v2\/pages"}],"about":[{"href":"https:\/\/indivisible-game.com\/fr\/wp-json\/wp\/v2\/types\/page"}],"author":[{"embeddable":true,"href":"https:\/\/indivisible-game.com\/fr\/wp-json\/wp\/v2\/users\/7"}],"replies":[{"embeddable":true,"href":"https:\/\/indivisible-game.com\/fr\/wp-json\/wp\/v2\/comments?post=1821"}],"version-history":[{"count":0,"href":"https:\/\/indivisible-game.com\/fr\/wp-json\/wp\/v2\/pages\/1821\/revisions"}],"up":[{"embeddable":true,"href":"https:\/\/indivisible-game.com\/fr\/wp-json\/wp\/v2\/pages\/1085"}],"wp:featuredmedia":[{"embeddable":true,"href":"https:\/\/indivisible-game.com\/fr\/wp-json\/wp\/v2\/media\/1173"}],"wp:attachment":[{"href":"https:\/\/indivisible-game.com\/fr\/wp-json\/wp\/v2\/media?parent=1821"}],"curies":[{"name":"wp","href":"https:\/\/api.w.org\/{rel}","templated":true}]}}