{"id":1877,"date":"2018-08-14T11:24:35","date_gmt":"2018-08-14T10:24:35","guid":{"rendered":"https:\/\/indivisiblegame.com\/meet-the-characters\/nuna\/"},"modified":"2019-10-03T14:56:44","modified_gmt":"2019-10-03T13:56:44","slug":"nuna","status":"publish","type":"page","link":"https:\/\/indivisible-game.com\/fr\/meet-the-characters\/nuna\/","title":{"rendered":"Nuna"},"content":{"rendered":"<p>\u00ab\u00a0N\u00e9e \u00e0 Kaanul, Nuna est la deuxi\u00e8me d\u2019une fratrie de trois s\u0153urs.<\/p>\n<p>Sa grande s\u0153ur, Nijone, est la gu\u00e9risseuse la plus connue de Kaanul. Nuna voudrait servir la communaut\u00e9 aussi bienque sa s\u0153ur, mais cette derni\u00e8re l\u2019a tellement couv\u00e9e qu\u2019elle ne sait plus se d\u00e9brouiller toute seule.<br \/>\n Nuna a toujours eu de bonnes affinit\u00e9s avec les plantes, et s\u2019av\u00e8re aujourd\u2019hui \u00eatre une brillante phytomancienne. Elle est certaine que ses pouvoirs lui permettront un jour d\u2019aider le peuple de Kaanul, mais depuis que la Reine serpent a envoy\u00e9 toute la population sous terre, elle n\u2019a que tr\u00e8s peu d\u2019opportunit\u00e9s de les d\u00e9velopper.<\/p>\n<p>Tziti, l\u2019adjudante de la Reine serpent, force depuis peu la population de Kaanul \u00e0 rester sous terre, sans acc\u00e8s \u00e0 la surface, dans le but de la \u00ab prot\u00e9ger \u00bb. Inqui\u00e8te pour l\u2019avenir de Kaanul, Nijone a demand\u00e9 \u00e0 Nuna de rejoindre discr\u00e8tement la surface pour y chercher le grand h\u00e9ros de Kaanul, Angwu. Nuna, bien que nerveuse, a accept\u00e9 cette mission \u2013 peut-\u00eatre est-ce l\u2019opportunit\u00e9 qu\u2019elle attendait.\u00a0\u00bb<\/p>\n","protected":false},"excerpt":{"rendered":"\u00ab\u00a0N\u00e9e \u00e0 Kaanul, Nuna est la deuxi\u00e8me d\u2019une fratrie de trois s\u0153urs. Sa grande s\u0153ur, Nijone, est la gu\u00e9risseuse la plus connue de Kaanul. Nuna voudrait servir la communaut\u00e9 aussi bienque sa s\u0153ur, mais cette derni\u00e8re l\u2019a tellement couv\u00e9e qu\u2019elle ne sait plus se d\u00e9brouiller toute seule. Nuna a toujours eu de bonnes affinit\u00e9s avec&#8230; <a class=\"view-article\" href=\"https:\/\/indivisible-game.com\/fr\/meet-the-characters\/nuna\/\">Voir l&rsquo;article<\/a>","protected":false},"author":7,"featured_media":1175,"parent":1085,"menu_order":14,"comment_status":"closed","ping_status":"closed","template":"template_character.php","meta":{"_monsterinsights_skip_tracking":false,"_monsterinsights_sitenote_active":false,"_monsterinsights_sitenote_note":"","_monsterinsights_sitenote_category":0},"acf":[],"yoast_head":"<!-- This site is optimized with the Yoast SEO plugin v17.7 - https:\/\/yoast.com\/wordpress\/plugins\/seo\/ -->\n<meta name=\"robots\" content=\"index, follow, max-snippet:-1, max-image-preview:large, max-video-preview:-1\" \/>\n<link rel=\"canonical\" href=\"https:\/\/indivisible-game.com\/fr\/meet-the-characters\/nuna\/\" \/>\n<meta property=\"og:locale\" content=\"fr_FR\" \/>\n<meta property=\"og:type\" content=\"article\" \/>\n<meta property=\"og:title\" content=\"Nuna - Indivisible\" \/>\n<meta property=\"og:description\" content=\"\u00ab\u00a0N\u00e9e \u00e0 Kaanul, Nuna est la deuxi\u00e8me d\u2019une fratrie de trois s\u0153urs. Sa grande s\u0153ur, Nijone, est la gu\u00e9risseuse la plus connue de Kaanul. Nuna voudrait servir la communaut\u00e9 aussi bienque sa s\u0153ur, mais cette derni\u00e8re l\u2019a tellement couv\u00e9e qu\u2019elle ne sait plus se d\u00e9brouiller toute seule. Nuna a toujours eu de bonnes affinit\u00e9s avec... Voir l&#039;article\" \/>\n<meta property=\"og:url\" content=\"https:\/\/indivisible-game.com\/fr\/meet-the-characters\/nuna\/\" \/>\n<meta property=\"og:site_name\" content=\"Indivisible\" \/>\n<meta property=\"article:modified_time\" content=\"2019-10-03T13:56:44+00:00\" \/>\n<meta property=\"og:image\" content=\"https:\/\/indivisible-game.com\/wp-content\/uploads\/2019\/05\/pose_nuna.png\" \/>\n\t<meta property=\"og:image:width\" content=\"1042\" \/>\n\t<meta property=\"og:image:height\" content=\"1139\" \/>\n<meta name=\"twitter:card\" content=\"summary_large_image\" \/>\n<meta name=\"twitter:label1\" content=\"Dur\u00e9e de lecture estim\u00e9e\" \/>\n\t<meta name=\"twitter:data1\" content=\"1 minute\" \/>\n<script type=\"application\/ld+json\" class=\"yoast-schema-graph\">{\"@context\":\"https:\/\/schema.org\",\"@graph\":[{\"@type\":\"WebSite\",\"@id\":\"https:\/\/indivisible-game.com\/#website\",\"url\":\"https:\/\/indivisible-game.com\/\",\"name\":\"Indivisible\",\"description\":\"Indivisible\",\"potentialAction\":[{\"@type\":\"SearchAction\",\"target\":{\"@type\":\"EntryPoint\",\"urlTemplate\":\"https:\/\/indivisible-game.com\/?s={search_term_string}\"},\"query-input\":\"required name=search_term_string\"}],\"inLanguage\":\"fr-FR\"},{\"@type\":\"ImageObject\",\"@id\":\"https:\/\/indivisible-game.com\/fr\/meet-the-characters\/nuna\/#primaryimage\",\"inLanguage\":\"fr-FR\",\"url\":\"https:\/\/indivisible-game.com\/wp-content\/uploads\/2019\/05\/pose_nuna.png\",\"contentUrl\":\"https:\/\/indivisible-game.com\/wp-content\/uploads\/2019\/05\/pose_nuna.png\",\"width\":1042,\"height\":1139},{\"@type\":\"WebPage\",\"@id\":\"https:\/\/indivisible-game.com\/fr\/meet-the-characters\/nuna\/#webpage\",\"url\":\"https:\/\/indivisible-game.com\/fr\/meet-the-characters\/nuna\/\",\"name\":\"Nuna - Indivisible\",\"isPartOf\":{\"@id\":\"https:\/\/indivisible-game.com\/#website\"},\"primaryImageOfPage\":{\"@id\":\"https:\/\/indivisible-game.com\/fr\/meet-the-characters\/nuna\/#primaryimage\"},\"datePublished\":\"2018-08-14T10:24:35+00:00\",\"dateModified\":\"2019-10-03T13:56:44+00:00\",\"breadcrumb\":{\"@id\":\"https:\/\/indivisible-game.com\/fr\/meet-the-characters\/nuna\/#breadcrumb\"},\"inLanguage\":\"fr-FR\",\"potentialAction\":[{\"@type\":\"ReadAction\",\"target\":[\"https:\/\/indivisible-game.com\/fr\/meet-the-characters\/nuna\/\"]}]},{\"@type\":\"BreadcrumbList\",\"@id\":\"https:\/\/indivisible-game.com\/fr\/meet-the-characters\/nuna\/#breadcrumb\",\"itemListElement\":[{\"@type\":\"ListItem\",\"position\":1,\"name\":\"Home\",\"item\":\"https:\/\/indivisible-game.com\/fr\/\"},{\"@type\":\"ListItem\",\"position\":2,\"name\":\"Pr\\u00e9sentation des personnages\",\"item\":\"https:\/\/indivisible-game.com\/fr\/meet-the-characters\/\"},{\"@type\":\"ListItem\",\"position\":3,\"name\":\"Nuna\"}]}]}<\/script>\n<!-- \/ Yoast SEO plugin. -->","yoast_head_json":{"robots":{"index":"index","follow":"follow","max-snippet":"max-snippet:-1","max-image-preview":"max-image-preview:large","max-video-preview":"max-video-preview:-1"},"canonical":"https:\/\/indivisible-game.com\/fr\/meet-the-characters\/nuna\/","og_locale":"fr_FR","og_type":"article","og_title":"Nuna - Indivisible","og_description":"\u00ab\u00a0N\u00e9e \u00e0 Kaanul, Nuna est la deuxi\u00e8me d\u2019une fratrie de trois s\u0153urs. Sa grande s\u0153ur, Nijone, est la gu\u00e9risseuse la plus connue de Kaanul. Nuna voudrait servir la communaut\u00e9 aussi bienque sa s\u0153ur, mais cette derni\u00e8re l\u2019a tellement couv\u00e9e qu\u2019elle ne sait plus se d\u00e9brouiller toute seule. Nuna a toujours eu de bonnes affinit\u00e9s avec... Voir l'article","og_url":"https:\/\/indivisible-game.com\/fr\/meet-the-characters\/nuna\/","og_site_name":"Indivisible","article_modified_time":"2019-10-03T13:56:44+00:00","og_image":[{"width":1042,"height":1139,"url":"https:\/\/indivisible-game.com\/wp-content\/uploads\/2019\/05\/pose_nuna.png","type":"image\/png"}],"twitter_card":"summary_large_image","twitter_misc":{"Dur\u00e9e de lecture estim\u00e9e":"1 minute"},"schema":{"@context":"https:\/\/schema.org","@graph":[{"@type":"WebSite","@id":"https:\/\/indivisible-game.com\/#website","url":"https:\/\/indivisible-game.com\/","name":"Indivisible","description":"Indivisible","potentialAction":[{"@type":"SearchAction","target":{"@type":"EntryPoint","urlTemplate":"https:\/\/indivisible-game.com\/?s={search_term_string}"},"query-input":"required name=search_term_string"}],"inLanguage":"fr-FR"},{"@type":"ImageObject","@id":"https:\/\/indivisible-game.com\/fr\/meet-the-characters\/nuna\/#primaryimage","inLanguage":"fr-FR","url":"https:\/\/indivisible-game.com\/wp-content\/uploads\/2019\/05\/pose_nuna.png","contentUrl":"https:\/\/indivisible-game.com\/wp-content\/uploads\/2019\/05\/pose_nuna.png","width":1042,"height":1139},{"@type":"WebPage","@id":"https:\/\/indivisible-game.com\/fr\/meet-the-characters\/nuna\/#webpage","url":"https:\/\/indivisible-game.com\/fr\/meet-the-characters\/nuna\/","name":"Nuna - Indivisible","isPartOf":{"@id":"https:\/\/indivisible-game.com\/#website"},"primaryImageOfPage":{"@id":"https:\/\/indivisible-game.com\/fr\/meet-the-characters\/nuna\/#primaryimage"},"datePublished":"2018-08-14T10:24:35+00:00","dateModified":"2019-10-03T13:56:44+00:00","breadcrumb":{"@id":"https:\/\/indivisible-game.com\/fr\/meet-the-characters\/nuna\/#breadcrumb"},"inLanguage":"fr-FR","potentialAction":[{"@type":"ReadAction","target":["https:\/\/indivisible-game.com\/fr\/meet-the-characters\/nuna\/"]}]},{"@type":"BreadcrumbList","@id":"https:\/\/indivisible-game.com\/fr\/meet-the-characters\/nuna\/#breadcrumb","itemListElement":[{"@type":"ListItem","position":1,"name":"Home","item":"https:\/\/indivisible-game.com\/fr\/"},{"@type":"ListItem","position":2,"name":"Pr\u00e9sentation des personnages","item":"https:\/\/indivisible-game.com\/fr\/meet-the-characters\/"},{"@type":"ListItem","position":3,"name":"Nuna"}]}]}},"_links":{"self":[{"href":"https:\/\/indivisible-game.com\/fr\/wp-json\/wp\/v2\/pages\/1877"}],"collection":[{"href":"https:\/\/indivisible-game.com\/fr\/wp-json\/wp\/v2\/pages"}],"about":[{"href":"https:\/\/indivisible-game.com\/fr\/wp-json\/wp\/v2\/types\/page"}],"author":[{"embeddable":true,"href":"https:\/\/indivisible-game.com\/fr\/wp-json\/wp\/v2\/users\/7"}],"replies":[{"embeddable":true,"href":"https:\/\/indivisible-game.com\/fr\/wp-json\/wp\/v2\/comments?post=1877"}],"version-history":[{"count":0,"href":"https:\/\/indivisible-game.com\/fr\/wp-json\/wp\/v2\/pages\/1877\/revisions"}],"up":[{"embeddable":true,"href":"https:\/\/indivisible-game.com\/fr\/wp-json\/wp\/v2\/pages\/1085"}],"wp:featuredmedia":[{"embeddable":true,"href":"https:\/\/indivisible-game.com\/fr\/wp-json\/wp\/v2\/media\/1175"}],"wp:attachment":[{"href":"https:\/\/indivisible-game.com\/fr\/wp-json\/wp\/v2\/media?parent=1877"}],"curies":[{"name":"wp","href":"https:\/\/api.w.org\/{rel}","templated":true}]}}