{"id":1898,"date":"2019-05-17T10:41:18","date_gmt":"2019-05-17T09:41:18","guid":{"rendered":"https:\/\/indivisiblegame.com\/meet-the-characters\/phoebe\/"},"modified":"2019-10-03T15:01:25","modified_gmt":"2019-10-03T14:01:25","slug":"phoebe","status":"publish","type":"page","link":"https:\/\/indivisible-game.com\/fr\/meet-the-characters\/phoebe\/","title":{"rendered":"Phoebe"},"content":{"rendered":"<p>Dans son pays lointain, Phoebe \u00e9tait une combattante de la libert\u00e9 luttant contre des envahisseurs provenant d\u2019un pays voisin.<\/p>\n<p>Phoebe et son mari \u00e9taient des adversaires coriaces pour leurs ennemis. Ils se battaient f\u00e9rocement pour leur pays, mais aussi pour l\u2019avenir de leurs deux enfants, Aster et Egan.<\/p>\n<p>Mais avec l\u2019arriv\u00e9e d\u2019une nouvelle arme d\u00e9vastatrice, les envahisseurs prirent l\u2019avantage. Le mari de Phoebe fut mortellement bless\u00e9, et lui fit part de son ultime souhait juste avant de mourir : qu\u2019elle prenne les enfants et qu\u2019elle fuie. Elle prit place \u00e0 bord d\u2019un bateau \u00e0 destination de Port Maerifa avec ses enfants, et partit tandis que sa ville \u00e9tait r\u00e9duite en cendres.<\/p>\n<p>\u00c0 l\u2019abri des batailles d\u00e9truisant son pays, Phoebe s\u2019entra\u00eene d\u00e9sormais avec ses enfants. Ensemble, ils cherchent des alli\u00e9s dans l\u2019espoir d\u2019un jour rentrer chez eux pour chasser l\u2019occupant.<\/p>\n","protected":false},"excerpt":{"rendered":"Dans son pays lointain, Phoebe \u00e9tait une combattante de la libert\u00e9 luttant contre des envahisseurs provenant d\u2019un pays voisin. Phoebe et son mari \u00e9taient des adversaires coriaces pour leurs ennemis. Ils se battaient f\u00e9rocement pour leur pays, mais aussi pour l\u2019avenir de leurs deux enfants, Aster et Egan. Mais avec l\u2019arriv\u00e9e d\u2019une nouvelle arme d\u00e9vastatrice,&#8230; <a class=\"view-article\" href=\"https:\/\/indivisible-game.com\/fr\/meet-the-characters\/phoebe\/\">Voir l&rsquo;article<\/a>","protected":false},"author":7,"featured_media":1176,"parent":1085,"menu_order":15,"comment_status":"closed","ping_status":"closed","template":"template_character.php","meta":{"_monsterinsights_skip_tracking":false,"_monsterinsights_sitenote_active":false,"_monsterinsights_sitenote_note":"","_monsterinsights_sitenote_category":0},"acf":[],"yoast_head":"<!-- This site is optimized with the Yoast SEO plugin v17.7 - https:\/\/yoast.com\/wordpress\/plugins\/seo\/ -->\n<meta name=\"robots\" content=\"index, follow, max-snippet:-1, max-image-preview:large, max-video-preview:-1\" \/>\n<link rel=\"canonical\" href=\"https:\/\/indivisible-game.com\/fr\/meet-the-characters\/phoebe\/\" \/>\n<meta property=\"og:locale\" content=\"fr_FR\" \/>\n<meta property=\"og:type\" content=\"article\" \/>\n<meta property=\"og:title\" content=\"Phoebe - Indivisible\" \/>\n<meta property=\"og:description\" content=\"Dans son pays lointain, Phoebe \u00e9tait une combattante de la libert\u00e9 luttant contre des envahisseurs provenant d\u2019un pays voisin. Phoebe et son mari \u00e9taient des adversaires coriaces pour leurs ennemis. Ils se battaient f\u00e9rocement pour leur pays, mais aussi pour l\u2019avenir de leurs deux enfants, Aster et Egan. Mais avec l\u2019arriv\u00e9e d\u2019une nouvelle arme d\u00e9vastatrice,... Voir l&#039;article\" \/>\n<meta property=\"og:url\" content=\"https:\/\/indivisible-game.com\/fr\/meet-the-characters\/phoebe\/\" \/>\n<meta property=\"og:site_name\" content=\"Indivisible\" \/>\n<meta property=\"article:modified_time\" content=\"2019-10-03T14:01:25+00:00\" \/>\n<meta property=\"og:image\" content=\"https:\/\/indivisible-game.com\/wp-content\/uploads\/2019\/05\/pose_phoebe.png\" \/>\n\t<meta property=\"og:image:width\" content=\"1110\" \/>\n\t<meta property=\"og:image:height\" content=\"1294\" \/>\n<meta name=\"twitter:card\" content=\"summary_large_image\" \/>\n<meta name=\"twitter:label1\" content=\"Dur\u00e9e de lecture estim\u00e9e\" \/>\n\t<meta name=\"twitter:data1\" content=\"1 minute\" \/>\n<script type=\"application\/ld+json\" class=\"yoast-schema-graph\">{\"@context\":\"https:\/\/schema.org\",\"@graph\":[{\"@type\":\"WebSite\",\"@id\":\"https:\/\/indivisible-game.com\/#website\",\"url\":\"https:\/\/indivisible-game.com\/\",\"name\":\"Indivisible\",\"description\":\"Indivisible\",\"potentialAction\":[{\"@type\":\"SearchAction\",\"target\":{\"@type\":\"EntryPoint\",\"urlTemplate\":\"https:\/\/indivisible-game.com\/?s={search_term_string}\"},\"query-input\":\"required name=search_term_string\"}],\"inLanguage\":\"fr-FR\"},{\"@type\":\"ImageObject\",\"@id\":\"https:\/\/indivisible-game.com\/fr\/meet-the-characters\/phoebe\/#primaryimage\",\"inLanguage\":\"fr-FR\",\"url\":\"https:\/\/indivisible-game.com\/wp-content\/uploads\/2019\/05\/pose_phoebe.png\",\"contentUrl\":\"https:\/\/indivisible-game.com\/wp-content\/uploads\/2019\/05\/pose_phoebe.png\",\"width\":1110,\"height\":1294},{\"@type\":\"WebPage\",\"@id\":\"https:\/\/indivisible-game.com\/fr\/meet-the-characters\/phoebe\/#webpage\",\"url\":\"https:\/\/indivisible-game.com\/fr\/meet-the-characters\/phoebe\/\",\"name\":\"Phoebe - Indivisible\",\"isPartOf\":{\"@id\":\"https:\/\/indivisible-game.com\/#website\"},\"primaryImageOfPage\":{\"@id\":\"https:\/\/indivisible-game.com\/fr\/meet-the-characters\/phoebe\/#primaryimage\"},\"datePublished\":\"2019-05-17T09:41:18+00:00\",\"dateModified\":\"2019-10-03T14:01:25+00:00\",\"breadcrumb\":{\"@id\":\"https:\/\/indivisible-game.com\/fr\/meet-the-characters\/phoebe\/#breadcrumb\"},\"inLanguage\":\"fr-FR\",\"potentialAction\":[{\"@type\":\"ReadAction\",\"target\":[\"https:\/\/indivisible-game.com\/fr\/meet-the-characters\/phoebe\/\"]}]},{\"@type\":\"BreadcrumbList\",\"@id\":\"https:\/\/indivisible-game.com\/fr\/meet-the-characters\/phoebe\/#breadcrumb\",\"itemListElement\":[{\"@type\":\"ListItem\",\"position\":1,\"name\":\"Home\",\"item\":\"https:\/\/indivisible-game.com\/fr\/\"},{\"@type\":\"ListItem\",\"position\":2,\"name\":\"Pr\\u00e9sentation des personnages\",\"item\":\"https:\/\/indivisible-game.com\/fr\/meet-the-characters\/\"},{\"@type\":\"ListItem\",\"position\":3,\"name\":\"Phoebe\"}]}]}<\/script>\n<!-- \/ Yoast SEO plugin. -->","yoast_head_json":{"robots":{"index":"index","follow":"follow","max-snippet":"max-snippet:-1","max-image-preview":"max-image-preview:large","max-video-preview":"max-video-preview:-1"},"canonical":"https:\/\/indivisible-game.com\/fr\/meet-the-characters\/phoebe\/","og_locale":"fr_FR","og_type":"article","og_title":"Phoebe - Indivisible","og_description":"Dans son pays lointain, Phoebe \u00e9tait une combattante de la libert\u00e9 luttant contre des envahisseurs provenant d\u2019un pays voisin. Phoebe et son mari \u00e9taient des adversaires coriaces pour leurs ennemis. Ils se battaient f\u00e9rocement pour leur pays, mais aussi pour l\u2019avenir de leurs deux enfants, Aster et Egan. Mais avec l\u2019arriv\u00e9e d\u2019une nouvelle arme d\u00e9vastatrice,... Voir l'article","og_url":"https:\/\/indivisible-game.com\/fr\/meet-the-characters\/phoebe\/","og_site_name":"Indivisible","article_modified_time":"2019-10-03T14:01:25+00:00","og_image":[{"width":1110,"height":1294,"url":"https:\/\/indivisible-game.com\/wp-content\/uploads\/2019\/05\/pose_phoebe.png","type":"image\/png"}],"twitter_card":"summary_large_image","twitter_misc":{"Dur\u00e9e de lecture estim\u00e9e":"1 minute"},"schema":{"@context":"https:\/\/schema.org","@graph":[{"@type":"WebSite","@id":"https:\/\/indivisible-game.com\/#website","url":"https:\/\/indivisible-game.com\/","name":"Indivisible","description":"Indivisible","potentialAction":[{"@type":"SearchAction","target":{"@type":"EntryPoint","urlTemplate":"https:\/\/indivisible-game.com\/?s={search_term_string}"},"query-input":"required name=search_term_string"}],"inLanguage":"fr-FR"},{"@type":"ImageObject","@id":"https:\/\/indivisible-game.com\/fr\/meet-the-characters\/phoebe\/#primaryimage","inLanguage":"fr-FR","url":"https:\/\/indivisible-game.com\/wp-content\/uploads\/2019\/05\/pose_phoebe.png","contentUrl":"https:\/\/indivisible-game.com\/wp-content\/uploads\/2019\/05\/pose_phoebe.png","width":1110,"height":1294},{"@type":"WebPage","@id":"https:\/\/indivisible-game.com\/fr\/meet-the-characters\/phoebe\/#webpage","url":"https:\/\/indivisible-game.com\/fr\/meet-the-characters\/phoebe\/","name":"Phoebe - Indivisible","isPartOf":{"@id":"https:\/\/indivisible-game.com\/#website"},"primaryImageOfPage":{"@id":"https:\/\/indivisible-game.com\/fr\/meet-the-characters\/phoebe\/#primaryimage"},"datePublished":"2019-05-17T09:41:18+00:00","dateModified":"2019-10-03T14:01:25+00:00","breadcrumb":{"@id":"https:\/\/indivisible-game.com\/fr\/meet-the-characters\/phoebe\/#breadcrumb"},"inLanguage":"fr-FR","potentialAction":[{"@type":"ReadAction","target":["https:\/\/indivisible-game.com\/fr\/meet-the-characters\/phoebe\/"]}]},{"@type":"BreadcrumbList","@id":"https:\/\/indivisible-game.com\/fr\/meet-the-characters\/phoebe\/#breadcrumb","itemListElement":[{"@type":"ListItem","position":1,"name":"Home","item":"https:\/\/indivisible-game.com\/fr\/"},{"@type":"ListItem","position":2,"name":"Pr\u00e9sentation des personnages","item":"https:\/\/indivisible-game.com\/fr\/meet-the-characters\/"},{"@type":"ListItem","position":3,"name":"Phoebe"}]}]}},"_links":{"self":[{"href":"https:\/\/indivisible-game.com\/fr\/wp-json\/wp\/v2\/pages\/1898"}],"collection":[{"href":"https:\/\/indivisible-game.com\/fr\/wp-json\/wp\/v2\/pages"}],"about":[{"href":"https:\/\/indivisible-game.com\/fr\/wp-json\/wp\/v2\/types\/page"}],"author":[{"embeddable":true,"href":"https:\/\/indivisible-game.com\/fr\/wp-json\/wp\/v2\/users\/7"}],"replies":[{"embeddable":true,"href":"https:\/\/indivisible-game.com\/fr\/wp-json\/wp\/v2\/comments?post=1898"}],"version-history":[{"count":0,"href":"https:\/\/indivisible-game.com\/fr\/wp-json\/wp\/v2\/pages\/1898\/revisions"}],"up":[{"embeddable":true,"href":"https:\/\/indivisible-game.com\/fr\/wp-json\/wp\/v2\/pages\/1085"}],"wp:featuredmedia":[{"embeddable":true,"href":"https:\/\/indivisible-game.com\/fr\/wp-json\/wp\/v2\/media\/1176"}],"wp:attachment":[{"href":"https:\/\/indivisible-game.com\/fr\/wp-json\/wp\/v2\/media?parent=1898"}],"curies":[{"name":"wp","href":"https:\/\/api.w.org\/{rel}","templated":true}]}}