{"id":1940,"date":"2018-08-14T11:25:56","date_gmt":"2018-08-14T10:25:56","guid":{"rendered":"https:\/\/indivisiblegame.com\/meet-the-characters\/razmi\/"},"modified":"2019-10-03T15:16:14","modified_gmt":"2019-10-03T14:16:14","slug":"razmi","status":"publish","type":"page","link":"https:\/\/indivisible-game.com\/fr\/meet-the-characters\/razmi\/","title":{"rendered":"Razmi"},"content":{"rendered":"<p>Razmi \u00e9tait une chamane solitaire qui vivait dans la for\u00eat entourant le village d\u2019Ashwat. Elle consacrait ses journ\u00e9es \u00e0 l\u2019\u00e9tude de la magie chamane, plus par int\u00e9r\u00eat personnel qu\u2019autre chose.<\/p>\n<p>Un peu gauche et hargneuse, Razmi ne s\u2019entend pas tr\u00e8s bien avec la plupart des gens. Elle pr\u00e9f\u00e8re la compagnie de Bom, l\u2019esprit de tigre qui r\u00e9side dans sa lanterne. Tant que sa lanterne reste allum\u00e9e, Bom est \u00e0 ses c\u00f4t\u00e9s.<\/p>\n<p>Au combat, Razmi d\u00e9cha\u00eene l\u2019esprit incendiaire de Bom sur ses ennemis tout en leur jetant des sorts et des mal\u00e9dictions puissants. Bien qu\u2019elle soit tr\u00e8s dou\u00e9e pour le combat, Razmi n\u2019y trouve que tr\u00e8s peu de plaisir et pr\u00e9f\u00e8rerait consacrer son temps \u00e0 l\u2019\u00e9tude solitaire, \u00e9clair\u00e9e par la lueur de Bom.<\/p>\n","protected":false},"excerpt":{"rendered":"Razmi \u00e9tait une chamane solitaire qui vivait dans la for\u00eat entourant le village d\u2019Ashwat. Elle consacrait ses journ\u00e9es \u00e0 l\u2019\u00e9tude de la magie chamane, plus par int\u00e9r\u00eat personnel qu\u2019autre chose. Un peu gauche et hargneuse, Razmi ne s\u2019entend pas tr\u00e8s bien avec la plupart des gens. Elle pr\u00e9f\u00e8re la compagnie de Bom, l\u2019esprit de tigre&#8230; <a class=\"view-article\" href=\"https:\/\/indivisible-game.com\/fr\/meet-the-characters\/razmi\/\">Voir l&rsquo;article<\/a>","protected":false},"author":7,"featured_media":1143,"parent":1085,"menu_order":17,"comment_status":"closed","ping_status":"closed","template":"template_character.php","meta":{"_monsterinsights_skip_tracking":false,"_monsterinsights_sitenote_active":false,"_monsterinsights_sitenote_note":"","_monsterinsights_sitenote_category":0},"acf":[],"yoast_head":"<!-- This site is optimized with the Yoast SEO plugin v17.7 - https:\/\/yoast.com\/wordpress\/plugins\/seo\/ -->\n<meta name=\"robots\" content=\"index, follow, max-snippet:-1, max-image-preview:large, max-video-preview:-1\" \/>\n<link rel=\"canonical\" href=\"https:\/\/indivisible-game.com\/fr\/meet-the-characters\/razmi\/\" \/>\n<meta property=\"og:locale\" content=\"fr_FR\" \/>\n<meta property=\"og:type\" content=\"article\" \/>\n<meta property=\"og:title\" content=\"Razmi - Indivisible\" \/>\n<meta property=\"og:description\" content=\"Razmi \u00e9tait une chamane solitaire qui vivait dans la for\u00eat entourant le village d\u2019Ashwat. Elle consacrait ses journ\u00e9es \u00e0 l\u2019\u00e9tude de la magie chamane, plus par int\u00e9r\u00eat personnel qu\u2019autre chose. Un peu gauche et hargneuse, Razmi ne s\u2019entend pas tr\u00e8s bien avec la plupart des gens. Elle pr\u00e9f\u00e8re la compagnie de Bom, l\u2019esprit de tigre... Voir l&#039;article\" \/>\n<meta property=\"og:url\" content=\"https:\/\/indivisible-game.com\/fr\/meet-the-characters\/razmi\/\" \/>\n<meta property=\"og:site_name\" content=\"Indivisible\" \/>\n<meta property=\"article:modified_time\" content=\"2019-10-03T14:16:14+00:00\" \/>\n<meta property=\"og:image\" content=\"https:\/\/indivisible-game.com\/wp-content\/uploads\/2019\/05\/pose_razmi.png\" \/>\n\t<meta property=\"og:image:width\" content=\"1183\" \/>\n\t<meta property=\"og:image:height\" content=\"1218\" \/>\n<meta name=\"twitter:card\" content=\"summary_large_image\" \/>\n<meta name=\"twitter:label1\" content=\"Dur\u00e9e de lecture estim\u00e9e\" \/>\n\t<meta name=\"twitter:data1\" content=\"1 minute\" \/>\n<script type=\"application\/ld+json\" class=\"yoast-schema-graph\">{\"@context\":\"https:\/\/schema.org\",\"@graph\":[{\"@type\":\"WebSite\",\"@id\":\"https:\/\/indivisible-game.com\/#website\",\"url\":\"https:\/\/indivisible-game.com\/\",\"name\":\"Indivisible\",\"description\":\"Indivisible\",\"potentialAction\":[{\"@type\":\"SearchAction\",\"target\":{\"@type\":\"EntryPoint\",\"urlTemplate\":\"https:\/\/indivisible-game.com\/?s={search_term_string}\"},\"query-input\":\"required name=search_term_string\"}],\"inLanguage\":\"fr-FR\"},{\"@type\":\"ImageObject\",\"@id\":\"https:\/\/indivisible-game.com\/fr\/meet-the-characters\/razmi\/#primaryimage\",\"inLanguage\":\"fr-FR\",\"url\":\"https:\/\/indivisible-game.com\/wp-content\/uploads\/2019\/05\/pose_razmi.png\",\"contentUrl\":\"https:\/\/indivisible-game.com\/wp-content\/uploads\/2019\/05\/pose_razmi.png\",\"width\":1183,\"height\":1218},{\"@type\":\"WebPage\",\"@id\":\"https:\/\/indivisible-game.com\/fr\/meet-the-characters\/razmi\/#webpage\",\"url\":\"https:\/\/indivisible-game.com\/fr\/meet-the-characters\/razmi\/\",\"name\":\"Razmi - Indivisible\",\"isPartOf\":{\"@id\":\"https:\/\/indivisible-game.com\/#website\"},\"primaryImageOfPage\":{\"@id\":\"https:\/\/indivisible-game.com\/fr\/meet-the-characters\/razmi\/#primaryimage\"},\"datePublished\":\"2018-08-14T10:25:56+00:00\",\"dateModified\":\"2019-10-03T14:16:14+00:00\",\"breadcrumb\":{\"@id\":\"https:\/\/indivisible-game.com\/fr\/meet-the-characters\/razmi\/#breadcrumb\"},\"inLanguage\":\"fr-FR\",\"potentialAction\":[{\"@type\":\"ReadAction\",\"target\":[\"https:\/\/indivisible-game.com\/fr\/meet-the-characters\/razmi\/\"]}]},{\"@type\":\"BreadcrumbList\",\"@id\":\"https:\/\/indivisible-game.com\/fr\/meet-the-characters\/razmi\/#breadcrumb\",\"itemListElement\":[{\"@type\":\"ListItem\",\"position\":1,\"name\":\"Home\",\"item\":\"https:\/\/indivisible-game.com\/fr\/\"},{\"@type\":\"ListItem\",\"position\":2,\"name\":\"Pr\\u00e9sentation des personnages\",\"item\":\"https:\/\/indivisible-game.com\/fr\/meet-the-characters\/\"},{\"@type\":\"ListItem\",\"position\":3,\"name\":\"Razmi\"}]}]}<\/script>\n<!-- \/ Yoast SEO plugin. -->","yoast_head_json":{"robots":{"index":"index","follow":"follow","max-snippet":"max-snippet:-1","max-image-preview":"max-image-preview:large","max-video-preview":"max-video-preview:-1"},"canonical":"https:\/\/indivisible-game.com\/fr\/meet-the-characters\/razmi\/","og_locale":"fr_FR","og_type":"article","og_title":"Razmi - Indivisible","og_description":"Razmi \u00e9tait une chamane solitaire qui vivait dans la for\u00eat entourant le village d\u2019Ashwat. Elle consacrait ses journ\u00e9es \u00e0 l\u2019\u00e9tude de la magie chamane, plus par int\u00e9r\u00eat personnel qu\u2019autre chose. Un peu gauche et hargneuse, Razmi ne s\u2019entend pas tr\u00e8s bien avec la plupart des gens. Elle pr\u00e9f\u00e8re la compagnie de Bom, l\u2019esprit de tigre... Voir l'article","og_url":"https:\/\/indivisible-game.com\/fr\/meet-the-characters\/razmi\/","og_site_name":"Indivisible","article_modified_time":"2019-10-03T14:16:14+00:00","og_image":[{"width":1183,"height":1218,"url":"https:\/\/indivisible-game.com\/wp-content\/uploads\/2019\/05\/pose_razmi.png","type":"image\/png"}],"twitter_card":"summary_large_image","twitter_misc":{"Dur\u00e9e de lecture estim\u00e9e":"1 minute"},"schema":{"@context":"https:\/\/schema.org","@graph":[{"@type":"WebSite","@id":"https:\/\/indivisible-game.com\/#website","url":"https:\/\/indivisible-game.com\/","name":"Indivisible","description":"Indivisible","potentialAction":[{"@type":"SearchAction","target":{"@type":"EntryPoint","urlTemplate":"https:\/\/indivisible-game.com\/?s={search_term_string}"},"query-input":"required name=search_term_string"}],"inLanguage":"fr-FR"},{"@type":"ImageObject","@id":"https:\/\/indivisible-game.com\/fr\/meet-the-characters\/razmi\/#primaryimage","inLanguage":"fr-FR","url":"https:\/\/indivisible-game.com\/wp-content\/uploads\/2019\/05\/pose_razmi.png","contentUrl":"https:\/\/indivisible-game.com\/wp-content\/uploads\/2019\/05\/pose_razmi.png","width":1183,"height":1218},{"@type":"WebPage","@id":"https:\/\/indivisible-game.com\/fr\/meet-the-characters\/razmi\/#webpage","url":"https:\/\/indivisible-game.com\/fr\/meet-the-characters\/razmi\/","name":"Razmi - Indivisible","isPartOf":{"@id":"https:\/\/indivisible-game.com\/#website"},"primaryImageOfPage":{"@id":"https:\/\/indivisible-game.com\/fr\/meet-the-characters\/razmi\/#primaryimage"},"datePublished":"2018-08-14T10:25:56+00:00","dateModified":"2019-10-03T14:16:14+00:00","breadcrumb":{"@id":"https:\/\/indivisible-game.com\/fr\/meet-the-characters\/razmi\/#breadcrumb"},"inLanguage":"fr-FR","potentialAction":[{"@type":"ReadAction","target":["https:\/\/indivisible-game.com\/fr\/meet-the-characters\/razmi\/"]}]},{"@type":"BreadcrumbList","@id":"https:\/\/indivisible-game.com\/fr\/meet-the-characters\/razmi\/#breadcrumb","itemListElement":[{"@type":"ListItem","position":1,"name":"Home","item":"https:\/\/indivisible-game.com\/fr\/"},{"@type":"ListItem","position":2,"name":"Pr\u00e9sentation des personnages","item":"https:\/\/indivisible-game.com\/fr\/meet-the-characters\/"},{"@type":"ListItem","position":3,"name":"Razmi"}]}]}},"_links":{"self":[{"href":"https:\/\/indivisible-game.com\/fr\/wp-json\/wp\/v2\/pages\/1940"}],"collection":[{"href":"https:\/\/indivisible-game.com\/fr\/wp-json\/wp\/v2\/pages"}],"about":[{"href":"https:\/\/indivisible-game.com\/fr\/wp-json\/wp\/v2\/types\/page"}],"author":[{"embeddable":true,"href":"https:\/\/indivisible-game.com\/fr\/wp-json\/wp\/v2\/users\/7"}],"replies":[{"embeddable":true,"href":"https:\/\/indivisible-game.com\/fr\/wp-json\/wp\/v2\/comments?post=1940"}],"version-history":[{"count":0,"href":"https:\/\/indivisible-game.com\/fr\/wp-json\/wp\/v2\/pages\/1940\/revisions"}],"up":[{"embeddable":true,"href":"https:\/\/indivisible-game.com\/fr\/wp-json\/wp\/v2\/pages\/1085"}],"wp:featuredmedia":[{"embeddable":true,"href":"https:\/\/indivisible-game.com\/fr\/wp-json\/wp\/v2\/media\/1143"}],"wp:attachment":[{"href":"https:\/\/indivisible-game.com\/fr\/wp-json\/wp\/v2\/media?parent=1940"}],"curies":[{"name":"wp","href":"https:\/\/api.w.org\/{rel}","templated":true}]}}