{"id":2056,"date":"2018-08-14T11:43:31","date_gmt":"2018-08-14T10:43:31","guid":{"rendered":"https:\/\/indivisiblegame.com\/meet-the-characters\/tungar\/"},"modified":"2019-10-03T16:06:06","modified_gmt":"2019-10-03T15:06:06","slug":"tungar","status":"publish","type":"page","link":"https:\/\/indivisible-game.com\/fr\/meet-the-characters\/tungar\/","title":{"rendered":"Tungar"},"content":{"rendered":"<p>Tungar est un ma\u00eetre du maniement de l\u2019urumi, une \u00e9p\u00e9e pourvue d\u2019une lame flexible semblable \u00e0 un ruban. Vigoureux et jovial, il est couvert de nombreuses cicatrices qui t\u00e9moignent de ses ann\u00e9es d\u2019entra\u00eenement et de combat. Lorsqu\u2019il ne s\u2019en sert pas, Tungar enroule son urumi con\u00e7u sur mesure autour de sa t\u00eate \u00e0 la mani\u00e8re d\u2019un turban m\u00e9tallique.<\/p>\n<p>Tungar et ses camarades disparus servaient en tant que chevaliers du royaume de Shayak, qui r\u00e9gnait autrefois sur la r\u00e9gion d\u2019Ashwat. La plupart des chevaliers furent d\u00e9truits par Ravannavar, mais Tungar fut emprisonn\u00e9 pour \u00eatre interrog\u00e9 \u00e0 propos des bastions de Shayak restants.<\/p>\n<p>D\u2019un naturel jovial et ouvert, il aime donner des conseils avis\u00e9s et raconter des histoires de guerre, sans se soucier d\u2019ennuyer son auditoire.<\/p>\n<p>Quoique tr\u00e8s bavard en temps normal, Tungar se montre particuli\u00e8rement brutal et s\u00e9rieux au combat. Il manie son urumi avec une efficacit\u00e9 furieuse et mortelle, d\u00e9coupant inlassablement les ennemis en une fraction de seconde.<\/p>\n","protected":false},"excerpt":{"rendered":"Tungar est un ma\u00eetre du maniement de l\u2019urumi, une \u00e9p\u00e9e pourvue d\u2019une lame flexible semblable \u00e0 un ruban. Vigoureux et jovial, il est couvert de nombreuses cicatrices qui t\u00e9moignent de ses ann\u00e9es d\u2019entra\u00eenement et de combat. Lorsqu\u2019il ne s\u2019en sert pas, Tungar enroule son urumi con\u00e7u sur mesure autour de sa t\u00eate \u00e0 la mani\u00e8re&#8230; <a class=\"view-article\" href=\"https:\/\/indivisible-game.com\/fr\/meet-the-characters\/tungar\/\">Voir l&rsquo;article<\/a>","protected":false},"author":7,"featured_media":1182,"parent":1085,"menu_order":22,"comment_status":"closed","ping_status":"closed","template":"template_character.php","meta":{"_monsterinsights_skip_tracking":false,"_monsterinsights_sitenote_active":false,"_monsterinsights_sitenote_note":"","_monsterinsights_sitenote_category":0},"acf":[],"yoast_head":"<!-- This site is optimized with the Yoast SEO plugin v17.7 - https:\/\/yoast.com\/wordpress\/plugins\/seo\/ -->\n<meta name=\"robots\" content=\"index, follow, max-snippet:-1, max-image-preview:large, max-video-preview:-1\" \/>\n<link rel=\"canonical\" href=\"https:\/\/indivisible-game.com\/fr\/meet-the-characters\/tungar\/\" \/>\n<meta property=\"og:locale\" content=\"fr_FR\" \/>\n<meta property=\"og:type\" content=\"article\" \/>\n<meta property=\"og:title\" content=\"Tungar - Indivisible\" \/>\n<meta property=\"og:description\" content=\"Tungar est un ma\u00eetre du maniement de l\u2019urumi, une \u00e9p\u00e9e pourvue d\u2019une lame flexible semblable \u00e0 un ruban. Vigoureux et jovial, il est couvert de nombreuses cicatrices qui t\u00e9moignent de ses ann\u00e9es d\u2019entra\u00eenement et de combat. Lorsqu\u2019il ne s\u2019en sert pas, Tungar enroule son urumi con\u00e7u sur mesure autour de sa t\u00eate \u00e0 la mani\u00e8re... Voir l&#039;article\" \/>\n<meta property=\"og:url\" content=\"https:\/\/indivisible-game.com\/fr\/meet-the-characters\/tungar\/\" \/>\n<meta property=\"og:site_name\" content=\"Indivisible\" \/>\n<meta property=\"article:modified_time\" content=\"2019-10-03T15:06:06+00:00\" \/>\n<meta property=\"og:image\" content=\"https:\/\/indivisible-game.com\/wp-content\/uploads\/2019\/05\/pose_tungar.png\" \/>\n\t<meta property=\"og:image:width\" content=\"1192\" \/>\n\t<meta property=\"og:image:height\" content=\"1424\" \/>\n<meta name=\"twitter:card\" content=\"summary_large_image\" \/>\n<meta name=\"twitter:label1\" content=\"Dur\u00e9e de lecture estim\u00e9e\" \/>\n\t<meta name=\"twitter:data1\" content=\"1 minute\" \/>\n<script type=\"application\/ld+json\" class=\"yoast-schema-graph\">{\"@context\":\"https:\/\/schema.org\",\"@graph\":[{\"@type\":\"WebSite\",\"@id\":\"https:\/\/indivisible-game.com\/#website\",\"url\":\"https:\/\/indivisible-game.com\/\",\"name\":\"Indivisible\",\"description\":\"Indivisible\",\"potentialAction\":[{\"@type\":\"SearchAction\",\"target\":{\"@type\":\"EntryPoint\",\"urlTemplate\":\"https:\/\/indivisible-game.com\/?s={search_term_string}\"},\"query-input\":\"required name=search_term_string\"}],\"inLanguage\":\"fr-FR\"},{\"@type\":\"ImageObject\",\"@id\":\"https:\/\/indivisible-game.com\/fr\/meet-the-characters\/tungar\/#primaryimage\",\"inLanguage\":\"fr-FR\",\"url\":\"https:\/\/indivisible-game.com\/wp-content\/uploads\/2019\/05\/pose_tungar.png\",\"contentUrl\":\"https:\/\/indivisible-game.com\/wp-content\/uploads\/2019\/05\/pose_tungar.png\",\"width\":1192,\"height\":1424},{\"@type\":\"WebPage\",\"@id\":\"https:\/\/indivisible-game.com\/fr\/meet-the-characters\/tungar\/#webpage\",\"url\":\"https:\/\/indivisible-game.com\/fr\/meet-the-characters\/tungar\/\",\"name\":\"Tungar - Indivisible\",\"isPartOf\":{\"@id\":\"https:\/\/indivisible-game.com\/#website\"},\"primaryImageOfPage\":{\"@id\":\"https:\/\/indivisible-game.com\/fr\/meet-the-characters\/tungar\/#primaryimage\"},\"datePublished\":\"2018-08-14T10:43:31+00:00\",\"dateModified\":\"2019-10-03T15:06:06+00:00\",\"breadcrumb\":{\"@id\":\"https:\/\/indivisible-game.com\/fr\/meet-the-characters\/tungar\/#breadcrumb\"},\"inLanguage\":\"fr-FR\",\"potentialAction\":[{\"@type\":\"ReadAction\",\"target\":[\"https:\/\/indivisible-game.com\/fr\/meet-the-characters\/tungar\/\"]}]},{\"@type\":\"BreadcrumbList\",\"@id\":\"https:\/\/indivisible-game.com\/fr\/meet-the-characters\/tungar\/#breadcrumb\",\"itemListElement\":[{\"@type\":\"ListItem\",\"position\":1,\"name\":\"Home\",\"item\":\"https:\/\/indivisible-game.com\/fr\/\"},{\"@type\":\"ListItem\",\"position\":2,\"name\":\"Pr\\u00e9sentation des personnages\",\"item\":\"https:\/\/indivisible-game.com\/fr\/meet-the-characters\/\"},{\"@type\":\"ListItem\",\"position\":3,\"name\":\"Tungar\"}]}]}<\/script>\n<!-- \/ Yoast SEO plugin. -->","yoast_head_json":{"robots":{"index":"index","follow":"follow","max-snippet":"max-snippet:-1","max-image-preview":"max-image-preview:large","max-video-preview":"max-video-preview:-1"},"canonical":"https:\/\/indivisible-game.com\/fr\/meet-the-characters\/tungar\/","og_locale":"fr_FR","og_type":"article","og_title":"Tungar - Indivisible","og_description":"Tungar est un ma\u00eetre du maniement de l\u2019urumi, une \u00e9p\u00e9e pourvue d\u2019une lame flexible semblable \u00e0 un ruban. Vigoureux et jovial, il est couvert de nombreuses cicatrices qui t\u00e9moignent de ses ann\u00e9es d\u2019entra\u00eenement et de combat. Lorsqu\u2019il ne s\u2019en sert pas, Tungar enroule son urumi con\u00e7u sur mesure autour de sa t\u00eate \u00e0 la mani\u00e8re... Voir l'article","og_url":"https:\/\/indivisible-game.com\/fr\/meet-the-characters\/tungar\/","og_site_name":"Indivisible","article_modified_time":"2019-10-03T15:06:06+00:00","og_image":[{"width":1192,"height":1424,"url":"https:\/\/indivisible-game.com\/wp-content\/uploads\/2019\/05\/pose_tungar.png","type":"image\/png"}],"twitter_card":"summary_large_image","twitter_misc":{"Dur\u00e9e de lecture estim\u00e9e":"1 minute"},"schema":{"@context":"https:\/\/schema.org","@graph":[{"@type":"WebSite","@id":"https:\/\/indivisible-game.com\/#website","url":"https:\/\/indivisible-game.com\/","name":"Indivisible","description":"Indivisible","potentialAction":[{"@type":"SearchAction","target":{"@type":"EntryPoint","urlTemplate":"https:\/\/indivisible-game.com\/?s={search_term_string}"},"query-input":"required name=search_term_string"}],"inLanguage":"fr-FR"},{"@type":"ImageObject","@id":"https:\/\/indivisible-game.com\/fr\/meet-the-characters\/tungar\/#primaryimage","inLanguage":"fr-FR","url":"https:\/\/indivisible-game.com\/wp-content\/uploads\/2019\/05\/pose_tungar.png","contentUrl":"https:\/\/indivisible-game.com\/wp-content\/uploads\/2019\/05\/pose_tungar.png","width":1192,"height":1424},{"@type":"WebPage","@id":"https:\/\/indivisible-game.com\/fr\/meet-the-characters\/tungar\/#webpage","url":"https:\/\/indivisible-game.com\/fr\/meet-the-characters\/tungar\/","name":"Tungar - Indivisible","isPartOf":{"@id":"https:\/\/indivisible-game.com\/#website"},"primaryImageOfPage":{"@id":"https:\/\/indivisible-game.com\/fr\/meet-the-characters\/tungar\/#primaryimage"},"datePublished":"2018-08-14T10:43:31+00:00","dateModified":"2019-10-03T15:06:06+00:00","breadcrumb":{"@id":"https:\/\/indivisible-game.com\/fr\/meet-the-characters\/tungar\/#breadcrumb"},"inLanguage":"fr-FR","potentialAction":[{"@type":"ReadAction","target":["https:\/\/indivisible-game.com\/fr\/meet-the-characters\/tungar\/"]}]},{"@type":"BreadcrumbList","@id":"https:\/\/indivisible-game.com\/fr\/meet-the-characters\/tungar\/#breadcrumb","itemListElement":[{"@type":"ListItem","position":1,"name":"Home","item":"https:\/\/indivisible-game.com\/fr\/"},{"@type":"ListItem","position":2,"name":"Pr\u00e9sentation des personnages","item":"https:\/\/indivisible-game.com\/fr\/meet-the-characters\/"},{"@type":"ListItem","position":3,"name":"Tungar"}]}]}},"_links":{"self":[{"href":"https:\/\/indivisible-game.com\/fr\/wp-json\/wp\/v2\/pages\/2056"}],"collection":[{"href":"https:\/\/indivisible-game.com\/fr\/wp-json\/wp\/v2\/pages"}],"about":[{"href":"https:\/\/indivisible-game.com\/fr\/wp-json\/wp\/v2\/types\/page"}],"author":[{"embeddable":true,"href":"https:\/\/indivisible-game.com\/fr\/wp-json\/wp\/v2\/users\/7"}],"replies":[{"embeddable":true,"href":"https:\/\/indivisible-game.com\/fr\/wp-json\/wp\/v2\/comments?post=2056"}],"version-history":[{"count":0,"href":"https:\/\/indivisible-game.com\/fr\/wp-json\/wp\/v2\/pages\/2056\/revisions"}],"up":[{"embeddable":true,"href":"https:\/\/indivisible-game.com\/fr\/wp-json\/wp\/v2\/pages\/1085"}],"wp:featuredmedia":[{"embeddable":true,"href":"https:\/\/indivisible-game.com\/fr\/wp-json\/wp\/v2\/media\/1182"}],"wp:attachment":[{"href":"https:\/\/indivisible-game.com\/fr\/wp-json\/wp\/v2\/media?parent=2056"}],"curies":[{"name":"wp","href":"https:\/\/api.w.org\/{rel}","templated":true}]}}