{"id":789,"date":"2018-08-14T11:14:14","date_gmt":"2018-08-14T10:14:14","guid":{"rendered":"https:\/\/indivisiblegame.com\/?page_id=789"},"modified":"2019-09-24T15:28:01","modified_gmt":"2019-09-24T14:28:01","slug":"ajna","status":"publish","type":"page","link":"https:\/\/indivisible-game.com\/it\/meet-the-characters\/ajna\/","title":{"rendered":"Ajna"},"content":{"rendered":"<p>Un&#8217;intrepida ragazza, dal carattere ribelle, Ajna viveva nel villaggio di Ashwat, nei pressi delle foreste della regione di Navar. Suo padre, Indr, ha educato Ajna al rispetto dei valori dell&#8217;onest\u00e0 e della determinazione e l&#8217;ha addestrata nelle arti marziali perch\u00e9 potesse difendere la loro abitazione.   <\/p>\n<p>Quando la sua citt\u00e0 viene attaccata dall&#8217;esercito dello spietato signore della guerra Ravannavar, Ajna scopre di avere un potere misterioso: la capacit\u00e0 di assorbire dentro di s\u00e9 le essenze di altri individui.   <\/p>\n<p>Determinata a misurarsi con Ravannavar e scoprire di pi\u00f9 sulle sue strane nuove abilit\u00e0, Ajna si lancia in un&#8217;avventura che la condurr\u00e0 in molti luoghi e che le riveler\u00e0 la sua vera natura e la porter\u00e0 a fare molte nuove scoperte.<\/p>\n","protected":false},"excerpt":{"rendered":"Un&#8217;intrepida ragazza, dal carattere ribelle, Ajna viveva nel villaggio di Ashwat, nei pressi delle foreste della regione di Navar. Suo padre, Indr, ha educato Ajna al rispetto dei valori dell&#8217;onest\u00e0 e della determinazione e l&#8217;ha addestrata nelle arti marziali perch\u00e9 potesse difendere la loro abitazione. Quando la sua citt\u00e0 viene attaccata dall&#8217;esercito dello spietato signore&#8230; <a class=\"view-article\" href=\"https:\/\/indivisible-game.com\/it\/meet-the-characters\/ajna\/\">Mostra articolo<\/a>","protected":false},"author":7,"featured_media":832,"parent":787,"menu_order":1,"comment_status":"closed","ping_status":"closed","template":"template_character.php","meta":{"_monsterinsights_skip_tracking":false,"_monsterinsights_sitenote_active":false,"_monsterinsights_sitenote_note":"","_monsterinsights_sitenote_category":0},"acf":[],"yoast_head":"<!-- This site is optimized with the Yoast SEO plugin v17.7 - https:\/\/yoast.com\/wordpress\/plugins\/seo\/ -->\n<meta name=\"robots\" content=\"index, follow, max-snippet:-1, max-image-preview:large, max-video-preview:-1\" \/>\n<link rel=\"canonical\" href=\"https:\/\/indivisible-game.com\/it\/meet-the-characters\/ajna\/\" \/>\n<meta property=\"og:locale\" content=\"it_IT\" \/>\n<meta property=\"og:type\" content=\"article\" \/>\n<meta property=\"og:title\" content=\"Ajna - Indivisible\" \/>\n<meta property=\"og:description\" content=\"Un&#8217;intrepida ragazza, dal carattere ribelle, Ajna viveva nel villaggio di Ashwat, nei pressi delle foreste della regione di Navar. Suo padre, Indr, ha educato Ajna al rispetto dei valori dell&#8217;onest\u00e0 e della determinazione e l&#8217;ha addestrata nelle arti marziali perch\u00e9 potesse difendere la loro abitazione. Quando la sua citt\u00e0 viene attaccata dall&#8217;esercito dello spietato signore... Mostra articolo\" \/>\n<meta property=\"og:url\" content=\"https:\/\/indivisible-game.com\/it\/meet-the-characters\/ajna\/\" \/>\n<meta property=\"og:site_name\" content=\"Indivisible\" \/>\n<meta property=\"article:modified_time\" content=\"2019-09-24T14:28:01+00:00\" \/>\n<meta property=\"og:image\" content=\"https:\/\/indivisible-game.com\/wp-content\/uploads\/2019\/05\/pose_ajnaaxe.png\" \/>\n\t<meta property=\"og:image:width\" content=\"1089\" \/>\n\t<meta property=\"og:image:height\" content=\"1178\" \/>\n<meta name=\"twitter:card\" content=\"summary_large_image\" \/>\n<meta name=\"twitter:label1\" content=\"Tempo di lettura stimato\" \/>\n\t<meta name=\"twitter:data1\" content=\"1 minuto\" \/>\n<script type=\"application\/ld+json\" class=\"yoast-schema-graph\">{\"@context\":\"https:\/\/schema.org\",\"@graph\":[{\"@type\":\"WebSite\",\"@id\":\"https:\/\/indivisible-game.com\/#website\",\"url\":\"https:\/\/indivisible-game.com\/\",\"name\":\"Indivisible\",\"description\":\"Indivisible\",\"potentialAction\":[{\"@type\":\"SearchAction\",\"target\":{\"@type\":\"EntryPoint\",\"urlTemplate\":\"https:\/\/indivisible-game.com\/?s={search_term_string}\"},\"query-input\":\"required name=search_term_string\"}],\"inLanguage\":\"it-IT\"},{\"@type\":\"ImageObject\",\"@id\":\"https:\/\/indivisible-game.com\/it\/meet-the-characters\/ajna\/#primaryimage\",\"inLanguage\":\"it-IT\",\"url\":\"https:\/\/indivisible-game.com\/wp-content\/uploads\/2019\/05\/pose_ajnaaxe.png\",\"contentUrl\":\"https:\/\/indivisible-game.com\/wp-content\/uploads\/2019\/05\/pose_ajnaaxe.png\",\"width\":1089,\"height\":1178},{\"@type\":\"WebPage\",\"@id\":\"https:\/\/indivisible-game.com\/it\/meet-the-characters\/ajna\/#webpage\",\"url\":\"https:\/\/indivisible-game.com\/it\/meet-the-characters\/ajna\/\",\"name\":\"Ajna - Indivisible\",\"isPartOf\":{\"@id\":\"https:\/\/indivisible-game.com\/#website\"},\"primaryImageOfPage\":{\"@id\":\"https:\/\/indivisible-game.com\/it\/meet-the-characters\/ajna\/#primaryimage\"},\"datePublished\":\"2018-08-14T10:14:14+00:00\",\"dateModified\":\"2019-09-24T14:28:01+00:00\",\"breadcrumb\":{\"@id\":\"https:\/\/indivisible-game.com\/it\/meet-the-characters\/ajna\/#breadcrumb\"},\"inLanguage\":\"it-IT\",\"potentialAction\":[{\"@type\":\"ReadAction\",\"target\":[\"https:\/\/indivisible-game.com\/it\/meet-the-characters\/ajna\/\"]}]},{\"@type\":\"BreadcrumbList\",\"@id\":\"https:\/\/indivisible-game.com\/it\/meet-the-characters\/ajna\/#breadcrumb\",\"itemListElement\":[{\"@type\":\"ListItem\",\"position\":1,\"name\":\"Home\",\"item\":\"https:\/\/indivisible-game.com\/it\/\"},{\"@type\":\"ListItem\",\"position\":2,\"name\":\"Incontra i personaggi\",\"item\":\"https:\/\/indivisible-game.com\/it\/meet-the-characters\/\"},{\"@type\":\"ListItem\",\"position\":3,\"name\":\"Ajna\"}]}]}<\/script>\n<!-- \/ Yoast SEO plugin. -->","yoast_head_json":{"robots":{"index":"index","follow":"follow","max-snippet":"max-snippet:-1","max-image-preview":"max-image-preview:large","max-video-preview":"max-video-preview:-1"},"canonical":"https:\/\/indivisible-game.com\/it\/meet-the-characters\/ajna\/","og_locale":"it_IT","og_type":"article","og_title":"Ajna - Indivisible","og_description":"Un&#8217;intrepida ragazza, dal carattere ribelle, Ajna viveva nel villaggio di Ashwat, nei pressi delle foreste della regione di Navar. Suo padre, Indr, ha educato Ajna al rispetto dei valori dell&#8217;onest\u00e0 e della determinazione e l&#8217;ha addestrata nelle arti marziali perch\u00e9 potesse difendere la loro abitazione. Quando la sua citt\u00e0 viene attaccata dall&#8217;esercito dello spietato signore... Mostra articolo","og_url":"https:\/\/indivisible-game.com\/it\/meet-the-characters\/ajna\/","og_site_name":"Indivisible","article_modified_time":"2019-09-24T14:28:01+00:00","og_image":[{"width":1089,"height":1178,"url":"https:\/\/indivisible-game.com\/wp-content\/uploads\/2019\/05\/pose_ajnaaxe.png","type":"image\/png"}],"twitter_card":"summary_large_image","twitter_misc":{"Tempo di lettura stimato":"1 minuto"},"schema":{"@context":"https:\/\/schema.org","@graph":[{"@type":"WebSite","@id":"https:\/\/indivisible-game.com\/#website","url":"https:\/\/indivisible-game.com\/","name":"Indivisible","description":"Indivisible","potentialAction":[{"@type":"SearchAction","target":{"@type":"EntryPoint","urlTemplate":"https:\/\/indivisible-game.com\/?s={search_term_string}"},"query-input":"required name=search_term_string"}],"inLanguage":"it-IT"},{"@type":"ImageObject","@id":"https:\/\/indivisible-game.com\/it\/meet-the-characters\/ajna\/#primaryimage","inLanguage":"it-IT","url":"https:\/\/indivisible-game.com\/wp-content\/uploads\/2019\/05\/pose_ajnaaxe.png","contentUrl":"https:\/\/indivisible-game.com\/wp-content\/uploads\/2019\/05\/pose_ajnaaxe.png","width":1089,"height":1178},{"@type":"WebPage","@id":"https:\/\/indivisible-game.com\/it\/meet-the-characters\/ajna\/#webpage","url":"https:\/\/indivisible-game.com\/it\/meet-the-characters\/ajna\/","name":"Ajna - Indivisible","isPartOf":{"@id":"https:\/\/indivisible-game.com\/#website"},"primaryImageOfPage":{"@id":"https:\/\/indivisible-game.com\/it\/meet-the-characters\/ajna\/#primaryimage"},"datePublished":"2018-08-14T10:14:14+00:00","dateModified":"2019-09-24T14:28:01+00:00","breadcrumb":{"@id":"https:\/\/indivisible-game.com\/it\/meet-the-characters\/ajna\/#breadcrumb"},"inLanguage":"it-IT","potentialAction":[{"@type":"ReadAction","target":["https:\/\/indivisible-game.com\/it\/meet-the-characters\/ajna\/"]}]},{"@type":"BreadcrumbList","@id":"https:\/\/indivisible-game.com\/it\/meet-the-characters\/ajna\/#breadcrumb","itemListElement":[{"@type":"ListItem","position":1,"name":"Home","item":"https:\/\/indivisible-game.com\/it\/"},{"@type":"ListItem","position":2,"name":"Incontra i personaggi","item":"https:\/\/indivisible-game.com\/it\/meet-the-characters\/"},{"@type":"ListItem","position":3,"name":"Ajna"}]}]}},"_links":{"self":[{"href":"https:\/\/indivisible-game.com\/it\/wp-json\/wp\/v2\/pages\/789"}],"collection":[{"href":"https:\/\/indivisible-game.com\/it\/wp-json\/wp\/v2\/pages"}],"about":[{"href":"https:\/\/indivisible-game.com\/it\/wp-json\/wp\/v2\/types\/page"}],"author":[{"embeddable":true,"href":"https:\/\/indivisible-game.com\/it\/wp-json\/wp\/v2\/users\/7"}],"replies":[{"embeddable":true,"href":"https:\/\/indivisible-game.com\/it\/wp-json\/wp\/v2\/comments?post=789"}],"version-history":[{"count":0,"href":"https:\/\/indivisible-game.com\/it\/wp-json\/wp\/v2\/pages\/789\/revisions"}],"up":[{"embeddable":true,"href":"https:\/\/indivisible-game.com\/it\/wp-json\/wp\/v2\/pages\/787"}],"wp:featuredmedia":[{"embeddable":true,"href":"https:\/\/indivisible-game.com\/it\/wp-json\/wp\/v2\/media\/832"}],"wp:attachment":[{"href":"https:\/\/indivisible-game.com\/it\/wp-json\/wp\/v2\/media?parent=789"}],"curies":[{"name":"wp","href":"https:\/\/api.w.org\/{rel}","templated":true}]}}