{"id":897,"date":"2019-05-17T10:38:25","date_gmt":"2019-05-17T09:38:25","guid":{"rendered":"https:\/\/indivisiblegame.com\/meet-the-characters\/leilani\/"},"modified":"2019-09-25T16:54:19","modified_gmt":"2019-09-25T15:54:19","slug":"leilani","status":"publish","type":"page","link":"https:\/\/indivisible-game.com\/it\/meet-the-characters\/leilani\/","title":{"rendered":"Leilani"},"content":{"rendered":"<p>Un giorno, mentre Leilani stava pescando, improvvisamente arriv\u00f2 una tempesta che distrusse la sua barca e la fece naufragare su un&#8217;isola sconosciuta. Leilani preg\u00f2 i suoi antenati perch\u00e9 la aiutassero. <\/p>\n<p>La mattina dopo, un &#8220;aumakua&#8221; le apparve sotto forma di uno squalo e le disse che l&#8217;avrebbe portata in salvo e l&#8217;avrebbe protetta durante il suo viaggio. <\/p>\n<p>Galleggiando su una tavola di legno, Leilani continu\u00f2 a pagaiare seguendo lo squalo finch\u00e9 non avvist\u00f2 terra. Con sua grande sorpresa, per\u00f2, non si trattava della sua isola, ma di una terra molto diversa da quella che aveva imparato a conoscere. Una terra piena di strane nuove persone, luoghi e possibilit\u00e0. <\/p>\n<p>Inizialmente spaventata, Leilani si rende poi conto, per\u00f2, che il suo &#8220;aumakua&#8221; deve averla guidata l\u00ec per una ragione, e decide di esplorare questa nuova entusiasmante terra.<\/p>\n","protected":false},"excerpt":{"rendered":"Un giorno, mentre Leilani stava pescando, improvvisamente arriv\u00f2 una tempesta che distrusse la sua barca e la fece naufragare su un&#8217;isola sconosciuta. Leilani preg\u00f2 i suoi antenati perch\u00e9 la aiutassero. La mattina dopo, un &#8220;aumakua&#8221; le apparve sotto forma di uno squalo e le disse che l&#8217;avrebbe portata in salvo e l&#8217;avrebbe protetta durante il&#8230; <a class=\"view-article\" href=\"https:\/\/indivisible-game.com\/it\/meet-the-characters\/leilani\/\">Mostra articolo<\/a>","protected":false},"author":7,"featured_media":843,"parent":787,"menu_order":11,"comment_status":"closed","ping_status":"closed","template":"template_character.php","meta":{"_monsterinsights_skip_tracking":false,"_monsterinsights_sitenote_active":false,"_monsterinsights_sitenote_note":"","_monsterinsights_sitenote_category":0},"acf":[],"yoast_head":"<!-- This site is optimized with the Yoast SEO plugin v17.7 - https:\/\/yoast.com\/wordpress\/plugins\/seo\/ -->\n<meta name=\"robots\" content=\"index, follow, max-snippet:-1, max-image-preview:large, max-video-preview:-1\" \/>\n<link rel=\"canonical\" href=\"https:\/\/indivisible-game.com\/it\/meet-the-characters\/leilani\/\" \/>\n<meta property=\"og:locale\" content=\"it_IT\" \/>\n<meta property=\"og:type\" content=\"article\" \/>\n<meta property=\"og:title\" content=\"Leilani - Indivisible\" \/>\n<meta property=\"og:description\" content=\"Un giorno, mentre Leilani stava pescando, improvvisamente arriv\u00f2 una tempesta che distrusse la sua barca e la fece naufragare su un&#8217;isola sconosciuta. Leilani preg\u00f2 i suoi antenati perch\u00e9 la aiutassero. La mattina dopo, un &#8220;aumakua&#8221; le apparve sotto forma di uno squalo e le disse che l&#8217;avrebbe portata in salvo e l&#8217;avrebbe protetta durante il... Mostra articolo\" \/>\n<meta property=\"og:url\" content=\"https:\/\/indivisible-game.com\/it\/meet-the-characters\/leilani\/\" \/>\n<meta property=\"og:site_name\" content=\"Indivisible\" \/>\n<meta property=\"article:modified_time\" content=\"2019-09-25T15:54:19+00:00\" \/>\n<meta property=\"og:image\" content=\"https:\/\/indivisible-game.com\/wp-content\/uploads\/2019\/05\/pose_leilani.png\" \/>\n\t<meta property=\"og:image:width\" content=\"859\" \/>\n\t<meta property=\"og:image:height\" content=\"1447\" \/>\n<meta name=\"twitter:card\" content=\"summary_large_image\" \/>\n<meta name=\"twitter:label1\" content=\"Tempo di lettura stimato\" \/>\n\t<meta name=\"twitter:data1\" content=\"1 minuto\" \/>\n<script type=\"application\/ld+json\" class=\"yoast-schema-graph\">{\"@context\":\"https:\/\/schema.org\",\"@graph\":[{\"@type\":\"WebSite\",\"@id\":\"https:\/\/indivisible-game.com\/#website\",\"url\":\"https:\/\/indivisible-game.com\/\",\"name\":\"Indivisible\",\"description\":\"Indivisible\",\"potentialAction\":[{\"@type\":\"SearchAction\",\"target\":{\"@type\":\"EntryPoint\",\"urlTemplate\":\"https:\/\/indivisible-game.com\/?s={search_term_string}\"},\"query-input\":\"required name=search_term_string\"}],\"inLanguage\":\"it-IT\"},{\"@type\":\"ImageObject\",\"@id\":\"https:\/\/indivisible-game.com\/it\/meet-the-characters\/leilani\/#primaryimage\",\"inLanguage\":\"it-IT\",\"url\":\"https:\/\/indivisible-game.com\/wp-content\/uploads\/2019\/05\/pose_leilani.png\",\"contentUrl\":\"https:\/\/indivisible-game.com\/wp-content\/uploads\/2019\/05\/pose_leilani.png\",\"width\":859,\"height\":1447},{\"@type\":\"WebPage\",\"@id\":\"https:\/\/indivisible-game.com\/it\/meet-the-characters\/leilani\/#webpage\",\"url\":\"https:\/\/indivisible-game.com\/it\/meet-the-characters\/leilani\/\",\"name\":\"Leilani - Indivisible\",\"isPartOf\":{\"@id\":\"https:\/\/indivisible-game.com\/#website\"},\"primaryImageOfPage\":{\"@id\":\"https:\/\/indivisible-game.com\/it\/meet-the-characters\/leilani\/#primaryimage\"},\"datePublished\":\"2019-05-17T09:38:25+00:00\",\"dateModified\":\"2019-09-25T15:54:19+00:00\",\"breadcrumb\":{\"@id\":\"https:\/\/indivisible-game.com\/it\/meet-the-characters\/leilani\/#breadcrumb\"},\"inLanguage\":\"it-IT\",\"potentialAction\":[{\"@type\":\"ReadAction\",\"target\":[\"https:\/\/indivisible-game.com\/it\/meet-the-characters\/leilani\/\"]}]},{\"@type\":\"BreadcrumbList\",\"@id\":\"https:\/\/indivisible-game.com\/it\/meet-the-characters\/leilani\/#breadcrumb\",\"itemListElement\":[{\"@type\":\"ListItem\",\"position\":1,\"name\":\"Home\",\"item\":\"https:\/\/indivisible-game.com\/it\/\"},{\"@type\":\"ListItem\",\"position\":2,\"name\":\"Incontra i personaggi\",\"item\":\"https:\/\/indivisible-game.com\/it\/meet-the-characters\/\"},{\"@type\":\"ListItem\",\"position\":3,\"name\":\"Leilani\"}]}]}<\/script>\n<!-- \/ Yoast SEO plugin. -->","yoast_head_json":{"robots":{"index":"index","follow":"follow","max-snippet":"max-snippet:-1","max-image-preview":"max-image-preview:large","max-video-preview":"max-video-preview:-1"},"canonical":"https:\/\/indivisible-game.com\/it\/meet-the-characters\/leilani\/","og_locale":"it_IT","og_type":"article","og_title":"Leilani - Indivisible","og_description":"Un giorno, mentre Leilani stava pescando, improvvisamente arriv\u00f2 una tempesta che distrusse la sua barca e la fece naufragare su un&#8217;isola sconosciuta. Leilani preg\u00f2 i suoi antenati perch\u00e9 la aiutassero. La mattina dopo, un &#8220;aumakua&#8221; le apparve sotto forma di uno squalo e le disse che l&#8217;avrebbe portata in salvo e l&#8217;avrebbe protetta durante il... Mostra articolo","og_url":"https:\/\/indivisible-game.com\/it\/meet-the-characters\/leilani\/","og_site_name":"Indivisible","article_modified_time":"2019-09-25T15:54:19+00:00","og_image":[{"width":859,"height":1447,"url":"https:\/\/indivisible-game.com\/wp-content\/uploads\/2019\/05\/pose_leilani.png","type":"image\/png"}],"twitter_card":"summary_large_image","twitter_misc":{"Tempo di lettura stimato":"1 minuto"},"schema":{"@context":"https:\/\/schema.org","@graph":[{"@type":"WebSite","@id":"https:\/\/indivisible-game.com\/#website","url":"https:\/\/indivisible-game.com\/","name":"Indivisible","description":"Indivisible","potentialAction":[{"@type":"SearchAction","target":{"@type":"EntryPoint","urlTemplate":"https:\/\/indivisible-game.com\/?s={search_term_string}"},"query-input":"required name=search_term_string"}],"inLanguage":"it-IT"},{"@type":"ImageObject","@id":"https:\/\/indivisible-game.com\/it\/meet-the-characters\/leilani\/#primaryimage","inLanguage":"it-IT","url":"https:\/\/indivisible-game.com\/wp-content\/uploads\/2019\/05\/pose_leilani.png","contentUrl":"https:\/\/indivisible-game.com\/wp-content\/uploads\/2019\/05\/pose_leilani.png","width":859,"height":1447},{"@type":"WebPage","@id":"https:\/\/indivisible-game.com\/it\/meet-the-characters\/leilani\/#webpage","url":"https:\/\/indivisible-game.com\/it\/meet-the-characters\/leilani\/","name":"Leilani - Indivisible","isPartOf":{"@id":"https:\/\/indivisible-game.com\/#website"},"primaryImageOfPage":{"@id":"https:\/\/indivisible-game.com\/it\/meet-the-characters\/leilani\/#primaryimage"},"datePublished":"2019-05-17T09:38:25+00:00","dateModified":"2019-09-25T15:54:19+00:00","breadcrumb":{"@id":"https:\/\/indivisible-game.com\/it\/meet-the-characters\/leilani\/#breadcrumb"},"inLanguage":"it-IT","potentialAction":[{"@type":"ReadAction","target":["https:\/\/indivisible-game.com\/it\/meet-the-characters\/leilani\/"]}]},{"@type":"BreadcrumbList","@id":"https:\/\/indivisible-game.com\/it\/meet-the-characters\/leilani\/#breadcrumb","itemListElement":[{"@type":"ListItem","position":1,"name":"Home","item":"https:\/\/indivisible-game.com\/it\/"},{"@type":"ListItem","position":2,"name":"Incontra i personaggi","item":"https:\/\/indivisible-game.com\/it\/meet-the-characters\/"},{"@type":"ListItem","position":3,"name":"Leilani"}]}]}},"_links":{"self":[{"href":"https:\/\/indivisible-game.com\/it\/wp-json\/wp\/v2\/pages\/897"}],"collection":[{"href":"https:\/\/indivisible-game.com\/it\/wp-json\/wp\/v2\/pages"}],"about":[{"href":"https:\/\/indivisible-game.com\/it\/wp-json\/wp\/v2\/types\/page"}],"author":[{"embeddable":true,"href":"https:\/\/indivisible-game.com\/it\/wp-json\/wp\/v2\/users\/7"}],"replies":[{"embeddable":true,"href":"https:\/\/indivisible-game.com\/it\/wp-json\/wp\/v2\/comments?post=897"}],"version-history":[{"count":0,"href":"https:\/\/indivisible-game.com\/it\/wp-json\/wp\/v2\/pages\/897\/revisions"}],"up":[{"embeddable":true,"href":"https:\/\/indivisible-game.com\/it\/wp-json\/wp\/v2\/pages\/787"}],"wp:featuredmedia":[{"embeddable":true,"href":"https:\/\/indivisible-game.com\/it\/wp-json\/wp\/v2\/media\/843"}],"wp:attachment":[{"href":"https:\/\/indivisible-game.com\/it\/wp-json\/wp\/v2\/media?parent=897"}],"curies":[{"name":"wp","href":"https:\/\/api.w.org\/{rel}","templated":true}]}}