{"id":909,"date":"2018-08-14T11:24:35","date_gmt":"2018-08-14T10:24:35","guid":{"rendered":"https:\/\/indivisiblegame.com\/meet-the-characters\/nuna\/"},"modified":"2019-09-24T16:16:46","modified_gmt":"2019-09-24T15:16:46","slug":"nuna","status":"publish","type":"page","link":"https:\/\/indivisible-game.com\/it\/meet-the-characters\/nuna\/","title":{"rendered":"Nuna"},"content":{"rendered":"<p>Nata a Kaanul, Nuna \u00e8 la mediana di tre sorelle. Sua sorella maggiore, <\/p>\n<p>Nijone, \u00e8 la guaritrice pi\u00f9 importante di Kaanul. Nuna vuole essere utile alla sua comunit\u00e0 come sua sorella, ma essendo sempre stata viziata e coccolata da lei, ne \u00e8 diventata dipendente e non sa come cavarsela da sola. Nuna ha sempre avuto una forte inclinazione per le piante, che si \u00e8 sviluppata in potenti capacit\u00e0 fitomantiche una volta diventata maggiorenne.<br \/>\n\u00c8 sicura che un giorno questi poteri andranno a beneficio della gente di Kaanul, ma da quando la Regina dei Serpenti ha ordinato a tutti di vivere nei sotterranei, ha avuto scarse opportunit\u00e0 di sviluppare ulteriormente le sue capacit\u00e0. <\/p>\n<p>Tzitzi, l&#8217;aiutante della Regina Serpente, ha adottato il pugno di ferro, e usa la forza per impedire alla gente di Kaanul di tornare in superficie, con la scusa di &#8220;&#8221;proteggerli&#8221;&#8221;. Preoccupata per il futuro di Kaanul, Nijone ha chiesto a Nuna di scappare e tornare in superficie per cercare il grande eroe di Kaanul, Angwu. Nuna accett\u00f2: forse questa era l&#8217;occasione che stava aspettando da sempre.<\/p>\n","protected":false},"excerpt":{"rendered":"Nata a Kaanul, Nuna \u00e8 la mediana di tre sorelle. Sua sorella maggiore, Nijone, \u00e8 la guaritrice pi\u00f9 importante di Kaanul. Nuna vuole essere utile alla sua comunit\u00e0 come sua sorella, ma essendo sempre stata viziata e coccolata da lei, ne \u00e8 diventata dipendente e non sa come cavarsela da sola. Nuna ha sempre avuto&#8230; <a class=\"view-article\" href=\"https:\/\/indivisible-game.com\/it\/meet-the-characters\/nuna\/\">Mostra articolo<\/a>","protected":false},"author":7,"featured_media":846,"parent":787,"menu_order":14,"comment_status":"closed","ping_status":"closed","template":"template_character.php","meta":{"_monsterinsights_skip_tracking":false,"_monsterinsights_sitenote_active":false,"_monsterinsights_sitenote_note":"","_monsterinsights_sitenote_category":0},"acf":[],"yoast_head":"<!-- This site is optimized with the Yoast SEO plugin v17.7 - https:\/\/yoast.com\/wordpress\/plugins\/seo\/ -->\n<meta name=\"robots\" content=\"index, follow, max-snippet:-1, max-image-preview:large, max-video-preview:-1\" \/>\n<link rel=\"canonical\" href=\"https:\/\/indivisible-game.com\/it\/meet-the-characters\/nuna\/\" \/>\n<meta property=\"og:locale\" content=\"it_IT\" \/>\n<meta property=\"og:type\" content=\"article\" \/>\n<meta property=\"og:title\" content=\"Nuna - Indivisible\" \/>\n<meta property=\"og:description\" content=\"Nata a Kaanul, Nuna \u00e8 la mediana di tre sorelle. Sua sorella maggiore, Nijone, \u00e8 la guaritrice pi\u00f9 importante di Kaanul. Nuna vuole essere utile alla sua comunit\u00e0 come sua sorella, ma essendo sempre stata viziata e coccolata da lei, ne \u00e8 diventata dipendente e non sa come cavarsela da sola. Nuna ha sempre avuto... Mostra articolo\" \/>\n<meta property=\"og:url\" content=\"https:\/\/indivisible-game.com\/it\/meet-the-characters\/nuna\/\" \/>\n<meta property=\"og:site_name\" content=\"Indivisible\" \/>\n<meta property=\"article:modified_time\" content=\"2019-09-24T15:16:46+00:00\" \/>\n<meta property=\"og:image\" content=\"https:\/\/indivisible-game.com\/wp-content\/uploads\/2019\/05\/pose_nuna.png\" \/>\n\t<meta property=\"og:image:width\" content=\"1042\" \/>\n\t<meta property=\"og:image:height\" content=\"1139\" \/>\n<meta name=\"twitter:card\" content=\"summary_large_image\" \/>\n<meta name=\"twitter:label1\" content=\"Tempo di lettura stimato\" \/>\n\t<meta name=\"twitter:data1\" content=\"1 minuto\" \/>\n<script type=\"application\/ld+json\" class=\"yoast-schema-graph\">{\"@context\":\"https:\/\/schema.org\",\"@graph\":[{\"@type\":\"WebSite\",\"@id\":\"https:\/\/indivisible-game.com\/#website\",\"url\":\"https:\/\/indivisible-game.com\/\",\"name\":\"Indivisible\",\"description\":\"Indivisible\",\"potentialAction\":[{\"@type\":\"SearchAction\",\"target\":{\"@type\":\"EntryPoint\",\"urlTemplate\":\"https:\/\/indivisible-game.com\/?s={search_term_string}\"},\"query-input\":\"required name=search_term_string\"}],\"inLanguage\":\"it-IT\"},{\"@type\":\"ImageObject\",\"@id\":\"https:\/\/indivisible-game.com\/it\/meet-the-characters\/nuna\/#primaryimage\",\"inLanguage\":\"it-IT\",\"url\":\"https:\/\/indivisible-game.com\/wp-content\/uploads\/2019\/05\/pose_nuna.png\",\"contentUrl\":\"https:\/\/indivisible-game.com\/wp-content\/uploads\/2019\/05\/pose_nuna.png\",\"width\":1042,\"height\":1139},{\"@type\":\"WebPage\",\"@id\":\"https:\/\/indivisible-game.com\/it\/meet-the-characters\/nuna\/#webpage\",\"url\":\"https:\/\/indivisible-game.com\/it\/meet-the-characters\/nuna\/\",\"name\":\"Nuna - Indivisible\",\"isPartOf\":{\"@id\":\"https:\/\/indivisible-game.com\/#website\"},\"primaryImageOfPage\":{\"@id\":\"https:\/\/indivisible-game.com\/it\/meet-the-characters\/nuna\/#primaryimage\"},\"datePublished\":\"2018-08-14T10:24:35+00:00\",\"dateModified\":\"2019-09-24T15:16:46+00:00\",\"breadcrumb\":{\"@id\":\"https:\/\/indivisible-game.com\/it\/meet-the-characters\/nuna\/#breadcrumb\"},\"inLanguage\":\"it-IT\",\"potentialAction\":[{\"@type\":\"ReadAction\",\"target\":[\"https:\/\/indivisible-game.com\/it\/meet-the-characters\/nuna\/\"]}]},{\"@type\":\"BreadcrumbList\",\"@id\":\"https:\/\/indivisible-game.com\/it\/meet-the-characters\/nuna\/#breadcrumb\",\"itemListElement\":[{\"@type\":\"ListItem\",\"position\":1,\"name\":\"Home\",\"item\":\"https:\/\/indivisible-game.com\/it\/\"},{\"@type\":\"ListItem\",\"position\":2,\"name\":\"Incontra i personaggi\",\"item\":\"https:\/\/indivisible-game.com\/it\/meet-the-characters\/\"},{\"@type\":\"ListItem\",\"position\":3,\"name\":\"Nuna\"}]}]}<\/script>\n<!-- \/ Yoast SEO plugin. -->","yoast_head_json":{"robots":{"index":"index","follow":"follow","max-snippet":"max-snippet:-1","max-image-preview":"max-image-preview:large","max-video-preview":"max-video-preview:-1"},"canonical":"https:\/\/indivisible-game.com\/it\/meet-the-characters\/nuna\/","og_locale":"it_IT","og_type":"article","og_title":"Nuna - Indivisible","og_description":"Nata a Kaanul, Nuna \u00e8 la mediana di tre sorelle. Sua sorella maggiore, Nijone, \u00e8 la guaritrice pi\u00f9 importante di Kaanul. Nuna vuole essere utile alla sua comunit\u00e0 come sua sorella, ma essendo sempre stata viziata e coccolata da lei, ne \u00e8 diventata dipendente e non sa come cavarsela da sola. Nuna ha sempre avuto... Mostra articolo","og_url":"https:\/\/indivisible-game.com\/it\/meet-the-characters\/nuna\/","og_site_name":"Indivisible","article_modified_time":"2019-09-24T15:16:46+00:00","og_image":[{"width":1042,"height":1139,"url":"https:\/\/indivisible-game.com\/wp-content\/uploads\/2019\/05\/pose_nuna.png","type":"image\/png"}],"twitter_card":"summary_large_image","twitter_misc":{"Tempo di lettura stimato":"1 minuto"},"schema":{"@context":"https:\/\/schema.org","@graph":[{"@type":"WebSite","@id":"https:\/\/indivisible-game.com\/#website","url":"https:\/\/indivisible-game.com\/","name":"Indivisible","description":"Indivisible","potentialAction":[{"@type":"SearchAction","target":{"@type":"EntryPoint","urlTemplate":"https:\/\/indivisible-game.com\/?s={search_term_string}"},"query-input":"required name=search_term_string"}],"inLanguage":"it-IT"},{"@type":"ImageObject","@id":"https:\/\/indivisible-game.com\/it\/meet-the-characters\/nuna\/#primaryimage","inLanguage":"it-IT","url":"https:\/\/indivisible-game.com\/wp-content\/uploads\/2019\/05\/pose_nuna.png","contentUrl":"https:\/\/indivisible-game.com\/wp-content\/uploads\/2019\/05\/pose_nuna.png","width":1042,"height":1139},{"@type":"WebPage","@id":"https:\/\/indivisible-game.com\/it\/meet-the-characters\/nuna\/#webpage","url":"https:\/\/indivisible-game.com\/it\/meet-the-characters\/nuna\/","name":"Nuna - Indivisible","isPartOf":{"@id":"https:\/\/indivisible-game.com\/#website"},"primaryImageOfPage":{"@id":"https:\/\/indivisible-game.com\/it\/meet-the-characters\/nuna\/#primaryimage"},"datePublished":"2018-08-14T10:24:35+00:00","dateModified":"2019-09-24T15:16:46+00:00","breadcrumb":{"@id":"https:\/\/indivisible-game.com\/it\/meet-the-characters\/nuna\/#breadcrumb"},"inLanguage":"it-IT","potentialAction":[{"@type":"ReadAction","target":["https:\/\/indivisible-game.com\/it\/meet-the-characters\/nuna\/"]}]},{"@type":"BreadcrumbList","@id":"https:\/\/indivisible-game.com\/it\/meet-the-characters\/nuna\/#breadcrumb","itemListElement":[{"@type":"ListItem","position":1,"name":"Home","item":"https:\/\/indivisible-game.com\/it\/"},{"@type":"ListItem","position":2,"name":"Incontra i personaggi","item":"https:\/\/indivisible-game.com\/it\/meet-the-characters\/"},{"@type":"ListItem","position":3,"name":"Nuna"}]}]}},"_links":{"self":[{"href":"https:\/\/indivisible-game.com\/it\/wp-json\/wp\/v2\/pages\/909"}],"collection":[{"href":"https:\/\/indivisible-game.com\/it\/wp-json\/wp\/v2\/pages"}],"about":[{"href":"https:\/\/indivisible-game.com\/it\/wp-json\/wp\/v2\/types\/page"}],"author":[{"embeddable":true,"href":"https:\/\/indivisible-game.com\/it\/wp-json\/wp\/v2\/users\/7"}],"replies":[{"embeddable":true,"href":"https:\/\/indivisible-game.com\/it\/wp-json\/wp\/v2\/comments?post=909"}],"version-history":[{"count":0,"href":"https:\/\/indivisible-game.com\/it\/wp-json\/wp\/v2\/pages\/909\/revisions"}],"up":[{"embeddable":true,"href":"https:\/\/indivisible-game.com\/it\/wp-json\/wp\/v2\/pages\/787"}],"wp:featuredmedia":[{"embeddable":true,"href":"https:\/\/indivisible-game.com\/it\/wp-json\/wp\/v2\/media\/846"}],"wp:attachment":[{"href":"https:\/\/indivisible-game.com\/it\/wp-json\/wp\/v2\/media?parent=909"}],"curies":[{"name":"wp","href":"https:\/\/api.w.org\/{rel}","templated":true}]}}