{"id":912,"date":"2019-05-17T10:41:18","date_gmt":"2019-05-17T09:41:18","guid":{"rendered":"https:\/\/indivisiblegame.com\/meet-the-characters\/phoebe\/"},"modified":"2019-09-24T16:18:19","modified_gmt":"2019-09-24T15:18:19","slug":"phoebe","status":"publish","type":"page","link":"https:\/\/indivisible-game.com\/it\/meet-the-characters\/phoebe\/","title":{"rendered":"Phoebe"},"content":{"rendered":"<p>Nella sua lontana terra nat\u00eca, Phoebe ha combattuto per la libert\u00e0, opponendosi all&#8217;invasore di una nazione vicina. <\/p>\n<p>Combattendo al fianco di suo marito, Phoebe era una forza da non sottovalutare. Insieme hanno combattuto ferocemente non solo per la loro nazione, ma per il futuro dei loro due figli, Aster ed Egan.<\/p>\n<p>Grazie all&#8217;uso di una nuova devastante arma, l&#8217;invasore prese il sopravvento. Il marito di Phoebe fu ferito a morte e lei non fu pi\u00f9 la stessa. Tutto quello che voleva era prendere con s\u00e9 i bambini e andarsene. Riusc\u00ec a partire su un&#8217;imbarcazione diretta a Port Maerifa; salp\u00f2 mentre la sua citt\u00e0 bruciava. <\/p>\n<p>Ora al sicuro dalle battaglie che stanno dilaniando la sua terra d&#8217;origine, Phoebe si allena con i suoi figli. Insieme cercano alleati sperando di poter un giorno tornare in patria e scacciare la forza occupante.<\/p>\n","protected":false},"excerpt":{"rendered":"Nella sua lontana terra nat\u00eca, Phoebe ha combattuto per la libert\u00e0, opponendosi all&#8217;invasore di una nazione vicina. Combattendo al fianco di suo marito, Phoebe era una forza da non sottovalutare. Insieme hanno combattuto ferocemente non solo per la loro nazione, ma per il futuro dei loro due figli, Aster ed Egan. Grazie all&#8217;uso di una&#8230; <a class=\"view-article\" href=\"https:\/\/indivisible-game.com\/it\/meet-the-characters\/phoebe\/\">Mostra articolo<\/a>","protected":false},"author":7,"featured_media":847,"parent":787,"menu_order":15,"comment_status":"closed","ping_status":"closed","template":"template_character.php","meta":{"_monsterinsights_skip_tracking":false,"_monsterinsights_sitenote_active":false,"_monsterinsights_sitenote_note":"","_monsterinsights_sitenote_category":0},"acf":[],"yoast_head":"<!-- This site is optimized with the Yoast SEO plugin v17.7 - https:\/\/yoast.com\/wordpress\/plugins\/seo\/ -->\n<meta name=\"robots\" content=\"index, follow, max-snippet:-1, max-image-preview:large, max-video-preview:-1\" \/>\n<link rel=\"canonical\" href=\"https:\/\/indivisible-game.com\/it\/meet-the-characters\/phoebe\/\" \/>\n<meta property=\"og:locale\" content=\"it_IT\" \/>\n<meta property=\"og:type\" content=\"article\" \/>\n<meta property=\"og:title\" content=\"Phoebe - Indivisible\" \/>\n<meta property=\"og:description\" content=\"Nella sua lontana terra nat\u00eca, Phoebe ha combattuto per la libert\u00e0, opponendosi all&#8217;invasore di una nazione vicina. Combattendo al fianco di suo marito, Phoebe era una forza da non sottovalutare. Insieme hanno combattuto ferocemente non solo per la loro nazione, ma per il futuro dei loro due figli, Aster ed Egan. Grazie all&#8217;uso di una... Mostra articolo\" \/>\n<meta property=\"og:url\" content=\"https:\/\/indivisible-game.com\/it\/meet-the-characters\/phoebe\/\" \/>\n<meta property=\"og:site_name\" content=\"Indivisible\" \/>\n<meta property=\"article:modified_time\" content=\"2019-09-24T15:18:19+00:00\" \/>\n<meta property=\"og:image\" content=\"https:\/\/indivisible-game.com\/wp-content\/uploads\/2019\/05\/pose_phoebe.png\" \/>\n\t<meta property=\"og:image:width\" content=\"1110\" \/>\n\t<meta property=\"og:image:height\" content=\"1294\" \/>\n<meta name=\"twitter:card\" content=\"summary_large_image\" \/>\n<meta name=\"twitter:label1\" content=\"Tempo di lettura stimato\" \/>\n\t<meta name=\"twitter:data1\" content=\"1 minuto\" \/>\n<script type=\"application\/ld+json\" class=\"yoast-schema-graph\">{\"@context\":\"https:\/\/schema.org\",\"@graph\":[{\"@type\":\"WebSite\",\"@id\":\"https:\/\/indivisible-game.com\/#website\",\"url\":\"https:\/\/indivisible-game.com\/\",\"name\":\"Indivisible\",\"description\":\"Indivisible\",\"potentialAction\":[{\"@type\":\"SearchAction\",\"target\":{\"@type\":\"EntryPoint\",\"urlTemplate\":\"https:\/\/indivisible-game.com\/?s={search_term_string}\"},\"query-input\":\"required name=search_term_string\"}],\"inLanguage\":\"it-IT\"},{\"@type\":\"ImageObject\",\"@id\":\"https:\/\/indivisible-game.com\/it\/meet-the-characters\/phoebe\/#primaryimage\",\"inLanguage\":\"it-IT\",\"url\":\"https:\/\/indivisible-game.com\/wp-content\/uploads\/2019\/05\/pose_phoebe.png\",\"contentUrl\":\"https:\/\/indivisible-game.com\/wp-content\/uploads\/2019\/05\/pose_phoebe.png\",\"width\":1110,\"height\":1294},{\"@type\":\"WebPage\",\"@id\":\"https:\/\/indivisible-game.com\/it\/meet-the-characters\/phoebe\/#webpage\",\"url\":\"https:\/\/indivisible-game.com\/it\/meet-the-characters\/phoebe\/\",\"name\":\"Phoebe - Indivisible\",\"isPartOf\":{\"@id\":\"https:\/\/indivisible-game.com\/#website\"},\"primaryImageOfPage\":{\"@id\":\"https:\/\/indivisible-game.com\/it\/meet-the-characters\/phoebe\/#primaryimage\"},\"datePublished\":\"2019-05-17T09:41:18+00:00\",\"dateModified\":\"2019-09-24T15:18:19+00:00\",\"breadcrumb\":{\"@id\":\"https:\/\/indivisible-game.com\/it\/meet-the-characters\/phoebe\/#breadcrumb\"},\"inLanguage\":\"it-IT\",\"potentialAction\":[{\"@type\":\"ReadAction\",\"target\":[\"https:\/\/indivisible-game.com\/it\/meet-the-characters\/phoebe\/\"]}]},{\"@type\":\"BreadcrumbList\",\"@id\":\"https:\/\/indivisible-game.com\/it\/meet-the-characters\/phoebe\/#breadcrumb\",\"itemListElement\":[{\"@type\":\"ListItem\",\"position\":1,\"name\":\"Home\",\"item\":\"https:\/\/indivisible-game.com\/it\/\"},{\"@type\":\"ListItem\",\"position\":2,\"name\":\"Incontra i personaggi\",\"item\":\"https:\/\/indivisible-game.com\/it\/meet-the-characters\/\"},{\"@type\":\"ListItem\",\"position\":3,\"name\":\"Phoebe\"}]}]}<\/script>\n<!-- \/ Yoast SEO plugin. -->","yoast_head_json":{"robots":{"index":"index","follow":"follow","max-snippet":"max-snippet:-1","max-image-preview":"max-image-preview:large","max-video-preview":"max-video-preview:-1"},"canonical":"https:\/\/indivisible-game.com\/it\/meet-the-characters\/phoebe\/","og_locale":"it_IT","og_type":"article","og_title":"Phoebe - Indivisible","og_description":"Nella sua lontana terra nat\u00eca, Phoebe ha combattuto per la libert\u00e0, opponendosi all&#8217;invasore di una nazione vicina. Combattendo al fianco di suo marito, Phoebe era una forza da non sottovalutare. Insieme hanno combattuto ferocemente non solo per la loro nazione, ma per il futuro dei loro due figli, Aster ed Egan. Grazie all&#8217;uso di una... Mostra articolo","og_url":"https:\/\/indivisible-game.com\/it\/meet-the-characters\/phoebe\/","og_site_name":"Indivisible","article_modified_time":"2019-09-24T15:18:19+00:00","og_image":[{"width":1110,"height":1294,"url":"https:\/\/indivisible-game.com\/wp-content\/uploads\/2019\/05\/pose_phoebe.png","type":"image\/png"}],"twitter_card":"summary_large_image","twitter_misc":{"Tempo di lettura stimato":"1 minuto"},"schema":{"@context":"https:\/\/schema.org","@graph":[{"@type":"WebSite","@id":"https:\/\/indivisible-game.com\/#website","url":"https:\/\/indivisible-game.com\/","name":"Indivisible","description":"Indivisible","potentialAction":[{"@type":"SearchAction","target":{"@type":"EntryPoint","urlTemplate":"https:\/\/indivisible-game.com\/?s={search_term_string}"},"query-input":"required name=search_term_string"}],"inLanguage":"it-IT"},{"@type":"ImageObject","@id":"https:\/\/indivisible-game.com\/it\/meet-the-characters\/phoebe\/#primaryimage","inLanguage":"it-IT","url":"https:\/\/indivisible-game.com\/wp-content\/uploads\/2019\/05\/pose_phoebe.png","contentUrl":"https:\/\/indivisible-game.com\/wp-content\/uploads\/2019\/05\/pose_phoebe.png","width":1110,"height":1294},{"@type":"WebPage","@id":"https:\/\/indivisible-game.com\/it\/meet-the-characters\/phoebe\/#webpage","url":"https:\/\/indivisible-game.com\/it\/meet-the-characters\/phoebe\/","name":"Phoebe - Indivisible","isPartOf":{"@id":"https:\/\/indivisible-game.com\/#website"},"primaryImageOfPage":{"@id":"https:\/\/indivisible-game.com\/it\/meet-the-characters\/phoebe\/#primaryimage"},"datePublished":"2019-05-17T09:41:18+00:00","dateModified":"2019-09-24T15:18:19+00:00","breadcrumb":{"@id":"https:\/\/indivisible-game.com\/it\/meet-the-characters\/phoebe\/#breadcrumb"},"inLanguage":"it-IT","potentialAction":[{"@type":"ReadAction","target":["https:\/\/indivisible-game.com\/it\/meet-the-characters\/phoebe\/"]}]},{"@type":"BreadcrumbList","@id":"https:\/\/indivisible-game.com\/it\/meet-the-characters\/phoebe\/#breadcrumb","itemListElement":[{"@type":"ListItem","position":1,"name":"Home","item":"https:\/\/indivisible-game.com\/it\/"},{"@type":"ListItem","position":2,"name":"Incontra i personaggi","item":"https:\/\/indivisible-game.com\/it\/meet-the-characters\/"},{"@type":"ListItem","position":3,"name":"Phoebe"}]}]}},"_links":{"self":[{"href":"https:\/\/indivisible-game.com\/it\/wp-json\/wp\/v2\/pages\/912"}],"collection":[{"href":"https:\/\/indivisible-game.com\/it\/wp-json\/wp\/v2\/pages"}],"about":[{"href":"https:\/\/indivisible-game.com\/it\/wp-json\/wp\/v2\/types\/page"}],"author":[{"embeddable":true,"href":"https:\/\/indivisible-game.com\/it\/wp-json\/wp\/v2\/users\/7"}],"replies":[{"embeddable":true,"href":"https:\/\/indivisible-game.com\/it\/wp-json\/wp\/v2\/comments?post=912"}],"version-history":[{"count":0,"href":"https:\/\/indivisible-game.com\/it\/wp-json\/wp\/v2\/pages\/912\/revisions"}],"up":[{"embeddable":true,"href":"https:\/\/indivisible-game.com\/it\/wp-json\/wp\/v2\/pages\/787"}],"wp:featuredmedia":[{"embeddable":true,"href":"https:\/\/indivisible-game.com\/it\/wp-json\/wp\/v2\/media\/847"}],"wp:attachment":[{"href":"https:\/\/indivisible-game.com\/it\/wp-json\/wp\/v2\/media?parent=912"}],"curies":[{"name":"wp","href":"https:\/\/api.w.org\/{rel}","templated":true}]}}