{"id":1597,"date":"2018-04-14T11:07:45","date_gmt":"2018-04-14T10:07:45","guid":{"rendered":"https:\/\/indivisiblegame.com\/meet-the-characters\/baozhai\/"},"modified":"2019-10-02T12:43:08","modified_gmt":"2019-10-02T11:43:08","slug":"baozhai","status":"publish","type":"page","link":"https:\/\/indivisible-game.com\/pt-br\/meet-the-characters\/baozhai\/","title":{"rendered":"Baozhai"},"content":{"rendered":"<p>Auto-proclamada &#8220;&#8221;Rainha dos Piratas&#8221;&#8221;, Baozhai da Jade Negra \u00e9 uma pirata implac\u00e1vel que j\u00e1 comandou uma grande armada que representou um terror imenso para o Reino de Ferro e todos os comerciantes do mar.<\/p>\n<p>H\u00e1 16 anos, monstros do mar acabaram com sua armada. Agora, ela possui apenas um \u00fanico navio &#8211; Teotul, seu invenc\u00edvel navio-tartaruga, que ela \u201clibertou\u201d em uma aventura anterior.<\/p>\n<p>Sem ter uma tripula\u00e7\u00e3o, Baozhai tornou-se fifurinha carimbada nos bares de Porto Maerifa, onde ela tenta afogar suas m\u00e1goas. Sempre muito barulhenta, embriagada e agressiva, a popula\u00e7\u00e3o local sabe que a melhor coisa \u00e9 ficar longe dela.<\/p>\n<p>A for\u00e7a de ocupa\u00e7\u00e3o do Reino de Ferro far\u00e1 qualquer coisa para impedi-la de aterrorizar o alto mar novamente, mas Baozhai est\u00e1 determinada a reconstruir sua tripula\u00e7\u00e3o e zarpar para novas aventuras.<\/p>\n","protected":false},"excerpt":{"rendered":"Auto-proclamada &#8220;&#8221;Rainha dos Piratas&#8221;&#8221;, Baozhai da Jade Negra \u00e9 uma pirata implac\u00e1vel que j\u00e1 comandou uma grande armada que representou um terror imenso para o Reino de Ferro e todos os comerciantes do mar. H\u00e1 16 anos, monstros do mar acabaram com sua armada. Agora, ela possui apenas um \u00fanico navio &#8211; Teotul, seu invenc\u00edvel&#8230; <a class=\"view-article\" href=\"https:\/\/indivisible-game.com\/pt-br\/meet-the-characters\/baozhai\/\">Ver artigo<\/a>","protected":false},"author":7,"featured_media":1353,"parent":1088,"menu_order":2,"comment_status":"closed","ping_status":"closed","template":"","meta":{"_monsterinsights_skip_tracking":false,"_monsterinsights_sitenote_active":false,"_monsterinsights_sitenote_note":"","_monsterinsights_sitenote_category":0},"acf":[],"yoast_head":"<!-- This site is optimized with the Yoast SEO plugin v17.7 - https:\/\/yoast.com\/wordpress\/plugins\/seo\/ -->\n<meta name=\"robots\" content=\"index, follow, max-snippet:-1, max-image-preview:large, max-video-preview:-1\" \/>\n<link rel=\"canonical\" href=\"https:\/\/indivisible-game.com\/pt-br\/meet-the-characters\/baozhai\/\" \/>\n<meta property=\"og:locale\" content=\"pt_BR\" \/>\n<meta property=\"og:type\" content=\"article\" \/>\n<meta property=\"og:title\" content=\"Baozhai - Indivisible\" \/>\n<meta property=\"og:description\" content=\"Auto-proclamada &#8220;&#8221;Rainha dos Piratas&#8221;&#8221;, Baozhai da Jade Negra \u00e9 uma pirata implac\u00e1vel que j\u00e1 comandou uma grande armada que representou um terror imenso para o Reino de Ferro e todos os comerciantes do mar. H\u00e1 16 anos, monstros do mar acabaram com sua armada. Agora, ela possui apenas um \u00fanico navio &#8211; Teotul, seu invenc\u00edvel... Ver artigo\" \/>\n<meta property=\"og:url\" content=\"https:\/\/indivisible-game.com\/pt-br\/meet-the-characters\/baozhai\/\" \/>\n<meta property=\"og:site_name\" content=\"Indivisible\" \/>\n<meta property=\"article:modified_time\" content=\"2019-10-02T11:43:08+00:00\" \/>\n<meta property=\"og:image\" content=\"https:\/\/indivisible-game.com\/wp-content\/uploads\/2019\/05\/pose_baozhai.png\" \/>\n\t<meta property=\"og:image:width\" content=\"999\" \/>\n\t<meta property=\"og:image:height\" content=\"1424\" \/>\n<meta name=\"twitter:card\" content=\"summary_large_image\" \/>\n<meta name=\"twitter:label1\" content=\"Est. tempo de leitura\" \/>\n\t<meta name=\"twitter:data1\" content=\"1 minuto\" \/>\n<script type=\"application\/ld+json\" class=\"yoast-schema-graph\">{\"@context\":\"https:\/\/schema.org\",\"@graph\":[{\"@type\":\"WebSite\",\"@id\":\"https:\/\/indivisible-game.com\/#website\",\"url\":\"https:\/\/indivisible-game.com\/\",\"name\":\"Indivisible\",\"description\":\"Indivisible\",\"potentialAction\":[{\"@type\":\"SearchAction\",\"target\":{\"@type\":\"EntryPoint\",\"urlTemplate\":\"https:\/\/indivisible-game.com\/?s={search_term_string}\"},\"query-input\":\"required name=search_term_string\"}],\"inLanguage\":\"pt-BR\"},{\"@type\":\"ImageObject\",\"@id\":\"https:\/\/indivisible-game.com\/pt-br\/meet-the-characters\/baozhai\/#primaryimage\",\"inLanguage\":\"pt-BR\",\"url\":\"https:\/\/indivisible-game.com\/wp-content\/uploads\/2019\/05\/pose_baozhai.png\",\"contentUrl\":\"https:\/\/indivisible-game.com\/wp-content\/uploads\/2019\/05\/pose_baozhai.png\",\"width\":999,\"height\":1424},{\"@type\":\"WebPage\",\"@id\":\"https:\/\/indivisible-game.com\/pt-br\/meet-the-characters\/baozhai\/#webpage\",\"url\":\"https:\/\/indivisible-game.com\/pt-br\/meet-the-characters\/baozhai\/\",\"name\":\"Baozhai - Indivisible\",\"isPartOf\":{\"@id\":\"https:\/\/indivisible-game.com\/#website\"},\"primaryImageOfPage\":{\"@id\":\"https:\/\/indivisible-game.com\/pt-br\/meet-the-characters\/baozhai\/#primaryimage\"},\"datePublished\":\"2018-04-14T10:07:45+00:00\",\"dateModified\":\"2019-10-02T11:43:08+00:00\",\"breadcrumb\":{\"@id\":\"https:\/\/indivisible-game.com\/pt-br\/meet-the-characters\/baozhai\/#breadcrumb\"},\"inLanguage\":\"pt-BR\",\"potentialAction\":[{\"@type\":\"ReadAction\",\"target\":[\"https:\/\/indivisible-game.com\/pt-br\/meet-the-characters\/baozhai\/\"]}]},{\"@type\":\"BreadcrumbList\",\"@id\":\"https:\/\/indivisible-game.com\/pt-br\/meet-the-characters\/baozhai\/#breadcrumb\",\"itemListElement\":[{\"@type\":\"ListItem\",\"position\":1,\"name\":\"Home\",\"item\":\"https:\/\/indivisible-game.com\/pt-br\/\"},{\"@type\":\"ListItem\",\"position\":2,\"name\":\"Conhe\\u00e7a os personagens\",\"item\":\"https:\/\/indivisible-game.com\/pt-br\/meet-the-characters\/\"},{\"@type\":\"ListItem\",\"position\":3,\"name\":\"Baozhai\"}]}]}<\/script>\n<!-- \/ Yoast SEO plugin. -->","yoast_head_json":{"robots":{"index":"index","follow":"follow","max-snippet":"max-snippet:-1","max-image-preview":"max-image-preview:large","max-video-preview":"max-video-preview:-1"},"canonical":"https:\/\/indivisible-game.com\/pt-br\/meet-the-characters\/baozhai\/","og_locale":"pt_BR","og_type":"article","og_title":"Baozhai - Indivisible","og_description":"Auto-proclamada &#8220;&#8221;Rainha dos Piratas&#8221;&#8221;, Baozhai da Jade Negra \u00e9 uma pirata implac\u00e1vel que j\u00e1 comandou uma grande armada que representou um terror imenso para o Reino de Ferro e todos os comerciantes do mar. H\u00e1 16 anos, monstros do mar acabaram com sua armada. Agora, ela possui apenas um \u00fanico navio &#8211; Teotul, seu invenc\u00edvel... Ver artigo","og_url":"https:\/\/indivisible-game.com\/pt-br\/meet-the-characters\/baozhai\/","og_site_name":"Indivisible","article_modified_time":"2019-10-02T11:43:08+00:00","og_image":[{"width":999,"height":1424,"url":"https:\/\/indivisible-game.com\/wp-content\/uploads\/2019\/05\/pose_baozhai.png","type":"image\/png"}],"twitter_card":"summary_large_image","twitter_misc":{"Est. tempo de leitura":"1 minuto"},"schema":{"@context":"https:\/\/schema.org","@graph":[{"@type":"WebSite","@id":"https:\/\/indivisible-game.com\/#website","url":"https:\/\/indivisible-game.com\/","name":"Indivisible","description":"Indivisible","potentialAction":[{"@type":"SearchAction","target":{"@type":"EntryPoint","urlTemplate":"https:\/\/indivisible-game.com\/?s={search_term_string}"},"query-input":"required name=search_term_string"}],"inLanguage":"pt-BR"},{"@type":"ImageObject","@id":"https:\/\/indivisible-game.com\/pt-br\/meet-the-characters\/baozhai\/#primaryimage","inLanguage":"pt-BR","url":"https:\/\/indivisible-game.com\/wp-content\/uploads\/2019\/05\/pose_baozhai.png","contentUrl":"https:\/\/indivisible-game.com\/wp-content\/uploads\/2019\/05\/pose_baozhai.png","width":999,"height":1424},{"@type":"WebPage","@id":"https:\/\/indivisible-game.com\/pt-br\/meet-the-characters\/baozhai\/#webpage","url":"https:\/\/indivisible-game.com\/pt-br\/meet-the-characters\/baozhai\/","name":"Baozhai - Indivisible","isPartOf":{"@id":"https:\/\/indivisible-game.com\/#website"},"primaryImageOfPage":{"@id":"https:\/\/indivisible-game.com\/pt-br\/meet-the-characters\/baozhai\/#primaryimage"},"datePublished":"2018-04-14T10:07:45+00:00","dateModified":"2019-10-02T11:43:08+00:00","breadcrumb":{"@id":"https:\/\/indivisible-game.com\/pt-br\/meet-the-characters\/baozhai\/#breadcrumb"},"inLanguage":"pt-BR","potentialAction":[{"@type":"ReadAction","target":["https:\/\/indivisible-game.com\/pt-br\/meet-the-characters\/baozhai\/"]}]},{"@type":"BreadcrumbList","@id":"https:\/\/indivisible-game.com\/pt-br\/meet-the-characters\/baozhai\/#breadcrumb","itemListElement":[{"@type":"ListItem","position":1,"name":"Home","item":"https:\/\/indivisible-game.com\/pt-br\/"},{"@type":"ListItem","position":2,"name":"Conhe\u00e7a os personagens","item":"https:\/\/indivisible-game.com\/pt-br\/meet-the-characters\/"},{"@type":"ListItem","position":3,"name":"Baozhai"}]}]}},"_links":{"self":[{"href":"https:\/\/indivisible-game.com\/pt-br\/wp-json\/wp\/v2\/pages\/1597"}],"collection":[{"href":"https:\/\/indivisible-game.com\/pt-br\/wp-json\/wp\/v2\/pages"}],"about":[{"href":"https:\/\/indivisible-game.com\/pt-br\/wp-json\/wp\/v2\/types\/page"}],"author":[{"embeddable":true,"href":"https:\/\/indivisible-game.com\/pt-br\/wp-json\/wp\/v2\/users\/7"}],"replies":[{"embeddable":true,"href":"https:\/\/indivisible-game.com\/pt-br\/wp-json\/wp\/v2\/comments?post=1597"}],"version-history":[{"count":0,"href":"https:\/\/indivisible-game.com\/pt-br\/wp-json\/wp\/v2\/pages\/1597\/revisions"}],"up":[{"embeddable":true,"href":"https:\/\/indivisible-game.com\/pt-br\/wp-json\/wp\/v2\/pages\/1088"}],"wp:featuredmedia":[{"embeddable":true,"href":"https:\/\/indivisible-game.com\/pt-br\/wp-json\/wp\/v2\/media\/1353"}],"wp:attachment":[{"href":"https:\/\/indivisible-game.com\/pt-br\/wp-json\/wp\/v2\/media?parent=1597"}],"curies":[{"name":"wp","href":"https:\/\/api.w.org\/{rel}","templated":true}]}}