{"id":1616,"date":"2018-08-14T11:21:23","date_gmt":"2018-08-14T10:21:23","guid":{"rendered":"https:\/\/indivisiblegame.com\/meet-the-characters\/dhar\/"},"modified":"2019-10-02T12:49:42","modified_gmt":"2019-10-02T11:49:42","slug":"dhar","status":"publish","type":"page","link":"https:\/\/indivisible-game.com\/pt-br\/meet-the-characters\/dhar\/","title":{"rendered":"Dhar"},"content":{"rendered":"<p>Dhar foi recentemente promovido de comandante a general de Ravannavar pelo seu excelente servi\u00e7o. Seu dever \u00e9 eliminar os hereges que Ravannavar acredita que impedem a evolu\u00e7\u00e3o do mundo, uma tarefa brutal na qual ele se destaca.<\/p>\n<p>Essa iniciativa brutal acabou levanto Dhar at\u00e9 Ashwat, onde ele encontrou Ajna. No entanto, durante a batalha, a misteriosa habilidade de Ajna despertou e, sem querer, Dhar tornou-se a primeira &#8220;Encarna\u00e7\u00e3o&#8221; que ela absorveu.<\/p>\n<p>Preso na mente de Ajna, Dhar relutantemente concorda em se juntar a ela em sua busca por justi\u00e7a. Ser\u00e1 que ele tem inten\u00e7\u00f5es ocultas?<\/p>\n","protected":false},"excerpt":{"rendered":"Dhar foi recentemente promovido de comandante a general de Ravannavar pelo seu excelente servi\u00e7o. Seu dever \u00e9 eliminar os hereges que Ravannavar acredita que impedem a evolu\u00e7\u00e3o do mundo, uma tarefa brutal na qual ele se destaca. Essa iniciativa brutal acabou levanto Dhar at\u00e9 Ashwat, onde ele encontrou Ajna. No entanto, durante a batalha, a&#8230; <a class=\"view-article\" href=\"https:\/\/indivisible-game.com\/pt-br\/meet-the-characters\/dhar\/\">Ver artigo<\/a>","protected":false},"author":7,"featured_media":1354,"parent":1088,"menu_order":3,"comment_status":"closed","ping_status":"closed","template":"template_character.php","meta":{"_monsterinsights_skip_tracking":false,"_monsterinsights_sitenote_active":false,"_monsterinsights_sitenote_note":"","_monsterinsights_sitenote_category":0},"acf":[],"yoast_head":"<!-- This site is optimized with the Yoast SEO plugin v17.7 - https:\/\/yoast.com\/wordpress\/plugins\/seo\/ -->\n<meta name=\"robots\" content=\"index, follow, max-snippet:-1, max-image-preview:large, max-video-preview:-1\" \/>\n<link rel=\"canonical\" href=\"https:\/\/indivisible-game.com\/pt-br\/meet-the-characters\/dhar\/\" \/>\n<meta property=\"og:locale\" content=\"pt_BR\" \/>\n<meta property=\"og:type\" content=\"article\" \/>\n<meta property=\"og:title\" content=\"Dhar - Indivisible\" \/>\n<meta property=\"og:description\" content=\"Dhar foi recentemente promovido de comandante a general de Ravannavar pelo seu excelente servi\u00e7o. Seu dever \u00e9 eliminar os hereges que Ravannavar acredita que impedem a evolu\u00e7\u00e3o do mundo, uma tarefa brutal na qual ele se destaca. Essa iniciativa brutal acabou levanto Dhar at\u00e9 Ashwat, onde ele encontrou Ajna. No entanto, durante a batalha, a... Ver artigo\" \/>\n<meta property=\"og:url\" content=\"https:\/\/indivisible-game.com\/pt-br\/meet-the-characters\/dhar\/\" \/>\n<meta property=\"og:site_name\" content=\"Indivisible\" \/>\n<meta property=\"article:modified_time\" content=\"2019-10-02T11:49:42+00:00\" \/>\n<meta property=\"og:image\" content=\"https:\/\/indivisible-game.com\/wp-content\/uploads\/2019\/05\/pose_dhar.png\" \/>\n\t<meta property=\"og:image:width\" content=\"1200\" \/>\n\t<meta property=\"og:image:height\" content=\"1145\" \/>\n<meta name=\"twitter:card\" content=\"summary_large_image\" \/>\n<script type=\"application\/ld+json\" class=\"yoast-schema-graph\">{\"@context\":\"https:\/\/schema.org\",\"@graph\":[{\"@type\":\"WebSite\",\"@id\":\"https:\/\/indivisible-game.com\/#website\",\"url\":\"https:\/\/indivisible-game.com\/\",\"name\":\"Indivisible\",\"description\":\"Indivisible\",\"potentialAction\":[{\"@type\":\"SearchAction\",\"target\":{\"@type\":\"EntryPoint\",\"urlTemplate\":\"https:\/\/indivisible-game.com\/?s={search_term_string}\"},\"query-input\":\"required name=search_term_string\"}],\"inLanguage\":\"pt-BR\"},{\"@type\":\"ImageObject\",\"@id\":\"https:\/\/indivisible-game.com\/pt-br\/meet-the-characters\/dhar\/#primaryimage\",\"inLanguage\":\"pt-BR\",\"url\":\"https:\/\/indivisible-game.com\/wp-content\/uploads\/2019\/05\/pose_dhar.png\",\"contentUrl\":\"https:\/\/indivisible-game.com\/wp-content\/uploads\/2019\/05\/pose_dhar.png\",\"width\":1200,\"height\":1145},{\"@type\":\"WebPage\",\"@id\":\"https:\/\/indivisible-game.com\/pt-br\/meet-the-characters\/dhar\/#webpage\",\"url\":\"https:\/\/indivisible-game.com\/pt-br\/meet-the-characters\/dhar\/\",\"name\":\"Dhar - Indivisible\",\"isPartOf\":{\"@id\":\"https:\/\/indivisible-game.com\/#website\"},\"primaryImageOfPage\":{\"@id\":\"https:\/\/indivisible-game.com\/pt-br\/meet-the-characters\/dhar\/#primaryimage\"},\"datePublished\":\"2018-08-14T10:21:23+00:00\",\"dateModified\":\"2019-10-02T11:49:42+00:00\",\"breadcrumb\":{\"@id\":\"https:\/\/indivisible-game.com\/pt-br\/meet-the-characters\/dhar\/#breadcrumb\"},\"inLanguage\":\"pt-BR\",\"potentialAction\":[{\"@type\":\"ReadAction\",\"target\":[\"https:\/\/indivisible-game.com\/pt-br\/meet-the-characters\/dhar\/\"]}]},{\"@type\":\"BreadcrumbList\",\"@id\":\"https:\/\/indivisible-game.com\/pt-br\/meet-the-characters\/dhar\/#breadcrumb\",\"itemListElement\":[{\"@type\":\"ListItem\",\"position\":1,\"name\":\"Home\",\"item\":\"https:\/\/indivisible-game.com\/pt-br\/\"},{\"@type\":\"ListItem\",\"position\":2,\"name\":\"Conhe\\u00e7a os personagens\",\"item\":\"https:\/\/indivisible-game.com\/pt-br\/meet-the-characters\/\"},{\"@type\":\"ListItem\",\"position\":3,\"name\":\"Dhar\"}]}]}<\/script>\n<!-- \/ Yoast SEO plugin. -->","yoast_head_json":{"robots":{"index":"index","follow":"follow","max-snippet":"max-snippet:-1","max-image-preview":"max-image-preview:large","max-video-preview":"max-video-preview:-1"},"canonical":"https:\/\/indivisible-game.com\/pt-br\/meet-the-characters\/dhar\/","og_locale":"pt_BR","og_type":"article","og_title":"Dhar - Indivisible","og_description":"Dhar foi recentemente promovido de comandante a general de Ravannavar pelo seu excelente servi\u00e7o. Seu dever \u00e9 eliminar os hereges que Ravannavar acredita que impedem a evolu\u00e7\u00e3o do mundo, uma tarefa brutal na qual ele se destaca. Essa iniciativa brutal acabou levanto Dhar at\u00e9 Ashwat, onde ele encontrou Ajna. No entanto, durante a batalha, a... Ver artigo","og_url":"https:\/\/indivisible-game.com\/pt-br\/meet-the-characters\/dhar\/","og_site_name":"Indivisible","article_modified_time":"2019-10-02T11:49:42+00:00","og_image":[{"width":1200,"height":1145,"url":"https:\/\/indivisible-game.com\/wp-content\/uploads\/2019\/05\/pose_dhar.png","type":"image\/png"}],"twitter_card":"summary_large_image","schema":{"@context":"https:\/\/schema.org","@graph":[{"@type":"WebSite","@id":"https:\/\/indivisible-game.com\/#website","url":"https:\/\/indivisible-game.com\/","name":"Indivisible","description":"Indivisible","potentialAction":[{"@type":"SearchAction","target":{"@type":"EntryPoint","urlTemplate":"https:\/\/indivisible-game.com\/?s={search_term_string}"},"query-input":"required name=search_term_string"}],"inLanguage":"pt-BR"},{"@type":"ImageObject","@id":"https:\/\/indivisible-game.com\/pt-br\/meet-the-characters\/dhar\/#primaryimage","inLanguage":"pt-BR","url":"https:\/\/indivisible-game.com\/wp-content\/uploads\/2019\/05\/pose_dhar.png","contentUrl":"https:\/\/indivisible-game.com\/wp-content\/uploads\/2019\/05\/pose_dhar.png","width":1200,"height":1145},{"@type":"WebPage","@id":"https:\/\/indivisible-game.com\/pt-br\/meet-the-characters\/dhar\/#webpage","url":"https:\/\/indivisible-game.com\/pt-br\/meet-the-characters\/dhar\/","name":"Dhar - Indivisible","isPartOf":{"@id":"https:\/\/indivisible-game.com\/#website"},"primaryImageOfPage":{"@id":"https:\/\/indivisible-game.com\/pt-br\/meet-the-characters\/dhar\/#primaryimage"},"datePublished":"2018-08-14T10:21:23+00:00","dateModified":"2019-10-02T11:49:42+00:00","breadcrumb":{"@id":"https:\/\/indivisible-game.com\/pt-br\/meet-the-characters\/dhar\/#breadcrumb"},"inLanguage":"pt-BR","potentialAction":[{"@type":"ReadAction","target":["https:\/\/indivisible-game.com\/pt-br\/meet-the-characters\/dhar\/"]}]},{"@type":"BreadcrumbList","@id":"https:\/\/indivisible-game.com\/pt-br\/meet-the-characters\/dhar\/#breadcrumb","itemListElement":[{"@type":"ListItem","position":1,"name":"Home","item":"https:\/\/indivisible-game.com\/pt-br\/"},{"@type":"ListItem","position":2,"name":"Conhe\u00e7a os personagens","item":"https:\/\/indivisible-game.com\/pt-br\/meet-the-characters\/"},{"@type":"ListItem","position":3,"name":"Dhar"}]}]}},"_links":{"self":[{"href":"https:\/\/indivisible-game.com\/pt-br\/wp-json\/wp\/v2\/pages\/1616"}],"collection":[{"href":"https:\/\/indivisible-game.com\/pt-br\/wp-json\/wp\/v2\/pages"}],"about":[{"href":"https:\/\/indivisible-game.com\/pt-br\/wp-json\/wp\/v2\/types\/page"}],"author":[{"embeddable":true,"href":"https:\/\/indivisible-game.com\/pt-br\/wp-json\/wp\/v2\/users\/7"}],"replies":[{"embeddable":true,"href":"https:\/\/indivisible-game.com\/pt-br\/wp-json\/wp\/v2\/comments?post=1616"}],"version-history":[{"count":0,"href":"https:\/\/indivisible-game.com\/pt-br\/wp-json\/wp\/v2\/pages\/1616\/revisions"}],"up":[{"embeddable":true,"href":"https:\/\/indivisible-game.com\/pt-br\/wp-json\/wp\/v2\/pages\/1088"}],"wp:featuredmedia":[{"embeddable":true,"href":"https:\/\/indivisible-game.com\/pt-br\/wp-json\/wp\/v2\/media\/1354"}],"wp:attachment":[{"href":"https:\/\/indivisible-game.com\/pt-br\/wp-json\/wp\/v2\/media?parent=1616"}],"curies":[{"name":"wp","href":"https:\/\/api.w.org\/{rel}","templated":true}]}}