{"id":1827,"date":"2019-05-17T11:01:59","date_gmt":"2019-05-17T10:01:59","guid":{"rendered":"https:\/\/indivisiblegame.com\/meet-the-characters\/naga-rider\/"},"modified":"2019-10-03T11:51:04","modified_gmt":"2019-10-03T10:51:04","slug":"naga-rider","status":"publish","type":"page","link":"https:\/\/indivisible-game.com\/pt-br\/meet-the-characters\/naga-rider\/","title":{"rendered":"Naga Rider"},"content":{"rendered":"<p>O her\u00f3i da cidade de Tai Krung, defensor do dharma, protetor do povo: ele \u00e9 o Naga Rider!<\/p>\n<p>Naga Rider \u00e9 o \u00faltimo dos Cavaleiros Vahana e luta em prol da justi\u00e7a contra o crimes e corrup\u00e7\u00e3o que assolaram a cidade de Tai Krung.<\/p>\n<p>Com seu formid\u00e1vel Iddhi, Naga Rider cria uma armadura com a imagina\u00e7\u00e3o que uma montaria alada que ele usa para percorrer as ruas de Tai Krung em busca de perigos para derrotar.<\/p>\n<p>A verdadeira amea\u00e7a vem de Mara, o chef\u00e3o que domina a cidade da sua imponente cova, cercado por um ex\u00e9rcito de capangas. Observando todos de cima, temos Garuda Cruel, um antigo parceiro de Naga Rider que alterou sua pr\u00f3pria forma em sua busca pelo poder e, atualmente, serve como o principal guarda-costas de Mara.<\/p>\n<p>Naga Rider trilha sozinho o seu caminho em busca da justi\u00e7a, mas ter\u00e1 que reaprender a trabalhar em equipe se quiser salvar Tai Krung.<\/p>\n","protected":false},"excerpt":{"rendered":"O her\u00f3i da cidade de Tai Krung, defensor do dharma, protetor do povo: ele \u00e9 o Naga Rider! Naga Rider \u00e9 o \u00faltimo dos Cavaleiros Vahana e luta em prol da justi\u00e7a contra o crimes e corrup\u00e7\u00e3o que assolaram a cidade de Tai Krung. Com seu formid\u00e1vel Iddhi, Naga Rider cria uma armadura com a&#8230; <a class=\"view-article\" href=\"https:\/\/indivisible-game.com\/pt-br\/meet-the-characters\/naga-rider\/\">Ver artigo<\/a>","protected":false},"author":7,"featured_media":1363,"parent":1088,"menu_order":12,"comment_status":"closed","ping_status":"closed","template":"template_character.php","meta":{"_monsterinsights_skip_tracking":false,"_monsterinsights_sitenote_active":false,"_monsterinsights_sitenote_note":"","_monsterinsights_sitenote_category":0},"acf":[],"yoast_head":"<!-- This site is optimized with the Yoast SEO plugin v17.7 - https:\/\/yoast.com\/wordpress\/plugins\/seo\/ -->\n<meta name=\"robots\" content=\"index, follow, max-snippet:-1, max-image-preview:large, max-video-preview:-1\" \/>\n<link rel=\"canonical\" href=\"https:\/\/indivisible-game.com\/pt-br\/meet-the-characters\/naga-rider\/\" \/>\n<meta property=\"og:locale\" content=\"pt_BR\" \/>\n<meta property=\"og:type\" content=\"article\" \/>\n<meta property=\"og:title\" content=\"Naga Rider - Indivisible\" \/>\n<meta property=\"og:description\" content=\"O her\u00f3i da cidade de Tai Krung, defensor do dharma, protetor do povo: ele \u00e9 o Naga Rider! Naga Rider \u00e9 o \u00faltimo dos Cavaleiros Vahana e luta em prol da justi\u00e7a contra o crimes e corrup\u00e7\u00e3o que assolaram a cidade de Tai Krung. Com seu formid\u00e1vel Iddhi, Naga Rider cria uma armadura com a... Ver artigo\" \/>\n<meta property=\"og:url\" content=\"https:\/\/indivisible-game.com\/pt-br\/meet-the-characters\/naga-rider\/\" \/>\n<meta property=\"og:site_name\" content=\"Indivisible\" \/>\n<meta property=\"article:modified_time\" content=\"2019-10-03T10:51:04+00:00\" \/>\n<meta property=\"og:image\" content=\"https:\/\/indivisible-game.com\/wp-content\/uploads\/2019\/05\/pose_nagarider.png\" \/>\n\t<meta property=\"og:image:width\" content=\"945\" \/>\n\t<meta property=\"og:image:height\" content=\"1159\" \/>\n<meta name=\"twitter:card\" content=\"summary_large_image\" \/>\n<meta name=\"twitter:label1\" content=\"Est. tempo de leitura\" \/>\n\t<meta name=\"twitter:data1\" content=\"1 minuto\" \/>\n<script type=\"application\/ld+json\" class=\"yoast-schema-graph\">{\"@context\":\"https:\/\/schema.org\",\"@graph\":[{\"@type\":\"WebSite\",\"@id\":\"https:\/\/indivisible-game.com\/#website\",\"url\":\"https:\/\/indivisible-game.com\/\",\"name\":\"Indivisible\",\"description\":\"Indivisible\",\"potentialAction\":[{\"@type\":\"SearchAction\",\"target\":{\"@type\":\"EntryPoint\",\"urlTemplate\":\"https:\/\/indivisible-game.com\/?s={search_term_string}\"},\"query-input\":\"required name=search_term_string\"}],\"inLanguage\":\"pt-BR\"},{\"@type\":\"ImageObject\",\"@id\":\"https:\/\/indivisible-game.com\/pt-br\/meet-the-characters\/naga-rider\/#primaryimage\",\"inLanguage\":\"pt-BR\",\"url\":\"https:\/\/indivisible-game.com\/wp-content\/uploads\/2019\/05\/pose_nagarider.png\",\"contentUrl\":\"https:\/\/indivisible-game.com\/wp-content\/uploads\/2019\/05\/pose_nagarider.png\",\"width\":945,\"height\":1159},{\"@type\":\"WebPage\",\"@id\":\"https:\/\/indivisible-game.com\/pt-br\/meet-the-characters\/naga-rider\/#webpage\",\"url\":\"https:\/\/indivisible-game.com\/pt-br\/meet-the-characters\/naga-rider\/\",\"name\":\"Naga Rider - Indivisible\",\"isPartOf\":{\"@id\":\"https:\/\/indivisible-game.com\/#website\"},\"primaryImageOfPage\":{\"@id\":\"https:\/\/indivisible-game.com\/pt-br\/meet-the-characters\/naga-rider\/#primaryimage\"},\"datePublished\":\"2019-05-17T10:01:59+00:00\",\"dateModified\":\"2019-10-03T10:51:04+00:00\",\"breadcrumb\":{\"@id\":\"https:\/\/indivisible-game.com\/pt-br\/meet-the-characters\/naga-rider\/#breadcrumb\"},\"inLanguage\":\"pt-BR\",\"potentialAction\":[{\"@type\":\"ReadAction\",\"target\":[\"https:\/\/indivisible-game.com\/pt-br\/meet-the-characters\/naga-rider\/\"]}]},{\"@type\":\"BreadcrumbList\",\"@id\":\"https:\/\/indivisible-game.com\/pt-br\/meet-the-characters\/naga-rider\/#breadcrumb\",\"itemListElement\":[{\"@type\":\"ListItem\",\"position\":1,\"name\":\"Home\",\"item\":\"https:\/\/indivisible-game.com\/pt-br\/\"},{\"@type\":\"ListItem\",\"position\":2,\"name\":\"Conhe\\u00e7a os personagens\",\"item\":\"https:\/\/indivisible-game.com\/pt-br\/meet-the-characters\/\"},{\"@type\":\"ListItem\",\"position\":3,\"name\":\"Naga Rider\"}]}]}<\/script>\n<!-- \/ Yoast SEO plugin. -->","yoast_head_json":{"robots":{"index":"index","follow":"follow","max-snippet":"max-snippet:-1","max-image-preview":"max-image-preview:large","max-video-preview":"max-video-preview:-1"},"canonical":"https:\/\/indivisible-game.com\/pt-br\/meet-the-characters\/naga-rider\/","og_locale":"pt_BR","og_type":"article","og_title":"Naga Rider - Indivisible","og_description":"O her\u00f3i da cidade de Tai Krung, defensor do dharma, protetor do povo: ele \u00e9 o Naga Rider! Naga Rider \u00e9 o \u00faltimo dos Cavaleiros Vahana e luta em prol da justi\u00e7a contra o crimes e corrup\u00e7\u00e3o que assolaram a cidade de Tai Krung. Com seu formid\u00e1vel Iddhi, Naga Rider cria uma armadura com a... Ver artigo","og_url":"https:\/\/indivisible-game.com\/pt-br\/meet-the-characters\/naga-rider\/","og_site_name":"Indivisible","article_modified_time":"2019-10-03T10:51:04+00:00","og_image":[{"width":945,"height":1159,"url":"https:\/\/indivisible-game.com\/wp-content\/uploads\/2019\/05\/pose_nagarider.png","type":"image\/png"}],"twitter_card":"summary_large_image","twitter_misc":{"Est. tempo de leitura":"1 minuto"},"schema":{"@context":"https:\/\/schema.org","@graph":[{"@type":"WebSite","@id":"https:\/\/indivisible-game.com\/#website","url":"https:\/\/indivisible-game.com\/","name":"Indivisible","description":"Indivisible","potentialAction":[{"@type":"SearchAction","target":{"@type":"EntryPoint","urlTemplate":"https:\/\/indivisible-game.com\/?s={search_term_string}"},"query-input":"required name=search_term_string"}],"inLanguage":"pt-BR"},{"@type":"ImageObject","@id":"https:\/\/indivisible-game.com\/pt-br\/meet-the-characters\/naga-rider\/#primaryimage","inLanguage":"pt-BR","url":"https:\/\/indivisible-game.com\/wp-content\/uploads\/2019\/05\/pose_nagarider.png","contentUrl":"https:\/\/indivisible-game.com\/wp-content\/uploads\/2019\/05\/pose_nagarider.png","width":945,"height":1159},{"@type":"WebPage","@id":"https:\/\/indivisible-game.com\/pt-br\/meet-the-characters\/naga-rider\/#webpage","url":"https:\/\/indivisible-game.com\/pt-br\/meet-the-characters\/naga-rider\/","name":"Naga Rider - Indivisible","isPartOf":{"@id":"https:\/\/indivisible-game.com\/#website"},"primaryImageOfPage":{"@id":"https:\/\/indivisible-game.com\/pt-br\/meet-the-characters\/naga-rider\/#primaryimage"},"datePublished":"2019-05-17T10:01:59+00:00","dateModified":"2019-10-03T10:51:04+00:00","breadcrumb":{"@id":"https:\/\/indivisible-game.com\/pt-br\/meet-the-characters\/naga-rider\/#breadcrumb"},"inLanguage":"pt-BR","potentialAction":[{"@type":"ReadAction","target":["https:\/\/indivisible-game.com\/pt-br\/meet-the-characters\/naga-rider\/"]}]},{"@type":"BreadcrumbList","@id":"https:\/\/indivisible-game.com\/pt-br\/meet-the-characters\/naga-rider\/#breadcrumb","itemListElement":[{"@type":"ListItem","position":1,"name":"Home","item":"https:\/\/indivisible-game.com\/pt-br\/"},{"@type":"ListItem","position":2,"name":"Conhe\u00e7a os personagens","item":"https:\/\/indivisible-game.com\/pt-br\/meet-the-characters\/"},{"@type":"ListItem","position":3,"name":"Naga Rider"}]}]}},"_links":{"self":[{"href":"https:\/\/indivisible-game.com\/pt-br\/wp-json\/wp\/v2\/pages\/1827"}],"collection":[{"href":"https:\/\/indivisible-game.com\/pt-br\/wp-json\/wp\/v2\/pages"}],"about":[{"href":"https:\/\/indivisible-game.com\/pt-br\/wp-json\/wp\/v2\/types\/page"}],"author":[{"embeddable":true,"href":"https:\/\/indivisible-game.com\/pt-br\/wp-json\/wp\/v2\/users\/7"}],"replies":[{"embeddable":true,"href":"https:\/\/indivisible-game.com\/pt-br\/wp-json\/wp\/v2\/comments?post=1827"}],"version-history":[{"count":0,"href":"https:\/\/indivisible-game.com\/pt-br\/wp-json\/wp\/v2\/pages\/1827\/revisions"}],"up":[{"embeddable":true,"href":"https:\/\/indivisible-game.com\/pt-br\/wp-json\/wp\/v2\/pages\/1088"}],"wp:featuredmedia":[{"embeddable":true,"href":"https:\/\/indivisible-game.com\/pt-br\/wp-json\/wp\/v2\/media\/1363"}],"wp:attachment":[{"href":"https:\/\/indivisible-game.com\/pt-br\/wp-json\/wp\/v2\/media?parent=1827"}],"curies":[{"name":"wp","href":"https:\/\/api.w.org\/{rel}","templated":true}]}}