{"id":1880,"date":"2018-08-14T11:24:35","date_gmt":"2018-08-14T10:24:35","guid":{"rendered":"https:\/\/indivisiblegame.com\/meet-the-characters\/nuna\/"},"modified":"2019-10-03T14:57:59","modified_gmt":"2019-10-03T13:57:59","slug":"nuna","status":"publish","type":"page","link":"https:\/\/indivisible-game.com\/pt-br\/meet-the-characters\/nuna\/","title":{"rendered":"Nuna"},"content":{"rendered":"<p>Nascida em Kaanul, Nuna \u00e9 a filha do meio entre tr\u00eas irm\u00e3s.<\/p>\n<p>Sua irm\u00e3 mais velha, Nijone, \u00e9 a curandeira mais conhecida de Kaanul. Nuna deseja ser t\u00e3o \u00fatil quanto sua irm\u00e3 para a comunidade, mas foi t\u00e3o mimada durante sua vida que tornou-se muito dependente da irm\u00e3 e n\u00e3o sabe como seguir em frente sozinha.<\/p>\n<p>Nuna sempre mostrou uma forte afinidade com as plantas, que acabou se transformando em poderosas habilidades fitom\u00e1ticas \u00e0 medida que ela foi crescendo. Ela est\u00e1 certas de que esses poderes v\u00e3o, um dia, beneficiar o podo de Kaanul, mas desde que a Rainha das Cobras ordenou que todos se escondessem, ela teve poucas oportunidades de desenvolv\u00ea-los.<\/p>\n<p>Tzitzi, o ajudante da Rainha das Cobras, recentemente come\u00e7ou a usar a for\u00e7a para impedir o acesso das pessoas \u00e0 superf\u00edcie, a fim de &#8220;&#8221;proteger&#8221;&#8221; o povo de Kaanul. Assustada com o futuro de Kaanul, Nijone pediu a Nuna que fosse at\u00e9 superf\u00edcie sem ser notada e procurasse Angwu, o grande her\u00f3i de Kaanul. Ainda que sentisse medo, Nuna aceitou, pois talvez essa seja a oportunidade pela qual ela estava esperando.<\/p>\n","protected":false},"excerpt":{"rendered":"Nascida em Kaanul, Nuna \u00e9 a filha do meio entre tr\u00eas irm\u00e3s. Sua irm\u00e3 mais velha, Nijone, \u00e9 a curandeira mais conhecida de Kaanul. Nuna deseja ser t\u00e3o \u00fatil quanto sua irm\u00e3 para a comunidade, mas foi t\u00e3o mimada durante sua vida que tornou-se muito dependente da irm\u00e3 e n\u00e3o sabe como seguir em frente&#8230; <a class=\"view-article\" href=\"https:\/\/indivisible-game.com\/pt-br\/meet-the-characters\/nuna\/\">Ver artigo<\/a>","protected":false},"author":7,"featured_media":1365,"parent":1088,"menu_order":14,"comment_status":"closed","ping_status":"closed","template":"template_character.php","meta":{"_monsterinsights_skip_tracking":false,"_monsterinsights_sitenote_active":false,"_monsterinsights_sitenote_note":"","_monsterinsights_sitenote_category":0},"acf":[],"yoast_head":"<!-- This site is optimized with the Yoast SEO plugin v17.7 - https:\/\/yoast.com\/wordpress\/plugins\/seo\/ -->\n<meta name=\"robots\" content=\"index, follow, max-snippet:-1, max-image-preview:large, max-video-preview:-1\" \/>\n<link rel=\"canonical\" href=\"https:\/\/indivisible-game.com\/pt-br\/meet-the-characters\/nuna\/\" \/>\n<meta property=\"og:locale\" content=\"pt_BR\" \/>\n<meta property=\"og:type\" content=\"article\" \/>\n<meta property=\"og:title\" content=\"Nuna - Indivisible\" \/>\n<meta property=\"og:description\" content=\"Nascida em Kaanul, Nuna \u00e9 a filha do meio entre tr\u00eas irm\u00e3s. Sua irm\u00e3 mais velha, Nijone, \u00e9 a curandeira mais conhecida de Kaanul. Nuna deseja ser t\u00e3o \u00fatil quanto sua irm\u00e3 para a comunidade, mas foi t\u00e3o mimada durante sua vida que tornou-se muito dependente da irm\u00e3 e n\u00e3o sabe como seguir em frente... Ver artigo\" \/>\n<meta property=\"og:url\" content=\"https:\/\/indivisible-game.com\/pt-br\/meet-the-characters\/nuna\/\" \/>\n<meta property=\"og:site_name\" content=\"Indivisible\" \/>\n<meta property=\"article:modified_time\" content=\"2019-10-03T13:57:59+00:00\" \/>\n<meta property=\"og:image\" content=\"https:\/\/indivisible-game.com\/wp-content\/uploads\/2019\/05\/pose_nuna.png\" \/>\n\t<meta property=\"og:image:width\" content=\"1042\" \/>\n\t<meta property=\"og:image:height\" content=\"1139\" \/>\n<meta name=\"twitter:card\" content=\"summary_large_image\" \/>\n<meta name=\"twitter:label1\" content=\"Est. tempo de leitura\" \/>\n\t<meta name=\"twitter:data1\" content=\"1 minuto\" \/>\n<script type=\"application\/ld+json\" class=\"yoast-schema-graph\">{\"@context\":\"https:\/\/schema.org\",\"@graph\":[{\"@type\":\"WebSite\",\"@id\":\"https:\/\/indivisible-game.com\/#website\",\"url\":\"https:\/\/indivisible-game.com\/\",\"name\":\"Indivisible\",\"description\":\"Indivisible\",\"potentialAction\":[{\"@type\":\"SearchAction\",\"target\":{\"@type\":\"EntryPoint\",\"urlTemplate\":\"https:\/\/indivisible-game.com\/?s={search_term_string}\"},\"query-input\":\"required name=search_term_string\"}],\"inLanguage\":\"pt-BR\"},{\"@type\":\"ImageObject\",\"@id\":\"https:\/\/indivisible-game.com\/pt-br\/meet-the-characters\/nuna\/#primaryimage\",\"inLanguage\":\"pt-BR\",\"url\":\"https:\/\/indivisible-game.com\/wp-content\/uploads\/2019\/05\/pose_nuna.png\",\"contentUrl\":\"https:\/\/indivisible-game.com\/wp-content\/uploads\/2019\/05\/pose_nuna.png\",\"width\":1042,\"height\":1139},{\"@type\":\"WebPage\",\"@id\":\"https:\/\/indivisible-game.com\/pt-br\/meet-the-characters\/nuna\/#webpage\",\"url\":\"https:\/\/indivisible-game.com\/pt-br\/meet-the-characters\/nuna\/\",\"name\":\"Nuna - Indivisible\",\"isPartOf\":{\"@id\":\"https:\/\/indivisible-game.com\/#website\"},\"primaryImageOfPage\":{\"@id\":\"https:\/\/indivisible-game.com\/pt-br\/meet-the-characters\/nuna\/#primaryimage\"},\"datePublished\":\"2018-08-14T10:24:35+00:00\",\"dateModified\":\"2019-10-03T13:57:59+00:00\",\"breadcrumb\":{\"@id\":\"https:\/\/indivisible-game.com\/pt-br\/meet-the-characters\/nuna\/#breadcrumb\"},\"inLanguage\":\"pt-BR\",\"potentialAction\":[{\"@type\":\"ReadAction\",\"target\":[\"https:\/\/indivisible-game.com\/pt-br\/meet-the-characters\/nuna\/\"]}]},{\"@type\":\"BreadcrumbList\",\"@id\":\"https:\/\/indivisible-game.com\/pt-br\/meet-the-characters\/nuna\/#breadcrumb\",\"itemListElement\":[{\"@type\":\"ListItem\",\"position\":1,\"name\":\"Home\",\"item\":\"https:\/\/indivisible-game.com\/pt-br\/\"},{\"@type\":\"ListItem\",\"position\":2,\"name\":\"Conhe\\u00e7a os personagens\",\"item\":\"https:\/\/indivisible-game.com\/pt-br\/meet-the-characters\/\"},{\"@type\":\"ListItem\",\"position\":3,\"name\":\"Nuna\"}]}]}<\/script>\n<!-- \/ Yoast SEO plugin. -->","yoast_head_json":{"robots":{"index":"index","follow":"follow","max-snippet":"max-snippet:-1","max-image-preview":"max-image-preview:large","max-video-preview":"max-video-preview:-1"},"canonical":"https:\/\/indivisible-game.com\/pt-br\/meet-the-characters\/nuna\/","og_locale":"pt_BR","og_type":"article","og_title":"Nuna - Indivisible","og_description":"Nascida em Kaanul, Nuna \u00e9 a filha do meio entre tr\u00eas irm\u00e3s. Sua irm\u00e3 mais velha, Nijone, \u00e9 a curandeira mais conhecida de Kaanul. Nuna deseja ser t\u00e3o \u00fatil quanto sua irm\u00e3 para a comunidade, mas foi t\u00e3o mimada durante sua vida que tornou-se muito dependente da irm\u00e3 e n\u00e3o sabe como seguir em frente... Ver artigo","og_url":"https:\/\/indivisible-game.com\/pt-br\/meet-the-characters\/nuna\/","og_site_name":"Indivisible","article_modified_time":"2019-10-03T13:57:59+00:00","og_image":[{"width":1042,"height":1139,"url":"https:\/\/indivisible-game.com\/wp-content\/uploads\/2019\/05\/pose_nuna.png","type":"image\/png"}],"twitter_card":"summary_large_image","twitter_misc":{"Est. tempo de leitura":"1 minuto"},"schema":{"@context":"https:\/\/schema.org","@graph":[{"@type":"WebSite","@id":"https:\/\/indivisible-game.com\/#website","url":"https:\/\/indivisible-game.com\/","name":"Indivisible","description":"Indivisible","potentialAction":[{"@type":"SearchAction","target":{"@type":"EntryPoint","urlTemplate":"https:\/\/indivisible-game.com\/?s={search_term_string}"},"query-input":"required name=search_term_string"}],"inLanguage":"pt-BR"},{"@type":"ImageObject","@id":"https:\/\/indivisible-game.com\/pt-br\/meet-the-characters\/nuna\/#primaryimage","inLanguage":"pt-BR","url":"https:\/\/indivisible-game.com\/wp-content\/uploads\/2019\/05\/pose_nuna.png","contentUrl":"https:\/\/indivisible-game.com\/wp-content\/uploads\/2019\/05\/pose_nuna.png","width":1042,"height":1139},{"@type":"WebPage","@id":"https:\/\/indivisible-game.com\/pt-br\/meet-the-characters\/nuna\/#webpage","url":"https:\/\/indivisible-game.com\/pt-br\/meet-the-characters\/nuna\/","name":"Nuna - Indivisible","isPartOf":{"@id":"https:\/\/indivisible-game.com\/#website"},"primaryImageOfPage":{"@id":"https:\/\/indivisible-game.com\/pt-br\/meet-the-characters\/nuna\/#primaryimage"},"datePublished":"2018-08-14T10:24:35+00:00","dateModified":"2019-10-03T13:57:59+00:00","breadcrumb":{"@id":"https:\/\/indivisible-game.com\/pt-br\/meet-the-characters\/nuna\/#breadcrumb"},"inLanguage":"pt-BR","potentialAction":[{"@type":"ReadAction","target":["https:\/\/indivisible-game.com\/pt-br\/meet-the-characters\/nuna\/"]}]},{"@type":"BreadcrumbList","@id":"https:\/\/indivisible-game.com\/pt-br\/meet-the-characters\/nuna\/#breadcrumb","itemListElement":[{"@type":"ListItem","position":1,"name":"Home","item":"https:\/\/indivisible-game.com\/pt-br\/"},{"@type":"ListItem","position":2,"name":"Conhe\u00e7a os personagens","item":"https:\/\/indivisible-game.com\/pt-br\/meet-the-characters\/"},{"@type":"ListItem","position":3,"name":"Nuna"}]}]}},"_links":{"self":[{"href":"https:\/\/indivisible-game.com\/pt-br\/wp-json\/wp\/v2\/pages\/1880"}],"collection":[{"href":"https:\/\/indivisible-game.com\/pt-br\/wp-json\/wp\/v2\/pages"}],"about":[{"href":"https:\/\/indivisible-game.com\/pt-br\/wp-json\/wp\/v2\/types\/page"}],"author":[{"embeddable":true,"href":"https:\/\/indivisible-game.com\/pt-br\/wp-json\/wp\/v2\/users\/7"}],"replies":[{"embeddable":true,"href":"https:\/\/indivisible-game.com\/pt-br\/wp-json\/wp\/v2\/comments?post=1880"}],"version-history":[{"count":0,"href":"https:\/\/indivisible-game.com\/pt-br\/wp-json\/wp\/v2\/pages\/1880\/revisions"}],"up":[{"embeddable":true,"href":"https:\/\/indivisible-game.com\/pt-br\/wp-json\/wp\/v2\/pages\/1088"}],"wp:featuredmedia":[{"embeddable":true,"href":"https:\/\/indivisible-game.com\/pt-br\/wp-json\/wp\/v2\/media\/1365"}],"wp:attachment":[{"href":"https:\/\/indivisible-game.com\/pt-br\/wp-json\/wp\/v2\/media?parent=1880"}],"curies":[{"name":"wp","href":"https:\/\/api.w.org\/{rel}","templated":true}]}}