{"id":1901,"date":"2019-05-17T10:41:18","date_gmt":"2019-05-17T09:41:18","guid":{"rendered":"https:\/\/indivisiblegame.com\/meet-the-characters\/phoebe\/"},"modified":"2019-10-03T15:03:22","modified_gmt":"2019-10-03T14:03:22","slug":"phoebe","status":"publish","type":"page","link":"https:\/\/indivisible-game.com\/pt-br\/meet-the-characters\/phoebe\/","title":{"rendered":"Phoebe"},"content":{"rendered":"<p>Em sua distante terra natal distante, Phoebe defendia a liberdade contra uma for\u00e7a invasora de uma na\u00e7\u00e3o vizinha.<\/p>\n<p>Lutando ao lado de seu marido, Phoebe representava uma for\u00e7a sem precedentes. Os dois lutaram com unhas e dentes n\u00e3o apenas em prol da sua na\u00e7\u00e3o, mas tamb\u00e9m pelo futuro de seus dois filhos, Aster e Egan.<\/p>\n<p>Com a chegada de uma nova e devastadora arma, a for\u00e7a invasora ganhou vantagem. O marido de Phoebe foi mortalmente ferido e, em seu leito de morte, fez um pedido a ela: pegue as crian\u00e7as e v\u00e1 embora. Ela obedeceu e conseguiu pegar um barco com destino a Port Maerifa, deixando sua cidade em chamas para tr\u00e1s.<\/p>\n<p>Agora, longe das batalhas que assolam sua na\u00e7\u00e3o, Phoebe treina a si mesma e a seus filhos. Juntos, eles buscam aliados para que, um dia, possam voltar \u00e0 sua terra natal e expulsar a for\u00e7a que ocupou seu lar.<\/p>\n","protected":false},"excerpt":{"rendered":"Em sua distante terra natal distante, Phoebe defendia a liberdade contra uma for\u00e7a invasora de uma na\u00e7\u00e3o vizinha. Lutando ao lado de seu marido, Phoebe representava uma for\u00e7a sem precedentes. Os dois lutaram com unhas e dentes n\u00e3o apenas em prol da sua na\u00e7\u00e3o, mas tamb\u00e9m pelo futuro de seus dois filhos, Aster e Egan&#8230;. <a class=\"view-article\" href=\"https:\/\/indivisible-game.com\/pt-br\/meet-the-characters\/phoebe\/\">Ver artigo<\/a>","protected":false},"author":7,"featured_media":1366,"parent":1088,"menu_order":15,"comment_status":"closed","ping_status":"closed","template":"template_character.php","meta":{"_monsterinsights_skip_tracking":false,"_monsterinsights_sitenote_active":false,"_monsterinsights_sitenote_note":"","_monsterinsights_sitenote_category":0},"acf":[],"yoast_head":"<!-- This site is optimized with the Yoast SEO plugin v17.7 - https:\/\/yoast.com\/wordpress\/plugins\/seo\/ -->\n<meta name=\"robots\" content=\"index, follow, max-snippet:-1, max-image-preview:large, max-video-preview:-1\" \/>\n<link rel=\"canonical\" href=\"https:\/\/indivisible-game.com\/pt-br\/meet-the-characters\/phoebe\/\" \/>\n<meta property=\"og:locale\" content=\"pt_BR\" \/>\n<meta property=\"og:type\" content=\"article\" \/>\n<meta property=\"og:title\" content=\"Phoebe - Indivisible\" \/>\n<meta property=\"og:description\" content=\"Em sua distante terra natal distante, Phoebe defendia a liberdade contra uma for\u00e7a invasora de uma na\u00e7\u00e3o vizinha. Lutando ao lado de seu marido, Phoebe representava uma for\u00e7a sem precedentes. Os dois lutaram com unhas e dentes n\u00e3o apenas em prol da sua na\u00e7\u00e3o, mas tamb\u00e9m pelo futuro de seus dois filhos, Aster e Egan.... Ver artigo\" \/>\n<meta property=\"og:url\" content=\"https:\/\/indivisible-game.com\/pt-br\/meet-the-characters\/phoebe\/\" \/>\n<meta property=\"og:site_name\" content=\"Indivisible\" \/>\n<meta property=\"article:modified_time\" content=\"2019-10-03T14:03:22+00:00\" \/>\n<meta property=\"og:image\" content=\"https:\/\/indivisible-game.com\/wp-content\/uploads\/2019\/05\/pose_phoebe.png\" \/>\n\t<meta property=\"og:image:width\" content=\"1110\" \/>\n\t<meta property=\"og:image:height\" content=\"1294\" \/>\n<meta name=\"twitter:card\" content=\"summary_large_image\" \/>\n<meta name=\"twitter:label1\" content=\"Est. tempo de leitura\" \/>\n\t<meta name=\"twitter:data1\" content=\"1 minuto\" \/>\n<script type=\"application\/ld+json\" class=\"yoast-schema-graph\">{\"@context\":\"https:\/\/schema.org\",\"@graph\":[{\"@type\":\"WebSite\",\"@id\":\"https:\/\/indivisible-game.com\/#website\",\"url\":\"https:\/\/indivisible-game.com\/\",\"name\":\"Indivisible\",\"description\":\"Indivisible\",\"potentialAction\":[{\"@type\":\"SearchAction\",\"target\":{\"@type\":\"EntryPoint\",\"urlTemplate\":\"https:\/\/indivisible-game.com\/?s={search_term_string}\"},\"query-input\":\"required name=search_term_string\"}],\"inLanguage\":\"pt-BR\"},{\"@type\":\"ImageObject\",\"@id\":\"https:\/\/indivisible-game.com\/pt-br\/meet-the-characters\/phoebe\/#primaryimage\",\"inLanguage\":\"pt-BR\",\"url\":\"https:\/\/indivisible-game.com\/wp-content\/uploads\/2019\/05\/pose_phoebe.png\",\"contentUrl\":\"https:\/\/indivisible-game.com\/wp-content\/uploads\/2019\/05\/pose_phoebe.png\",\"width\":1110,\"height\":1294},{\"@type\":\"WebPage\",\"@id\":\"https:\/\/indivisible-game.com\/pt-br\/meet-the-characters\/phoebe\/#webpage\",\"url\":\"https:\/\/indivisible-game.com\/pt-br\/meet-the-characters\/phoebe\/\",\"name\":\"Phoebe - Indivisible\",\"isPartOf\":{\"@id\":\"https:\/\/indivisible-game.com\/#website\"},\"primaryImageOfPage\":{\"@id\":\"https:\/\/indivisible-game.com\/pt-br\/meet-the-characters\/phoebe\/#primaryimage\"},\"datePublished\":\"2019-05-17T09:41:18+00:00\",\"dateModified\":\"2019-10-03T14:03:22+00:00\",\"breadcrumb\":{\"@id\":\"https:\/\/indivisible-game.com\/pt-br\/meet-the-characters\/phoebe\/#breadcrumb\"},\"inLanguage\":\"pt-BR\",\"potentialAction\":[{\"@type\":\"ReadAction\",\"target\":[\"https:\/\/indivisible-game.com\/pt-br\/meet-the-characters\/phoebe\/\"]}]},{\"@type\":\"BreadcrumbList\",\"@id\":\"https:\/\/indivisible-game.com\/pt-br\/meet-the-characters\/phoebe\/#breadcrumb\",\"itemListElement\":[{\"@type\":\"ListItem\",\"position\":1,\"name\":\"Home\",\"item\":\"https:\/\/indivisible-game.com\/pt-br\/\"},{\"@type\":\"ListItem\",\"position\":2,\"name\":\"Conhe\\u00e7a os personagens\",\"item\":\"https:\/\/indivisible-game.com\/pt-br\/meet-the-characters\/\"},{\"@type\":\"ListItem\",\"position\":3,\"name\":\"Phoebe\"}]}]}<\/script>\n<!-- \/ Yoast SEO plugin. -->","yoast_head_json":{"robots":{"index":"index","follow":"follow","max-snippet":"max-snippet:-1","max-image-preview":"max-image-preview:large","max-video-preview":"max-video-preview:-1"},"canonical":"https:\/\/indivisible-game.com\/pt-br\/meet-the-characters\/phoebe\/","og_locale":"pt_BR","og_type":"article","og_title":"Phoebe - Indivisible","og_description":"Em sua distante terra natal distante, Phoebe defendia a liberdade contra uma for\u00e7a invasora de uma na\u00e7\u00e3o vizinha. Lutando ao lado de seu marido, Phoebe representava uma for\u00e7a sem precedentes. Os dois lutaram com unhas e dentes n\u00e3o apenas em prol da sua na\u00e7\u00e3o, mas tamb\u00e9m pelo futuro de seus dois filhos, Aster e Egan.... Ver artigo","og_url":"https:\/\/indivisible-game.com\/pt-br\/meet-the-characters\/phoebe\/","og_site_name":"Indivisible","article_modified_time":"2019-10-03T14:03:22+00:00","og_image":[{"width":1110,"height":1294,"url":"https:\/\/indivisible-game.com\/wp-content\/uploads\/2019\/05\/pose_phoebe.png","type":"image\/png"}],"twitter_card":"summary_large_image","twitter_misc":{"Est. tempo de leitura":"1 minuto"},"schema":{"@context":"https:\/\/schema.org","@graph":[{"@type":"WebSite","@id":"https:\/\/indivisible-game.com\/#website","url":"https:\/\/indivisible-game.com\/","name":"Indivisible","description":"Indivisible","potentialAction":[{"@type":"SearchAction","target":{"@type":"EntryPoint","urlTemplate":"https:\/\/indivisible-game.com\/?s={search_term_string}"},"query-input":"required name=search_term_string"}],"inLanguage":"pt-BR"},{"@type":"ImageObject","@id":"https:\/\/indivisible-game.com\/pt-br\/meet-the-characters\/phoebe\/#primaryimage","inLanguage":"pt-BR","url":"https:\/\/indivisible-game.com\/wp-content\/uploads\/2019\/05\/pose_phoebe.png","contentUrl":"https:\/\/indivisible-game.com\/wp-content\/uploads\/2019\/05\/pose_phoebe.png","width":1110,"height":1294},{"@type":"WebPage","@id":"https:\/\/indivisible-game.com\/pt-br\/meet-the-characters\/phoebe\/#webpage","url":"https:\/\/indivisible-game.com\/pt-br\/meet-the-characters\/phoebe\/","name":"Phoebe - Indivisible","isPartOf":{"@id":"https:\/\/indivisible-game.com\/#website"},"primaryImageOfPage":{"@id":"https:\/\/indivisible-game.com\/pt-br\/meet-the-characters\/phoebe\/#primaryimage"},"datePublished":"2019-05-17T09:41:18+00:00","dateModified":"2019-10-03T14:03:22+00:00","breadcrumb":{"@id":"https:\/\/indivisible-game.com\/pt-br\/meet-the-characters\/phoebe\/#breadcrumb"},"inLanguage":"pt-BR","potentialAction":[{"@type":"ReadAction","target":["https:\/\/indivisible-game.com\/pt-br\/meet-the-characters\/phoebe\/"]}]},{"@type":"BreadcrumbList","@id":"https:\/\/indivisible-game.com\/pt-br\/meet-the-characters\/phoebe\/#breadcrumb","itemListElement":[{"@type":"ListItem","position":1,"name":"Home","item":"https:\/\/indivisible-game.com\/pt-br\/"},{"@type":"ListItem","position":2,"name":"Conhe\u00e7a os personagens","item":"https:\/\/indivisible-game.com\/pt-br\/meet-the-characters\/"},{"@type":"ListItem","position":3,"name":"Phoebe"}]}]}},"_links":{"self":[{"href":"https:\/\/indivisible-game.com\/pt-br\/wp-json\/wp\/v2\/pages\/1901"}],"collection":[{"href":"https:\/\/indivisible-game.com\/pt-br\/wp-json\/wp\/v2\/pages"}],"about":[{"href":"https:\/\/indivisible-game.com\/pt-br\/wp-json\/wp\/v2\/types\/page"}],"author":[{"embeddable":true,"href":"https:\/\/indivisible-game.com\/pt-br\/wp-json\/wp\/v2\/users\/7"}],"replies":[{"embeddable":true,"href":"https:\/\/indivisible-game.com\/pt-br\/wp-json\/wp\/v2\/comments?post=1901"}],"version-history":[{"count":0,"href":"https:\/\/indivisible-game.com\/pt-br\/wp-json\/wp\/v2\/pages\/1901\/revisions"}],"up":[{"embeddable":true,"href":"https:\/\/indivisible-game.com\/pt-br\/wp-json\/wp\/v2\/pages\/1088"}],"wp:featuredmedia":[{"embeddable":true,"href":"https:\/\/indivisible-game.com\/pt-br\/wp-json\/wp\/v2\/media\/1366"}],"wp:attachment":[{"href":"https:\/\/indivisible-game.com\/pt-br\/wp-json\/wp\/v2\/media?parent=1901"}],"curies":[{"name":"wp","href":"https:\/\/api.w.org\/{rel}","templated":true}]}}