{"id":1943,"date":"2018-08-14T11:25:56","date_gmt":"2018-08-14T10:25:56","guid":{"rendered":"https:\/\/indivisiblegame.com\/meet-the-characters\/razmi\/"},"modified":"2019-10-03T15:17:29","modified_gmt":"2019-10-03T14:17:29","slug":"razmi","status":"publish","type":"page","link":"https:\/\/indivisible-game.com\/pt-br\/meet-the-characters\/razmi\/","title":{"rendered":"Razmi"},"content":{"rendered":"<p>Reclusa, Razmi \u00e9 uma xam\u00e3 que vivia na floresta que cerca Ashwat. L\u00e1, ela dedicou sua vida ao estudo da magia xam\u00e2nica, muito mais para interesse pr\u00f3prio do que para uso pr\u00e1tico.<\/p>\n<p>Estranha e esquisita, Razmi n\u00e3o se d\u00e1 muito bem com a maioria das pessoas. Em vez disso, ela prefere consultar Bom, o esp\u00edrito de tigre que vive em sua lanterna. Enquanto a lanterna estiver acesa, Bom estar\u00e1 com ela.<\/p>\n<p>Na batalha, Rami ordena que o esp\u00edrito ardente de Bom ataque os inimigos com poderosos feiti\u00e7os. Embora seja muito competente no combate, Razmi acha inc\u00f4modo batalhar e prefere estudar sozinha, aquecida pela luz de Bom.<\/p>\n","protected":false},"excerpt":{"rendered":"Reclusa, Razmi \u00e9 uma xam\u00e3 que vivia na floresta que cerca Ashwat. L\u00e1, ela dedicou sua vida ao estudo da magia xam\u00e2nica, muito mais para interesse pr\u00f3prio do que para uso pr\u00e1tico. Estranha e esquisita, Razmi n\u00e3o se d\u00e1 muito bem com a maioria das pessoas. Em vez disso, ela prefere consultar Bom, o esp\u00edrito&#8230; <a class=\"view-article\" href=\"https:\/\/indivisible-game.com\/pt-br\/meet-the-characters\/razmi\/\">Ver artigo<\/a>","protected":false},"author":7,"featured_media":1333,"parent":1088,"menu_order":17,"comment_status":"closed","ping_status":"closed","template":"template_character.php","meta":{"_monsterinsights_skip_tracking":false,"_monsterinsights_sitenote_active":false,"_monsterinsights_sitenote_note":"","_monsterinsights_sitenote_category":0},"acf":[],"yoast_head":"<!-- This site is optimized with the Yoast SEO plugin v17.7 - https:\/\/yoast.com\/wordpress\/plugins\/seo\/ -->\n<meta name=\"robots\" content=\"index, follow, max-snippet:-1, max-image-preview:large, max-video-preview:-1\" \/>\n<link rel=\"canonical\" href=\"https:\/\/indivisible-game.com\/pt-br\/meet-the-characters\/razmi\/\" \/>\n<meta property=\"og:locale\" content=\"pt_BR\" \/>\n<meta property=\"og:type\" content=\"article\" \/>\n<meta property=\"og:title\" content=\"Razmi - Indivisible\" \/>\n<meta property=\"og:description\" content=\"Reclusa, Razmi \u00e9 uma xam\u00e3 que vivia na floresta que cerca Ashwat. L\u00e1, ela dedicou sua vida ao estudo da magia xam\u00e2nica, muito mais para interesse pr\u00f3prio do que para uso pr\u00e1tico. Estranha e esquisita, Razmi n\u00e3o se d\u00e1 muito bem com a maioria das pessoas. Em vez disso, ela prefere consultar Bom, o esp\u00edrito... Ver artigo\" \/>\n<meta property=\"og:url\" content=\"https:\/\/indivisible-game.com\/pt-br\/meet-the-characters\/razmi\/\" \/>\n<meta property=\"og:site_name\" content=\"Indivisible\" \/>\n<meta property=\"article:modified_time\" content=\"2019-10-03T14:17:29+00:00\" \/>\n<meta property=\"og:image\" content=\"https:\/\/indivisible-game.com\/wp-content\/uploads\/2019\/05\/pose_razmi.png\" \/>\n\t<meta property=\"og:image:width\" content=\"1183\" \/>\n\t<meta property=\"og:image:height\" content=\"1218\" \/>\n<meta name=\"twitter:card\" content=\"summary_large_image\" \/>\n<meta name=\"twitter:label1\" content=\"Est. tempo de leitura\" \/>\n\t<meta name=\"twitter:data1\" content=\"1 minuto\" \/>\n<script type=\"application\/ld+json\" class=\"yoast-schema-graph\">{\"@context\":\"https:\/\/schema.org\",\"@graph\":[{\"@type\":\"WebSite\",\"@id\":\"https:\/\/indivisible-game.com\/#website\",\"url\":\"https:\/\/indivisible-game.com\/\",\"name\":\"Indivisible\",\"description\":\"Indivisible\",\"potentialAction\":[{\"@type\":\"SearchAction\",\"target\":{\"@type\":\"EntryPoint\",\"urlTemplate\":\"https:\/\/indivisible-game.com\/?s={search_term_string}\"},\"query-input\":\"required name=search_term_string\"}],\"inLanguage\":\"pt-BR\"},{\"@type\":\"ImageObject\",\"@id\":\"https:\/\/indivisible-game.com\/pt-br\/meet-the-characters\/razmi\/#primaryimage\",\"inLanguage\":\"pt-BR\",\"url\":\"https:\/\/indivisible-game.com\/wp-content\/uploads\/2019\/05\/pose_razmi.png\",\"contentUrl\":\"https:\/\/indivisible-game.com\/wp-content\/uploads\/2019\/05\/pose_razmi.png\",\"width\":1183,\"height\":1218},{\"@type\":\"WebPage\",\"@id\":\"https:\/\/indivisible-game.com\/pt-br\/meet-the-characters\/razmi\/#webpage\",\"url\":\"https:\/\/indivisible-game.com\/pt-br\/meet-the-characters\/razmi\/\",\"name\":\"Razmi - Indivisible\",\"isPartOf\":{\"@id\":\"https:\/\/indivisible-game.com\/#website\"},\"primaryImageOfPage\":{\"@id\":\"https:\/\/indivisible-game.com\/pt-br\/meet-the-characters\/razmi\/#primaryimage\"},\"datePublished\":\"2018-08-14T10:25:56+00:00\",\"dateModified\":\"2019-10-03T14:17:29+00:00\",\"breadcrumb\":{\"@id\":\"https:\/\/indivisible-game.com\/pt-br\/meet-the-characters\/razmi\/#breadcrumb\"},\"inLanguage\":\"pt-BR\",\"potentialAction\":[{\"@type\":\"ReadAction\",\"target\":[\"https:\/\/indivisible-game.com\/pt-br\/meet-the-characters\/razmi\/\"]}]},{\"@type\":\"BreadcrumbList\",\"@id\":\"https:\/\/indivisible-game.com\/pt-br\/meet-the-characters\/razmi\/#breadcrumb\",\"itemListElement\":[{\"@type\":\"ListItem\",\"position\":1,\"name\":\"Home\",\"item\":\"https:\/\/indivisible-game.com\/pt-br\/\"},{\"@type\":\"ListItem\",\"position\":2,\"name\":\"Conhe\\u00e7a os personagens\",\"item\":\"https:\/\/indivisible-game.com\/pt-br\/meet-the-characters\/\"},{\"@type\":\"ListItem\",\"position\":3,\"name\":\"Razmi\"}]}]}<\/script>\n<!-- \/ Yoast SEO plugin. -->","yoast_head_json":{"robots":{"index":"index","follow":"follow","max-snippet":"max-snippet:-1","max-image-preview":"max-image-preview:large","max-video-preview":"max-video-preview:-1"},"canonical":"https:\/\/indivisible-game.com\/pt-br\/meet-the-characters\/razmi\/","og_locale":"pt_BR","og_type":"article","og_title":"Razmi - Indivisible","og_description":"Reclusa, Razmi \u00e9 uma xam\u00e3 que vivia na floresta que cerca Ashwat. L\u00e1, ela dedicou sua vida ao estudo da magia xam\u00e2nica, muito mais para interesse pr\u00f3prio do que para uso pr\u00e1tico. Estranha e esquisita, Razmi n\u00e3o se d\u00e1 muito bem com a maioria das pessoas. Em vez disso, ela prefere consultar Bom, o esp\u00edrito... Ver artigo","og_url":"https:\/\/indivisible-game.com\/pt-br\/meet-the-characters\/razmi\/","og_site_name":"Indivisible","article_modified_time":"2019-10-03T14:17:29+00:00","og_image":[{"width":1183,"height":1218,"url":"https:\/\/indivisible-game.com\/wp-content\/uploads\/2019\/05\/pose_razmi.png","type":"image\/png"}],"twitter_card":"summary_large_image","twitter_misc":{"Est. tempo de leitura":"1 minuto"},"schema":{"@context":"https:\/\/schema.org","@graph":[{"@type":"WebSite","@id":"https:\/\/indivisible-game.com\/#website","url":"https:\/\/indivisible-game.com\/","name":"Indivisible","description":"Indivisible","potentialAction":[{"@type":"SearchAction","target":{"@type":"EntryPoint","urlTemplate":"https:\/\/indivisible-game.com\/?s={search_term_string}"},"query-input":"required name=search_term_string"}],"inLanguage":"pt-BR"},{"@type":"ImageObject","@id":"https:\/\/indivisible-game.com\/pt-br\/meet-the-characters\/razmi\/#primaryimage","inLanguage":"pt-BR","url":"https:\/\/indivisible-game.com\/wp-content\/uploads\/2019\/05\/pose_razmi.png","contentUrl":"https:\/\/indivisible-game.com\/wp-content\/uploads\/2019\/05\/pose_razmi.png","width":1183,"height":1218},{"@type":"WebPage","@id":"https:\/\/indivisible-game.com\/pt-br\/meet-the-characters\/razmi\/#webpage","url":"https:\/\/indivisible-game.com\/pt-br\/meet-the-characters\/razmi\/","name":"Razmi - Indivisible","isPartOf":{"@id":"https:\/\/indivisible-game.com\/#website"},"primaryImageOfPage":{"@id":"https:\/\/indivisible-game.com\/pt-br\/meet-the-characters\/razmi\/#primaryimage"},"datePublished":"2018-08-14T10:25:56+00:00","dateModified":"2019-10-03T14:17:29+00:00","breadcrumb":{"@id":"https:\/\/indivisible-game.com\/pt-br\/meet-the-characters\/razmi\/#breadcrumb"},"inLanguage":"pt-BR","potentialAction":[{"@type":"ReadAction","target":["https:\/\/indivisible-game.com\/pt-br\/meet-the-characters\/razmi\/"]}]},{"@type":"BreadcrumbList","@id":"https:\/\/indivisible-game.com\/pt-br\/meet-the-characters\/razmi\/#breadcrumb","itemListElement":[{"@type":"ListItem","position":1,"name":"Home","item":"https:\/\/indivisible-game.com\/pt-br\/"},{"@type":"ListItem","position":2,"name":"Conhe\u00e7a os personagens","item":"https:\/\/indivisible-game.com\/pt-br\/meet-the-characters\/"},{"@type":"ListItem","position":3,"name":"Razmi"}]}]}},"_links":{"self":[{"href":"https:\/\/indivisible-game.com\/pt-br\/wp-json\/wp\/v2\/pages\/1943"}],"collection":[{"href":"https:\/\/indivisible-game.com\/pt-br\/wp-json\/wp\/v2\/pages"}],"about":[{"href":"https:\/\/indivisible-game.com\/pt-br\/wp-json\/wp\/v2\/types\/page"}],"author":[{"embeddable":true,"href":"https:\/\/indivisible-game.com\/pt-br\/wp-json\/wp\/v2\/users\/7"}],"replies":[{"embeddable":true,"href":"https:\/\/indivisible-game.com\/pt-br\/wp-json\/wp\/v2\/comments?post=1943"}],"version-history":[{"count":0,"href":"https:\/\/indivisible-game.com\/pt-br\/wp-json\/wp\/v2\/pages\/1943\/revisions"}],"up":[{"embeddable":true,"href":"https:\/\/indivisible-game.com\/pt-br\/wp-json\/wp\/v2\/pages\/1088"}],"wp:featuredmedia":[{"embeddable":true,"href":"https:\/\/indivisible-game.com\/pt-br\/wp-json\/wp\/v2\/media\/1333"}],"wp:attachment":[{"href":"https:\/\/indivisible-game.com\/pt-br\/wp-json\/wp\/v2\/media?parent=1943"}],"curies":[{"name":"wp","href":"https:\/\/api.w.org\/{rel}","templated":true}]}}