{"id":2059,"date":"2018-08-14T11:43:31","date_gmt":"2018-08-14T10:43:31","guid":{"rendered":"https:\/\/indivisiblegame.com\/meet-the-characters\/tungar\/"},"modified":"2019-10-03T16:07:51","modified_gmt":"2019-10-03T15:07:51","slug":"tungar","status":"publish","type":"page","link":"https:\/\/indivisible-game.com\/pt-br\/meet-the-characters\/tungar\/","title":{"rendered":"Tungar"},"content":{"rendered":"<p>Tungar \u00e9 mestre da urumi, uma espada com l\u00e2mina flex\u00edvel em forma de fita. Ele esbanja sa\u00fade no corpo e na mente, mas anos de treino e combate deixaram seu corpo coberto de cicatrizes. Quando n\u00e3o est\u00e1 em uso, a urumi personalizada de Tungar fica enrolada em sua cabe\u00e7a como um turbante met\u00e1lico.<\/p>\n<p>Tungar e seus falecidos parceiros serviram como cavaleiros do Reino de Shayak, os antigos governantes da regi\u00e3o de Ashwat. Enquanto a maioria de seus cavaleiros foi destru\u00edda por Ravannavar, Tungar foi feito prisioneiro e interrogado sobre Shayak.<\/p>\n<p>Jovial e extrovertido, ele costuma compartilhar seus s\u00e1bios conselhos e hist\u00f3rias de guerra com quem estiver por perto, n\u00e3o importa se a pessoa quer ou n\u00e3o ouvir.<\/p>\n<p>Ao contr\u00e1rio da sua natureza tagarela, Tungar \u00e9 preciso e s\u00e9rio durante as batalhas. Ele empunha sua urumi com uma combina\u00e7\u00e3o mortal de f\u00faria e efici\u00eancia, fatiando implacavelmente seus inimigos em um piscar de olhos.<\/p>\n","protected":false},"excerpt":{"rendered":"Tungar \u00e9 mestre da urumi, uma espada com l\u00e2mina flex\u00edvel em forma de fita. Ele esbanja sa\u00fade no corpo e na mente, mas anos de treino e combate deixaram seu corpo coberto de cicatrizes. Quando n\u00e3o est\u00e1 em uso, a urumi personalizada de Tungar fica enrolada em sua cabe\u00e7a como um turbante met\u00e1lico. Tungar e&#8230; <a class=\"view-article\" href=\"https:\/\/indivisible-game.com\/pt-br\/meet-the-characters\/tungar\/\">Ver artigo<\/a>","protected":false},"author":7,"featured_media":1372,"parent":1088,"menu_order":22,"comment_status":"closed","ping_status":"closed","template":"template_character.php","meta":{"_monsterinsights_skip_tracking":false,"_monsterinsights_sitenote_active":false,"_monsterinsights_sitenote_note":"","_monsterinsights_sitenote_category":0},"acf":[],"yoast_head":"<!-- This site is optimized with the Yoast SEO plugin v17.7 - https:\/\/yoast.com\/wordpress\/plugins\/seo\/ -->\n<meta name=\"robots\" content=\"index, follow, max-snippet:-1, max-image-preview:large, max-video-preview:-1\" \/>\n<link rel=\"canonical\" href=\"https:\/\/indivisible-game.com\/pt-br\/meet-the-characters\/tungar\/\" \/>\n<meta property=\"og:locale\" content=\"pt_BR\" \/>\n<meta property=\"og:type\" content=\"article\" \/>\n<meta property=\"og:title\" content=\"Tungar - Indivisible\" \/>\n<meta property=\"og:description\" content=\"Tungar \u00e9 mestre da urumi, uma espada com l\u00e2mina flex\u00edvel em forma de fita. Ele esbanja sa\u00fade no corpo e na mente, mas anos de treino e combate deixaram seu corpo coberto de cicatrizes. Quando n\u00e3o est\u00e1 em uso, a urumi personalizada de Tungar fica enrolada em sua cabe\u00e7a como um turbante met\u00e1lico. Tungar e... Ver artigo\" \/>\n<meta property=\"og:url\" content=\"https:\/\/indivisible-game.com\/pt-br\/meet-the-characters\/tungar\/\" \/>\n<meta property=\"og:site_name\" content=\"Indivisible\" \/>\n<meta property=\"article:modified_time\" content=\"2019-10-03T15:07:51+00:00\" \/>\n<meta property=\"og:image\" content=\"https:\/\/indivisible-game.com\/wp-content\/uploads\/2019\/05\/pose_tungar.png\" \/>\n\t<meta property=\"og:image:width\" content=\"1192\" \/>\n\t<meta property=\"og:image:height\" content=\"1424\" \/>\n<meta name=\"twitter:card\" content=\"summary_large_image\" \/>\n<meta name=\"twitter:label1\" content=\"Est. tempo de leitura\" \/>\n\t<meta name=\"twitter:data1\" content=\"1 minuto\" \/>\n<script type=\"application\/ld+json\" class=\"yoast-schema-graph\">{\"@context\":\"https:\/\/schema.org\",\"@graph\":[{\"@type\":\"WebSite\",\"@id\":\"https:\/\/indivisible-game.com\/#website\",\"url\":\"https:\/\/indivisible-game.com\/\",\"name\":\"Indivisible\",\"description\":\"Indivisible\",\"potentialAction\":[{\"@type\":\"SearchAction\",\"target\":{\"@type\":\"EntryPoint\",\"urlTemplate\":\"https:\/\/indivisible-game.com\/?s={search_term_string}\"},\"query-input\":\"required name=search_term_string\"}],\"inLanguage\":\"pt-BR\"},{\"@type\":\"ImageObject\",\"@id\":\"https:\/\/indivisible-game.com\/pt-br\/meet-the-characters\/tungar\/#primaryimage\",\"inLanguage\":\"pt-BR\",\"url\":\"https:\/\/indivisible-game.com\/wp-content\/uploads\/2019\/05\/pose_tungar.png\",\"contentUrl\":\"https:\/\/indivisible-game.com\/wp-content\/uploads\/2019\/05\/pose_tungar.png\",\"width\":1192,\"height\":1424},{\"@type\":\"WebPage\",\"@id\":\"https:\/\/indivisible-game.com\/pt-br\/meet-the-characters\/tungar\/#webpage\",\"url\":\"https:\/\/indivisible-game.com\/pt-br\/meet-the-characters\/tungar\/\",\"name\":\"Tungar - Indivisible\",\"isPartOf\":{\"@id\":\"https:\/\/indivisible-game.com\/#website\"},\"primaryImageOfPage\":{\"@id\":\"https:\/\/indivisible-game.com\/pt-br\/meet-the-characters\/tungar\/#primaryimage\"},\"datePublished\":\"2018-08-14T10:43:31+00:00\",\"dateModified\":\"2019-10-03T15:07:51+00:00\",\"breadcrumb\":{\"@id\":\"https:\/\/indivisible-game.com\/pt-br\/meet-the-characters\/tungar\/#breadcrumb\"},\"inLanguage\":\"pt-BR\",\"potentialAction\":[{\"@type\":\"ReadAction\",\"target\":[\"https:\/\/indivisible-game.com\/pt-br\/meet-the-characters\/tungar\/\"]}]},{\"@type\":\"BreadcrumbList\",\"@id\":\"https:\/\/indivisible-game.com\/pt-br\/meet-the-characters\/tungar\/#breadcrumb\",\"itemListElement\":[{\"@type\":\"ListItem\",\"position\":1,\"name\":\"Home\",\"item\":\"https:\/\/indivisible-game.com\/pt-br\/\"},{\"@type\":\"ListItem\",\"position\":2,\"name\":\"Conhe\\u00e7a os personagens\",\"item\":\"https:\/\/indivisible-game.com\/pt-br\/meet-the-characters\/\"},{\"@type\":\"ListItem\",\"position\":3,\"name\":\"Tungar\"}]}]}<\/script>\n<!-- \/ Yoast SEO plugin. -->","yoast_head_json":{"robots":{"index":"index","follow":"follow","max-snippet":"max-snippet:-1","max-image-preview":"max-image-preview:large","max-video-preview":"max-video-preview:-1"},"canonical":"https:\/\/indivisible-game.com\/pt-br\/meet-the-characters\/tungar\/","og_locale":"pt_BR","og_type":"article","og_title":"Tungar - Indivisible","og_description":"Tungar \u00e9 mestre da urumi, uma espada com l\u00e2mina flex\u00edvel em forma de fita. Ele esbanja sa\u00fade no corpo e na mente, mas anos de treino e combate deixaram seu corpo coberto de cicatrizes. Quando n\u00e3o est\u00e1 em uso, a urumi personalizada de Tungar fica enrolada em sua cabe\u00e7a como um turbante met\u00e1lico. Tungar e... Ver artigo","og_url":"https:\/\/indivisible-game.com\/pt-br\/meet-the-characters\/tungar\/","og_site_name":"Indivisible","article_modified_time":"2019-10-03T15:07:51+00:00","og_image":[{"width":1192,"height":1424,"url":"https:\/\/indivisible-game.com\/wp-content\/uploads\/2019\/05\/pose_tungar.png","type":"image\/png"}],"twitter_card":"summary_large_image","twitter_misc":{"Est. tempo de leitura":"1 minuto"},"schema":{"@context":"https:\/\/schema.org","@graph":[{"@type":"WebSite","@id":"https:\/\/indivisible-game.com\/#website","url":"https:\/\/indivisible-game.com\/","name":"Indivisible","description":"Indivisible","potentialAction":[{"@type":"SearchAction","target":{"@type":"EntryPoint","urlTemplate":"https:\/\/indivisible-game.com\/?s={search_term_string}"},"query-input":"required name=search_term_string"}],"inLanguage":"pt-BR"},{"@type":"ImageObject","@id":"https:\/\/indivisible-game.com\/pt-br\/meet-the-characters\/tungar\/#primaryimage","inLanguage":"pt-BR","url":"https:\/\/indivisible-game.com\/wp-content\/uploads\/2019\/05\/pose_tungar.png","contentUrl":"https:\/\/indivisible-game.com\/wp-content\/uploads\/2019\/05\/pose_tungar.png","width":1192,"height":1424},{"@type":"WebPage","@id":"https:\/\/indivisible-game.com\/pt-br\/meet-the-characters\/tungar\/#webpage","url":"https:\/\/indivisible-game.com\/pt-br\/meet-the-characters\/tungar\/","name":"Tungar - Indivisible","isPartOf":{"@id":"https:\/\/indivisible-game.com\/#website"},"primaryImageOfPage":{"@id":"https:\/\/indivisible-game.com\/pt-br\/meet-the-characters\/tungar\/#primaryimage"},"datePublished":"2018-08-14T10:43:31+00:00","dateModified":"2019-10-03T15:07:51+00:00","breadcrumb":{"@id":"https:\/\/indivisible-game.com\/pt-br\/meet-the-characters\/tungar\/#breadcrumb"},"inLanguage":"pt-BR","potentialAction":[{"@type":"ReadAction","target":["https:\/\/indivisible-game.com\/pt-br\/meet-the-characters\/tungar\/"]}]},{"@type":"BreadcrumbList","@id":"https:\/\/indivisible-game.com\/pt-br\/meet-the-characters\/tungar\/#breadcrumb","itemListElement":[{"@type":"ListItem","position":1,"name":"Home","item":"https:\/\/indivisible-game.com\/pt-br\/"},{"@type":"ListItem","position":2,"name":"Conhe\u00e7a os personagens","item":"https:\/\/indivisible-game.com\/pt-br\/meet-the-characters\/"},{"@type":"ListItem","position":3,"name":"Tungar"}]}]}},"_links":{"self":[{"href":"https:\/\/indivisible-game.com\/pt-br\/wp-json\/wp\/v2\/pages\/2059"}],"collection":[{"href":"https:\/\/indivisible-game.com\/pt-br\/wp-json\/wp\/v2\/pages"}],"about":[{"href":"https:\/\/indivisible-game.com\/pt-br\/wp-json\/wp\/v2\/types\/page"}],"author":[{"embeddable":true,"href":"https:\/\/indivisible-game.com\/pt-br\/wp-json\/wp\/v2\/users\/7"}],"replies":[{"embeddable":true,"href":"https:\/\/indivisible-game.com\/pt-br\/wp-json\/wp\/v2\/comments?post=2059"}],"version-history":[{"count":0,"href":"https:\/\/indivisible-game.com\/pt-br\/wp-json\/wp\/v2\/pages\/2059\/revisions"}],"up":[{"embeddable":true,"href":"https:\/\/indivisible-game.com\/pt-br\/wp-json\/wp\/v2\/pages\/1088"}],"wp:featuredmedia":[{"embeddable":true,"href":"https:\/\/indivisible-game.com\/pt-br\/wp-json\/wp\/v2\/media\/1372"}],"wp:attachment":[{"href":"https:\/\/indivisible-game.com\/pt-br\/wp-json\/wp\/v2\/media?parent=2059"}],"curies":[{"name":"wp","href":"https:\/\/api.w.org\/{rel}","templated":true}]}}